{"id":19,"date":"2014-09-17T14:56:56","date_gmt":"2014-09-17T14:56:56","guid":{"rendered":"http:\/\/agora.xtec.cat\/seccio-institut-manlleu\/\/?page_id=19"},"modified":"2025-09-06T18:25:36","modified_gmt":"2025-09-06T16:25:36","slug":"linstitut","status":"publish","type":"page","link":"https:\/\/agora.xtec.cat\/seccio-institut-manlleu\/pagines-dinici\/linstitut\/","title":{"rendered":"L&#8217;INSTITUT"},"content":{"rendered":"<p><img loading=\"lazy\" decoding=\"async\" class=\"alignnone  wp-image-3438\" src=\"https:\/\/agora.xtec.cat\/seccio-institut-manlleu\/wp-content\/uploads\/usu1224\/2025\/07\/foto-institutdelter.jpeg\" alt=\"\" width=\"873\" height=\"295\" srcset=\"https:\/\/agora.xtec.cat\/seccio-institut-manlleu\/wp-content\/uploads\/usu1224\/2025\/07\/foto-institutdelter.jpeg 716w, https:\/\/agora.xtec.cat\/seccio-institut-manlleu\/wp-content\/uploads\/usu1224\/2025\/07\/foto-institutdelter-300x101.jpeg 300w\" sizes=\"auto, (max-width: 873px) 100vw, 873px\" \/><\/p>\n<p>L\u2019institut del Ter, creat el 2011, \u00e9s un centre d\u2019ensenyament p\u00fablic de secund\u00e0ria depenent del Departament d\u2019Educaci\u00f3 i Formaci\u00f3 Professional de la Generalitat de Catalunya. La planificaci\u00f3 educativa ha previst que el centre tingui entre dues i tres l\u00ednies d\u2019ESO. El centre est\u00e0 situat al carrer Eduard Rif\u00e0 24, de la ciutat de Manlleu a la comarca d\u2019Osona, prov\u00edncia de Barcelona.<\/p>\n<p>Actualment el centre at\u00e9n dos-cents quaranta-set alumnes de diferents nacionalitats i lleng\u00fces diferents, la major part dels quals d\u2019origen amazigh, castell\u00e0 i catal\u00e0. Per les caracter\u00edstiques socioculturals i econ\u00f2miques d\u2019una majoria de fam\u00edlies, aix\u00ed com el nivell d\u2019estudis dels progenitors el centre est\u00e0 catalogat com a Centre de M\u00e0xima Complexitat (CMC).<\/p>\n<p>Com a centre vetllarem per la inclusi\u00f3 i la igualtat d\u2019oportunitats de tot l\u2019alumnat amb els serveis, recursos i projectes espec\u00edfics que palesin la realitat social dels instituts del segle XXI; en aquest sentit, el centre disposa d\u2019una Aula d\u2019acollida (AA) i un recurs Suport Intensiu per a l\u2019educaci\u00f3 inclusiva (SIEI) i impulsarem un Projecte de Diversificaci\u00f3 Curricular (PDC). A banda d\u2019impulsar diversos projectes de centre i participar activament en programes i projectes en col\u00b7laboraci\u00f3 amb el Departament d\u2019Educaci\u00f3 i Formaci\u00f3 Professional, volem obrir-nos a la resta de centres educatius de l\u2019entorn i a diferents entitats i institucions per potenciar l\u2019educaci\u00f3 360, oferir aprenentatges integrals arribats de les diverses oportunitats educatives sorgides de l\u2019entramat social de la ciutat.<\/p>\n<p>&nbsp;<\/p>\n","protected":false},"excerpt":{"rendered":"<p>L\u2019institut del Ter, creat el 2011, \u00e9s un centre d\u2019ensenyament p\u00fablic de secund\u00e0ria depenent del Departament d\u2019Educaci\u00f3 i Formaci\u00f3 Professional de la Generalitat de Catalunya. La planificaci\u00f3 educativa ha previst que el centre tingui entre dues i tres l\u00ednies d\u2019ESO. El centre est\u00e0 situat al carrer Eduard Rif\u00e0 24, de la ciutat de Manlleu a [&hellip;]<\/p>\n","protected":false},"author":1,"featured_media":0,"parent":7,"menu_order":10,"comment_status":"closed","ping_status":"closed","template":"","meta":{"_bbp_topic_count":0,"_bbp_reply_count":0,"_bbp_total_topic_count":0,"_bbp_total_reply_count":0,"_bbp_voice_count":0,"_bbp_anonymous_reply_count":0,"_bbp_topic_count_hidden":0,"_bbp_reply_count_hidden":0,"_bbp_forum_subforum_count":0,"site-sidebar-layout":"default","site-content-layout":"","ast-site-content-layout":"default","site-content-style":"default","site-sidebar-style":"default","ast-global-header-display":"","ast-banner-title-visibility":"","ast-main-header-display":"","ast-hfb-above-header-display":"","ast-hfb-below-header-display":"","ast-hfb-mobile-header-display":"","site-post-title":"","ast-breadcrumbs-content":"","ast-featured-img":"","footer-sml-layout":"","theme-transparent-header-meta":"default","adv-header-id-meta":"","stick-header-meta":"","header-above-stick-meta":"","header-main-stick-meta":"","header-below-stick-meta":"","astra-migrate-meta-layouts":"set","ast-page-background-enabled":"default","ast-page-background-meta":{"desktop":{"background-color":"var(--ast-global-color-4)","background-image":"","background-repeat":"repeat","background-position":"center center","background-size":"auto","background-attachment":"scroll","background-type":"","background-media":"","overlay-type":"","overlay-color":"","overlay-opacity":"","overlay-gradient":""},"tablet":{"background-color":"","background-image":"","background-repeat":"repeat","background-position":"center center","background-size":"auto","background-attachment":"scroll","background-type":"","background-media":"","overlay-type":"","overlay-color":"","overlay-opacity":"","overlay-gradient":""},"mobile":{"background-color":"","background-image":"","background-repeat":"repeat","background-position":"center center","background-size":"auto","background-attachment":"scroll","background-type":"","background-media":"","overlay-type":"","overlay-color":"","overlay-opacity":"","overlay-gradient":""}},"ast-content-background-meta":{"desktop":{"background-color":"var(--ast-global-color-5)","background-image":"","background-repeat":"repeat","background-position":"center center","background-size":"auto","background-attachment":"scroll","background-type":"","background-media":"","overlay-type":"","overlay-color":"","overlay-opacity":"","overlay-gradient":""},"tablet":{"background-color":"var(--ast-global-color-5)","background-image":"","background-repeat":"repeat","background-position":"center center","background-size":"auto","background-attachment":"scroll","background-type":"","background-media":"","overlay-type":"","overlay-color":"","overlay-opacity":"","overlay-gradient":""},"mobile":{"background-color":"var(--ast-global-color-5)","background-image":"","background-repeat":"repeat","background-position":"center center","background-size":"auto","background-attachment":"scroll","background-type":"","background-media":"","overlay-type":"","overlay-color":"","overlay-opacity":"","overlay-gradient":""}},"footnotes":""},"class_list":["post-19","page","type-page","status-publish","hentry"],"post_mailing_queue_ids":[],"_links":{"self":[{"href":"https:\/\/agora.xtec.cat\/seccio-institut-manlleu\/wp-json\/wp\/v2\/pages\/19","targetHints":{"allow":["GET"]}}],"collection":[{"href":"https:\/\/agora.xtec.cat\/seccio-institut-manlleu\/wp-json\/wp\/v2\/pages"}],"about":[{"href":"https:\/\/agora.xtec.cat\/seccio-institut-manlleu\/wp-json\/wp\/v2\/types\/page"}],"author":[{"embeddable":true,"href":"https:\/\/agora.xtec.cat\/seccio-institut-manlleu\/wp-json\/wp\/v2\/users\/1"}],"replies":[{"embeddable":true,"href":"https:\/\/agora.xtec.cat\/seccio-institut-manlleu\/wp-json\/wp\/v2\/comments?post=19"}],"version-history":[{"count":6,"href":"https:\/\/agora.xtec.cat\/seccio-institut-manlleu\/wp-json\/wp\/v2\/pages\/19\/revisions"}],"predecessor-version":[{"id":3675,"href":"https:\/\/agora.xtec.cat\/seccio-institut-manlleu\/wp-json\/wp\/v2\/pages\/19\/revisions\/3675"}],"up":[{"embeddable":true,"href":"https:\/\/agora.xtec.cat\/seccio-institut-manlleu\/wp-json\/wp\/v2\/pages\/7"}],"wp:attachment":[{"href":"https:\/\/agora.xtec.cat\/seccio-institut-manlleu\/wp-json\/wp\/v2\/media?parent=19"}],"curies":[{"name":"wp","href":"https:\/\/api.w.org\/{rel}","templated":true}]}}