{"id":1589,"date":"2019-02-20T08:47:47","date_gmt":"2019-02-20T07:47:47","guid":{"rendered":"http:\/\/agora.xtec.cat\/seccio-institut-manlleu\/?page_id=1589"},"modified":"2025-09-23T12:10:02","modified_gmt":"2025-09-23T10:10:02","slug":"edc","status":"publish","type":"page","link":"https:\/\/agora.xtec.cat\/seccio-institut-manlleu\/pagines-dinici\/projectes\/edc\/","title":{"rendered":"EDC (Estrat\u00e8gia digital de centre)"},"content":{"rendered":"<p class=\"zfr3Q CDt4Ke \" dir=\"ltr\"><span class=\"C9DxTc \">L&#8217;Estrat\u00e8gia digital de centre (EDC) \u00e9s un pla per a la integraci\u00f3 de la tecnologia en l&#8217;educaci\u00f3. Prioritza l&#8217;acc\u00e9s igualitari a les TIC i el desenvolupament de compet\u00e8ncies digitals. Inclou la formaci\u00f3 del professorat, l&#8217;\u00fas de recursos digitals i la implementaci\u00f3 de l&#8217;e-learning. Tamb\u00e9 promou la col\u00b7laboraci\u00f3 i el treball en xarxa entre els centres. Aquesta estrat\u00e8gia busca millorar els processos d&#8217;aprenentatge, augmentar la motivaci\u00f3 dels alumnes i preparar-los per als reptes digitals del segle XXI. \u00c9s un enfocament integral que fomenta l&#8217;aplicaci\u00f3 de la tecnologia per aconseguir una educaci\u00f3 m\u00e9s inclusiva i de qualitat.\u00a0<\/span><\/p>\n<p class=\"zfr3Q CDt4Ke \" dir=\"ltr\"><span class=\"C9DxTc \">Tenint com a referent el Pla d\u2019educaci\u00f3 digital de Catalunya, on s\u2019indica la necessitat d\u2019assolir la fita d\u2019una societat digitalment competent, fent \u00e8mfasi en l\u2019equitat i tenint en compte l\u2019evoluci\u00f3 del context social i tecnol\u00f2gic.<\/span><\/p>\n<p style=\"font-family: 'Helvetica Neue', Helvetica, Helvetica, Arial, sans-serif; font-size: 16px;\">Per coneixer en detall l&#8217;Estart\u00e8gia Digital que s&#8217;est\u00e0 desenvolupant a l&#8217;Institut, podeu accedir-hi clicant al seg\u00fcent enlla\u00e7:\u00a0<a href=\"https:\/\/sites.google.com\/institutdelter.com\/inici\/inici\">EDC<\/a><\/p>\n<p>&nbsp;<\/p>\n","protected":false},"excerpt":{"rendered":"<p>L&#8217;Estrat\u00e8gia digital de centre (EDC) \u00e9s un pla per a la integraci\u00f3 de la tecnologia en l&#8217;educaci\u00f3. Prioritza l&#8217;acc\u00e9s igualitari a les TIC i el desenvolupament de compet\u00e8ncies digitals. Inclou la formaci\u00f3 del professorat, l&#8217;\u00fas de recursos digitals i la implementaci\u00f3 de l&#8217;e-learning. Tamb\u00e9 promou la col\u00b7laboraci\u00f3 i el treball en xarxa entre els centres. [&hellip;]<\/p>\n","protected":false},"author":1,"featured_media":0,"parent":2935,"menu_order":0,"comment_status":"closed","ping_status":"closed","template":"","meta":{"_bbp_topic_count":0,"_bbp_reply_count":0,"_bbp_total_topic_count":0,"_bbp_total_reply_count":0,"_bbp_voice_count":0,"_bbp_anonymous_reply_count":0,"_bbp_topic_count_hidden":0,"_bbp_reply_count_hidden":0,"_bbp_forum_subforum_count":0,"site-sidebar-layout":"default","site-content-layout":"","ast-site-content-layout":"default","site-content-style":"default","site-sidebar-style":"default","ast-global-header-display":"","ast-banner-title-visibility":"","ast-main-header-display":"","ast-hfb-above-header-display":"","ast-hfb-below-header-display":"","ast-hfb-mobile-header-display":"","site-post-title":"","ast-breadcrumbs-content":"","ast-featured-img":"","footer-sml-layout":"","theme-transparent-header-meta":"default","adv-header-id-meta":"","stick-header-meta":"","header-above-stick-meta":"","header-main-stick-meta":"","header-below-stick-meta":"","astra-migrate-meta-layouts":"set","ast-page-background-enabled":"default","ast-page-background-meta":{"desktop":{"background-color":"var(--ast-global-color-4)","background-image":"","background-repeat":"repeat","background-position":"center center","background-size":"auto","background-attachment":"scroll","background-type":"","background-media":"","overlay-type":"","overlay-color":"","overlay-opacity":"","overlay-gradient":""},"tablet":{"background-color":"","background-image":"","background-repeat":"repeat","background-position":"center center","background-size":"auto","background-attachment":"scroll","background-type":"","background-media":"","overlay-type":"","overlay-color":"","overlay-opacity":"","overlay-gradient":""},"mobile":{"background-color":"","background-image":"","background-repeat":"repeat","background-position":"center center","background-size":"auto","background-attachment":"scroll","background-type":"","background-media":"","overlay-type":"","overlay-color":"","overlay-opacity":"","overlay-gradient":""}},"ast-content-background-meta":{"desktop":{"background-color":"var(--ast-global-color-5)","background-image":"","background-repeat":"repeat","background-position":"center center","background-size":"auto","background-attachment":"scroll","background-type":"","background-media":"","overlay-type":"","overlay-color":"","overlay-opacity":"","overlay-gradient":""},"tablet":{"background-color":"var(--ast-global-color-5)","background-image":"","background-repeat":"repeat","background-position":"center center","background-size":"auto","background-attachment":"scroll","background-type":"","background-media":"","overlay-type":"","overlay-color":"","overlay-opacity":"","overlay-gradient":""},"mobile":{"background-color":"var(--ast-global-color-5)","background-image":"","background-repeat":"repeat","background-position":"center center","background-size":"auto","background-attachment":"scroll","background-type":"","background-media":"","overlay-type":"","overlay-color":"","overlay-opacity":"","overlay-gradient":""}},"footnotes":""},"class_list":["post-1589","page","type-page","status-publish","hentry"],"post_mailing_queue_ids":[],"_links":{"self":[{"href":"https:\/\/agora.xtec.cat\/seccio-institut-manlleu\/wp-json\/wp\/v2\/pages\/1589","targetHints":{"allow":["GET"]}}],"collection":[{"href":"https:\/\/agora.xtec.cat\/seccio-institut-manlleu\/wp-json\/wp\/v2\/pages"}],"about":[{"href":"https:\/\/agora.xtec.cat\/seccio-institut-manlleu\/wp-json\/wp\/v2\/types\/page"}],"author":[{"embeddable":true,"href":"https:\/\/agora.xtec.cat\/seccio-institut-manlleu\/wp-json\/wp\/v2\/users\/1"}],"replies":[{"embeddable":true,"href":"https:\/\/agora.xtec.cat\/seccio-institut-manlleu\/wp-json\/wp\/v2\/comments?post=1589"}],"version-history":[{"count":6,"href":"https:\/\/agora.xtec.cat\/seccio-institut-manlleu\/wp-json\/wp\/v2\/pages\/1589\/revisions"}],"predecessor-version":[{"id":3710,"href":"https:\/\/agora.xtec.cat\/seccio-institut-manlleu\/wp-json\/wp\/v2\/pages\/1589\/revisions\/3710"}],"up":[{"embeddable":true,"href":"https:\/\/agora.xtec.cat\/seccio-institut-manlleu\/wp-json\/wp\/v2\/pages\/2935"}],"wp:attachment":[{"href":"https:\/\/agora.xtec.cat\/seccio-institut-manlleu\/wp-json\/wp\/v2\/media?parent=1589"}],"curies":[{"name":"wp","href":"https:\/\/api.w.org\/{rel}","templated":true}]}}