{"id":84,"date":"2014-09-18T14:11:31","date_gmt":"2014-09-18T13:11:31","guid":{"rendered":"http:\/\/agora.xtec.cat\/escolasantfeliu\/?page_id=84"},"modified":"2025-09-08T20:48:45","modified_gmt":"2025-09-08T18:48:45","slug":"activitats-extraescolars","status":"publish","type":"page","link":"https:\/\/agora.xtec.cat\/sanfeliu\/serveis\/activitats-extraescolars\/","title":{"rendered":"Activitats extraescolars"},"content":{"rendered":"<p>L\u2019escola ofereix una oferta d\u2019activitats que es desenvolupen a les instal\u00b7lacions del mateix centre, excloent l&#8217;activitat de nataci\u00f3.<\/p>\n<p>Tenim com a objectiu esdevenir com a complement de la formaci\u00f3 escolar, promoure l\u2019esport, el treball d\u2019equip, la relaci\u00f3 amb els companys i per qu\u00e8 no, el fet de passar-ho b\u00e9.<a href=\"https:\/\/agora.xtec.cat\/sanfeliu\/wp-content\/uploads\/usu2409\/2022\/10\/logo-consell-esportiu.jpg\"><img loading=\"lazy\" decoding=\"async\" class=\"alignright wp-image-2789\" src=\"https:\/\/agora.xtec.cat\/sanfeliu\/wp-content\/uploads\/usu2409\/2022\/10\/logo-consell-esportiu-1024x586.jpg\" alt=\"\" width=\"363\" height=\"208\" srcset=\"https:\/\/agora.xtec.cat\/sanfeliu\/wp-content\/uploads\/usu2409\/2022\/10\/logo-consell-esportiu-1024x586.jpg 1024w, https:\/\/agora.xtec.cat\/sanfeliu\/wp-content\/uploads\/usu2409\/2022\/10\/logo-consell-esportiu-300x172.jpg 300w, https:\/\/agora.xtec.cat\/sanfeliu\/wp-content\/uploads\/usu2409\/2022\/10\/logo-consell-esportiu-768x440.jpg 768w, https:\/\/agora.xtec.cat\/sanfeliu\/wp-content\/uploads\/usu2409\/2022\/10\/logo-consell-esportiu-1536x880.jpg 1536w, https:\/\/agora.xtec.cat\/sanfeliu\/wp-content\/uploads\/usu2409\/2022\/10\/logo-consell-esportiu.jpg 1664w\" sizes=\"auto, (max-width: 363px) 100vw, 363px\" \/><\/a><\/p>\n<p>Les activitats extraescolars d&#8217;aquest curs s\u00f3n a c\u00e0rrec de l&#8217;empresa Decano Sports i Educatium:<\/p>\n<p><b>Nataci\u00f3 (17&#8217;30h-18&#8217;15h) per Infantil i Prim\u00e0ria<\/b>: esport on s\u2019aconsegueix un aprenentatge progressiu de les habilitats aqu\u00e0tiques, des de la simple flotaci\u00f3 fins a la pr\u00e0ctica dels diversos estils. Aquest curs, com a novetat, un monitor recollir\u00e0 als alumnes a l&#8217;escola i els portar\u00e0 i vigilar\u00e0 durant l&#8217;activitat, la qual es realitzar\u00e0 al poliesportiu Sanfeliu.<\/p>\n<p><b>Jugar ballant <\/b>a Educaci\u00f3 Infantil. <strong>R\u00edtmica-ball modern <\/strong>a Prim\u00e0ria. (17&#8217;10h- 18&#8217;1oh)<\/p>\n<p>Activitats organitzades pel Consell Municipal d&#8217;Esports de l&#8217;Ajuntament. <a href=\"https:\/\/agora.xtec.cat\/sanfeliu\/wp-content\/uploads\/usu2409\/2025\/09\/descargar.webp\"><img loading=\"lazy\" decoding=\"async\" class=\" wp-image-4437 alignright\" src=\"https:\/\/agora.xtec.cat\/sanfeliu\/wp-content\/uploads\/usu2409\/2025\/09\/descargar.webp\" alt=\"\" width=\"143\" height=\"160\" \/><\/a><\/p>\n<p>&nbsp;<\/p>\n<p><b>Angl\u00e8<\/b><strong>s<\/strong>: potenciem l\u2019aprenentatge i \u00a0la import\u00e0ncia de treballar la llengua anglesa de manera m\u00e9s amena i divertida, sempre tenint en compte els continguts establerts.\u00a0 Millorar la seva compet\u00e8ncia ling\u00fc\u00edstica i\u00a0comunicativa ajudant al seu desenvolupament general i personal. Ampliem\u00a0 i reforcem l&#8217;angl\u00e8s que fem en horari curricular a c\u00e0rrec de&#8230;<\/p>\n<p><strong>AULA D&#8217;ESTUDI<\/strong>.\u00a0 L&#8217;alumnat rebr\u00e0 acompanyament i refor\u00e7 en els conceptes treballats en horari escolar. (17H-18&#8217;10h).<\/p>\n<p><strong>ROB\u00d2TICA.(17&#8217;00h- 18&#8217;10h)<\/strong> Els nostres alumnes aprendran a programar i construir robots mentres juguen i tamb\u00e9 compaginaran activitats relacionades amb programaci\u00f3 de videojocs, impressions 3D, drons,etc.\u00a0 \u00a0 \u00a0 <a href=\"https:\/\/agora.xtec.cat\/sanfeliu\/wp-content\/uploads\/usu2409\/2025\/09\/OIP-1.webp\"><img loading=\"lazy\" decoding=\"async\" class=\" wp-image-4438 alignright\" src=\"https:\/\/agora.xtec.cat\/sanfeliu\/wp-content\/uploads\/usu2409\/2025\/09\/OIP-1.webp\" alt=\"\" width=\"116\" height=\"116\" srcset=\"https:\/\/agora.xtec.cat\/sanfeliu\/wp-content\/uploads\/usu2409\/2025\/09\/OIP-1.webp 294w, https:\/\/agora.xtec.cat\/sanfeliu\/wp-content\/uploads\/usu2409\/2025\/09\/OIP-1-150x150.webp 150w\" sizes=\"auto, (max-width: 116px) 100vw, 116px\" \/><\/a><\/p>\n<p>Ser\u00e0 necessari portar tablet de casa.<\/p>\n<p>&nbsp;<\/p>\n<p><strong>TEATRE.<\/strong> (17h-18&#8217;10h). Fomentarem la creativitat i el desenvolupament personal i emocional, eliminant la por esc\u00e8nica i comprendran la import\u00e0ncia de la posada a l&#8217;escenari, l&#8217;expressi\u00f3 corporal i incorporant t\u00e8cniques d&#8217;interpretaci\u00f3.<\/p>\n<p><a href=\"https:\/\/agora.xtec.cat\/sanfeliu\/wp-content\/uploads\/usu2409\/2025\/09\/OIP.jpeg\"><img loading=\"lazy\" decoding=\"async\" class=\"wp-image-4439 alignright\" src=\"https:\/\/agora.xtec.cat\/sanfeliu\/wp-content\/uploads\/usu2409\/2025\/09\/OIP-279x300.jpeg\" alt=\"\" width=\"105\" height=\"113\" srcset=\"https:\/\/agora.xtec.cat\/sanfeliu\/wp-content\/uploads\/usu2409\/2025\/09\/OIP-279x300.jpeg 279w, https:\/\/agora.xtec.cat\/sanfeliu\/wp-content\/uploads\/usu2409\/2025\/09\/OIP.jpeg 294w\" sizes=\"auto, (max-width: 105px) 100vw, 105px\" \/><\/a><\/p>\n<p>&nbsp;<\/p>\n","protected":false},"excerpt":{"rendered":"<p>L\u2019escola ofereix una oferta d\u2019activitats que es desenvolupen a les instal\u00b7lacions del mateix centre, excloent l&#8217;activitat de nataci\u00f3. Tenim com a objectiu esdevenir com a complement de la formaci\u00f3 escolar, promoure l\u2019esport, el treball d\u2019equip, la relaci\u00f3 amb els companys i per qu\u00e8 no, el fet de passar-ho b\u00e9. Les activitats extraescolars d&#8217;aquest curs s\u00f3n [&hellip;]<\/p>\n","protected":false},"author":1,"featured_media":0,"parent":66,"menu_order":60,"comment_status":"closed","ping_status":"closed","template":"","meta":{"_bbp_topic_count":0,"_bbp_reply_count":0,"_bbp_total_topic_count":0,"_bbp_total_reply_count":0,"_bbp_voice_count":0,"_bbp_anonymous_reply_count":0,"_bbp_topic_count_hidden":0,"_bbp_reply_count_hidden":0,"_bbp_forum_subforum_count":0,"site-sidebar-layout":"default","site-content-layout":"","ast-site-content-layout":"default","site-content-style":"default","site-sidebar-style":"default","ast-global-header-display":"","ast-banner-title-visibility":"","ast-main-header-display":"","ast-hfb-above-header-display":"","ast-hfb-below-header-display":"","ast-hfb-mobile-header-display":"","site-post-title":"","ast-breadcrumbs-content":"","ast-featured-img":"","footer-sml-layout":"","theme-transparent-header-meta":"default","adv-header-id-meta":"","stick-header-meta":"","header-above-stick-meta":"","header-main-stick-meta":"","header-below-stick-meta":"","astra-migrate-meta-layouts":"set","ast-page-background-enabled":"default","ast-page-background-meta":{"desktop":{"background-color":"var(--ast-global-color-4)","background-image":"","background-repeat":"repeat","background-position":"center center","background-size":"auto","background-attachment":"scroll","background-type":"","background-media":"","overlay-type":"","overlay-color":"","overlay-opacity":"","overlay-gradient":""},"tablet":{"background-color":"","background-image":"","background-repeat":"repeat","background-position":"center center","background-size":"auto","background-attachment":"scroll","background-type":"","background-media":"","overlay-type":"","overlay-color":"","overlay-opacity":"","overlay-gradient":""},"mobile":{"background-color":"","background-image":"","background-repeat":"repeat","background-position":"center center","background-size":"auto","background-attachment":"scroll","background-type":"","background-media":"","overlay-type":"","overlay-color":"","overlay-opacity":"","overlay-gradient":""}},"ast-content-background-meta":{"desktop":{"background-color":"var(--ast-global-color-5)","background-image":"","background-repeat":"repeat","background-position":"center center","background-size":"auto","background-attachment":"scroll","background-type":"","background-media":"","overlay-type":"","overlay-color":"","overlay-opacity":"","overlay-gradient":""},"tablet":{"background-color":"var(--ast-global-color-5)","background-image":"","background-repeat":"repeat","background-position":"center center","background-size":"auto","background-attachment":"scroll","background-type":"","background-media":"","overlay-type":"","overlay-color":"","overlay-opacity":"","overlay-gradient":""},"mobile":{"background-color":"var(--ast-global-color-5)","background-image":"","background-repeat":"repeat","background-position":"center center","background-size":"auto","background-attachment":"scroll","background-type":"","background-media":"","overlay-type":"","overlay-color":"","overlay-opacity":"","overlay-gradient":""}},"footnotes":""},"class_list":["post-84","page","type-page","status-publish","hentry"],"post_mailing_queue_ids":[],"_links":{"self":[{"href":"https:\/\/agora.xtec.cat\/sanfeliu\/wp-json\/wp\/v2\/pages\/84","targetHints":{"allow":["GET"]}}],"collection":[{"href":"https:\/\/agora.xtec.cat\/sanfeliu\/wp-json\/wp\/v2\/pages"}],"about":[{"href":"https:\/\/agora.xtec.cat\/sanfeliu\/wp-json\/wp\/v2\/types\/page"}],"author":[{"embeddable":true,"href":"https:\/\/agora.xtec.cat\/sanfeliu\/wp-json\/wp\/v2\/users\/1"}],"replies":[{"embeddable":true,"href":"https:\/\/agora.xtec.cat\/sanfeliu\/wp-json\/wp\/v2\/comments?post=84"}],"version-history":[{"count":6,"href":"https:\/\/agora.xtec.cat\/sanfeliu\/wp-json\/wp\/v2\/pages\/84\/revisions"}],"predecessor-version":[{"id":4440,"href":"https:\/\/agora.xtec.cat\/sanfeliu\/wp-json\/wp\/v2\/pages\/84\/revisions\/4440"}],"up":[{"embeddable":true,"href":"https:\/\/agora.xtec.cat\/sanfeliu\/wp-json\/wp\/v2\/pages\/66"}],"wp:attachment":[{"href":"https:\/\/agora.xtec.cat\/sanfeliu\/wp-json\/wp\/v2\/media?parent=84"}],"curies":[{"name":"wp","href":"https:\/\/api.w.org\/{rel}","templated":true}]}}