{"id":4130,"date":"2025-01-22T16:25:52","date_gmt":"2025-01-22T15:25:52","guid":{"rendered":"https:\/\/agora.xtec.cat\/sanfeliu\/?page_id=4130"},"modified":"2025-01-28T12:06:02","modified_gmt":"2025-01-28T11:06:02","slug":"colonies-2","status":"publish","type":"page","link":"https:\/\/agora.xtec.cat\/sanfeliu\/colonies-2\/","title":{"rendered":"Col\u00f2nies"},"content":{"rendered":"<p>Viu l\u2019aventura de les col\u00f2nies!<\/p>\n<p>Les nostres col\u00f2nies s\u00f3n una experi\u00e8ncia inoblidable per a tots els alumnes de 1r a 6\u00e8. Preparades amb molta il\u00b7lusi\u00f3, les activitats educatives i l\u00fadiques estan dissenyades per afavorir el creixement personal, la cohesi\u00f3 grupal i el contacte amb la natura.<\/p>\n<p>Aquells tres dies les nenes i els nens poden gaudir de moments \u00fanics, aprendre noves habilitats, treballar en equip i descobrir el m\u00f3n exterior d\u2019una manera divertida i segura. A m\u00e9s, les col\u00f2nies s\u00f3n una oportunitat fant\u00e0stica per refor\u00e7ar l\u2019autonomia i la confian\u00e7a.<\/p>\n<p>Us animem que no es perdin aquesta oportunitat de tancar el curs vivint una experi\u00e8ncia plena de diversi\u00f3, aprenentatge i valors.<\/p>\n<p><a href=\"https:\/\/agora.xtec.cat\/sanfeliu\/wp-content\/uploads\/usu2409\/2025\/01\/WhatsApp-Image-2025-01-22-at-10.26.16-1.jpeg\"><img loading=\"lazy\" decoding=\"async\" class=\"alignleft wp-image-4140\" src=\"https:\/\/agora.xtec.cat\/sanfeliu\/wp-content\/uploads\/usu2409\/2025\/01\/WhatsApp-Image-2025-01-22-at-10.26.16-1-300x300.jpeg\" alt=\"\" width=\"393\" height=\"393\" srcset=\"https:\/\/agora.xtec.cat\/sanfeliu\/wp-content\/uploads\/usu2409\/2025\/01\/WhatsApp-Image-2025-01-22-at-10.26.16-1-300x300.jpeg 300w, https:\/\/agora.xtec.cat\/sanfeliu\/wp-content\/uploads\/usu2409\/2025\/01\/WhatsApp-Image-2025-01-22-at-10.26.16-1-1024x1024.jpeg 1024w, https:\/\/agora.xtec.cat\/sanfeliu\/wp-content\/uploads\/usu2409\/2025\/01\/WhatsApp-Image-2025-01-22-at-10.26.16-1-150x150.jpeg 150w, https:\/\/agora.xtec.cat\/sanfeliu\/wp-content\/uploads\/usu2409\/2025\/01\/WhatsApp-Image-2025-01-22-at-10.26.16-1-768x768.jpeg 768w, https:\/\/agora.xtec.cat\/sanfeliu\/wp-content\/uploads\/usu2409\/2025\/01\/WhatsApp-Image-2025-01-22-at-10.26.16-1-1536x1536.jpeg 1536w, https:\/\/agora.xtec.cat\/sanfeliu\/wp-content\/uploads\/usu2409\/2025\/01\/WhatsApp-Image-2025-01-22-at-10.26.16-1.jpeg 2048w\" sizes=\"auto, (max-width: 393px) 100vw, 393px\" \/><\/a><\/p>\n<p><a href=\"https:\/\/agora.xtec.cat\/sanfeliu\/wp-content\/uploads\/usu2409\/2025\/01\/WhatsApp-Image-2025-01-28-at-12.00.10.jpeg\"><img loading=\"lazy\" decoding=\"async\" class=\"alignleft wp-image-4227\" src=\"https:\/\/agora.xtec.cat\/sanfeliu\/wp-content\/uploads\/usu2409\/2025\/01\/WhatsApp-Image-2025-01-28-at-12.00.10-300x300.jpeg\" alt=\"\" width=\"393\" height=\"393\" srcset=\"https:\/\/agora.xtec.cat\/sanfeliu\/wp-content\/uploads\/usu2409\/2025\/01\/WhatsApp-Image-2025-01-28-at-12.00.10-300x300.jpeg 300w, https:\/\/agora.xtec.cat\/sanfeliu\/wp-content\/uploads\/usu2409\/2025\/01\/WhatsApp-Image-2025-01-28-at-12.00.10-1024x1024.jpeg 1024w, https:\/\/agora.xtec.cat\/sanfeliu\/wp-content\/uploads\/usu2409\/2025\/01\/WhatsApp-Image-2025-01-28-at-12.00.10-150x150.jpeg 150w, https:\/\/agora.xtec.cat\/sanfeliu\/wp-content\/uploads\/usu2409\/2025\/01\/WhatsApp-Image-2025-01-28-at-12.00.10-768x768.jpeg 768w, https:\/\/agora.xtec.cat\/sanfeliu\/wp-content\/uploads\/usu2409\/2025\/01\/WhatsApp-Image-2025-01-28-at-12.00.10-1536x1536.jpeg 1536w, https:\/\/agora.xtec.cat\/sanfeliu\/wp-content\/uploads\/usu2409\/2025\/01\/WhatsApp-Image-2025-01-28-at-12.00.10.jpeg 2048w\" sizes=\"auto, (max-width: 393px) 100vw, 393px\" \/><\/a><\/p>\n<p>&nbsp;<\/p>\n<p>&nbsp;<\/p>\n<p>&nbsp;<\/p>\n<p>&nbsp;<\/p>\n<p>&nbsp;<\/p>\n<p>&nbsp;<\/p>\n","protected":false},"excerpt":{"rendered":"<p>Viu l\u2019aventura de les col\u00f2nies! Les nostres col\u00f2nies s\u00f3n una experi\u00e8ncia inoblidable per a tots els alumnes de 1r a 6\u00e8. Preparades amb molta il\u00b7lusi\u00f3, les activitats educatives i l\u00fadiques estan dissenyades per afavorir el creixement personal, la cohesi\u00f3 grupal i el contacte amb la natura. Aquells tres dies les nenes i els nens poden [&hellip;]<\/p>\n","protected":false},"author":1,"featured_media":0,"parent":0,"menu_order":0,"comment_status":"closed","ping_status":"closed","template":"","meta":{"_bbp_topic_count":0,"_bbp_reply_count":0,"_bbp_total_topic_count":0,"_bbp_total_reply_count":0,"_bbp_voice_count":0,"_bbp_anonymous_reply_count":0,"_bbp_topic_count_hidden":0,"_bbp_reply_count_hidden":0,"_bbp_forum_subforum_count":0,"site-sidebar-layout":"default","site-content-layout":"","ast-site-content-layout":"","site-content-style":"default","site-sidebar-style":"default","ast-global-header-display":"","ast-banner-title-visibility":"","ast-main-header-display":"","ast-hfb-above-header-display":"","ast-hfb-below-header-display":"","ast-hfb-mobile-header-display":"","site-post-title":"","ast-breadcrumbs-content":"","ast-featured-img":"","footer-sml-layout":"","theme-transparent-header-meta":"","adv-header-id-meta":"","stick-header-meta":"","header-above-stick-meta":"","header-main-stick-meta":"","header-below-stick-meta":"","astra-migrate-meta-layouts":"default","ast-page-background-enabled":"default","ast-page-background-meta":{"desktop":{"background-color":"var(--ast-global-color-4)","background-image":"","background-repeat":"repeat","background-position":"center center","background-size":"auto","background-attachment":"scroll","background-type":"","background-media":"","overlay-type":"","overlay-color":"","overlay-opacity":"","overlay-gradient":""},"tablet":{"background-color":"","background-image":"","background-repeat":"repeat","background-position":"center center","background-size":"auto","background-attachment":"scroll","background-type":"","background-media":"","overlay-type":"","overlay-color":"","overlay-opacity":"","overlay-gradient":""},"mobile":{"background-color":"","background-image":"","background-repeat":"repeat","background-position":"center center","background-size":"auto","background-attachment":"scroll","background-type":"","background-media":"","overlay-type":"","overlay-color":"","overlay-opacity":"","overlay-gradient":""}},"ast-content-background-meta":{"desktop":{"background-color":"var(--ast-global-color-5)","background-image":"","background-repeat":"repeat","background-position":"center center","background-size":"auto","background-attachment":"scroll","background-type":"","background-media":"","overlay-type":"","overlay-color":"","overlay-opacity":"","overlay-gradient":""},"tablet":{"background-color":"var(--ast-global-color-5)","background-image":"","background-repeat":"repeat","background-position":"center center","background-size":"auto","background-attachment":"scroll","background-type":"","background-media":"","overlay-type":"","overlay-color":"","overlay-opacity":"","overlay-gradient":""},"mobile":{"background-color":"var(--ast-global-color-5)","background-image":"","background-repeat":"repeat","background-position":"center center","background-size":"auto","background-attachment":"scroll","background-type":"","background-media":"","overlay-type":"","overlay-color":"","overlay-opacity":"","overlay-gradient":""}},"footnotes":""},"class_list":["post-4130","page","type-page","status-publish","hentry"],"post_mailing_queue_ids":[],"_links":{"self":[{"href":"https:\/\/agora.xtec.cat\/sanfeliu\/wp-json\/wp\/v2\/pages\/4130","targetHints":{"allow":["GET"]}}],"collection":[{"href":"https:\/\/agora.xtec.cat\/sanfeliu\/wp-json\/wp\/v2\/pages"}],"about":[{"href":"https:\/\/agora.xtec.cat\/sanfeliu\/wp-json\/wp\/v2\/types\/page"}],"author":[{"embeddable":true,"href":"https:\/\/agora.xtec.cat\/sanfeliu\/wp-json\/wp\/v2\/users\/1"}],"replies":[{"embeddable":true,"href":"https:\/\/agora.xtec.cat\/sanfeliu\/wp-json\/wp\/v2\/comments?post=4130"}],"version-history":[{"count":6,"href":"https:\/\/agora.xtec.cat\/sanfeliu\/wp-json\/wp\/v2\/pages\/4130\/revisions"}],"predecessor-version":[{"id":4233,"href":"https:\/\/agora.xtec.cat\/sanfeliu\/wp-json\/wp\/v2\/pages\/4130\/revisions\/4233"}],"wp:attachment":[{"href":"https:\/\/agora.xtec.cat\/sanfeliu\/wp-json\/wp\/v2\/media?parent=4130"}],"curies":[{"name":"wp","href":"https:\/\/api.w.org\/{rel}","templated":true}]}}