{"id":4012,"date":"2025-01-20T10:51:19","date_gmt":"2025-01-20T09:51:19","guid":{"rendered":"https:\/\/agora.xtec.cat\/sanfeliu\/?page_id=4012"},"modified":"2025-01-28T11:16:43","modified_gmt":"2025-01-28T10:16:43","slug":"horari","status":"publish","type":"page","link":"https:\/\/agora.xtec.cat\/sanfeliu\/horari\/","title":{"rendered":"Horari"},"content":{"rendered":"<p style=\"text-align: right;\"><a href=\"https:\/\/agora.xtec.cat\/sanfeliu\/wp-content\/uploads\/usu2409\/2025\/01\/ahorras-tiempo.jpg\"><img loading=\"lazy\" decoding=\"async\" class=\"alignleft wp-image-4150\" src=\"https:\/\/agora.xtec.cat\/sanfeliu\/wp-content\/uploads\/usu2409\/2025\/01\/ahorras-tiempo-300x200.jpg\" alt=\"\" width=\"340\" height=\"226\" srcset=\"https:\/\/agora.xtec.cat\/sanfeliu\/wp-content\/uploads\/usu2409\/2025\/01\/ahorras-tiempo-300x200.jpg 300w, https:\/\/agora.xtec.cat\/sanfeliu\/wp-content\/uploads\/usu2409\/2025\/01\/ahorras-tiempo-768x512.jpg 768w, https:\/\/agora.xtec.cat\/sanfeliu\/wp-content\/uploads\/usu2409\/2025\/01\/ahorras-tiempo.jpg 900w\" sizes=\"auto, (max-width: 340px) 100vw, 340px\" \/><\/a><\/p>\n<p>&nbsp;<\/p>\n<p>&nbsp;<\/p>\n<p style=\"text-align: center;\">L\u2019<b>horari lectiu<\/b> del centre \u00e9s de 9.00h a 13.00h i de 15.00h a 17.00h.<\/p>\n<p>&nbsp;<\/p>\n<p>&nbsp;<\/p>\n<p>&nbsp;<\/p>\n<p>Per als alumnes que inicien l\u2019escolaritzaci\u00f3 a <strong>I3<\/strong> s\u2019organitza un breu per\u00edode d\u2019adaptaci\u00f3 que suposa una certa modificaci\u00f3 dels horaris dels primers dies de classe, i que es fa saber a les fam\u00edlies en les reunions pr\u00e8vies corresponents.<\/p>\n<h5>Oferim la possibilitat de deixar els seus fills\/es de 8 a 9 h al mat\u00ed al servei d\u2019acollida.<\/h5>\n<h5>Aquest servei pot ser utilitzat de manera fixa o si s\u2019escau de manera espor\u00e0dica.<\/h5>\n<p>&nbsp;<\/p>\n","protected":false},"excerpt":{"rendered":"<p>&nbsp; &nbsp; L\u2019horari lectiu del centre \u00e9s de 9.00h a 13.00h i de 15.00h a 17.00h. &nbsp; &nbsp; &nbsp; Per als alumnes que inicien l\u2019escolaritzaci\u00f3 a I3 s\u2019organitza un breu per\u00edode d\u2019adaptaci\u00f3 que suposa una certa modificaci\u00f3 dels horaris dels primers dies de classe, i que es fa saber a les fam\u00edlies en les reunions [&hellip;]<\/p>\n","protected":false},"author":1,"featured_media":0,"parent":0,"menu_order":0,"comment_status":"closed","ping_status":"closed","template":"","meta":{"_bbp_topic_count":0,"_bbp_reply_count":0,"_bbp_total_topic_count":0,"_bbp_total_reply_count":0,"_bbp_voice_count":0,"_bbp_anonymous_reply_count":0,"_bbp_topic_count_hidden":0,"_bbp_reply_count_hidden":0,"_bbp_forum_subforum_count":0,"site-sidebar-layout":"default","site-content-layout":"","ast-site-content-layout":"","site-content-style":"default","site-sidebar-style":"default","ast-global-header-display":"","ast-banner-title-visibility":"","ast-main-header-display":"","ast-hfb-above-header-display":"","ast-hfb-below-header-display":"","ast-hfb-mobile-header-display":"","site-post-title":"","ast-breadcrumbs-content":"","ast-featured-img":"","footer-sml-layout":"","theme-transparent-header-meta":"","adv-header-id-meta":"","stick-header-meta":"","header-above-stick-meta":"","header-main-stick-meta":"","header-below-stick-meta":"","astra-migrate-meta-layouts":"default","ast-page-background-enabled":"default","ast-page-background-meta":{"desktop":{"background-color":"var(--ast-global-color-4)","background-image":"","background-repeat":"repeat","background-position":"center center","background-size":"auto","background-attachment":"scroll","background-type":"","background-media":"","overlay-type":"","overlay-color":"","overlay-opacity":"","overlay-gradient":""},"tablet":{"background-color":"","background-image":"","background-repeat":"repeat","background-position":"center center","background-size":"auto","background-attachment":"scroll","background-type":"","background-media":"","overlay-type":"","overlay-color":"","overlay-opacity":"","overlay-gradient":""},"mobile":{"background-color":"","background-image":"","background-repeat":"repeat","background-position":"center center","background-size":"auto","background-attachment":"scroll","background-type":"","background-media":"","overlay-type":"","overlay-color":"","overlay-opacity":"","overlay-gradient":""}},"ast-content-background-meta":{"desktop":{"background-color":"var(--ast-global-color-5)","background-image":"","background-repeat":"repeat","background-position":"center center","background-size":"auto","background-attachment":"scroll","background-type":"","background-media":"","overlay-type":"","overlay-color":"","overlay-opacity":"","overlay-gradient":""},"tablet":{"background-color":"var(--ast-global-color-5)","background-image":"","background-repeat":"repeat","background-position":"center center","background-size":"auto","background-attachment":"scroll","background-type":"","background-media":"","overlay-type":"","overlay-color":"","overlay-opacity":"","overlay-gradient":""},"mobile":{"background-color":"var(--ast-global-color-5)","background-image":"","background-repeat":"repeat","background-position":"center center","background-size":"auto","background-attachment":"scroll","background-type":"","background-media":"","overlay-type":"","overlay-color":"","overlay-opacity":"","overlay-gradient":""}},"footnotes":""},"class_list":["post-4012","page","type-page","status-publish","hentry"],"post_mailing_queue_ids":[],"_links":{"self":[{"href":"https:\/\/agora.xtec.cat\/sanfeliu\/wp-json\/wp\/v2\/pages\/4012","targetHints":{"allow":["GET"]}}],"collection":[{"href":"https:\/\/agora.xtec.cat\/sanfeliu\/wp-json\/wp\/v2\/pages"}],"about":[{"href":"https:\/\/agora.xtec.cat\/sanfeliu\/wp-json\/wp\/v2\/types\/page"}],"author":[{"embeddable":true,"href":"https:\/\/agora.xtec.cat\/sanfeliu\/wp-json\/wp\/v2\/users\/1"}],"replies":[{"embeddable":true,"href":"https:\/\/agora.xtec.cat\/sanfeliu\/wp-json\/wp\/v2\/comments?post=4012"}],"version-history":[{"count":6,"href":"https:\/\/agora.xtec.cat\/sanfeliu\/wp-json\/wp\/v2\/pages\/4012\/revisions"}],"predecessor-version":[{"id":4216,"href":"https:\/\/agora.xtec.cat\/sanfeliu\/wp-json\/wp\/v2\/pages\/4012\/revisions\/4216"}],"wp:attachment":[{"href":"https:\/\/agora.xtec.cat\/sanfeliu\/wp-json\/wp\/v2\/media?parent=4012"}],"curies":[{"name":"wp","href":"https:\/\/api.w.org\/{rel}","templated":true}]}}