{"id":4010,"date":"2025-01-20T10:51:19","date_gmt":"2025-01-20T09:51:19","guid":{"rendered":"https:\/\/agora.xtec.cat\/sanfeliu\/?page_id=4010"},"modified":"2025-01-23T11:45:30","modified_gmt":"2025-01-23T10:45:30","slug":"infantil","status":"publish","type":"page","link":"https:\/\/agora.xtec.cat\/sanfeliu\/infantil\/","title":{"rendered":"Infantil"},"content":{"rendered":"<p>L\u2019etapa d\u2019educaci\u00f3 infantil a l\u2019escola compr\u00e8n el per\u00edode 3-6 anys i consta d\u2019una sola l\u00ednia.<br \/>\nLa finalitat del nostre centre en aquesta etapa \u00e9s ajudar al desenvolupament emocional, f\u00edsic i motor, social i cognitiu dels infants en col\u2022laboraci\u00f3 amb les seves fam\u00edlies, proporcionant-los un clima de confian\u00e7a on se sentin acollits i on es desperti el seu inter\u00e8s per l\u2019aprenentatge.<\/p>\n<p>Ens proposem acompanyar els infants en el cam\u00ed de la seva autonomia, fomentant l\u2019autoestima i els h\u00e0bits dia a dia ajudant-los en el seu desenvolupament maduratiu. Destaquem, tamb\u00e9, la import\u00e0ncia de que els nens i nenes observin, experimentin i descobreixin el seu entorn m\u00e9s proper a trav\u00e9s del joc, la creativitat, la m\u00fasica i l\u2019experimentaci\u00f3.<\/p>\n<p>A l\u2019etapa d\u2019Infantil s\u2019inicia el proc\u00e9s de lectoescriptura que es fa a trav\u00e9s de diferents sistemes i mitjans, oral i escrit. Abans d\u2019iniciar-lo per\u00f2, es treballa el desenvolupament d\u2019un bon llenguatge i potenciem aix\u00ed el desenvolupament de la consci\u00e8ncia fonol\u00f2gica i activitats de motricitat fina que s\u00f3n la base per a una bon aprenentatge de l\u2019escriptura i control motriu.<\/p>\n<p>A banda del treball de la lectoescriptura, es treballa tamb\u00e9 el pensament cient\u00edfic a trav\u00e9s d\u2019activitats manipulatives i de raonament matem\u00e0tic i utilitzant altres recursos com el m\u00e8tode del Quinzet on es fomenta el c\u00e0lcul mental.<br \/>\nAlhora, donem molta import\u00e0ncia al treball del cos i a la construcci\u00f3 de la seva pr\u00f2pia identitat a trav\u00e9s de la psicomotricitat i el ioga.<br \/>\nI, per \u00faltim, el treball de la llengua anglesa tamb\u00e9 \u00e9s una part fonamental en el proc\u00e9s d\u2019aprenentatge a l\u2019etapa d\u2019infantil i amb continu\u00eftat a prim\u00e0ria.<\/p>\n<p><a href=\"https:\/\/agora.xtec.cat\/sanfeliu\/wp-content\/uploads\/usu2409\/2025\/01\/WhatsApp-Image-2025-01-22-at-10.37.30.jpeg\"><img loading=\"lazy\" decoding=\"async\" class=\"alignleft wp-image-4116\" src=\"https:\/\/agora.xtec.cat\/sanfeliu\/wp-content\/uploads\/usu2409\/2025\/01\/WhatsApp-Image-2025-01-22-at-10.37.30-300x300.jpeg\" alt=\"\" width=\"472\" height=\"472\" srcset=\"https:\/\/agora.xtec.cat\/sanfeliu\/wp-content\/uploads\/usu2409\/2025\/01\/WhatsApp-Image-2025-01-22-at-10.37.30-300x300.jpeg 300w, https:\/\/agora.xtec.cat\/sanfeliu\/wp-content\/uploads\/usu2409\/2025\/01\/WhatsApp-Image-2025-01-22-at-10.37.30-1024x1024.jpeg 1024w, https:\/\/agora.xtec.cat\/sanfeliu\/wp-content\/uploads\/usu2409\/2025\/01\/WhatsApp-Image-2025-01-22-at-10.37.30-150x150.jpeg 150w, https:\/\/agora.xtec.cat\/sanfeliu\/wp-content\/uploads\/usu2409\/2025\/01\/WhatsApp-Image-2025-01-22-at-10.37.30-768x768.jpeg 768w, https:\/\/agora.xtec.cat\/sanfeliu\/wp-content\/uploads\/usu2409\/2025\/01\/WhatsApp-Image-2025-01-22-at-10.37.30-1536x1536.jpeg 1536w, https:\/\/agora.xtec.cat\/sanfeliu\/wp-content\/uploads\/usu2409\/2025\/01\/WhatsApp-Image-2025-01-22-at-10.37.30.jpeg 2048w\" sizes=\"auto, (max-width: 472px) 100vw, 472px\" \/><\/a> <a href=\"https:\/\/agora.xtec.cat\/sanfeliu\/wp-content\/uploads\/usu2409\/2025\/01\/WhatsApp-Image-2025-01-22-at-10.37.31.jpeg\"><img loading=\"lazy\" decoding=\"async\" class=\"alignleft wp-image-4117\" src=\"https:\/\/agora.xtec.cat\/sanfeliu\/wp-content\/uploads\/usu2409\/2025\/01\/WhatsApp-Image-2025-01-22-at-10.37.31-300x300.jpeg\" alt=\"\" width=\"458\" height=\"458\" srcset=\"https:\/\/agora.xtec.cat\/sanfeliu\/wp-content\/uploads\/usu2409\/2025\/01\/WhatsApp-Image-2025-01-22-at-10.37.31-300x300.jpeg 300w, https:\/\/agora.xtec.cat\/sanfeliu\/wp-content\/uploads\/usu2409\/2025\/01\/WhatsApp-Image-2025-01-22-at-10.37.31-1024x1024.jpeg 1024w, https:\/\/agora.xtec.cat\/sanfeliu\/wp-content\/uploads\/usu2409\/2025\/01\/WhatsApp-Image-2025-01-22-at-10.37.31-150x150.jpeg 150w, https:\/\/agora.xtec.cat\/sanfeliu\/wp-content\/uploads\/usu2409\/2025\/01\/WhatsApp-Image-2025-01-22-at-10.37.31-768x768.jpeg 768w, https:\/\/agora.xtec.cat\/sanfeliu\/wp-content\/uploads\/usu2409\/2025\/01\/WhatsApp-Image-2025-01-22-at-10.37.31-1536x1536.jpeg 1536w, https:\/\/agora.xtec.cat\/sanfeliu\/wp-content\/uploads\/usu2409\/2025\/01\/WhatsApp-Image-2025-01-22-at-10.37.31.jpeg 2048w\" sizes=\"auto, (max-width: 458px) 100vw, 458px\" \/><\/a><\/p>\n","protected":false},"excerpt":{"rendered":"<p>L\u2019etapa d\u2019educaci\u00f3 infantil a l\u2019escola compr\u00e8n el per\u00edode 3-6 anys i consta d\u2019una sola l\u00ednia. La finalitat del nostre centre en aquesta etapa \u00e9s ajudar al desenvolupament emocional, f\u00edsic i motor, social i cognitiu dels infants en col\u2022laboraci\u00f3 amb les seves fam\u00edlies, proporcionant-los un clima de confian\u00e7a on se sentin acollits i on es desperti [&hellip;]<\/p>\n","protected":false},"author":1,"featured_media":0,"parent":0,"menu_order":0,"comment_status":"closed","ping_status":"closed","template":"","meta":{"_bbp_topic_count":0,"_bbp_reply_count":0,"_bbp_total_topic_count":0,"_bbp_total_reply_count":0,"_bbp_voice_count":0,"_bbp_anonymous_reply_count":0,"_bbp_topic_count_hidden":0,"_bbp_reply_count_hidden":0,"_bbp_forum_subforum_count":0,"site-sidebar-layout":"default","site-content-layout":"","ast-site-content-layout":"","site-content-style":"default","site-sidebar-style":"default","ast-global-header-display":"","ast-banner-title-visibility":"","ast-main-header-display":"","ast-hfb-above-header-display":"","ast-hfb-below-header-display":"","ast-hfb-mobile-header-display":"","site-post-title":"","ast-breadcrumbs-content":"","ast-featured-img":"","footer-sml-layout":"","theme-transparent-header-meta":"","adv-header-id-meta":"","stick-header-meta":"","header-above-stick-meta":"","header-main-stick-meta":"","header-below-stick-meta":"","astra-migrate-meta-layouts":"default","ast-page-background-enabled":"default","ast-page-background-meta":{"desktop":{"background-color":"var(--ast-global-color-4)","background-image":"","background-repeat":"repeat","background-position":"center center","background-size":"auto","background-attachment":"scroll","background-type":"","background-media":"","overlay-type":"","overlay-color":"","overlay-opacity":"","overlay-gradient":""},"tablet":{"background-color":"","background-image":"","background-repeat":"repeat","background-position":"center center","background-size":"auto","background-attachment":"scroll","background-type":"","background-media":"","overlay-type":"","overlay-color":"","overlay-opacity":"","overlay-gradient":""},"mobile":{"background-color":"","background-image":"","background-repeat":"repeat","background-position":"center center","background-size":"auto","background-attachment":"scroll","background-type":"","background-media":"","overlay-type":"","overlay-color":"","overlay-opacity":"","overlay-gradient":""}},"ast-content-background-meta":{"desktop":{"background-color":"var(--ast-global-color-5)","background-image":"","background-repeat":"repeat","background-position":"center center","background-size":"auto","background-attachment":"scroll","background-type":"","background-media":"","overlay-type":"","overlay-color":"","overlay-opacity":"","overlay-gradient":""},"tablet":{"background-color":"var(--ast-global-color-5)","background-image":"","background-repeat":"repeat","background-position":"center center","background-size":"auto","background-attachment":"scroll","background-type":"","background-media":"","overlay-type":"","overlay-color":"","overlay-opacity":"","overlay-gradient":""},"mobile":{"background-color":"var(--ast-global-color-5)","background-image":"","background-repeat":"repeat","background-position":"center center","background-size":"auto","background-attachment":"scroll","background-type":"","background-media":"","overlay-type":"","overlay-color":"","overlay-opacity":"","overlay-gradient":""}},"footnotes":""},"class_list":["post-4010","page","type-page","status-publish","hentry"],"post_mailing_queue_ids":[],"_links":{"self":[{"href":"https:\/\/agora.xtec.cat\/sanfeliu\/wp-json\/wp\/v2\/pages\/4010","targetHints":{"allow":["GET"]}}],"collection":[{"href":"https:\/\/agora.xtec.cat\/sanfeliu\/wp-json\/wp\/v2\/pages"}],"about":[{"href":"https:\/\/agora.xtec.cat\/sanfeliu\/wp-json\/wp\/v2\/types\/page"}],"author":[{"embeddable":true,"href":"https:\/\/agora.xtec.cat\/sanfeliu\/wp-json\/wp\/v2\/users\/1"}],"replies":[{"embeddable":true,"href":"https:\/\/agora.xtec.cat\/sanfeliu\/wp-json\/wp\/v2\/comments?post=4010"}],"version-history":[{"count":4,"href":"https:\/\/agora.xtec.cat\/sanfeliu\/wp-json\/wp\/v2\/pages\/4010\/revisions"}],"predecessor-version":[{"id":4170,"href":"https:\/\/agora.xtec.cat\/sanfeliu\/wp-json\/wp\/v2\/pages\/4010\/revisions\/4170"}],"wp:attachment":[{"href":"https:\/\/agora.xtec.cat\/sanfeliu\/wp-json\/wp\/v2\/media?parent=4010"}],"curies":[{"name":"wp","href":"https:\/\/api.w.org\/{rel}","templated":true}]}}