{"id":4008,"date":"2025-01-20T10:51:19","date_gmt":"2025-01-20T09:51:19","guid":{"rendered":"https:\/\/agora.xtec.cat\/sanfeliu\/?page_id=4008"},"modified":"2025-01-22T11:07:27","modified_gmt":"2025-01-22T10:07:27","slug":"afa-3","status":"publish","type":"page","link":"https:\/\/agora.xtec.cat\/sanfeliu\/afa-3\/","title":{"rendered":"AFA"},"content":{"rendered":"<h5><strong>Qui som?<\/strong><\/h5>\n<p>L\u2019AFA de l\u2019escola Sanfeliu \u00e9s una associaci\u00f3 que integra tot el que envolta la nostra escola i tots els alumnes que han estat o estan a l\u2019escola Sanfeliu. Som com una fam\u00edlia i el nostre objectiu era crear un espai per donar suport a l\u2019escola i a les nostres fam\u00edlies, fer de pont conductor entre ambdues i estar present a la vida d\u2019ells i elles.<br \/>\nL&#8217;AFA \u00e9s de constituci\u00f3 recent, vam aconseguir posar-la en marxa l&#8217;estiu del 2022 amb el suport i empenta de les fundadores, J\u00e9ssica, Carme, Sonia, Mireia, Meritxell, Raquel i Susanna, mares emprenedores de l\u2019escola.<br \/>\nVa ser constitu\u00efda tamb\u00e9 gr\u00e0cies al suport de totes les fam\u00edlies que volunt\u00e0riament van treure temps per intentar agrupar-se i crear un espai per totes les fam\u00edlies que comprenen l\u2019escola.<\/p>\n<p><a href=\"https:\/\/agora.xtec.cat\/sanfeliu\/wp-content\/uploads\/usu2409\/2025\/01\/0b075105-05a8-4d21-8952-0b4482417043-_1_.jpg\"><img loading=\"lazy\" decoding=\"async\" class=\"alignleft wp-image-4050\" src=\"https:\/\/agora.xtec.cat\/sanfeliu\/wp-content\/uploads\/usu2409\/2025\/01\/0b075105-05a8-4d21-8952-0b4482417043-_1_.jpg\" alt=\"\" width=\"310\" height=\"197\" \/><\/a><\/p>\n<p><a href=\"https:\/\/agora.xtec.cat\/sanfeliu\/wp-content\/uploads\/usu2409\/2025\/01\/WhatsApp-Image-2025-01-22-at-10.29.42.jpeg\"><img loading=\"lazy\" decoding=\"async\" class=\"alignleft size-medium wp-image-4103\" src=\"https:\/\/agora.xtec.cat\/sanfeliu\/wp-content\/uploads\/usu2409\/2025\/01\/WhatsApp-Image-2025-01-22-at-10.29.42-300x300.jpeg\" alt=\"\" width=\"300\" height=\"300\" srcset=\"https:\/\/agora.xtec.cat\/sanfeliu\/wp-content\/uploads\/usu2409\/2025\/01\/WhatsApp-Image-2025-01-22-at-10.29.42-300x300.jpeg 300w, https:\/\/agora.xtec.cat\/sanfeliu\/wp-content\/uploads\/usu2409\/2025\/01\/WhatsApp-Image-2025-01-22-at-10.29.42-1024x1024.jpeg 1024w, https:\/\/agora.xtec.cat\/sanfeliu\/wp-content\/uploads\/usu2409\/2025\/01\/WhatsApp-Image-2025-01-22-at-10.29.42-150x150.jpeg 150w, https:\/\/agora.xtec.cat\/sanfeliu\/wp-content\/uploads\/usu2409\/2025\/01\/WhatsApp-Image-2025-01-22-at-10.29.42-768x768.jpeg 768w, https:\/\/agora.xtec.cat\/sanfeliu\/wp-content\/uploads\/usu2409\/2025\/01\/WhatsApp-Image-2025-01-22-at-10.29.42-1536x1536.jpeg 1536w, https:\/\/agora.xtec.cat\/sanfeliu\/wp-content\/uploads\/usu2409\/2025\/01\/WhatsApp-Image-2025-01-22-at-10.29.42.jpeg 2048w\" sizes=\"auto, (max-width: 300px) 100vw, 300px\" \/><\/a><\/p>\n<p>&nbsp;<\/p>\n","protected":false},"excerpt":{"rendered":"<p>Qui som? L\u2019AFA de l\u2019escola Sanfeliu \u00e9s una associaci\u00f3 que integra tot el que envolta la nostra escola i tots els alumnes que han estat o estan a l\u2019escola Sanfeliu. Som com una fam\u00edlia i el nostre objectiu era crear un espai per donar suport a l\u2019escola i a les nostres fam\u00edlies, fer de pont [&hellip;]<\/p>\n","protected":false},"author":1,"featured_media":0,"parent":0,"menu_order":0,"comment_status":"closed","ping_status":"closed","template":"","meta":{"_bbp_topic_count":0,"_bbp_reply_count":0,"_bbp_total_topic_count":0,"_bbp_total_reply_count":0,"_bbp_voice_count":0,"_bbp_anonymous_reply_count":0,"_bbp_topic_count_hidden":0,"_bbp_reply_count_hidden":0,"_bbp_forum_subforum_count":0,"site-sidebar-layout":"default","site-content-layout":"","ast-site-content-layout":"","site-content-style":"default","site-sidebar-style":"default","ast-global-header-display":"","ast-banner-title-visibility":"","ast-main-header-display":"","ast-hfb-above-header-display":"","ast-hfb-below-header-display":"","ast-hfb-mobile-header-display":"","site-post-title":"","ast-breadcrumbs-content":"","ast-featured-img":"","footer-sml-layout":"","theme-transparent-header-meta":"","adv-header-id-meta":"","stick-header-meta":"","header-above-stick-meta":"","header-main-stick-meta":"","header-below-stick-meta":"","astra-migrate-meta-layouts":"default","ast-page-background-enabled":"default","ast-page-background-meta":{"desktop":{"background-color":"var(--ast-global-color-4)","background-image":"","background-repeat":"repeat","background-position":"center center","background-size":"auto","background-attachment":"scroll","background-type":"","background-media":"","overlay-type":"","overlay-color":"","overlay-opacity":"","overlay-gradient":""},"tablet":{"background-color":"","background-image":"","background-repeat":"repeat","background-position":"center center","background-size":"auto","background-attachment":"scroll","background-type":"","background-media":"","overlay-type":"","overlay-color":"","overlay-opacity":"","overlay-gradient":""},"mobile":{"background-color":"","background-image":"","background-repeat":"repeat","background-position":"center center","background-size":"auto","background-attachment":"scroll","background-type":"","background-media":"","overlay-type":"","overlay-color":"","overlay-opacity":"","overlay-gradient":""}},"ast-content-background-meta":{"desktop":{"background-color":"var(--ast-global-color-5)","background-image":"","background-repeat":"repeat","background-position":"center center","background-size":"auto","background-attachment":"scroll","background-type":"","background-media":"","overlay-type":"","overlay-color":"","overlay-opacity":"","overlay-gradient":""},"tablet":{"background-color":"var(--ast-global-color-5)","background-image":"","background-repeat":"repeat","background-position":"center center","background-size":"auto","background-attachment":"scroll","background-type":"","background-media":"","overlay-type":"","overlay-color":"","overlay-opacity":"","overlay-gradient":""},"mobile":{"background-color":"var(--ast-global-color-5)","background-image":"","background-repeat":"repeat","background-position":"center center","background-size":"auto","background-attachment":"scroll","background-type":"","background-media":"","overlay-type":"","overlay-color":"","overlay-opacity":"","overlay-gradient":""}},"footnotes":""},"class_list":["post-4008","page","type-page","status-publish","hentry"],"post_mailing_queue_ids":[],"_links":{"self":[{"href":"https:\/\/agora.xtec.cat\/sanfeliu\/wp-json\/wp\/v2\/pages\/4008","targetHints":{"allow":["GET"]}}],"collection":[{"href":"https:\/\/agora.xtec.cat\/sanfeliu\/wp-json\/wp\/v2\/pages"}],"about":[{"href":"https:\/\/agora.xtec.cat\/sanfeliu\/wp-json\/wp\/v2\/types\/page"}],"author":[{"embeddable":true,"href":"https:\/\/agora.xtec.cat\/sanfeliu\/wp-json\/wp\/v2\/users\/1"}],"replies":[{"embeddable":true,"href":"https:\/\/agora.xtec.cat\/sanfeliu\/wp-json\/wp\/v2\/comments?post=4008"}],"version-history":[{"count":6,"href":"https:\/\/agora.xtec.cat\/sanfeliu\/wp-json\/wp\/v2\/pages\/4008\/revisions"}],"predecessor-version":[{"id":4104,"href":"https:\/\/agora.xtec.cat\/sanfeliu\/wp-json\/wp\/v2\/pages\/4008\/revisions\/4104"}],"wp:attachment":[{"href":"https:\/\/agora.xtec.cat\/sanfeliu\/wp-json\/wp\/v2\/media?parent=4008"}],"curies":[{"name":"wp","href":"https:\/\/api.w.org\/{rel}","templated":true}]}}