{"id":4004,"date":"2025-01-20T10:51:19","date_gmt":"2025-01-20T09:51:19","guid":{"rendered":"https:\/\/agora.xtec.cat\/sanfeliu\/?page_id=4004"},"modified":"2025-01-28T12:08:49","modified_gmt":"2025-01-28T11:08:49","slug":"estrategia-digital-del-centre","status":"publish","type":"page","link":"https:\/\/agora.xtec.cat\/sanfeliu\/estrategia-digital-del-centre\/","title":{"rendered":"Estrategia digital del centre"},"content":{"rendered":"<p class=\"zfr3Q CDt4Ke \" dir=\"ltr\"><span class=\"C9DxTc \">L\u2019Estrat\u00e8gia Digi<\/span><span class=\"C9DxTc \">tal de Centre\u00a0<\/span><span class=\"C9DxTc \">defineix i concreta les l\u00ednies d\u2019actuaci\u00f3 d\u2019un centre que fan possible que docents, alumnat i centre assoleixin la compet\u00e8ncia digital.\u00a0<\/span><\/p>\n<p class=\"zfr3Q CDt4Ke \" dir=\"ltr\"><span class=\"C9DxTc \">Per aconseguir aquesta compet\u00e8ncia digital, l\u2019EDC compr\u00e8n tots els \u00e0mbits del centre: organitzatius, metodol\u00f2gics, curriculars i comunicatius, els quals s\u2019han de veure necess\u00e0riament implicats i, si escau, transformats, des d\u2019una perspectiva d\u2019innovaci\u00f3 i de millora cont\u00ednua.\u00a0<\/span><\/p>\n<p>Fes clic a\u00a0 <a href=\"https:\/\/sites.google.com\/d\/1u-kdUutwUJqW6W9GuiSMtlQoG2vZnLVx\/p\/18_QTMxN1E1Z7L0ocAIi1pb8xTVch6D9Z\/edit\"><span class=\"FdCeP C9DxTc \">ESTRAT\u00c8GIA DIGITAL <\/span><\/a>\u00a0per accedir al document complet sobre l&#8217;estrat\u00e8gia digital del centre.<\/p>\n<p>&nbsp;<\/p>\n<p><a href=\"https:\/\/agora.xtec.cat\/sanfeliu\/wp-content\/uploads\/usu2409\/2025\/01\/Copia-de-Grafico-lluvia-de-ideas-bloques-de-informacion-doodle-colorido-1.jpg\"><img loading=\"lazy\" decoding=\"async\" class=\"wp-image-4187 aligncenter\" src=\"https:\/\/agora.xtec.cat\/sanfeliu\/wp-content\/uploads\/usu2409\/2025\/01\/Copia-de-Grafico-lluvia-de-ideas-bloques-de-informacion-doodle-colorido-1-300x225.jpg\" alt=\"\" width=\"628\" height=\"471\" srcset=\"https:\/\/agora.xtec.cat\/sanfeliu\/wp-content\/uploads\/usu2409\/2025\/01\/Copia-de-Grafico-lluvia-de-ideas-bloques-de-informacion-doodle-colorido-1-300x225.jpg 300w, https:\/\/agora.xtec.cat\/sanfeliu\/wp-content\/uploads\/usu2409\/2025\/01\/Copia-de-Grafico-lluvia-de-ideas-bloques-de-informacion-doodle-colorido-1-768x576.jpg 768w, https:\/\/agora.xtec.cat\/sanfeliu\/wp-content\/uploads\/usu2409\/2025\/01\/Copia-de-Grafico-lluvia-de-ideas-bloques-de-informacion-doodle-colorido-1-200x150.jpg 200w, https:\/\/agora.xtec.cat\/sanfeliu\/wp-content\/uploads\/usu2409\/2025\/01\/Copia-de-Grafico-lluvia-de-ideas-bloques-de-informacion-doodle-colorido-1.jpg 1024w\" sizes=\"auto, (max-width: 628px) 100vw, 628px\" \/><\/a><\/p>\n<p>&nbsp;<\/p>\n","protected":false},"excerpt":{"rendered":"<p>L\u2019Estrat\u00e8gia Digital de Centre\u00a0defineix i concreta les l\u00ednies d\u2019actuaci\u00f3 d\u2019un centre que fan possible que docents, alumnat i centre assoleixin la compet\u00e8ncia digital.\u00a0 Per aconseguir aquesta compet\u00e8ncia digital, l\u2019EDC compr\u00e8n tots els \u00e0mbits del centre: organitzatius, metodol\u00f2gics, curriculars i comunicatius, els quals s\u2019han de veure necess\u00e0riament implicats i, si escau, transformats, des d\u2019una perspectiva d\u2019innovaci\u00f3 [&hellip;]<\/p>\n","protected":false},"author":1,"featured_media":0,"parent":0,"menu_order":0,"comment_status":"closed","ping_status":"closed","template":"","meta":{"_bbp_topic_count":0,"_bbp_reply_count":0,"_bbp_total_topic_count":0,"_bbp_total_reply_count":0,"_bbp_voice_count":0,"_bbp_anonymous_reply_count":0,"_bbp_topic_count_hidden":0,"_bbp_reply_count_hidden":0,"_bbp_forum_subforum_count":0,"site-sidebar-layout":"default","site-content-layout":"","ast-site-content-layout":"","site-content-style":"default","site-sidebar-style":"default","ast-global-header-display":"","ast-banner-title-visibility":"","ast-main-header-display":"","ast-hfb-above-header-display":"","ast-hfb-below-header-display":"","ast-hfb-mobile-header-display":"","site-post-title":"","ast-breadcrumbs-content":"","ast-featured-img":"","footer-sml-layout":"","theme-transparent-header-meta":"","adv-header-id-meta":"","stick-header-meta":"","header-above-stick-meta":"","header-main-stick-meta":"","header-below-stick-meta":"","astra-migrate-meta-layouts":"default","ast-page-background-enabled":"default","ast-page-background-meta":{"desktop":{"background-color":"var(--ast-global-color-4)","background-image":"","background-repeat":"repeat","background-position":"center center","background-size":"auto","background-attachment":"scroll","background-type":"","background-media":"","overlay-type":"","overlay-color":"","overlay-opacity":"","overlay-gradient":""},"tablet":{"background-color":"","background-image":"","background-repeat":"repeat","background-position":"center center","background-size":"auto","background-attachment":"scroll","background-type":"","background-media":"","overlay-type":"","overlay-color":"","overlay-opacity":"","overlay-gradient":""},"mobile":{"background-color":"","background-image":"","background-repeat":"repeat","background-position":"center center","background-size":"auto","background-attachment":"scroll","background-type":"","background-media":"","overlay-type":"","overlay-color":"","overlay-opacity":"","overlay-gradient":""}},"ast-content-background-meta":{"desktop":{"background-color":"var(--ast-global-color-5)","background-image":"","background-repeat":"repeat","background-position":"center center","background-size":"auto","background-attachment":"scroll","background-type":"","background-media":"","overlay-type":"","overlay-color":"","overlay-opacity":"","overlay-gradient":""},"tablet":{"background-color":"var(--ast-global-color-5)","background-image":"","background-repeat":"repeat","background-position":"center center","background-size":"auto","background-attachment":"scroll","background-type":"","background-media":"","overlay-type":"","overlay-color":"","overlay-opacity":"","overlay-gradient":""},"mobile":{"background-color":"var(--ast-global-color-5)","background-image":"","background-repeat":"repeat","background-position":"center center","background-size":"auto","background-attachment":"scroll","background-type":"","background-media":"","overlay-type":"","overlay-color":"","overlay-opacity":"","overlay-gradient":""}},"footnotes":""},"class_list":["post-4004","page","type-page","status-publish","hentry"],"post_mailing_queue_ids":[],"_links":{"self":[{"href":"https:\/\/agora.xtec.cat\/sanfeliu\/wp-json\/wp\/v2\/pages\/4004","targetHints":{"allow":["GET"]}}],"collection":[{"href":"https:\/\/agora.xtec.cat\/sanfeliu\/wp-json\/wp\/v2\/pages"}],"about":[{"href":"https:\/\/agora.xtec.cat\/sanfeliu\/wp-json\/wp\/v2\/types\/page"}],"author":[{"embeddable":true,"href":"https:\/\/agora.xtec.cat\/sanfeliu\/wp-json\/wp\/v2\/users\/1"}],"replies":[{"embeddable":true,"href":"https:\/\/agora.xtec.cat\/sanfeliu\/wp-json\/wp\/v2\/comments?post=4004"}],"version-history":[{"count":6,"href":"https:\/\/agora.xtec.cat\/sanfeliu\/wp-json\/wp\/v2\/pages\/4004\/revisions"}],"predecessor-version":[{"id":4235,"href":"https:\/\/agora.xtec.cat\/sanfeliu\/wp-json\/wp\/v2\/pages\/4004\/revisions\/4235"}],"wp:attachment":[{"href":"https:\/\/agora.xtec.cat\/sanfeliu\/wp-json\/wp\/v2\/media?parent=4004"}],"curies":[{"name":"wp","href":"https:\/\/api.w.org\/{rel}","templated":true}]}}