{"id":4002,"date":"2025-01-20T10:51:19","date_gmt":"2025-01-20T09:51:19","guid":{"rendered":"https:\/\/agora.xtec.cat\/sanfeliu\/?page_id=4002"},"modified":"2025-10-27T16:59:46","modified_gmt":"2025-10-27T15:59:46","slug":"lequip-docent","status":"publish","type":"page","link":"https:\/\/agora.xtec.cat\/sanfeliu\/lequip-docent\/","title":{"rendered":"L&#8217;equip docent"},"content":{"rendered":"<ul>\n<li><strong>EQUIP DIRECTIU<\/strong><br \/>\nJordi Campodarbe \u2013 Director<br \/>\nRita Bardi \u2013 Sotsdirectora<br \/>\nArantxa Guerrero \u2013 Cap d\u2019estudis\u00a0 \u00a0 \u00a0 \u00a0 \u00a0 \u00a0 \u00a0 \u00a0 \u00a0 \u00a0 \u00a0 \u00a0 \u00a0 \u00a0 \u00a0 \u00a0 \u00a0 \u00a0 \u00a0 \u00a0 \u00a0 \u00a0 \u00a0 <a href=\"https:\/\/agora.xtec.cat\/sanfeliu\/wp-content\/uploads\/usu2409\/2025\/09\/Screenshot_20250907-135553.png\"><img loading=\"lazy\" decoding=\"async\" class=\" wp-image-4430 alignright\" src=\"https:\/\/agora.xtec.cat\/sanfeliu\/wp-content\/uploads\/usu2409\/2025\/09\/Screenshot_20250907-135553-300x206.png\" alt=\"\" width=\"490\" height=\"336\" srcset=\"https:\/\/agora.xtec.cat\/sanfeliu\/wp-content\/uploads\/usu2409\/2025\/09\/Screenshot_20250907-135553-300x206.png 300w, https:\/\/agora.xtec.cat\/sanfeliu\/wp-content\/uploads\/usu2409\/2025\/09\/Screenshot_20250907-135553-1024x703.png 1024w, https:\/\/agora.xtec.cat\/sanfeliu\/wp-content\/uploads\/usu2409\/2025\/09\/Screenshot_20250907-135553-768x527.png 768w, https:\/\/agora.xtec.cat\/sanfeliu\/wp-content\/uploads\/usu2409\/2025\/09\/Screenshot_20250907-135553.png 1031w\" sizes=\"auto, (max-width: 490px) 100vw, 490px\" \/><\/a><\/li>\n<li><strong>EDUCACI\u00d3 INFANTIL <\/strong><br \/>\n<strong>Tutores<\/strong><br \/>\nArantxa Guerrero<br \/>\nLaura Franc\u00e9s<br \/>\nElisabet Sendra<\/li>\n<li><strong>Especialistes<\/strong><br \/>\nL\u00eddia Mart\u00ednez<\/li>\n<li><strong>EDUCACI\u00d3 PRIM\u00c0RIA<\/strong><br \/>\n<strong>Tutores<\/strong><br \/>\nS\u00f2nia Alcaraz<br \/>\nRita Porta<br \/>\nVict\u00f2ria Ortega<br \/>\nMarc Albaladejo<br \/>\nRita Bardi<br \/>\nMontse Farreny<\/li>\n<li><strong>Especialistes<\/strong><br \/>\nEsther Delgado<br \/>\nInma Arag\u00f3n<\/li>\n<li><strong>Responsable Menjador i Administraci\u00f3<\/strong><br \/>\nMercedes D\u00edaz<\/li>\n<\/ul>\n<p>&nbsp;<\/p>\n<p>&nbsp;<\/p>\n<p>&nbsp;<\/p>\n<p>&nbsp;<\/p>\n","protected":false},"excerpt":{"rendered":"<p>EQUIP DIRECTIU Jordi Campodarbe \u2013 Director Rita Bardi \u2013 Sotsdirectora Arantxa Guerrero \u2013 Cap d\u2019estudis\u00a0 \u00a0 \u00a0 \u00a0 \u00a0 \u00a0 \u00a0 \u00a0 \u00a0 \u00a0 \u00a0 \u00a0 \u00a0 \u00a0 \u00a0 \u00a0 \u00a0 \u00a0 \u00a0 \u00a0 \u00a0 \u00a0 \u00a0 EDUCACI\u00d3 INFANTIL Tutores Arantxa Guerrero Laura Franc\u00e9s Elisabet Sendra Especialistes L\u00eddia Mart\u00ednez EDUCACI\u00d3 PRIM\u00c0RIA Tutores S\u00f2nia Alcaraz Rita [&hellip;]<\/p>\n","protected":false},"author":1,"featured_media":0,"parent":0,"menu_order":0,"comment_status":"closed","ping_status":"closed","template":"","meta":{"_bbp_topic_count":0,"_bbp_reply_count":0,"_bbp_total_topic_count":0,"_bbp_total_reply_count":0,"_bbp_voice_count":0,"_bbp_anonymous_reply_count":0,"_bbp_topic_count_hidden":0,"_bbp_reply_count_hidden":0,"_bbp_forum_subforum_count":0,"site-sidebar-layout":"default","site-content-layout":"","ast-site-content-layout":"default","site-content-style":"default","site-sidebar-style":"default","ast-global-header-display":"","ast-banner-title-visibility":"","ast-main-header-display":"","ast-hfb-above-header-display":"","ast-hfb-below-header-display":"","ast-hfb-mobile-header-display":"","site-post-title":"","ast-breadcrumbs-content":"","ast-featured-img":"","footer-sml-layout":"","theme-transparent-header-meta":"default","adv-header-id-meta":"","stick-header-meta":"","header-above-stick-meta":"","header-main-stick-meta":"","header-below-stick-meta":"","astra-migrate-meta-layouts":"set","ast-page-background-enabled":"default","ast-page-background-meta":{"desktop":{"background-color":"var(--ast-global-color-4)","background-image":"","background-repeat":"repeat","background-position":"center center","background-size":"auto","background-attachment":"scroll","background-type":"","background-media":"","overlay-type":"","overlay-color":"","overlay-opacity":"","overlay-gradient":""},"tablet":{"background-color":"","background-image":"","background-repeat":"repeat","background-position":"center center","background-size":"auto","background-attachment":"scroll","background-type":"","background-media":"","overlay-type":"","overlay-color":"","overlay-opacity":"","overlay-gradient":""},"mobile":{"background-color":"","background-image":"","background-repeat":"repeat","background-position":"center center","background-size":"auto","background-attachment":"scroll","background-type":"","background-media":"","overlay-type":"","overlay-color":"","overlay-opacity":"","overlay-gradient":""}},"ast-content-background-meta":{"desktop":{"background-color":"var(--ast-global-color-5)","background-image":"","background-repeat":"repeat","background-position":"center center","background-size":"auto","background-attachment":"scroll","background-type":"","background-media":"","overlay-type":"","overlay-color":"","overlay-opacity":"","overlay-gradient":""},"tablet":{"background-color":"var(--ast-global-color-5)","background-image":"","background-repeat":"repeat","background-position":"center center","background-size":"auto","background-attachment":"scroll","background-type":"","background-media":"","overlay-type":"","overlay-color":"","overlay-opacity":"","overlay-gradient":""},"mobile":{"background-color":"var(--ast-global-color-5)","background-image":"","background-repeat":"repeat","background-position":"center center","background-size":"auto","background-attachment":"scroll","background-type":"","background-media":"","overlay-type":"","overlay-color":"","overlay-opacity":"","overlay-gradient":""}},"footnotes":""},"class_list":["post-4002","page","type-page","status-publish","hentry"],"post_mailing_queue_ids":[],"_links":{"self":[{"href":"https:\/\/agora.xtec.cat\/sanfeliu\/wp-json\/wp\/v2\/pages\/4002","targetHints":{"allow":["GET"]}}],"collection":[{"href":"https:\/\/agora.xtec.cat\/sanfeliu\/wp-json\/wp\/v2\/pages"}],"about":[{"href":"https:\/\/agora.xtec.cat\/sanfeliu\/wp-json\/wp\/v2\/types\/page"}],"author":[{"embeddable":true,"href":"https:\/\/agora.xtec.cat\/sanfeliu\/wp-json\/wp\/v2\/users\/1"}],"replies":[{"embeddable":true,"href":"https:\/\/agora.xtec.cat\/sanfeliu\/wp-json\/wp\/v2\/comments?post=4002"}],"version-history":[{"count":6,"href":"https:\/\/agora.xtec.cat\/sanfeliu\/wp-json\/wp\/v2\/pages\/4002\/revisions"}],"predecessor-version":[{"id":4453,"href":"https:\/\/agora.xtec.cat\/sanfeliu\/wp-json\/wp\/v2\/pages\/4002\/revisions\/4453"}],"wp:attachment":[{"href":"https:\/\/agora.xtec.cat\/sanfeliu\/wp-json\/wp\/v2\/media?parent=4002"}],"curies":[{"name":"wp","href":"https:\/\/api.w.org\/{rel}","templated":true}]}}