{"id":36,"date":"2014-09-18T12:33:11","date_gmt":"2014-09-18T11:33:11","guid":{"rendered":"http:\/\/agora.xtec.cat\/escolasantfeliu\/?page_id=36"},"modified":"2026-04-09T12:42:35","modified_gmt":"2026-04-09T10:42:35","slug":"material-escolar","status":"publish","type":"page","link":"https:\/\/agora.xtec.cat\/sanfeliu\/","title":{"rendered":"Preinscripci\u00f3 i matr\u00edcula curs 2026\/27"},"content":{"rendered":"<p>PROC\u00c9S DE PREINSCRIPCI\u00d3 CURS 2026-27<\/p>\n<p><a href=\"https:\/\/web.gencat.cat\/ca\/ciutadania\/serveis\/educacio-formacio\"><img loading=\"lazy\" decoding=\"async\" class=\"aligncenter wp-image-4571\" src=\"https:\/\/agora.xtec.cat\/sanfeliu\/wp-content\/uploads\/usu2409\/2026\/02\/infantil3-6-primaria-bola2.png_223078711-300x169.png\" alt=\"\" width=\"492\" height=\"277\" srcset=\"https:\/\/agora.xtec.cat\/sanfeliu\/wp-content\/uploads\/usu2409\/2026\/02\/infantil3-6-primaria-bola2.png_223078711-300x169.png 300w, https:\/\/agora.xtec.cat\/sanfeliu\/wp-content\/uploads\/usu2409\/2026\/02\/infantil3-6-primaria-bola2.png_223078711-768x432.png 768w, https:\/\/agora.xtec.cat\/sanfeliu\/wp-content\/uploads\/usu2409\/2026\/02\/infantil3-6-primaria-bola2.png_223078711.png 832w\" sizes=\"auto, (max-width: 492px) 100vw, 492px\" \/><\/a><\/p>\n<p>PREINSCRIPCI\u00d3 del CURS 26-27, clica <a href=\"https:\/\/preinscripcio.gencat.cat\/ca\/inici\/\">AQU\u00cd<\/a><\/p>\n<p>FAM\u00cdLIES I EXALUMNES EXPLIQUEN QU\u00c8 \u00c9S EL QUE M\u00c9S VALOREN I ESTIMEN DE LA NOSTRA ESCOLA.<\/p>\n<p>Gr\u00e0cies per formar-ne part!<\/p>\n<p>Si vols con\u00e8ixer com treballem, clica <a href=\"https:\/\/drive.google.com\/file\/d\/1qmxcnLnnK8R8rX2khk-CIqfMW_qmjkr1\/view?usp=drive_link\"><strong>AQU\u00cd<\/strong><\/a><\/p>\n","protected":false},"excerpt":{"rendered":"<p>PROC\u00c9S DE PREINSCRIPCI\u00d3 CURS 2026-27 PREINSCRIPCI\u00d3 del CURS 26-27, clica AQU\u00cd FAM\u00cdLIES I EXALUMNES EXPLIQUEN QU\u00c8 \u00c9S EL QUE M\u00c9S VALOREN I ESTIMEN DE LA NOSTRA ESCOLA. Gr\u00e0cies per formar-ne part! Si vols con\u00e8ixer com treballem, clica AQU\u00cd<\/p>\n","protected":false},"author":1,"featured_media":0,"parent":22,"menu_order":10,"comment_status":"closed","ping_status":"closed","template":"","meta":{"_bbp_topic_count":0,"_bbp_reply_count":0,"_bbp_total_topic_count":0,"_bbp_total_reply_count":0,"_bbp_voice_count":0,"_bbp_anonymous_reply_count":0,"_bbp_topic_count_hidden":0,"_bbp_reply_count_hidden":0,"_bbp_forum_subforum_count":0,"site-sidebar-layout":"default","site-content-layout":"","ast-site-content-layout":"default","site-content-style":"default","site-sidebar-style":"default","ast-global-header-display":"","ast-banner-title-visibility":"","ast-main-header-display":"","ast-hfb-above-header-display":"","ast-hfb-below-header-display":"","ast-hfb-mobile-header-display":"","site-post-title":"","ast-breadcrumbs-content":"","ast-featured-img":"","footer-sml-layout":"","theme-transparent-header-meta":"default","adv-header-id-meta":"","stick-header-meta":"","header-above-stick-meta":"","header-main-stick-meta":"","header-below-stick-meta":"","astra-migrate-meta-layouts":"set","ast-page-background-enabled":"default","ast-page-background-meta":{"desktop":{"background-color":"var(--ast-global-color-4)","background-image":"","background-repeat":"repeat","background-position":"center center","background-size":"auto","background-attachment":"scroll","background-type":"","background-media":"","overlay-type":"","overlay-color":"","overlay-opacity":"","overlay-gradient":""},"tablet":{"background-color":"","background-image":"","background-repeat":"repeat","background-position":"center center","background-size":"auto","background-attachment":"scroll","background-type":"","background-media":"","overlay-type":"","overlay-color":"","overlay-opacity":"","overlay-gradient":""},"mobile":{"background-color":"","background-image":"","background-repeat":"repeat","background-position":"center center","background-size":"auto","background-attachment":"scroll","background-type":"","background-media":"","overlay-type":"","overlay-color":"","overlay-opacity":"","overlay-gradient":""}},"ast-content-background-meta":{"desktop":{"background-color":"var(--ast-global-color-5)","background-image":"","background-repeat":"repeat","background-position":"center center","background-size":"auto","background-attachment":"scroll","background-type":"","background-media":"","overlay-type":"","overlay-color":"","overlay-opacity":"","overlay-gradient":""},"tablet":{"background-color":"var(--ast-global-color-5)","background-image":"","background-repeat":"repeat","background-position":"center center","background-size":"auto","background-attachment":"scroll","background-type":"","background-media":"","overlay-type":"","overlay-color":"","overlay-opacity":"","overlay-gradient":""},"mobile":{"background-color":"var(--ast-global-color-5)","background-image":"","background-repeat":"repeat","background-position":"center center","background-size":"auto","background-attachment":"scroll","background-type":"","background-media":"","overlay-type":"","overlay-color":"","overlay-opacity":"","overlay-gradient":""}},"footnotes":""},"class_list":["post-36","page","type-page","status-publish","hentry"],"post_mailing_queue_ids":[],"_links":{"self":[{"href":"https:\/\/agora.xtec.cat\/sanfeliu\/wp-json\/wp\/v2\/pages\/36","targetHints":{"allow":["GET"]}}],"collection":[{"href":"https:\/\/agora.xtec.cat\/sanfeliu\/wp-json\/wp\/v2\/pages"}],"about":[{"href":"https:\/\/agora.xtec.cat\/sanfeliu\/wp-json\/wp\/v2\/types\/page"}],"author":[{"embeddable":true,"href":"https:\/\/agora.xtec.cat\/sanfeliu\/wp-json\/wp\/v2\/users\/1"}],"replies":[{"embeddable":true,"href":"https:\/\/agora.xtec.cat\/sanfeliu\/wp-json\/wp\/v2\/comments?post=36"}],"version-history":[{"count":7,"href":"https:\/\/agora.xtec.cat\/sanfeliu\/wp-json\/wp\/v2\/pages\/36\/revisions"}],"predecessor-version":[{"id":4602,"href":"https:\/\/agora.xtec.cat\/sanfeliu\/wp-json\/wp\/v2\/pages\/36\/revisions\/4602"}],"up":[{"embeddable":true,"href":"https:\/\/agora.xtec.cat\/sanfeliu\/wp-json\/wp\/v2\/pages\/22"}],"wp:attachment":[{"href":"https:\/\/agora.xtec.cat\/sanfeliu\/wp-json\/wp\/v2\/media?parent=36"}],"curies":[{"name":"wp","href":"https:\/\/api.w.org\/{rel}","templated":true}]}}