{"id":73,"date":"2014-09-18T14:01:51","date_gmt":"2014-09-18T13:01:51","guid":{"rendered":"http:\/\/agora.xtec.cat\/parvularienbas\/?page_id=73"},"modified":"2024-10-20T12:24:27","modified_gmt":"2024-10-20T10:24:27","slug":"menjador-escolar","status":"publish","type":"page","link":"https:\/\/agora.xtec.cat\/parvularienbas\/serveis\/menjador-escolar\/","title":{"rendered":"Menjador escolar"},"content":{"rendered":"<p>El menjador escolar \u00e9s un servei obert a tots els alumnes de l\u2019escola, tant fixos com eventuals.<\/p>\n<p>Se&#8217;n fa c\u00e0rrec el Consell Comarcal a trav\u00e9s de l\u2019empresa <em>Serunion<\/em>. El dinar el porten des de l&#8217;escola Rocalba (Sant Feliu de Pallerols). Les monitores que realitzen el servei es fan c\u00e0rrec del menjador i de la vigil\u00e0ncia dels alumnes despr\u00e9s de dinar, tant al pati com a l\u2019aula dormitori.<\/p>\n<p style=\"text-align: center;\"><strong>Horari<\/strong>: de 12.30h a 15h<\/p>\n<h4 style=\"text-align: center;\"><\/h4>\n<h2 style=\"text-align: center;\"><a href=\"https:\/\/agora.xtec.cat\/parvularienbas\/wp-content\/uploads\/usu2453\/2022\/03\/power_point_xerrada_alimentacio.pdf\" target=\"_blank\" rel=\"noopener\">INFORMACI\u00d3 I RECOMANACIONS PER UNA ALIMENTACI\u00d3 SALUDABLE<\/a><\/h2>\n<p style=\"text-align: center;\">\n","protected":false},"excerpt":{"rendered":"<p>El menjador escolar \u00e9s un servei obert a tots els alumnes de l\u2019escola, tant fixos com eventuals.<br \/>\nSe&#8217;n fa c\u00e0rrec el Consell Comarcal a trav\u00e9s de l\u2019empresa Serunion. El dinar el porten des de l&#8217;escola Rocalba (Sant Feliu de Pallerols). Les monitores que realitzen el servei&hellip;  <a href=\"https:\/\/agora.xtec.cat\/parvularienbas\/serveis\/menjador-escolar\/\" title=\"Read Menjador escolar\">Llegeix m\u00e9s\u00bb<\/a><\/p>\n","protected":false},"author":1,"featured_media":0,"parent":66,"menu_order":30,"comment_status":"closed","ping_status":"closed","template":"page-templates\/side-menu.php","meta":{"_bbp_topic_count":0,"_bbp_reply_count":0,"_bbp_total_topic_count":0,"_bbp_total_reply_count":0,"_bbp_voice_count":0,"_bbp_anonymous_reply_count":0,"_bbp_topic_count_hidden":0,"_bbp_reply_count_hidden":0,"_bbp_forum_subforum_count":0,"footnotes":""},"class_list":["post-73","page","type-page","status-publish","hentry"],"post_mailing_queue_ids":[],"_links":{"self":[{"href":"https:\/\/agora.xtec.cat\/parvularienbas\/wp-json\/wp\/v2\/pages\/73","targetHints":{"allow":["GET"]}}],"collection":[{"href":"https:\/\/agora.xtec.cat\/parvularienbas\/wp-json\/wp\/v2\/pages"}],"about":[{"href":"https:\/\/agora.xtec.cat\/parvularienbas\/wp-json\/wp\/v2\/types\/page"}],"author":[{"embeddable":true,"href":"https:\/\/agora.xtec.cat\/parvularienbas\/wp-json\/wp\/v2\/users\/1"}],"replies":[{"embeddable":true,"href":"https:\/\/agora.xtec.cat\/parvularienbas\/wp-json\/wp\/v2\/comments?post=73"}],"version-history":[{"count":5,"href":"https:\/\/agora.xtec.cat\/parvularienbas\/wp-json\/wp\/v2\/pages\/73\/revisions"}],"predecessor-version":[{"id":1241,"href":"https:\/\/agora.xtec.cat\/parvularienbas\/wp-json\/wp\/v2\/pages\/73\/revisions\/1241"}],"up":[{"embeddable":true,"href":"https:\/\/agora.xtec.cat\/parvularienbas\/wp-json\/wp\/v2\/pages\/66"}],"wp:attachment":[{"href":"https:\/\/agora.xtec.cat\/parvularienbas\/wp-json\/wp\/v2\/media?parent=73"}],"curies":[{"name":"wp","href":"https:\/\/api.w.org\/{rel}","templated":true}]}}