{"id":28,"date":"2014-09-18T12:29:35","date_gmt":"2014-09-18T11:29:35","guid":{"rendered":"http:\/\/agora.xtec.cat\/parvularienbas\/?page_id=28"},"modified":"2026-02-07T09:24:53","modified_gmt":"2026-02-07T08:24:53","slug":"consell-escolar","status":"publish","type":"page","link":"https:\/\/agora.xtec.cat\/parvularienbas\/lescola\/consell-escolar\/","title":{"rendered":"Consell escolar"},"content":{"rendered":"<p>\u00c9s l\u2019\u00f2rgan de participaci\u00f3 de la comunitat escolar en el govern del centre.<\/p>\n<p>El Consell escolar participa en l&#8217;aprovaci\u00f3 del Projecte Educatiu i les seves modificacions, en l&#8217;aprovaci\u00f3 de la Programaci\u00f3 General d&#8217;Aula (PGA), de les Normes d&#8217;Organitzaci\u00f3 i Funcionament de Centre (NOFC) i de la gesti\u00f3 econ\u00f2mica de centre. A m\u00e9s, proposa activitats escolars (festes, projectes&#8230;) i extra-escolars, i t\u00e9 el paper de promoure i renovar les instal\u00b7lacions del centre.<\/p>\n<p>El Consell Escolar est\u00e0 format per:<\/p>\n<p>-La directora de l\u2019escola que n\u2019\u00e9s la presidenta.<\/p>\n<p>-Un representant de l\u2019Ajuntament.<\/p>\n<p>-Dos representants del claustre de mestres.<\/p>\n<p>-Tres representants dels pares d\u2019alumnes elegits entre ells.<\/p>\n<p>-La secret\u00e0ria del centre, amb veu per\u00f2 sense vot.<\/p>\n<p>&nbsp;<\/p>\n<p>El Consell escolar es reuneix com a m\u00ednim una vegada al trimestre i si cal, es fa una reuni\u00f3 extraordin\u00e0ria.<\/p>\n","protected":false},"excerpt":{"rendered":"<p>\u00c9s l\u2019\u00f2rgan de participaci\u00f3 de la comunitat escolar en el govern del centre.<br \/>\nEl Consell escolar participa en l&#8217;aprovaci\u00f3 del Projecte Educatiu i les seves modificacions, en l&#8217;aprovaci\u00f3 de la Programaci\u00f3 General d&#8217;Aula (PGA), de les Normes d&#8217;Organitzaci\u00f3 i Funcionament de Centre (NOFC) i de la&hellip;  <a href=\"https:\/\/agora.xtec.cat\/parvularienbas\/lescola\/consell-escolar\/\" title=\"Read Consell escolar\">Llegeix m\u00e9s\u00bb<\/a><\/p>\n","protected":false},"author":1,"featured_media":0,"parent":22,"menu_order":30,"comment_status":"closed","ping_status":"closed","template":"page-templates\/side-menu.php","meta":{"_bbp_topic_count":0,"_bbp_reply_count":0,"_bbp_total_topic_count":0,"_bbp_total_reply_count":0,"_bbp_voice_count":0,"_bbp_anonymous_reply_count":0,"_bbp_topic_count_hidden":0,"_bbp_reply_count_hidden":0,"_bbp_forum_subforum_count":0,"footnotes":""},"class_list":["post-28","page","type-page","status-publish","hentry"],"post_mailing_queue_ids":[],"_links":{"self":[{"href":"https:\/\/agora.xtec.cat\/parvularienbas\/wp-json\/wp\/v2\/pages\/28","targetHints":{"allow":["GET"]}}],"collection":[{"href":"https:\/\/agora.xtec.cat\/parvularienbas\/wp-json\/wp\/v2\/pages"}],"about":[{"href":"https:\/\/agora.xtec.cat\/parvularienbas\/wp-json\/wp\/v2\/types\/page"}],"author":[{"embeddable":true,"href":"https:\/\/agora.xtec.cat\/parvularienbas\/wp-json\/wp\/v2\/users\/1"}],"replies":[{"embeddable":true,"href":"https:\/\/agora.xtec.cat\/parvularienbas\/wp-json\/wp\/v2\/comments?post=28"}],"version-history":[{"count":4,"href":"https:\/\/agora.xtec.cat\/parvularienbas\/wp-json\/wp\/v2\/pages\/28\/revisions"}],"predecessor-version":[{"id":1434,"href":"https:\/\/agora.xtec.cat\/parvularienbas\/wp-json\/wp\/v2\/pages\/28\/revisions\/1434"}],"up":[{"embeddable":true,"href":"https:\/\/agora.xtec.cat\/parvularienbas\/wp-json\/wp\/v2\/pages\/22"}],"wp:attachment":[{"href":"https:\/\/agora.xtec.cat\/parvularienbas\/wp-json\/wp\/v2\/media?parent=28"}],"curies":[{"name":"wp","href":"https:\/\/api.w.org\/{rel}","templated":true}]}}