{"id":9378,"date":"2017-07-07T08:13:35","date_gmt":"2017-07-07T06:13:35","guid":{"rendered":"http:\/\/agora.xtec.cat\/nodes\/?page_id=9378"},"modified":"2017-07-07T08:21:46","modified_gmt":"2017-07-07T06:21:46","slug":"4b-categories-com-a-blogs","status":"publish","type":"page","link":"https:\/\/agora.xtec.cat\/nodes\/taller\/4b-categories-com-a-blogs\/","title":{"rendered":"4b. Les categories com a blogs (II)"},"content":{"rendered":"<p><iframe loading=\"lazy\" src=\"https:\/\/player.vimeo.com\/video\/156189767?color=ff0179&amp;title=0&amp;byline=0&amp;portrait=0\" width=\"800\" height=\"500\" frameborder=\"0\" allowfullscreen=\"allowfullscreen\"><\/iframe><\/p>\n<p><strong>Conceptes previs<\/strong><\/p>\n<ul>\n<li>Al fer clic en una <strong>categoria<\/strong>, WordPress genera <strong>autom\u00e0ticament<\/strong> una p\u00e0gina amb els articles d&#8217;aquella categoria.<\/li>\n<li>Es pot escriure contingut abans dels articles<\/li>\n<li>Es poden personalitzar els ginys de la barra lateral <strong>per a cada categoria<\/strong><\/li>\n<li>De manera molt senzilla, una categoria de Nodes pot fer la funci\u00f3 de\u00a0blog de classe, de departament, de projecte&#8230;<\/li>\n<\/ul>\n<p><strong>Tasques<\/strong><\/p>\n<li>A la portada, fes clic sobre la categoria <strong>Coral<\/strong>\u00a0de l&#8217;article <strong>F\u00ed de curs<\/strong><\/li>\n<div class=\"observa\">\n<p>Observa que:<\/p>\n<ul>\n<li>\u00c9s una p\u00e0gina de categoria amb tots els articles que s&#8217;han categoritzat com a\u00a0<strong>Coral<\/strong><\/li>\n<li>La barra esquerra t\u00e9 uns ginys diferents als ginys de portada<\/li>\n<\/ul>\n<\/div>\n<li>Fes clic en el men\u00fa superior, element <strong>Edita categoria<\/strong>.\n<ul>\n<li>A l&#8217;apartat <strong>Imatge<\/strong>, afegeix una fotografia com a nova cap\u00e7alera de la categoria<\/li>\n<li>A l&#8217;apartat <strong>Descripci\u00f3, <\/strong>insereix una fotografia de la mediateca o un v\u00eddeo de Youtube. Desa i visualitza la p\u00e0gina de la categoria de <strong>Coral<\/strong>\u00a0de nou<\/li>\n<\/ul>\n<\/li>\n<div class=\"observa\">\n<p>Observa que:<\/p>\n<ul>\n<li>Es pot escriure directament a la p\u00e0gina de categoria i el contingut surt a dalt de tot. No \u00e9s un article, \u00e9s simplement contingut HTML que es mostrar\u00e0 sempre abans dels articles. Pots inserir text, v\u00eddeos, fotos, calendaris, etc.<\/li>\n<\/ul>\n<\/div>\n<li>Anem a definir un giny que es visualitzi nom\u00e9s a <strong>Coral<\/strong>. Ves a <strong>Administraci\u00f3<\/strong> -&gt; <strong>Ginys<\/strong>. Selecciona un giny de tipus <strong>Text<\/strong>:\n<ul>\n<li>Situa aquest giny a dalt de tot de l&#8217;\u00e0rea de ginys <strong>Categories<\/strong>.<\/li>\n<li>Posa com a t\u00edtol\u00a0<strong>Horari dels assaigs<\/strong><\/li>\n<li>Com a contingut escriu:<br \/>\n<blockquote><p>Dimarts, de 12 a 13 h a la sala d&#8217;actes<\/p><\/blockquote>\n<\/li>\n<\/ul>\n<div class=\"observa\">\n<p>Observa que:<\/p>\n<ul>\n<li>El giny \u00e9s mostra a la categoria <strong>Coral<\/strong>\u00a0per\u00f2 tamb\u00e9 a la resta de categories<\/li>\n<\/ul>\n<\/div>\n<\/li>\n<li>Torna a <strong>Administraci\u00f3<\/strong> -&gt; <strong>Ginys<\/strong> i selecciona el giny <strong>Horari dels assaigs<\/strong>.<br \/>\nFes clic a <strong>Visibilitat<\/strong>.<br \/>\nTria <strong> Mostra si:<\/strong>, <strong>Categoria<\/strong>, <b>Horari dels assaigs<\/b><\/li>\n<div class=\"observa\">\n<p>Observa que:<\/p>\n<ul>\n<li>Ara el giny \u00e9s mostra nom\u00e9s a la categoria\u00a0<strong>Coral<\/strong><\/li>\n<\/ul>\n<\/div>\n<li>Torna a la <strong>Portada<\/strong> i fes clic a la categoria ESO 2A de l&#8217;article <strong>Not\u00edcia 6<\/strong>\n<div class=\"observa\">\n<p>Observa que:<\/p>\n<ul>\n<li>Hi ha una foto del grup (siluetes), un calendari, informaci\u00f3 sobre tutoria i uns enlla\u00e7os. Tot aix\u00f2 forma part d&#8217;un giny que es diu <strong>Grup classe<\/strong><\/li>\n<\/ul>\n<\/div>\n<\/li>\n<li>V\u00e9s a <strong>Administraci\u00f3<\/strong> -&gt; <strong>Personalitza<\/strong>. A la pestanya <strong>Ginys<\/strong>, trobar\u00e0s varis ginys en negreta. S\u00f3n el ginys que apliquen a aquella categoria. Busca el giny <strong>Grup classe<\/strong> de ESO 2A i modifica el seu contingut.<\/li>\n<\/ol>\n","protected":false},"excerpt":{"rendered":"<p>Conceptes previs<\/p>\n<ul>\n<li>Al fer clic en una categoria, WordPress genera autom\u00e0ticament una p\u00e0gina amb els articles d&#8217;aquella categoria.<\/li>\n<li>Es pot escriure contingut abans dels articles<\/li>\n<li>Es poden personalitzar els ginys de la barra lateral per a cada categoria<\/li>\n<li>De manera molt senzilla, una categoria de Nodes pot fer la&hellip;  <a href=\"https:\/\/agora.xtec.cat\/nodes\/taller\/4b-categories-com-a-blogs\/\" title=\"Read 4b. Les categories com a blogs (II)\">Llegeix m\u00e9s\u00bb<\/a><br \/>\n","protected":false},"author":2,"featured_media":0,"parent":1531,"menu_order":31,"comment_status":"closed","ping_status":"closed","template":"page-templates\/side-menu.php","meta":{"_bbp_topic_count":0,"_bbp_reply_count":0,"_bbp_total_topic_count":0,"_bbp_total_reply_count":0,"_bbp_voice_count":0,"_bbp_anonymous_reply_count":0,"_bbp_topic_count_hidden":0,"_bbp_reply_count_hidden":0,"_bbp_forum_subforum_count":0,"footnotes":""},"class_list":["post-9378","page","type-page","status-publish","hentry"],"post_mailing_queue_ids":[],"_links":{"self":[{"href":"https:\/\/agora.xtec.cat\/nodes\/wp-json\/wp\/v2\/pages\/9378","targetHints":{"allow":["GET"]}}],"collection":[{"href":"https:\/\/agora.xtec.cat\/nodes\/wp-json\/wp\/v2\/pages"}],"about":[{"href":"https:\/\/agora.xtec.cat\/nodes\/wp-json\/wp\/v2\/types\/page"}],"author":[{"embeddable":true,"href":"https:\/\/agora.xtec.cat\/nodes\/wp-json\/wp\/v2\/users\/2"}],"replies":[{"embeddable":true,"href":"https:\/\/agora.xtec.cat\/nodes\/wp-json\/wp\/v2\/comments?post=9378"}],"version-history":[{"count":3,"href":"https:\/\/agora.xtec.cat\/nodes\/wp-json\/wp\/v2\/pages\/9378\/revisions"}],"predecessor-version":[{"id":9383,"href":"https:\/\/agora.xtec.cat\/nodes\/wp-json\/wp\/v2\/pages\/9378\/revisions\/9383"}],"up":[{"embeddable":true,"href":"https:\/\/agora.xtec.cat\/nodes\/wp-json\/wp\/v2\/pages\/1531"}],"wp:attachment":[{"href":"https:\/\/agora.xtec.cat\/nodes\/wp-json\/wp\/v2\/media?parent=9378"}],"curies":[{"name":"wp","href":"https:\/\/api.w.org\/{rel}","templated":true}]}}