{"id":486,"date":"2014-10-16T17:53:47","date_gmt":"2014-10-16T17:53:47","guid":{"rendered":"http:\/\/agora.xtec.cat\/nodes\/?page_id=486"},"modified":"2017-01-13T11:52:25","modified_gmt":"2017-01-13T10:52:25","slug":"reserva-de-recursos","status":"publish","type":"page","link":"https:\/\/agora.xtec.cat\/nodes\/reserva-de-recursos\/","title":{"rendered":"Sistema de reserves"},"content":{"rendered":"<p>S&#8217;ha desenvolupat una extensi\u00f3 per fer reserves de recursos (aules, dispositius, etc.)<\/p>\n<p><a href=\"http:\/\/agora.xtec.cat\/moodle\/moodle\/mod\/glossary\/view.php?id=1741&amp;mode=entry&amp;hook=2601\">M\u00e9s informaci\u00f3<\/a><\/p>\n<p>&nbsp;<\/p>\n<p><!--\n1. Crea un <strong>calendari p\u00fablic<\/strong>\n\n<a href=\"http:\/\/agora.xtec.cat\/nodes\/wp-content\/uploads\/usu135\/2014\/10\/Selecci\u00f3_819.png\"><img loading=\"lazy\" decoding=\"async\" class=\"size-full wp-image-587 aligncenter\" style=\"border: 1px solid grey;\" src=\"http:\/\/agora.xtec.cat\/nodes\/wp-content\/uploads\/usu135\/2014\/10\/Selecci\u00f3_819.png\" alt=\"Selecci\u00f3_819\" width=\"473\" height=\"175\" srcset=\"https:\/\/agora.xtec.cat\/nodes\/wp-content\/uploads\/usu135\/2014\/10\/Selecci\u00f3_819.png 473w, https:\/\/agora.xtec.cat\/nodes\/wp-content\/uploads\/usu135\/2014\/10\/Selecci\u00f3_819-300x110.png 300w\" sizes=\"auto, (max-width: 473px) 100vw, 473px\" \/><\/a>\n\n2. Guarda\u00a0l'identificador del calendari. El pots obtenir a <strong>Configuraci\u00f3<\/strong>, apartat <strong>Adre\u00e7a del calendari, ID de calendari.\u00a0<\/strong>\n\n<a href=\"http:\/\/agora.xtec.cat\/nodes\/wp-content\/uploads\/usu135\/2014\/10\/Selecci\u00f3_818.png\"><img loading=\"lazy\" decoding=\"async\" class=\"size-full wp-image-586 aligncenter\" style=\"border: 1px solid grey;\" src=\"http:\/\/agora.xtec.cat\/nodes\/wp-content\/uploads\/usu135\/2014\/10\/Selecci\u00f3_818.png\" alt=\"Selecci\u00f3_818\" width=\"603\" height=\"438\" srcset=\"https:\/\/agora.xtec.cat\/nodes\/wp-content\/uploads\/usu135\/2014\/10\/Selecci\u00f3_818.png 603w, https:\/\/agora.xtec.cat\/nodes\/wp-content\/uploads\/usu135\/2014\/10\/Selecci\u00f3_818-300x217.png 300w\" sizes=\"auto, (max-width: 603px) 100vw, 603px\" \/><\/a> \u00a0 <a href=\"http:\/\/agora.xtec.cat\/nodes\/wp-content\/uploads\/usu135\/2014\/10\/Selecci\u00f3_810.png\"><img loading=\"lazy\" decoding=\"async\" class=\"size-full wp-image-527 aligncenter\" style=\"border: 1px solid grey;\" src=\"http:\/\/agora.xtec.cat\/nodes\/wp-content\/uploads\/usu135\/2014\/10\/Selecci\u00f3_810.png\" alt=\"Selecci\u00f3_810\" width=\"1079\" height=\"346\" srcset=\"https:\/\/agora.xtec.cat\/nodes\/wp-content\/uploads\/usu135\/2014\/10\/Selecci\u00f3_810.png 1079w, https:\/\/agora.xtec.cat\/nodes\/wp-content\/uploads\/usu135\/2014\/10\/Selecci\u00f3_810-300x96.png 300w, https:\/\/agora.xtec.cat\/nodes\/wp-content\/uploads\/usu135\/2014\/10\/Selecci\u00f3_810-1024x328.png 1024w\" sizes=\"auto, (max-width: 1079px) 100vw, 1079px\" \/><\/a>\n\n3. Obre<b>\u00a0<\/b>el seg\u00fcent\u00a0document i ves\u00a0a <strong>Fitxer<\/strong> | <strong>Fes-ne una c\u00f2pia<\/strong>. Pots posar-li de nom \"Reserves Institut\" o \"Reserves Escola\". Aquest document \u00e9s un full de c\u00e0lcul que t\u00e9 un formulari i un script associat.\n\n\n<p style=\"text-align: center;\"><a href=\"https:\/\/docs.google.com\/spreadsheets\/d\/1I64dAuDxKYxuvprbZtgDIAcXR57Q0Ad_u_C4AG6Qy-0\/edit?usp=sharing\" target=\"_blank\">https:\/\/docs.google.com\/spreadsheets\/d\/1I64dAuDxKYxuvprbZtgDIAcXR57Q0Ad_u_C4AG6Qy-0\/edit?usp=sharing<\/a><\/p>\n\n\n4. Tanca el document original (per evitar confusions) i v\u00e9s\u00a0a la c\u00f2pia que has creat en el punt anterior. Dins del teu document, v\u00e9s a <strong>Formulari<\/strong> | <strong>Edita Formulari.\u00a0<\/strong>Defineix els elements del camp <strong>Aula o recurs<\/strong>\u00a0que necessiteu en el vostre centre.\n\n\n<p style=\"padding-left: 30px;\"><a href=\"http:\/\/agora.xtec.cat\/nodes\/wp-content\/uploads\/usu135\/2014\/10\/Selecci\u00f3_817.png\"><img loading=\"lazy\" decoding=\"async\" class=\"size-full wp-image-539 aligncenter\" style=\"border: 1px solid grey;\" src=\"http:\/\/agora.xtec.cat\/nodes\/wp-content\/uploads\/usu135\/2014\/10\/Selecci\u00f3_817.png\" alt=\"Selecci\u00f3_817\" width=\"844\" height=\"674\" srcset=\"https:\/\/agora.xtec.cat\/nodes\/wp-content\/uploads\/usu135\/2014\/10\/Selecci\u00f3_817.png 844w, https:\/\/agora.xtec.cat\/nodes\/wp-content\/uploads\/usu135\/2014\/10\/Selecci\u00f3_817-300x239.png 300w\" sizes=\"auto, (max-width: 844px) 100vw, 844px\" \/><\/a><\/p>\n\n\n\n\n<p style=\"text-align: left;\">5.\u00a0El seg\u00fcent pas \u00e9s vincular el teu\u00a0<strong>Formulari\/full de c\u00e0lcul<\/strong> de reserves amb el <strong>calendari<\/strong>. Al segon\u00a0full (<strong>Configuraci\u00f3)\u00a0<\/strong>del teu\u00a0full de c\u00e0lcul, defineix l'identificador del calendari que has guardat abans.<\/p>\n\n\n\n\n<p style=\"text-align: left;\"><a href=\"http:\/\/agora.xtec.cat\/nodes\/wp-content\/uploads\/usu135\/2014\/10\/conf.png\"><img loading=\"lazy\" decoding=\"async\" class=\"size-full wp-image-576 aligncenter\" style=\"border: 1px solid grey;\" src=\"http:\/\/agora.xtec.cat\/nodes\/wp-content\/uploads\/usu135\/2014\/10\/conf.png\" alt=\"conf\" width=\"778\" height=\"516\" srcset=\"https:\/\/agora.xtec.cat\/nodes\/wp-content\/uploads\/usu135\/2014\/10\/conf.png 778w, https:\/\/agora.xtec.cat\/nodes\/wp-content\/uploads\/usu135\/2014\/10\/conf-300x198.png 300w\" sizes=\"auto, (max-width: 778px) 100vw, 778px\" \/><\/a><\/p>\n\n\n\n\n<p style=\"text-align: left;\">6.\u00a0Ara hem d'activar un disparador\u00a0que generar\u00e0\u00a0un esdeveniment\u00a0al calendari cada vegada que alg\u00fa fagi una reserva amb el formulari que hem definit. Per activar el disparador has d'anar a\u00a0al men\u00fa superior i fer clic a<strong> Reserves<\/strong> | <strong>Activar.<\/strong><\/p>\n\n\n\n\n<p style=\"text-align: left;\">7. Ja nom\u00e9s queda inserir el <strong>formulari<\/strong> i el <strong>calendari<\/strong>\u00a0a la teva\u00a0p\u00e0gina web. Copia el contingut generat a\u00a0<strong>Codi de calendari+formulari<\/strong>\u00a0i enganxa'l a la teva p\u00e0gina. Pots modificar l'al\u00e7ada i amplada del calendari i formulari per a ajustar-los a les dimensions de la teva p\u00e0gina.<\/p>\n\n\n\n\n<p style=\"text-align: left;\"><a href=\"http:\/\/agora.xtec.cat\/nodes\/wp-content\/uploads\/usu135\/2014\/10\/Selecci\u00f3_820.png\"><img loading=\"lazy\" decoding=\"async\" class=\"size-full wp-image-590 aligncenter\" style=\"border: 1px solid grey;\" src=\"http:\/\/agora.xtec.cat\/nodes\/wp-content\/uploads\/usu135\/2014\/10\/Selecci\u00f3_820.png\" alt=\"Selecci\u00f3_820\" width=\"759\" height=\"561\" srcset=\"https:\/\/agora.xtec.cat\/nodes\/wp-content\/uploads\/usu135\/2014\/10\/Selecci\u00f3_820.png 759w, https:\/\/agora.xtec.cat\/nodes\/wp-content\/uploads\/usu135\/2014\/10\/Selecci\u00f3_820-300x221.png 300w\" sizes=\"auto, (max-width: 759px) 100vw, 759px\" \/><\/a><\/p>\n\n\n--><\/p>\n","protected":false},"excerpt":{"rendered":"<p>S&#8217;ha desenvolupat una extensi\u00f3 per fer reserves de recursos (aules, dispositius, etc.)<br \/>\n<a href=\"http:\/\/agora.xtec.cat\/moodle\/moodle\/mod\/glossary\/view.php?id=1741&amp;mode=entry&amp;hook=2601\">M\u00e9s informaci\u00f3<\/a><br \/>\n&nbsp;<\/p>\n","protected":false},"author":1,"featured_media":0,"parent":0,"menu_order":0,"comment_status":"closed","ping_status":"closed","template":"","meta":{"_bbp_topic_count":0,"_bbp_reply_count":0,"_bbp_total_topic_count":0,"_bbp_total_reply_count":0,"_bbp_voice_count":0,"_bbp_anonymous_reply_count":0,"_bbp_topic_count_hidden":0,"_bbp_reply_count_hidden":0,"_bbp_forum_subforum_count":0,"footnotes":""},"class_list":["post-486","page","type-page","status-publish","hentry"],"post_mailing_queue_ids":[],"_links":{"self":[{"href":"https:\/\/agora.xtec.cat\/nodes\/wp-json\/wp\/v2\/pages\/486","targetHints":{"allow":["GET"]}}],"collection":[{"href":"https:\/\/agora.xtec.cat\/nodes\/wp-json\/wp\/v2\/pages"}],"about":[{"href":"https:\/\/agora.xtec.cat\/nodes\/wp-json\/wp\/v2\/types\/page"}],"author":[{"embeddable":true,"href":"https:\/\/agora.xtec.cat\/nodes\/wp-json\/wp\/v2\/users\/1"}],"replies":[{"embeddable":true,"href":"https:\/\/agora.xtec.cat\/nodes\/wp-json\/wp\/v2\/comments?post=486"}],"version-history":[{"count":4,"href":"https:\/\/agora.xtec.cat\/nodes\/wp-json\/wp\/v2\/pages\/486\/revisions"}],"predecessor-version":[{"id":3468,"href":"https:\/\/agora.xtec.cat\/nodes\/wp-json\/wp\/v2\/pages\/486\/revisions\/3468"}],"wp:attachment":[{"href":"https:\/\/agora.xtec.cat\/nodes\/wp-json\/wp\/v2\/media?parent=486"}],"curies":[{"name":"wp","href":"https:\/\/api.w.org\/{rel}","templated":true}]}}