{"id":3089,"date":"2016-04-12T08:34:35","date_gmt":"2016-04-12T07:34:35","guid":{"rendered":"http:\/\/agora.xtec.cat\/nodes\/?page_id=3089"},"modified":"2016-04-12T09:03:47","modified_gmt":"2016-04-12T08:03:47","slug":"9-documents","status":"publish","type":"page","link":"https:\/\/agora.xtec.cat\/nodes\/guia-rapida\/9-documents\/","title":{"rendered":"9. Documents"},"content":{"rendered":"<p>Nodes incorpora un gestor documental que pot centralitzar gran part dels documents del centre.<\/p>\n<p><iframe loading=\"lazy\" src=\"https:\/\/player.vimeo.com\/video\/162117196?color=aa2609&amp;byline=0&amp;portrait=0\" width=\"800\" height=\"500\" frameborder=\"0\" allowfullscreen=\"allowfullscreen\"><\/iframe><\/p>\n<p><strong><span style=\"color: #ff0000;\">IMPORTANT:<\/span><\/strong> El gestor de documents de Nodes pot centralitzar una gran part dels documents del centre (tota la part did\u00e0ctica, recursos, actes) per\u00f2 no reuneix els mecanismes de seguretat per a garantir tots els nivells de protecci\u00f3 segons la Llei Org\u00e0nica de Protecci\u00f3 de Dades.<br \/>\nEviteu incloure documents amb dades personals sensibles com ara informes psicopedag\u00f2gics, expedients disciplinaris, impagaments&#8230;<\/p>\n","protected":false},"excerpt":{"rendered":"<p>Nodes incorpora un gestor documental que pot centralitzar gran part dels documents del centre.<\/p>\n<p>IMPORTANT: El gestor de documents de Nodes pot centralitzar una gran part dels documents del centre (tota la part did\u00e0ctica, recursos, actes) per\u00f2 no reuneix els mecanismes de seguretat per a garantir&hellip;  <a href=\"https:\/\/agora.xtec.cat\/nodes\/guia-rapida\/9-documents\/\" title=\"Read 9. Documents\">Llegeix m\u00e9s\u00bb<\/a><\/p>\n","protected":false},"author":2,"featured_media":0,"parent":2684,"menu_order":90,"comment_status":"closed","ping_status":"closed","template":"page-templates\/side-menu.php","meta":{"_bbp_topic_count":0,"_bbp_reply_count":0,"_bbp_total_topic_count":0,"_bbp_total_reply_count":0,"_bbp_voice_count":0,"_bbp_anonymous_reply_count":0,"_bbp_topic_count_hidden":0,"_bbp_reply_count_hidden":0,"_bbp_forum_subforum_count":0,"footnotes":""},"class_list":["post-3089","page","type-page","status-publish","hentry"],"post_mailing_queue_ids":[],"_links":{"self":[{"href":"https:\/\/agora.xtec.cat\/nodes\/wp-json\/wp\/v2\/pages\/3089","targetHints":{"allow":["GET"]}}],"collection":[{"href":"https:\/\/agora.xtec.cat\/nodes\/wp-json\/wp\/v2\/pages"}],"about":[{"href":"https:\/\/agora.xtec.cat\/nodes\/wp-json\/wp\/v2\/types\/page"}],"author":[{"embeddable":true,"href":"https:\/\/agora.xtec.cat\/nodes\/wp-json\/wp\/v2\/users\/2"}],"replies":[{"embeddable":true,"href":"https:\/\/agora.xtec.cat\/nodes\/wp-json\/wp\/v2\/comments?post=3089"}],"version-history":[{"count":3,"href":"https:\/\/agora.xtec.cat\/nodes\/wp-json\/wp\/v2\/pages\/3089\/revisions"}],"predecessor-version":[{"id":3095,"href":"https:\/\/agora.xtec.cat\/nodes\/wp-json\/wp\/v2\/pages\/3089\/revisions\/3095"}],"up":[{"embeddable":true,"href":"https:\/\/agora.xtec.cat\/nodes\/wp-json\/wp\/v2\/pages\/2684"}],"wp:attachment":[{"href":"https:\/\/agora.xtec.cat\/nodes\/wp-json\/wp\/v2\/media?parent=3089"}],"curies":[{"name":"wp","href":"https:\/\/api.w.org\/{rel}","templated":true}]}}