{"id":2939,"date":"2016-02-15T00:53:45","date_gmt":"2016-02-14T23:53:45","guid":{"rendered":"http:\/\/agora.xtec.cat\/nodes\/?page_id=2939"},"modified":"2016-02-15T01:01:20","modified_gmt":"2016-02-15T00:01:20","slug":"menus","status":"publish","type":"page","link":"https:\/\/agora.xtec.cat\/nodes\/llibre-destil\/menus\/","title":{"rendered":"Men\u00fas"},"content":{"rendered":"<p>Eviteu elements molt llargs. Retalleu sense por. Una familia nom\u00e9s necessita la paraula <strong>Normes<\/strong> per trobar les normes d&#8217;organitzaci\u00f3 i funcionament del centre.<\/p>\n<p><a href=\"http:\/\/agora.xtec.cat\/nodes\/wp-content\/uploads\/usu135\/2016\/02\/sicollaso.jpg\"><img loading=\"lazy\" decoding=\"async\" class=\"alignnone  wp-image-2946\" src=\"http:\/\/agora.xtec.cat\/nodes\/wp-content\/uploads\/usu135\/2016\/02\/no_itemsllargs.jpg\" alt=\"no_itemsllargs\" width=\"371\" height=\"233\" srcset=\"https:\/\/agora.xtec.cat\/nodes\/wp-content\/uploads\/usu135\/2016\/02\/no_itemsllargs.jpg 380w, https:\/\/agora.xtec.cat\/nodes\/wp-content\/uploads\/usu135\/2016\/02\/no_itemsllargs-300x189.jpg 300w\" sizes=\"auto, (max-width: 371px) 100vw, 371px\" \/><img loading=\"lazy\" decoding=\"async\" class=\"alignnone size-large wp-image-2945\" src=\"http:\/\/agora.xtec.cat\/nodes\/wp-content\/uploads\/usu135\/2016\/02\/si_itemscurts.jpg\" alt=\"si_itemscurts\" width=\"253\" height=\"239\" \/><\/a><\/p>\n<p>El primer nivell, en aquest cas <strong>Departaments<\/strong>, contextualitza els elements del seg\u00f3n nivell que t\u00e9 per sota. No cal repetir la paraula Departaments al seg\u00f3n nivell. \u00c9s redundant i fa que l&#8217;element sigui molt m\u00e9s llarg.<\/p>\n<p><a href=\"http:\/\/agora.xtec.cat\/nodes\/wp-content\/uploads\/usu135\/2016\/02\/sicollaso.jpg\"><img loading=\"lazy\" decoding=\"async\" class=\"alignnone size-large wp-image-2944\" src=\"http:\/\/agora.xtec.cat\/nodes\/wp-content\/uploads\/usu135\/2016\/02\/nodep.jpg\" alt=\"nodep\" width=\"448\" height=\"312\" srcset=\"https:\/\/agora.xtec.cat\/nodes\/wp-content\/uploads\/usu135\/2016\/02\/nodep.jpg 448w, https:\/\/agora.xtec.cat\/nodes\/wp-content\/uploads\/usu135\/2016\/02\/nodep-300x209.jpg 300w\" sizes=\"auto, (max-width: 448px) 100vw, 448px\" \/><img loading=\"lazy\" decoding=\"async\" class=\"alignnone size-large wp-image-2943\" src=\"http:\/\/agora.xtec.cat\/nodes\/wp-content\/uploads\/usu135\/2016\/02\/sidep.jpg\" alt=\"sidep\" width=\"278\" height=\"312\" srcset=\"https:\/\/agora.xtec.cat\/nodes\/wp-content\/uploads\/usu135\/2016\/02\/sidep.jpg 278w, https:\/\/agora.xtec.cat\/nodes\/wp-content\/uploads\/usu135\/2016\/02\/sidep-267x300.jpg 267w\" sizes=\"auto, (max-width: 278px) 100vw, 278px\" \/><\/a><\/p>\n<p>Retalleu i deixeu nom\u00e9s les paraules clau.<\/p>\n<p><a href=\"http:\/\/agora.xtec.cat\/nodes\/wp-content\/uploads\/usu135\/2016\/02\/sicollaso.jpg\"><img loading=\"lazy\" decoding=\"async\" class=\"alignnone  wp-image-2942\" src=\"http:\/\/agora.xtec.cat\/nodes\/wp-content\/uploads\/usu135\/2016\/02\/nocollaso.jpg\" alt=\"nocollaso\" width=\"538\" height=\"212\" srcset=\"https:\/\/agora.xtec.cat\/nodes\/wp-content\/uploads\/usu135\/2016\/02\/nocollaso.jpg 591w, https:\/\/agora.xtec.cat\/nodes\/wp-content\/uploads\/usu135\/2016\/02\/nocollaso-300x118.jpg 300w\" sizes=\"auto, (max-width: 538px) 100vw, 538px\" \/><img loading=\"lazy\" decoding=\"async\" class=\"alignnone  wp-image-2941\" src=\"http:\/\/agora.xtec.cat\/nodes\/wp-content\/uploads\/usu135\/2016\/02\/sicollaso.jpg\" alt=\"sicollaso\" width=\"316\" height=\"211\" srcset=\"https:\/\/agora.xtec.cat\/nodes\/wp-content\/uploads\/usu135\/2016\/02\/sicollaso.jpg 340w, https:\/\/agora.xtec.cat\/nodes\/wp-content\/uploads\/usu135\/2016\/02\/sicollaso-300x200.jpg 300w\" sizes=\"auto, (max-width: 316px) 100vw, 316px\" \/><\/a><\/p>\n","protected":false},"excerpt":{"rendered":"<p>Eviteu elements molt llargs. Retalleu sense por. Una familia nom\u00e9s necessita la paraula Normes per trobar les normes d&#8217;organitzaci\u00f3 i funcionament del centre.<br \/>\n<a href=\"http:\/\/agora.xtec.cat\/nodes\/wp-content\/uploads\/usu135\/2016\/02\/sicollaso.jpg\"><\/a><br \/>\nEl primer nivell, en aquest cas Departaments, contextualitza els elements del seg\u00f3n nivell que t\u00e9 per sota. No cal repetir la paraula&hellip;  <a href=\"https:\/\/agora.xtec.cat\/nodes\/llibre-destil\/menus\/\" title=\"Read Men\u00fas\">Llegeix m\u00e9s\u00bb<\/a><\/p>\n","protected":false},"author":2,"featured_media":0,"parent":2055,"menu_order":58,"comment_status":"closed","ping_status":"closed","template":"page-templates\/side-menu.php","meta":{"_bbp_topic_count":0,"_bbp_reply_count":0,"_bbp_total_topic_count":0,"_bbp_total_reply_count":0,"_bbp_voice_count":0,"_bbp_anonymous_reply_count":0,"_bbp_topic_count_hidden":0,"_bbp_reply_count_hidden":0,"_bbp_forum_subforum_count":0,"footnotes":""},"class_list":["post-2939","page","type-page","status-publish","hentry"],"post_mailing_queue_ids":[],"_links":{"self":[{"href":"https:\/\/agora.xtec.cat\/nodes\/wp-json\/wp\/v2\/pages\/2939","targetHints":{"allow":["GET"]}}],"collection":[{"href":"https:\/\/agora.xtec.cat\/nodes\/wp-json\/wp\/v2\/pages"}],"about":[{"href":"https:\/\/agora.xtec.cat\/nodes\/wp-json\/wp\/v2\/types\/page"}],"author":[{"embeddable":true,"href":"https:\/\/agora.xtec.cat\/nodes\/wp-json\/wp\/v2\/users\/2"}],"replies":[{"embeddable":true,"href":"https:\/\/agora.xtec.cat\/nodes\/wp-json\/wp\/v2\/comments?post=2939"}],"version-history":[{"count":4,"href":"https:\/\/agora.xtec.cat\/nodes\/wp-json\/wp\/v2\/pages\/2939\/revisions"}],"predecessor-version":[{"id":2950,"href":"https:\/\/agora.xtec.cat\/nodes\/wp-json\/wp\/v2\/pages\/2939\/revisions\/2950"}],"up":[{"embeddable":true,"href":"https:\/\/agora.xtec.cat\/nodes\/wp-json\/wp\/v2\/pages\/2055"}],"wp:attachment":[{"href":"https:\/\/agora.xtec.cat\/nodes\/wp-json\/wp\/v2\/media?parent=2939"}],"curies":[{"name":"wp","href":"https:\/\/api.w.org\/{rel}","templated":true}]}}