{"id":2927,"date":"2016-02-02T12:51:39","date_gmt":"2016-02-02T11:51:39","guid":{"rendered":"http:\/\/agora.xtec.cat\/nodes\/?page_id=2927"},"modified":"2020-06-19T19:24:42","modified_gmt":"2020-06-19T17:24:42","slug":"elements-grafics","status":"publish","type":"page","link":"https:\/\/agora.xtec.cat\/nodes\/llibre-destil\/elements-grafics\/","title":{"rendered":"Elements gr\u00e0fics"},"content":{"rendered":"<p>Els dissenys professionals mantenen una coher\u00e8ncia entre tots els seus elements gr\u00e0fics.<br \/>\nEviteu combinar icones de fam\u00edlies molt diferents\u00a0a la mateixa p\u00e0gina.<\/p>\n<p>Podeu trobar extenses col\u00b7leccions d&#8217;icones gratu\u00eftes de molta qualitat, que encaixen amb l&#8217;estil de NODES (estil pla, sense vores ni degradats), a:<\/p>\n<ul>\n<li><a href=\"https:\/\/icons8.com\/web-app\/new-icons\/color\">icons8<\/a><\/li>\n<li><a href=\"http:\/\/www.flaticon.com\/\" target=\"_blank\" rel=\"noopener noreferrer\">flaticons<\/a>\u00a0(blanc i negre per\u00f2 es pot definir el color)<\/li>\n<\/ul>\n<p><a href=\"http:\/\/agora.xtec.cat\/nodes\/wp-content\/uploads\/usu135\/2016\/02\/Selecci\u00f3_999117.png\"><img loading=\"lazy\" decoding=\"async\" class=\"alignnone wp-image-2928\" src=\"http:\/\/agora.xtec.cat\/nodes\/wp-content\/uploads\/usu135\/2016\/02\/Selecci\u00f3_999117.png\" alt=\"Selecci\u00f3_999(117)\" width=\"665\" height=\"427\" srcset=\"https:\/\/agora.xtec.cat\/nodes\/wp-content\/uploads\/usu135\/2016\/02\/Selecci\u00f3_999117.png 941w, https:\/\/agora.xtec.cat\/nodes\/wp-content\/uploads\/usu135\/2016\/02\/Selecci\u00f3_999117-300x193.png 300w\" sizes=\"auto, (max-width: 665px) 100vw, 665px\" \/><\/a><\/p>\n","protected":false},"excerpt":{"rendered":"<p>Els dissenys professionals mantenen una coher\u00e8ncia entre tots els seus elements gr\u00e0fics.<br \/>\nEviteu combinar icones de fam\u00edlies molt diferents\u00a0a la mateixa p\u00e0gina.<br \/>\nPodeu trobar extenses col\u00b7leccions d&#8217;icones gratu\u00eftes de molta qualitat, que encaixen amb l&#8217;estil de NODES (estil pla, sense vores ni degradats), a:<\/p>\n<ul>\n<li><a href=\"https:\/\/icons8.com\/web-app\/new-icons\/color\">icons8<\/a><\/li>\n<li><a href=\"http:\/\/www.flaticon.com\/\" target=\"_blank\"&hellip;  <a href=\"https:\/\/agora.xtec.cat\/nodes\/llibre-destil\/elements-grafics\/\" title=\"Read Elements gr\u00e0fics\">Llegeix m\u00e9s\u00bb<\/a><br \/>\n","protected":false},"author":2,"featured_media":0,"parent":2055,"menu_order":90,"comment_status":"open","ping_status":"closed","template":"page-templates\/side-menu.php","meta":{"_bbp_topic_count":0,"_bbp_reply_count":0,"_bbp_total_topic_count":0,"_bbp_total_reply_count":0,"_bbp_voice_count":0,"_bbp_anonymous_reply_count":0,"_bbp_topic_count_hidden":0,"_bbp_reply_count_hidden":0,"_bbp_forum_subforum_count":0,"footnotes":""},"class_list":["post-2927","page","type-page","status-publish","hentry"],"post_mailing_queue_ids":[],"_links":{"self":[{"href":"https:\/\/agora.xtec.cat\/nodes\/wp-json\/wp\/v2\/pages\/2927","targetHints":{"allow":["GET"]}}],"collection":[{"href":"https:\/\/agora.xtec.cat\/nodes\/wp-json\/wp\/v2\/pages"}],"about":[{"href":"https:\/\/agora.xtec.cat\/nodes\/wp-json\/wp\/v2\/types\/page"}],"author":[{"embeddable":true,"href":"https:\/\/agora.xtec.cat\/nodes\/wp-json\/wp\/v2\/users\/2"}],"replies":[{"embeddable":true,"href":"https:\/\/agora.xtec.cat\/nodes\/wp-json\/wp\/v2\/comments?post=2927"}],"version-history":[{"count":3,"href":"https:\/\/agora.xtec.cat\/nodes\/wp-json\/wp\/v2\/pages\/2927\/revisions"}],"predecessor-version":[{"id":10939,"href":"https:\/\/agora.xtec.cat\/nodes\/wp-json\/wp\/v2\/pages\/2927\/revisions\/10939"}],"up":[{"embeddable":true,"href":"https:\/\/agora.xtec.cat\/nodes\/wp-json\/wp\/v2\/pages\/2055"}],"wp:attachment":[{"href":"https:\/\/agora.xtec.cat\/nodes\/wp-json\/wp\/v2\/media?parent=2927"}],"curies":[{"name":"wp","href":"https:\/\/api.w.org\/{rel}","templated":true}]}}