{"id":2701,"date":"2015-12-15T10:10:29","date_gmt":"2015-12-15T09:10:29","guid":{"rendered":"http:\/\/agora.xtec.cat\/nodes\/?page_id=2701"},"modified":"2017-01-31T15:46:53","modified_gmt":"2017-01-31T14:46:53","slug":"mes-informacio","status":"publish","type":"page","link":"https:\/\/agora.xtec.cat\/nodes\/guia-rapida\/mes-informacio\/","title":{"rendered":"11. M\u00e9s informaci\u00f3"},"content":{"rendered":"<p>Teniu els recursos seg\u00fcents a la vostra disposici\u00f3:<\/p>\n<p><a href=\"http:\/\/agora.xtec.cat\/nodes\/wp-content\/uploads\/usu135\/2014\/12\/network.png\"><img loading=\"lazy\" decoding=\"async\" class=\"alignnone size-full wp-image-1100\" src=\"http:\/\/agora.xtec.cat\/nodes\/wp-content\/uploads\/usu135\/2014\/12\/network.png\" alt=\"network\" width=\"200\" height=\"133\" \/><br \/>\n<\/a><\/p>\n<ul>\n<li><a href=\"http:\/\/agora.xtec.cat\/nodes\/taller\/\">Taller<\/a><\/li>\n<li><a href=\"http:\/\/agora.xtec.cat\/nodes\/llibre-destil\/\">Llibre d&#8217;estil<\/a><\/li>\n<li><a href=\"http:\/\/agora.xtec.cat\/moodle\/moodle\/mod\/page\/view.php?id=1762\" target=\"_blank\">Preguntes freq\u00fcents<\/a><\/li>\n<li><a href=\"http:\/\/agora.xtec.cat\/moodle\/moodle\/mod\/forum\/view.php?id=1721\" target=\"_blank\">F\u00f2rum de suport<\/a><\/li>\n<li><a href=\"http:\/\/ateneu.xtec.cat\/wikiform\/wikiexport\/cmd\/tac\/agora-nodes\/index\" target=\"_blank\">Materials del curs de formaci\u00f3<\/a> (Ateneu)<\/li>\n<\/ul>\n","protected":false},"excerpt":{"rendered":"<p>Teniu els recursos seg\u00fcents a la vostra disposici\u00f3:<br \/>\n<a href=\"http:\/\/agora.xtec.cat\/nodes\/wp-content\/uploads\/usu135\/2014\/12\/network.png\"><br \/>\n<\/a><\/p>\n<ul>\n<li><a href=\"http:\/\/agora.xtec.cat\/nodes\/taller\/\">Taller<\/a><\/li>\n<li><a href=\"http:\/\/agora.xtec.cat\/nodes\/llibre-destil\/\">Llibre d&#8217;estil<\/a><\/li>\n<li><a href=\"http:\/\/agora.xtec.cat\/moodle\/moodle\/mod\/page\/view.php?id=1762\" target=\"_blank\">Preguntes freq\u00fcents<\/a><\/li>\n<li><a href=\"http:\/\/agora.xtec.cat\/moodle\/moodle\/mod\/forum\/view.php?id=1721\" target=\"_blank\">F\u00f2rum de suport<\/a><\/li>\n<li><a href=\"http:\/\/ateneu.xtec.cat\/wikiform\/wikiexport\/cmd\/tac\/agora-nodes\/index\" target=\"_blank\">Materials del curs de formaci\u00f3<\/a> (Ateneu)<\/li>\n<\/ul>\n","protected":false},"author":1,"featured_media":0,"parent":2684,"menu_order":110,"comment_status":"closed","ping_status":"closed","template":"page-templates\/side-menu.php","meta":{"_bbp_topic_count":0,"_bbp_reply_count":0,"_bbp_total_topic_count":0,"_bbp_total_reply_count":0,"_bbp_voice_count":0,"_bbp_anonymous_reply_count":0,"_bbp_topic_count_hidden":0,"_bbp_reply_count_hidden":0,"_bbp_forum_subforum_count":0,"footnotes":""},"class_list":["post-2701","page","type-page","status-publish","hentry"],"post_mailing_queue_ids":[],"_links":{"self":[{"href":"https:\/\/agora.xtec.cat\/nodes\/wp-json\/wp\/v2\/pages\/2701","targetHints":{"allow":["GET"]}}],"collection":[{"href":"https:\/\/agora.xtec.cat\/nodes\/wp-json\/wp\/v2\/pages"}],"about":[{"href":"https:\/\/agora.xtec.cat\/nodes\/wp-json\/wp\/v2\/types\/page"}],"author":[{"embeddable":true,"href":"https:\/\/agora.xtec.cat\/nodes\/wp-json\/wp\/v2\/users\/1"}],"replies":[{"embeddable":true,"href":"https:\/\/agora.xtec.cat\/nodes\/wp-json\/wp\/v2\/comments?post=2701"}],"version-history":[{"count":3,"href":"https:\/\/agora.xtec.cat\/nodes\/wp-json\/wp\/v2\/pages\/2701\/revisions"}],"predecessor-version":[{"id":3567,"href":"https:\/\/agora.xtec.cat\/nodes\/wp-json\/wp\/v2\/pages\/2701\/revisions\/3567"}],"up":[{"embeddable":true,"href":"https:\/\/agora.xtec.cat\/nodes\/wp-json\/wp\/v2\/pages\/2684"}],"wp:attachment":[{"href":"https:\/\/agora.xtec.cat\/nodes\/wp-json\/wp\/v2\/media?parent=2701"}],"curies":[{"name":"wp","href":"https:\/\/api.w.org\/{rel}","templated":true}]}}