{"id":2698,"date":"2015-12-14T12:11:22","date_gmt":"2015-12-14T11:11:22","guid":{"rendered":"http:\/\/agora.xtec.cat\/nodes\/?page_id=2698"},"modified":"2017-01-19T12:42:39","modified_gmt":"2017-01-19T11:42:39","slug":"7-gestiona-els-usuaris","status":"publish","type":"page","link":"https:\/\/agora.xtec.cat\/nodes\/guia-rapida\/7-gestiona-els-usuaris\/","title":{"rendered":"7. Gestiona els usuaris"},"content":{"rendered":"<p><iframe loading=\"lazy\" src=\"https:\/\/player.vimeo.com\/video\/162215450?color=ff0179&amp;title=0&amp;byline=0&amp;portrait=0\" width=\"800\" height=\"500\" frameborder=\"0\" allowfullscreen=\"allowfullscreen\"><\/iframe><\/p>\n<p>Per defecte, la web del centre nom\u00e9s disposa d&#8217;un usuari\/\u00e0ria, l&#8217;usuari <strong>admin<\/strong>. Aquest usuari\/\u00e0ria pot crear-ne de nous amb diferents perfils:<\/p>\n<ul>\n<li><strong>Administrador:<\/strong> pot crear usuaris i gestionar l&#8217;aparen\u00e7a, men\u00fas i ginys de la web.<\/li>\n<li><strong>Editor:<\/strong> pot publicar articles propis i d&#8217;altres.<\/li>\n<li><strong>Autor:<\/strong> pot publicar articles propis directament.<\/li>\n<li><strong>Professor:<\/strong> pot fer el que mateix que el col\u00b7laborador per\u00f2, a m\u00e9s a m\u00e9s, pot fer reserves.<\/li>\n<li><strong>Col\u00b7laborador<\/strong>: pot crear\u00a0articles\u00a0per\u00f2 els articles\u00a0han de ser aprovats per un Editor o Administrador.<\/li>\n<li><strong>Subscriptor:<\/strong>\u00a0pot entrar a la xarxa privada i afegir comentaris al mur i als f\u00f2rums dels nodes p\u00fablics per\u00f2 no pot\u00a0crear articles.<\/li>\n<\/ul>\n<p>Podeu trobar m\u00e9s informaci\u00f3 sobre els rols d&#8217;usuari\u00a0<a title=\"Rols d'usuaris\" href=\"https:\/\/sites.google.com\/a\/xtec.cat\/ajudaxtecblocs\/usuaris\/rols\" target=\"_blank\">aqu\u00ed<\/a>.<\/p>\n<p>En cas que tingueu activat el <strong>Moodle d&#8217;\u00c0gora<\/strong> al vostre centre, o disposeu de comptes de<strong> Google Apps for Education, <\/strong>tamb\u00e9 podeu configurar l&#8217;acc\u00e9s a Nodes a trav\u00e9s d&#8217;aquests serveis:<\/p>\n<ul>\n<li><a href=\"http:\/\/agora.xtec.cat\/moodle\/moodle\/mod\/glossary\/view.php?id=1741&amp;mode=entry&amp;hook=2228\" target=\"_blank\">Validaci\u00f3 d&#8217;usuaris amb Moodle<\/a><\/li>\n<li><a href=\"http:\/\/agora.xtec.cat\/moodle\/moodle\/mod\/glossary\/view.php?id=1741&amp;mode=entry&amp;hook=2281\" target=\"_blank\">Validaci\u00f3 d&#8217;usuaris amb Google<\/a><\/li>\n<\/ul>\n","protected":false},"excerpt":{"rendered":"<p>Per defecte, la web del centre nom\u00e9s disposa d&#8217;un usuari\/\u00e0ria, l&#8217;usuari admin. Aquest usuari\/\u00e0ria pot crear-ne de nous amb diferents perfils:<\/p>\n<ul>\n<li>Administrador: pot crear usuaris i gestionar l&#8217;aparen\u00e7a, men\u00fas i ginys de la web.<\/li>\n<li>Editor: pot publicar articles propis i d&#8217;altres.<\/li>\n<li>Autor: pot publicar articles propis directament.<\/li>\n<li>Professor: pot&hellip;  <a href=\"https:\/\/agora.xtec.cat\/nodes\/guia-rapida\/7-gestiona-els-usuaris\/\" title=\"Read 7. Gestiona els usuaris\">Llegeix m\u00e9s\u00bb<\/a><br \/>\n","protected":false},"author":2,"featured_media":0,"parent":2684,"menu_order":70,"comment_status":"closed","ping_status":"closed","template":"page-templates\/side-menu.php","meta":{"_bbp_topic_count":0,"_bbp_reply_count":0,"_bbp_total_topic_count":0,"_bbp_total_reply_count":0,"_bbp_voice_count":0,"_bbp_anonymous_reply_count":0,"_bbp_topic_count_hidden":0,"_bbp_reply_count_hidden":0,"_bbp_forum_subforum_count":0,"footnotes":""},"class_list":["post-2698","page","type-page","status-publish","hentry"],"post_mailing_queue_ids":[],"_links":{"self":[{"href":"https:\/\/agora.xtec.cat\/nodes\/wp-json\/wp\/v2\/pages\/2698","targetHints":{"allow":["GET"]}}],"collection":[{"href":"https:\/\/agora.xtec.cat\/nodes\/wp-json\/wp\/v2\/pages"}],"about":[{"href":"https:\/\/agora.xtec.cat\/nodes\/wp-json\/wp\/v2\/types\/page"}],"author":[{"embeddable":true,"href":"https:\/\/agora.xtec.cat\/nodes\/wp-json\/wp\/v2\/users\/2"}],"replies":[{"embeddable":true,"href":"https:\/\/agora.xtec.cat\/nodes\/wp-json\/wp\/v2\/comments?post=2698"}],"version-history":[{"count":4,"href":"https:\/\/agora.xtec.cat\/nodes\/wp-json\/wp\/v2\/pages\/2698\/revisions"}],"predecessor-version":[{"id":3516,"href":"https:\/\/agora.xtec.cat\/nodes\/wp-json\/wp\/v2\/pages\/2698\/revisions\/3516"}],"up":[{"embeddable":true,"href":"https:\/\/agora.xtec.cat\/nodes\/wp-json\/wp\/v2\/pages\/2684"}],"wp:attachment":[{"href":"https:\/\/agora.xtec.cat\/nodes\/wp-json\/wp\/v2\/media?parent=2698"}],"curies":[{"name":"wp","href":"https:\/\/api.w.org\/{rel}","templated":true}]}}