{"id":2696,"date":"2015-12-14T12:09:14","date_gmt":"2015-12-14T11:09:14","guid":{"rendered":"http:\/\/agora.xtec.cat\/nodes\/?page_id=2696"},"modified":"2016-04-12T08:26:20","modified_gmt":"2016-04-12T07:26:20","slug":"5-personalitza-el-menu","status":"publish","type":"page","link":"https:\/\/agora.xtec.cat\/nodes\/guia-rapida\/5-personalitza-el-menu\/","title":{"rendered":"5. Personalitza el men\u00fa"},"content":{"rendered":"<p><iframe loading=\"lazy\" src=\"https:\/\/player.vimeo.com\/video\/155893157?color=aa2609&amp;byline=0&amp;portrait=0\" width=\"800\" height=\"501\" frameborder=\"3\" allowfullscreen=\"allowfullscreen\"><\/iframe><\/p>\n<p>Si accediu al vostre Node o als Nodes d&#8217;exemple veureu que ja hi ha els men\u00fas configurats. Aquests men\u00fas s\u00f3n un punt de partida que podeu modificar segons les necessitats de cada centre.<\/p>\n<p><a href=\"http:\/\/agora.xtec.cat\/nodes\/wp-content\/uploads\/usu135\/2015\/01\/menu-1.png\"><img loading=\"lazy\" decoding=\"async\" class=\"alignnone size-full wp-image-1147\" src=\"http:\/\/agora.xtec.cat\/nodes\/wp-content\/uploads\/usu135\/2015\/01\/menu-1.png\" alt=\"menu (1)\" width=\"830\" height=\"384\" srcset=\"https:\/\/agora.xtec.cat\/nodes\/wp-content\/uploads\/usu135\/2015\/01\/menu-1.png 830w, https:\/\/agora.xtec.cat\/nodes\/wp-content\/uploads\/usu135\/2015\/01\/menu-1-300x138.png 300w\" sizes=\"auto, (max-width: 830px) 100vw, 830px\" \/><\/a><\/p>\n<p>Els men\u00fas a <em>WordPress<\/em> estan formats per <strong>p\u00e0gines<\/strong>, <strong>p\u00e0gines de categoria<\/strong> i <strong>enlla\u00e7os<\/strong>.<br \/>\nPer afegir un element nou al men\u00fa, cal haver creat la p\u00e0gina o categoria primer i despr\u00e9s afegir-les al men\u00fa. Cal tenir en compte que, ni p\u00e0gines ni categories s&#8217;afegeixen de forma autom\u00e0tica als men\u00fas, donat que no sempre interessa que una p\u00e0gina o categoria hi aparegui.<\/p>\n<p>Abans de triar si es necessita una p\u00e0gina o una categoria cal saber en qu\u00e8 es diferencien:<\/p>\n<ul>\n<li><strong>P\u00e0gines<\/strong>: s\u00f3n est\u00e0tiques, no es poden afegir articles o continguts de forma autom\u00e0tica, ideal per fer servir per afegir informaci\u00f3 de caire institucional (l&#8217;escola, on som, hist\u00f2ria, serveis, menjador&#8230;).<\/li>\n<li><span style=\"font-family: inherit; font-size: 1em; line-height: 1.6;\"><span style=\"font-family: inherit; font-size: 1em; line-height: 1.6;\"><strong>P\u00e0gines de categoria<\/strong>: s\u00f3n din\u00e0miques, en el moment de crear un article, si es marca una categoria determinada, l&#8217;article hi apareixer\u00e0 de forma autom\u00e0tica, ideal per fer servir com a blocs d&#8217;aula.<\/span><\/span><\/li>\n<li><strong><span style=\"font-family: inherit; font-size: 1em; line-height: 1.6;\">Enlla\u00e7os<\/span><\/strong><\/li>\n<\/ul>\n<p>Podeu trobar m\u00e9s informaci\u00f3 sobre l&#8217;edici\u00f3 dels men\u00fas als enlla\u00e7os seg\u00fcents:<\/p>\n<ul>\n<li><a href=\"http:\/\/agora.xtec.cat\/moodle\/moodle\/mod\/glossary\/view.php?id=1741&amp;mode=entry&amp;hook=2234\">Com s&#8217;editen els men\u00fas?<\/a><\/li>\n<li><a href=\"http:\/\/agora.xtec.cat\/moodle\/moodle\/mod\/glossary\/view.php?id=1741&amp;mode=entry&amp;hook=2230#categories\">Elements estructurals: Categories<\/a><\/li>\n<\/ul>\n","protected":false},"excerpt":{"rendered":"<p>Si accediu al vostre Node o als Nodes d&#8217;exemple veureu que ja hi ha els men\u00fas configurats. Aquests men\u00fas s\u00f3n un punt de partida que podeu modificar segons les necessitats de cada centre.<br \/>\n<a href=\"http:\/\/agora.xtec.cat\/nodes\/wp-content\/uploads\/usu135\/2015\/01\/menu-1.png\"><\/a><br \/>\nEls men\u00fas a WordPress estan formats per p\u00e0gines, p\u00e0gines de categoria i&hellip;  <a href=\"https:\/\/agora.xtec.cat\/nodes\/guia-rapida\/5-personalitza-el-menu\/\" title=\"Read 5. Personalitza el men\u00fa\">Llegeix m\u00e9s\u00bb<\/a><\/p>\n","protected":false},"author":2,"featured_media":0,"parent":2684,"menu_order":50,"comment_status":"closed","ping_status":"closed","template":"page-templates\/side-menu.php","meta":{"_bbp_topic_count":0,"_bbp_reply_count":0,"_bbp_total_topic_count":0,"_bbp_total_reply_count":0,"_bbp_voice_count":0,"_bbp_anonymous_reply_count":0,"_bbp_topic_count_hidden":0,"_bbp_reply_count_hidden":0,"_bbp_forum_subforum_count":0,"footnotes":""},"class_list":["post-2696","page","type-page","status-publish","hentry"],"post_mailing_queue_ids":[],"_links":{"self":[{"href":"https:\/\/agora.xtec.cat\/nodes\/wp-json\/wp\/v2\/pages\/2696","targetHints":{"allow":["GET"]}}],"collection":[{"href":"https:\/\/agora.xtec.cat\/nodes\/wp-json\/wp\/v2\/pages"}],"about":[{"href":"https:\/\/agora.xtec.cat\/nodes\/wp-json\/wp\/v2\/types\/page"}],"author":[{"embeddable":true,"href":"https:\/\/agora.xtec.cat\/nodes\/wp-json\/wp\/v2\/users\/2"}],"replies":[{"embeddable":true,"href":"https:\/\/agora.xtec.cat\/nodes\/wp-json\/wp\/v2\/comments?post=2696"}],"version-history":[{"count":2,"href":"https:\/\/agora.xtec.cat\/nodes\/wp-json\/wp\/v2\/pages\/2696\/revisions"}],"predecessor-version":[{"id":3088,"href":"https:\/\/agora.xtec.cat\/nodes\/wp-json\/wp\/v2\/pages\/2696\/revisions\/3088"}],"up":[{"embeddable":true,"href":"https:\/\/agora.xtec.cat\/nodes\/wp-json\/wp\/v2\/pages\/2684"}],"wp:attachment":[{"href":"https:\/\/agora.xtec.cat\/nodes\/wp-json\/wp\/v2\/media?parent=2696"}],"curies":[{"name":"wp","href":"https:\/\/api.w.org\/{rel}","templated":true}]}}