{"id":2692,"date":"2015-12-14T12:05:46","date_gmt":"2015-12-14T11:05:46","guid":{"rendered":"http:\/\/agora.xtec.cat\/nodes\/?page_id=2692"},"modified":"2016-02-22T23:26:17","modified_gmt":"2016-02-22T22:26:17","slug":"6-afegeix-ginys","status":"publish","type":"page","link":"https:\/\/agora.xtec.cat\/nodes\/guia-rapida\/6-afegeix-ginys\/","title":{"rendered":"6. Afegeix Ginys"},"content":{"rendered":"<p><iframe loading=\"lazy\" src=\"https:\/\/player.vimeo.com\/video\/155766912?color=ff0179&amp;title=0&amp;byline=0&amp;portrait=0\" width=\"800\" height=\"500\" frameborder=\"0\" allowfullscreen=\"allowfullscreen\"><\/iframe><\/p>\n<p><a href=\"https:\/\/vimeo.com\/155766912\">NODES. Ginys<\/a> from <a href=\"https:\/\/vimeo.com\/user48147600\">\u00c0gora Nodes<\/a> on <a href=\"https:\/\/vimeo.com\">Vimeo<\/a>.<\/p>\n<p>Un cop editada la cap\u00e7alera, creades o editades les p\u00e0gines i categories del Node, tamb\u00e9 es poden afegir ginys personalitzats que donaran m\u00e9s personalitat a la p\u00e0gina del centre.<\/p>\n<p>Un <strong>giny<\/strong> \u00e9s una petita aplicaci\u00f3 o eina virtual interactiva que ofereix serveis diversos per tal d&#8217;accedir d&#8217;una manera senzilla i visual a funcions que s&#8217;usen habitualment, com per exemple: mapes, not\u00edcies, rellotges, calendaris, i moltes m\u00e9s.<\/p>\n<p>Aix\u00ed doncs, podeu crear ginys de calendari, amb men\u00fas, categories&#8230; i definir si voleu que apareguin a la portada del Node o b\u00e9 a categories o p\u00e0gines concretes.<\/p>\n<p>Podeu trobar m\u00e9s informaci\u00f3 sobre els Ginys als enlla\u00e7os seg\u00fcents:<\/p>\n<ul>\n<li><a style=\"line-height: normal;\" href=\"https:\/\/sites.google.com\/a\/xtec.cat\/ajudaxtecblocs\/personalitzacio\/els-widgets\" target=\"_blank\">Els ginys<\/a><\/li>\n<li><a style=\"line-height: normal;\" href=\"http:\/\/agora.xtec.cat\/moodle\/moodle\/mod\/glossary\/view.php?id=1741&amp;mode=entry&amp;hook=2229\" target=\"_blank\">Giny amb un men\u00fa personalitzat<\/a><\/li>\n<li><a style=\"line-height: normal;\" href=\"https:\/\/sites.google.com\/a\/xtec.cat\/ajudaxtecblocs\/personalitzacio\/giny-calendari-de-google\" target=\"_blank\">Giny amb calendaris de Google<\/a><\/li>\n<li><a style=\"line-height: normal;\" href=\"http:\/\/agora.xtec.cat\/moodle\/moodle\/mod\/glossary\/view.php?id=1741&amp;mode=entry&amp;hook=2227\" target=\"_blank\">Com es defineix on es veuen els ginys?<\/a><\/li>\n<\/ul>\n","protected":false},"excerpt":{"rendered":"<p><a href=\"https:\/\/vimeo.com\/155766912\">NODES. Ginys<\/a> from <a href=\"https:\/\/vimeo.com\/user48147600\">\u00c0gora Nodes<\/a> on <a href=\"https:\/\/vimeo.com\">Vimeo<\/a>.<br \/>\nUn cop editada la cap\u00e7alera, creades o editades les p\u00e0gines i categories del Node, tamb\u00e9 es poden afegir ginys personalitzats que donaran m\u00e9s personalitat a la p\u00e0gina del centre.<br \/>\nUn giny \u00e9s una petita aplicaci\u00f3 o eina&hellip;  <a href=\"https:\/\/agora.xtec.cat\/nodes\/guia-rapida\/6-afegeix-ginys\/\" title=\"Read 6. Afegeix Ginys\">Llegeix m\u00e9s\u00bb<\/a><\/p>\n","protected":false},"author":2,"featured_media":0,"parent":2684,"menu_order":60,"comment_status":"closed","ping_status":"closed","template":"page-templates\/side-menu.php","meta":{"_bbp_topic_count":0,"_bbp_reply_count":0,"_bbp_total_topic_count":0,"_bbp_total_reply_count":0,"_bbp_voice_count":0,"_bbp_anonymous_reply_count":0,"_bbp_topic_count_hidden":0,"_bbp_reply_count_hidden":0,"_bbp_forum_subforum_count":0,"footnotes":""},"class_list":["post-2692","page","type-page","status-publish","hentry"],"post_mailing_queue_ids":[],"_links":{"self":[{"href":"https:\/\/agora.xtec.cat\/nodes\/wp-json\/wp\/v2\/pages\/2692","targetHints":{"allow":["GET"]}}],"collection":[{"href":"https:\/\/agora.xtec.cat\/nodes\/wp-json\/wp\/v2\/pages"}],"about":[{"href":"https:\/\/agora.xtec.cat\/nodes\/wp-json\/wp\/v2\/types\/page"}],"author":[{"embeddable":true,"href":"https:\/\/agora.xtec.cat\/nodes\/wp-json\/wp\/v2\/users\/2"}],"replies":[{"embeddable":true,"href":"https:\/\/agora.xtec.cat\/nodes\/wp-json\/wp\/v2\/comments?post=2692"}],"version-history":[{"count":3,"href":"https:\/\/agora.xtec.cat\/nodes\/wp-json\/wp\/v2\/pages\/2692\/revisions"}],"predecessor-version":[{"id":2954,"href":"https:\/\/agora.xtec.cat\/nodes\/wp-json\/wp\/v2\/pages\/2692\/revisions\/2954"}],"up":[{"embeddable":true,"href":"https:\/\/agora.xtec.cat\/nodes\/wp-json\/wp\/v2\/pages\/2684"}],"wp:attachment":[{"href":"https:\/\/agora.xtec.cat\/nodes\/wp-json\/wp\/v2\/media?parent=2692"}],"curies":[{"name":"wp","href":"https:\/\/api.w.org\/{rel}","templated":true}]}}