{"id":2690,"date":"2015-12-14T11:21:01","date_gmt":"2015-12-14T10:21:01","guid":{"rendered":"http:\/\/agora.xtec.cat\/nodes\/?page_id=2690"},"modified":"2016-02-04T17:15:19","modified_gmt":"2016-02-04T16:15:19","slug":"4-crea-una-pagina","status":"publish","type":"page","link":"https:\/\/agora.xtec.cat\/nodes\/guia-rapida\/4-crea-una-pagina\/","title":{"rendered":"4. Crea una p\u00e0gina"},"content":{"rendered":"<p><iframe loading=\"lazy\" src=\"https:\/\/player.vimeo.com\/video\/153711460?color=aa2609&amp;byline=0&amp;portrait=0\" width=\"800\" height=\"500\" frameborder=\"0\" allowfullscreen=\"allowfullscreen\"><\/iframe><\/p>\n<p>Al vostre Nodes tamb\u00e9 podeu afegir p\u00e0gines amb informaci\u00f3 est\u00e0tica. A la maqueta inicial ja n&#8217;hi ha algunes de creades (Activitat, Escola, On som&#8230;.) que podeu editar i tamb\u00e9, crear-ne de noves, segons les vostres necessitats. Per fer-ho cal anar a l&#8217;apartat <strong>P\u00e0gines<\/strong>.<\/p>\n<p><a href=\"http:\/\/agora.xtec.cat\/nodes\/wp-content\/uploads\/usu135\/2015\/01\/pagines.png\"><img loading=\"lazy\" decoding=\"async\" class=\"alignnone size-full wp-image-1154\" src=\"http:\/\/agora.xtec.cat\/nodes\/wp-content\/uploads\/usu135\/2015\/01\/pagines.png\" alt=\"pagines\" width=\"165\" height=\"198\" \/><\/a><\/p>\n<p>Podeu trobar m\u00e9s informaci\u00f3 sobre la creaci\u00f3 de p\u00e0gines a l&#8217;enlla\u00e7 seg\u00fcent:<\/p>\n<ul>\n<li><a style=\"line-height: normal;\" href=\"http:\/\/agora.xtec.cat\/moodle\/moodle\/mod\/glossary\/view.php?id=1741&amp;mode=entry&amp;hook=2233\" target=\"_blank\">Com s&#8217;afegeixen p\u00e0gines d&#8217;informaci\u00f3?<\/a><\/li>\n<li><a style=\"line-height: normal;\" href=\"http:\/\/agora.xtec.cat\/moodle\/moodle\/mod\/glossary\/view.php?id=1741&amp;mode=entry&amp;hook=2230#pagines\" target=\"_blank\">Elements estructurals: P\u00e0gines<\/a><\/li>\n<\/ul>\n","protected":false},"excerpt":{"rendered":"<p>Al vostre Nodes tamb\u00e9 podeu afegir p\u00e0gines amb informaci\u00f3 est\u00e0tica. A la maqueta inicial ja n&#8217;hi ha algunes de creades (Activitat, Escola, On som&#8230;.) que podeu editar i tamb\u00e9, crear-ne de noves, segons les vostres necessitats. Per fer-ho cal anar a l&#8217;apartat P\u00e0gines.<br \/>\n<a href=\"http:\/\/agora.xtec.cat\/nodes\/wp-content\/uploads\/usu135\/2015\/01\/pagines.png\"><\/a><br \/>\nPodeu trobar&hellip;  <a href=\"https:\/\/agora.xtec.cat\/nodes\/guia-rapida\/4-crea-una-pagina\/\" title=\"Read 4. Crea una p\u00e0gina\">Llegeix m\u00e9s\u00bb<\/a><\/p>\n","protected":false},"author":2,"featured_media":0,"parent":2684,"menu_order":40,"comment_status":"closed","ping_status":"closed","template":"page-templates\/side-menu.php","meta":{"_bbp_topic_count":0,"_bbp_reply_count":0,"_bbp_total_topic_count":0,"_bbp_total_reply_count":0,"_bbp_voice_count":0,"_bbp_anonymous_reply_count":0,"_bbp_topic_count_hidden":0,"_bbp_reply_count_hidden":0,"_bbp_forum_subforum_count":0,"footnotes":""},"class_list":["post-2690","page","type-page","status-publish","hentry"],"post_mailing_queue_ids":[],"_links":{"self":[{"href":"https:\/\/agora.xtec.cat\/nodes\/wp-json\/wp\/v2\/pages\/2690","targetHints":{"allow":["GET"]}}],"collection":[{"href":"https:\/\/agora.xtec.cat\/nodes\/wp-json\/wp\/v2\/pages"}],"about":[{"href":"https:\/\/agora.xtec.cat\/nodes\/wp-json\/wp\/v2\/types\/page"}],"author":[{"embeddable":true,"href":"https:\/\/agora.xtec.cat\/nodes\/wp-json\/wp\/v2\/users\/2"}],"replies":[{"embeddable":true,"href":"https:\/\/agora.xtec.cat\/nodes\/wp-json\/wp\/v2\/comments?post=2690"}],"version-history":[{"count":2,"href":"https:\/\/agora.xtec.cat\/nodes\/wp-json\/wp\/v2\/pages\/2690\/revisions"}],"predecessor-version":[{"id":2933,"href":"https:\/\/agora.xtec.cat\/nodes\/wp-json\/wp\/v2\/pages\/2690\/revisions\/2933"}],"up":[{"embeddable":true,"href":"https:\/\/agora.xtec.cat\/nodes\/wp-json\/wp\/v2\/pages\/2684"}],"wp:attachment":[{"href":"https:\/\/agora.xtec.cat\/nodes\/wp-json\/wp\/v2\/media?parent=2690"}],"curies":[{"name":"wp","href":"https:\/\/api.w.org\/{rel}","templated":true}]}}