{"id":2686,"date":"2015-12-14T11:18:44","date_gmt":"2015-12-14T10:18:44","guid":{"rendered":"http:\/\/agora.xtec.cat\/nodes\/?page_id=2686"},"modified":"2016-02-04T17:17:12","modified_gmt":"2016-02-04T16:17:12","slug":"2-personalitza-laparenca","status":"publish","type":"page","link":"https:\/\/agora.xtec.cat\/nodes\/guia-rapida\/2-personalitza-laparenca\/","title":{"rendered":"2. Personalitza l\u2019aparen\u00e7a"},"content":{"rendered":"<p><iframe loading=\"lazy\" src=\"https:\/\/player.vimeo.com\/video\/153709461?color=aa2609&amp;byline=0&amp;portrait=0\" width=\"800\" height=\"501\" frameborder=\"3\" allowfullscreen=\"allowfullscreen\"><\/iframe><br \/>\n<br \/>\n<iframe loading=\"lazy\" src=\"https:\/\/player.vimeo.com\/video\/153711261?color=aa2609&amp;byline=0&amp;portrait=0\" width=\"800\" height=\"500\" frameborder=\"3\" allowfullscreen=\"allowfullscreen\"><\/iframe><br \/>\n<br \/>\n<iframe loading=\"lazy\" src=\"https:\/\/player.vimeo.com\/video\/153708892?color=aa2609&amp;byline=0&amp;portrait=0\" webkitallowfullscreen=\"\" mozallowfullscreen=\"\" allowfullscreen=\"\" width=\"800\" frameborder=\"3\" height=\"500\"><\/iframe><\/p>\n<p>Per poder personalitzar el vostre lloc,\u00a0us heu d&#8217;autenticar amb un usuari\/\u00e0ria administrador fent clic a <strong>Entra<\/strong> (barra\u00a0superior, dreta de la pantalla). L&#8217;usuari que us vam donar per defecte en el moment de l&#8217;alta, \u00e9s un usuari administrador v\u00e0lid.<\/p>\n<p><a href=\"http:\/\/agora.xtec.cat\/nodes\/wp-content\/uploads\/usu135\/2015\/01\/entra.png\"><img loading=\"lazy\" decoding=\"async\" class=\"alignnone size-full wp-image-1168\" src=\"http:\/\/agora.xtec.cat\/nodes\/wp-content\/uploads\/usu135\/2015\/01\/entra.png\" alt=\"entra\" width=\"77\" height=\"36\" \/><\/a><\/p>\n<p>Al men\u00fa superior, feu clic a\u00a0<strong>Personalitza<\/strong>.<\/p>\n<p><img loading=\"lazy\" decoding=\"async\" class=\"alignnone  wp-image-1134\" src=\"http:\/\/agora.xtec.cat\/nodes\/wp-content\/uploads\/usu135\/2015\/01\/personalitza.png\" alt=\"personalitza\" width=\"406\" height=\"140\" srcset=\"https:\/\/agora.xtec.cat\/nodes\/wp-content\/uploads\/usu135\/2015\/01\/personalitza.png 618w, https:\/\/agora.xtec.cat\/nodes\/wp-content\/uploads\/usu135\/2015\/01\/personalitza-300x103.png 300w\" sizes=\"auto, (max-width: 406px) 100vw, 406px\" \/><\/p>\n<p>Es desplegar\u00e0 un panell on trobareu els apartats seg\u00fcents:<\/p>\n<ul>\n<li><strong>Cap\u00e7alera:<\/strong>\n<ul>\n<li>Nom del centre<\/li>\n<li>Descripci\u00f3\/Lema: podeu canviar la mida per adaptar el text.<\/li>\n<li>Imatge de cap\u00e7alera o carrusel<\/li>\n<li>Graella d&#8217;icones.<\/li>\n<\/ul>\n<\/li>\n<li><span style=\"font-family: inherit; font-size: 1em; line-height: 1.6;\"><span style=\"font-family: inherit; font-size: 1em; line-height: 1.6;\"><span style=\"font-family: inherit; font-size: 1em; line-height: 1.6;\"><strong>Identificaci\u00f3 del centre:<\/strong>\u00a0genera una fitxa amb la informaci\u00f3 del centre. Mitjan\u00e7ant un giny, es pot inserir aquest fitxa a la barra lateral o al peu.<\/span><\/span><\/span><\/li>\n<li><span style=\"font-family: inherit; font-size: 1em; line-height: 1.6;\"><span style=\"font-family: inherit; font-size: 1em; line-height: 1.6;\"><span style=\"font-family: inherit; font-size: 1em; line-height: 1.6;\"><strong>P\u00e0gina d&#8217;inici<\/strong>: trieu la distribuci\u00f3 de la portada de la p\u00e0gina, nombre de files, columnes, articles&#8230;<\/span><\/span><\/span><\/li>\n<li><span style=\"font-family: inherit; font-size: 1em; line-height: 1.6;\"><span style=\"font-family: inherit; font-size: 1em; line-height: 1.6;\"><span style=\"font-family: inherit; font-size: 1em; line-height: 1.6;\"><strong>Colors:<\/strong> trieu la combinaci\u00f3 de colors m\u00e9s adients al vostre centre<\/span><\/span><\/span><\/li>\n<li><span style=\"font-family: inherit; font-size: 1em; line-height: 1.6;\"><span style=\"font-family: inherit; font-size: 1em; line-height: 1.6;\"><span style=\"font-family: inherit; font-size: 1em; line-height: 1.6;\"><strong>Ginys<\/strong>\u00a0Portada (Barra esquerra): afegiu o traieu\u00a0ginys de la p\u00e0gina principal.<\/span><\/span><\/span><\/li>\n<li><span style=\"font-family: inherit; font-size: 1em; line-height: 1.6;\"><strong>Ginys<\/strong>\u00a0Peu: afegiu o traieu\u00a0ginys del peu la p\u00e0gina principal.<\/span><\/li>\n<\/ul>\n<p>Podeu trobar m\u00e9s informaci\u00f3 sobre la configuraci\u00f3 de l&#8217;aparen\u00e7a\u00a0als enlla\u00e7os seg\u00fcents:<\/p>\n<ul>\n<li><a style=\"line-height: normal;\" href=\"http:\/\/agora.xtec.cat\/moodle\/moodle\/mod\/glossary\/view.php?id=1741&amp;mode=entry&amp;hook=2236\" target=\"_blank\">Com puc canviar els elements de la cap\u00e7alera?<\/a><\/li>\n<li><a style=\"line-height: normal;\" href=\"http:\/\/agora.xtec.cat\/moodle\/moodle\/mod\/glossary\/view.php?id=1741&amp;mode=entry&amp;hook=2231\" target=\"_blank\">Recomanacions per les imatges a la cap\u00e7alera<\/a><\/li>\n<li><a style=\"line-height: normal;\" href=\"http:\/\/agora.xtec.cat\/moodle\/moodle\/mod\/glossary\/view.php?id=1741&amp;mode=entry&amp;hook=2225\" target=\"_blank\">El nom del meu centre no cap a la caixa<\/a><\/li>\n<li><a style=\"line-height: normal;\" href=\"http:\/\/agora.xtec.cat\/moodle\/moodle\/mod\/glossary\/view.php?id=1741&amp;mode=entry&amp;hook=2226\" target=\"_blank\">Qu\u00e8 he de posar a la segona caixa (Descripci\u00f3 \/ Lema)?<\/a><\/li>\n<li><a style=\"line-height: normal;\" href=\"https:\/\/sites.google.com\/a\/xtec.cat\/ajudaxtecblocs\/insercio-de-continguts\/carrusel-d-imatges\" target=\"_blank\">Carrusel de diapositives<\/a> | <a style=\"line-height: normal;\" href=\"http:\/\/agora.xtec.cat\/moodle\/moodle\/mod\/glossary\/view.php?id=1741&amp;mode=entry&amp;hook=2221\" target=\"_blank\">Bones pr\u00e0ctiques<\/a><\/li>\n<li><a style=\"line-height: normal;\" href=\"https:\/\/www.youtube.com\/watch?v=w8-9v6JYxXo\" target=\"_blank\">Videotutorial: Modificar la portada (Jaume Serra)<\/a><\/li>\n<li><a style=\"line-height: normal;\" href=\"https:\/\/www.youtube.com\/watch?v=qvjHW8xANh4\" target=\"_blank\">Videotutorial: Modificar p\u00e0gina inicial (Jaume Serra)<\/a><\/li>\n<\/ul>\n<div style=\"clear: both;\"><\/div>\n","protected":false},"excerpt":{"rendered":"<p>Per poder personalitzar el vostre lloc,\u00a0us heu d&#8217;autenticar amb un usuari\/\u00e0ria administrador fent clic a Entra (barra\u00a0superior, dreta de la pantalla). L&#8217;usuari que us vam donar per defecte en el moment de l&#8217;alta, \u00e9s un usuari administrador v\u00e0lid.<br \/>\n<a href=\"http:\/\/agora.xtec.cat\/nodes\/wp-content\/uploads\/usu135\/2015\/01\/entra.png\"><\/a><br \/>\nAl men\u00fa superior, feu clic a\u00a0Personalitza.<\/p>\n<p>Es desplegar\u00e0&hellip;  <a href=\"https:\/\/agora.xtec.cat\/nodes\/guia-rapida\/2-personalitza-laparenca\/\" title=\"Read 2. Personalitza l\u2019aparen\u00e7a\">Llegeix m\u00e9s\u00bb<\/a><\/p>\n","protected":false},"author":2,"featured_media":0,"parent":2684,"menu_order":20,"comment_status":"closed","ping_status":"closed","template":"page-templates\/side-menu.php","meta":{"_bbp_topic_count":0,"_bbp_reply_count":0,"_bbp_total_topic_count":0,"_bbp_total_reply_count":0,"_bbp_voice_count":0,"_bbp_anonymous_reply_count":0,"_bbp_topic_count_hidden":0,"_bbp_reply_count_hidden":0,"_bbp_forum_subforum_count":0,"footnotes":""},"class_list":["post-2686","page","type-page","status-publish","hentry"],"post_mailing_queue_ids":[],"_links":{"self":[{"href":"https:\/\/agora.xtec.cat\/nodes\/wp-json\/wp\/v2\/pages\/2686","targetHints":{"allow":["GET"]}}],"collection":[{"href":"https:\/\/agora.xtec.cat\/nodes\/wp-json\/wp\/v2\/pages"}],"about":[{"href":"https:\/\/agora.xtec.cat\/nodes\/wp-json\/wp\/v2\/types\/page"}],"author":[{"embeddable":true,"href":"https:\/\/agora.xtec.cat\/nodes\/wp-json\/wp\/v2\/users\/2"}],"replies":[{"embeddable":true,"href":"https:\/\/agora.xtec.cat\/nodes\/wp-json\/wp\/v2\/comments?post=2686"}],"version-history":[{"count":4,"href":"https:\/\/agora.xtec.cat\/nodes\/wp-json\/wp\/v2\/pages\/2686\/revisions"}],"predecessor-version":[{"id":3168,"href":"https:\/\/agora.xtec.cat\/nodes\/wp-json\/wp\/v2\/pages\/2686\/revisions\/3168"}],"up":[{"embeddable":true,"href":"https:\/\/agora.xtec.cat\/nodes\/wp-json\/wp\/v2\/pages\/2684"}],"wp:attachment":[{"href":"https:\/\/agora.xtec.cat\/nodes\/wp-json\/wp\/v2\/media?parent=2686"}],"curies":[{"name":"wp","href":"https:\/\/api.w.org\/{rel}","templated":true}]}}