{"id":2684,"date":"2015-12-14T10:30:13","date_gmt":"2015-12-14T09:30:13","guid":{"rendered":"http:\/\/agora.xtec.cat\/nodes\/?page_id=2684"},"modified":"2021-10-21T13:34:31","modified_gmt":"2021-10-21T11:34:31","slug":"guia-rapida","status":"publish","type":"page","link":"https:\/\/agora.xtec.cat\/nodes\/guia-rapida\/","title":{"rendered":"Guia r\u00e0pida"},"content":{"rendered":"<p><img loading=\"lazy\" decoding=\"async\" class=\" size-full wp-image-2708 alignright\" src=\"http:\/\/agora.xtec.cat\/nodes\/wp-content\/uploads\/usu135\/2015\/12\/Selecci\u00f3_999093.png\" alt=\"Selecci\u00f3_999(093)\" width=\"163\" height=\"155\" \/>Benvinguts a Nodes. En aquesta guia r\u00e0pida aprendreu com\u00a0configurar l&#8217;aparen\u00e7a b\u00e0sica de la p\u00e0gina principal i a publicar articles i p\u00e0gines. Tamb\u00e9 editareu el men\u00fa principal i es far\u00e0 una introducci\u00f3 als ginys i a la xarxa social privada.<\/p>\n<p>Si encara no disposeu espai Nodes, podeu utilitzar aquest espai de proves que es regeneren cada hora:<\/p>\n<ul>\n<li><a href=\"https:\/\/agora.xtec.cat\/demo-nodes\/\" target=\"_blank\" rel=\"noopener\">Espai de proves<\/a><\/li>\n<\/ul>\n","protected":false},"excerpt":{"rendered":"<p>Benvinguts a Nodes. En aquesta guia r\u00e0pida aprendreu com\u00a0configurar l&#8217;aparen\u00e7a b\u00e0sica de la p\u00e0gina principal i a publicar articles i p\u00e0gines. Tamb\u00e9 editareu el men\u00fa principal i es far\u00e0 una introducci\u00f3 als ginys i a la xarxa social privada.<br \/>\nSi encara no disposeu espai Nodes, podeu&hellip;  <a href=\"https:\/\/agora.xtec.cat\/nodes\/guia-rapida\/\" title=\"Read Guia r\u00e0pida\">Llegeix m\u00e9s\u00bb<\/a><\/p>\n","protected":false},"author":2,"featured_media":0,"parent":0,"menu_order":0,"comment_status":"closed","ping_status":"closed","template":"page-templates\/side-menu.php","meta":{"_bbp_topic_count":0,"_bbp_reply_count":0,"_bbp_total_topic_count":0,"_bbp_total_reply_count":0,"_bbp_voice_count":0,"_bbp_anonymous_reply_count":0,"_bbp_topic_count_hidden":0,"_bbp_reply_count_hidden":0,"_bbp_forum_subforum_count":0,"footnotes":""},"class_list":["post-2684","page","type-page","status-publish","hentry"],"post_mailing_queue_ids":[],"_links":{"self":[{"href":"https:\/\/agora.xtec.cat\/nodes\/wp-json\/wp\/v2\/pages\/2684","targetHints":{"allow":["GET"]}}],"collection":[{"href":"https:\/\/agora.xtec.cat\/nodes\/wp-json\/wp\/v2\/pages"}],"about":[{"href":"https:\/\/agora.xtec.cat\/nodes\/wp-json\/wp\/v2\/types\/page"}],"author":[{"embeddable":true,"href":"https:\/\/agora.xtec.cat\/nodes\/wp-json\/wp\/v2\/users\/2"}],"replies":[{"embeddable":true,"href":"https:\/\/agora.xtec.cat\/nodes\/wp-json\/wp\/v2\/comments?post=2684"}],"version-history":[{"count":3,"href":"https:\/\/agora.xtec.cat\/nodes\/wp-json\/wp\/v2\/pages\/2684\/revisions"}],"predecessor-version":[{"id":11466,"href":"https:\/\/agora.xtec.cat\/nodes\/wp-json\/wp\/v2\/pages\/2684\/revisions\/11466"}],"wp:attachment":[{"href":"https:\/\/agora.xtec.cat\/nodes\/wp-json\/wp\/v2\/media?parent=2684"}],"curies":[{"name":"wp","href":"https:\/\/api.w.org\/{rel}","templated":true}]}}