{"id":2538,"date":"2015-11-24T20:49:27","date_gmt":"2015-11-24T19:49:27","guid":{"rendered":"http:\/\/agora.xtec.cat\/nodes\/?page_id=2538"},"modified":"2016-01-22T11:59:57","modified_gmt":"2016-01-22T10:59:57","slug":"no-gifs-animats","status":"publish","type":"page","link":"https:\/\/agora.xtec.cat\/nodes\/llibre-destil\/no-gifs-animats\/","title":{"rendered":"No GIFS animats"},"content":{"rendered":"<p>Eviteu afegir\u00a0animacions i gifs animats. La primera vegada potser tenen\u00a0gr\u00e0cia per\u00f2 r\u00e0pidament es converteix en elements\u00a0que distreuen massa. Recorden a la publicitat invasiva i, encara que ara viuen una segona joventut a f\u00f2rums i xats, fa temps que no s&#8217;utilitzen a les webs professionals ben dissenyades.<\/p>\n<p><a href=\"http:\/\/agora.xtec.cat\/nodes\/wp-content\/uploads\/usu135\/2015\/11\/gifnomola.gif\"><img loading=\"lazy\" decoding=\"async\" class=\" size-full wp-image-2539 alignleft\" src=\"http:\/\/agora.xtec.cat\/nodes\/wp-content\/uploads\/usu135\/2015\/11\/gifnomola.gif\" alt=\"gifnomola\" width=\"324\" height=\"208\" \/><\/a><\/p>\n<p><a href=\"http:\/\/agora.xtec.cat\/nodes\/wp-content\/uploads\/usu135\/2015\/11\/construccio.gif\"><img loading=\"lazy\" decoding=\"async\" class=\" size-full wp-image-2542 alignleft\" src=\"http:\/\/agora.xtec.cat\/nodes\/wp-content\/uploads\/usu135\/2015\/11\/construccio.gif\" alt=\"construccio\" width=\"411\" height=\"250\" \/><\/a><\/p>\n<p><a href=\"http:\/\/agora.xtec.cat\/nodes\/wp-content\/uploads\/usu135\/2015\/11\/school13.gif\"><img loading=\"lazy\" decoding=\"async\" class=\"alignnone  wp-image-2543\" src=\"http:\/\/agora.xtec.cat\/nodes\/wp-content\/uploads\/usu135\/2015\/11\/school13.gif\" alt=\"school13\" width=\"273\" height=\"240\" \/><\/a><\/p>\n<p>&nbsp;<\/p>\n<p>&nbsp;<\/p>\n<p>&nbsp;<\/p>\n","protected":false},"excerpt":{"rendered":"<p>Eviteu afegir\u00a0animacions i gifs animats. La primera vegada potser tenen\u00a0gr\u00e0cia per\u00f2 r\u00e0pidament es converteix en elements\u00a0que distreuen massa. Recorden a la publicitat invasiva i, encara que ara viuen una segona joventut a f\u00f2rums i xats, fa temps que no s&#8217;utilitzen a les webs professionals ben&hellip;  <a href=\"https:\/\/agora.xtec.cat\/nodes\/llibre-destil\/no-gifs-animats\/\" title=\"Read No GIFS animats\">Llegeix m\u00e9s\u00bb<\/a><\/p>\n","protected":false},"author":2,"featured_media":0,"parent":2055,"menu_order":70,"comment_status":"closed","ping_status":"closed","template":"page-templates\/side-menu.php","meta":{"_bbp_topic_count":0,"_bbp_reply_count":0,"_bbp_total_topic_count":0,"_bbp_total_reply_count":0,"_bbp_voice_count":0,"_bbp_anonymous_reply_count":0,"_bbp_topic_count_hidden":0,"_bbp_reply_count_hidden":0,"_bbp_forum_subforum_count":0,"footnotes":""},"class_list":["post-2538","page","type-page","status-publish","hentry"],"post_mailing_queue_ids":[],"_links":{"self":[{"href":"https:\/\/agora.xtec.cat\/nodes\/wp-json\/wp\/v2\/pages\/2538","targetHints":{"allow":["GET"]}}],"collection":[{"href":"https:\/\/agora.xtec.cat\/nodes\/wp-json\/wp\/v2\/pages"}],"about":[{"href":"https:\/\/agora.xtec.cat\/nodes\/wp-json\/wp\/v2\/types\/page"}],"author":[{"embeddable":true,"href":"https:\/\/agora.xtec.cat\/nodes\/wp-json\/wp\/v2\/users\/2"}],"replies":[{"embeddable":true,"href":"https:\/\/agora.xtec.cat\/nodes\/wp-json\/wp\/v2\/comments?post=2538"}],"version-history":[{"count":4,"href":"https:\/\/agora.xtec.cat\/nodes\/wp-json\/wp\/v2\/pages\/2538\/revisions"}],"predecessor-version":[{"id":2855,"href":"https:\/\/agora.xtec.cat\/nodes\/wp-json\/wp\/v2\/pages\/2538\/revisions\/2855"}],"up":[{"embeddable":true,"href":"https:\/\/agora.xtec.cat\/nodes\/wp-json\/wp\/v2\/pages\/2055"}],"wp:attachment":[{"href":"https:\/\/agora.xtec.cat\/nodes\/wp-json\/wp\/v2\/media?parent=2538"}],"curies":[{"name":"wp","href":"https:\/\/api.w.org\/{rel}","templated":true}]}}