{"id":2404,"date":"2015-11-17T23:37:42","date_gmt":"2015-11-17T22:37:42","guid":{"rendered":"http:\/\/agora.xtec.cat\/nodes\/?page_id=2404"},"modified":"2016-01-22T11:46:41","modified_gmt":"2016-01-22T10:46:41","slug":"distribucio-del-contingut-a-la-portada","status":"publish","type":"page","link":"https:\/\/agora.xtec.cat\/nodes\/llibre-destil\/distribucio-del-contingut-a-la-portada\/","title":{"rendered":"Contingut a la portada"},"content":{"rendered":"<p>La p\u00e0gina principal o portada est\u00e0 formada per una p\u00e0gina (contingut superior) i un conjunt d&#8217;articles (part inferior). Per defecte, la p\u00e0gina (part superior) est\u00e0 buida i es mostren directament els articles.<\/p>\n<h4>Contingut\u00a0superior<\/h4>\n<p>La p\u00e0gina (contingut superior) \u00e9s un lloc privilegiat que s&#8217;hauria de reservar per avisos o articles importants d&#8217;actualitat. Eviteu posar missatges gen\u00e8rics o de cortesia poc significatius.<\/p>\n<p><a href=\"http:\/\/agora.xtec.cat\/nodes\/wp-content\/uploads\/usu135\/2015\/11\/redun.jpg\"><img loading=\"lazy\" decoding=\"async\" class=\"vora alignnone wp-image-2470\" src=\"http:\/\/agora.xtec.cat\/nodes\/wp-content\/uploads\/usu135\/2015\/11\/redun-1024x574.jpg\" alt=\"redun\" width=\"787\" height=\"441\" srcset=\"https:\/\/agora.xtec.cat\/nodes\/wp-content\/uploads\/usu135\/2015\/11\/redun-1024x574.jpg 1024w, https:\/\/agora.xtec.cat\/nodes\/wp-content\/uploads\/usu135\/2015\/11\/redun-300x168.jpg 300w, https:\/\/agora.xtec.cat\/nodes\/wp-content\/uploads\/usu135\/2015\/11\/redun.jpg 1423w\" sizes=\"auto, (max-width: 787px) 100vw, 787px\" \/><\/a><\/p>\n<p>Si no us hem conven\u00e7ut i voleu, finalment, afegir un missatge o salutaci\u00f3, us recomanem que destineu un espai en un bon lloc per\u00f2 amb una mida petita. L&#8217;usuari llegir\u00e0 el missatge en les primeres visites per\u00f2 podr\u00e0 ignorar-lo m\u00e9s f\u00e0cilment en les seg\u00fcents. \u00c9s important que elements secundaris no\u00a0restin protagonisme a\u00a0les\u00a0activitats i not\u00edcies relacionades amb el vostre projecte educatiu.<\/p>\n<p><a href=\"http:\/\/agora.xtec.cat\/nodes\/wp-content\/uploads\/usu135\/2015\/11\/redun1.png\"><img loading=\"lazy\" decoding=\"async\" class=\"vora alignnone wp-image-2471\" src=\"http:\/\/agora.xtec.cat\/nodes\/wp-content\/uploads\/usu135\/2015\/11\/redun1-1024x567.png\" alt=\"redun1\" width=\"793\" height=\"439\" srcset=\"https:\/\/agora.xtec.cat\/nodes\/wp-content\/uploads\/usu135\/2015\/11\/redun1-1024x567.png 1024w, https:\/\/agora.xtec.cat\/nodes\/wp-content\/uploads\/usu135\/2015\/11\/redun1-300x166.png 300w, https:\/\/agora.xtec.cat\/nodes\/wp-content\/uploads\/usu135\/2015\/11\/redun1.png 1422w\" sizes=\"auto, (max-width: 793px) 100vw, 793px\" \/><\/a><\/p>\n<p><a href=\"http:\/\/agora.xtec.cat\/nodes\/wp-content\/uploads\/usu135\/2015\/11\/redun2.png\"><img loading=\"lazy\" decoding=\"async\" class=\"vora alignnone wp-image-2472\" src=\"http:\/\/agora.xtec.cat\/nodes\/wp-content\/uploads\/usu135\/2015\/11\/redun2-1024x570.png\" alt=\"redun2\" width=\"799\" height=\"445\" srcset=\"https:\/\/agora.xtec.cat\/nodes\/wp-content\/uploads\/usu135\/2015\/11\/redun2-1024x570.png 1024w, https:\/\/agora.xtec.cat\/nodes\/wp-content\/uploads\/usu135\/2015\/11\/redun2-300x167.png 300w, https:\/\/agora.xtec.cat\/nodes\/wp-content\/uploads\/usu135\/2015\/11\/redun2.png 1425w\" sizes=\"auto, (max-width: 799px) 100vw, 799px\" \/><\/a><\/p>\n<p>Si la vostra web ja presenta uns continguts b\u00e0sics\u00a0i no inclou textos ni imatges de recurs (Lorem ipsum), podeu treure el missatge de &#8220;en construcci\u00f3&#8221; encara que faltin p\u00e0gines i continguts per crear. Al web ja se sobreent\u00e9n que les p\u00e0gines web\u00a0s\u00f3n din\u00e0miques i van creixent amb el temps.<\/p>\n<h4>Distribuci\u00f3 dels articles<\/h4>\n<p>Podeu distribuir els articles de manera independent per:<\/p>\n<ul>\n<li>Fila 1<\/li>\n<li>Fila 2<\/li>\n<li>Resta de files (comparteixen distribuci\u00f3)<\/li>\n<\/ul>\n<p>Aix\u00f2 genera moltes combinacions. Us en mostrem algunes:<\/p>\n<p><a href=\"http:\/\/agora.xtec.cat\/nodes\/wp-content\/uploads\/usu135\/2015\/11\/distros.png\"><img loading=\"lazy\" decoding=\"async\" class=\"alignnone size-full wp-image-2408\" src=\"http:\/\/agora.xtec.cat\/nodes\/wp-content\/uploads\/usu135\/2015\/11\/distros.png\" alt=\"distros\" width=\"571\" height=\"891\" srcset=\"https:\/\/agora.xtec.cat\/nodes\/wp-content\/uploads\/usu135\/2015\/11\/distros.png 571w, https:\/\/agora.xtec.cat\/nodes\/wp-content\/uploads\/usu135\/2015\/11\/distros-192x300.png 192w\" sizes=\"auto, (max-width: 571px) 100vw, 571px\" \/><\/a><\/p>\n<p>La configuraci\u00f3 \u00e9s molt senzilla (Personalitza | P\u00e0gina d&#8217;inici) i permet anar canviant la distribuci\u00f3 per adaptar-la de manera \u00f2ptima al\u00a0contingut. A l&#8217;exemple seg\u00fcent, podeu veure com un distribuci\u00f3 de\u00a0<strong>2 articles (2\/3 -1\/3)<\/strong>\u00a0deixa un espai antiest\u00e8tic en el primer article. Canviant\u00a0a una distribuci\u00f3 de <strong>2 articles iguals<\/strong>, s&#8217;aconsegueix equilibrar el contingut.<\/p>\n<p><a href=\"http:\/\/agora.xtec.cat\/nodes\/wp-content\/uploads\/usu135\/2015\/11\/distrono.png\"><img loading=\"lazy\" decoding=\"async\" class=\"alignnone  wp-image-2409\" src=\"http:\/\/agora.xtec.cat\/nodes\/wp-content\/uploads\/usu135\/2015\/11\/distrono.png\" alt=\"distrono\" width=\"557\" height=\"384\" srcset=\"https:\/\/agora.xtec.cat\/nodes\/wp-content\/uploads\/usu135\/2015\/11\/distrono.png 940w, https:\/\/agora.xtec.cat\/nodes\/wp-content\/uploads\/usu135\/2015\/11\/distrono-300x207.png 300w\" sizes=\"auto, (max-width: 557px) 100vw, 557px\" \/><\/a><\/p>\n<p><a href=\"http:\/\/agora.xtec.cat\/nodes\/wp-content\/uploads\/usu135\/2015\/11\/distrook.png\"><img loading=\"lazy\" decoding=\"async\" class=\"alignnone  wp-image-2410\" src=\"http:\/\/agora.xtec.cat\/nodes\/wp-content\/uploads\/usu135\/2015\/11\/distrook.png\" alt=\"distrook\" width=\"573\" height=\"316\" srcset=\"https:\/\/agora.xtec.cat\/nodes\/wp-content\/uploads\/usu135\/2015\/11\/distrook.png 969w, https:\/\/agora.xtec.cat\/nodes\/wp-content\/uploads\/usu135\/2015\/11\/distrook-300x166.png 300w\" sizes=\"auto, (max-width: 573px) 100vw, 573px\" \/><\/a><\/p>\n","protected":false},"excerpt":{"rendered":"<p>La p\u00e0gina principal o portada est\u00e0 formada per una p\u00e0gina (contingut superior) i un conjunt d&#8217;articles (part inferior). Per defecte, la p\u00e0gina (part superior) est\u00e0 buida i es mostren directament els articles.<br \/>\nContingut\u00a0superior<br \/>\nLa p\u00e0gina (contingut superior) \u00e9s un lloc privilegiat que s&#8217;hauria de reservar per avisos&hellip;  <a href=\"https:\/\/agora.xtec.cat\/nodes\/llibre-destil\/distribucio-del-contingut-a-la-portada\/\" title=\"Read Contingut a la portada\">Llegeix m\u00e9s\u00bb<\/a><\/p>\n","protected":false},"author":2,"featured_media":0,"parent":2055,"menu_order":40,"comment_status":"closed","ping_status":"closed","template":"page-templates\/side-menu.php","meta":{"_bbp_topic_count":0,"_bbp_reply_count":0,"_bbp_total_topic_count":0,"_bbp_total_reply_count":0,"_bbp_voice_count":0,"_bbp_anonymous_reply_count":0,"_bbp_topic_count_hidden":0,"_bbp_reply_count_hidden":0,"_bbp_forum_subforum_count":0,"footnotes":""},"class_list":["post-2404","page","type-page","status-publish","hentry"],"post_mailing_queue_ids":[],"_links":{"self":[{"href":"https:\/\/agora.xtec.cat\/nodes\/wp-json\/wp\/v2\/pages\/2404","targetHints":{"allow":["GET"]}}],"collection":[{"href":"https:\/\/agora.xtec.cat\/nodes\/wp-json\/wp\/v2\/pages"}],"about":[{"href":"https:\/\/agora.xtec.cat\/nodes\/wp-json\/wp\/v2\/types\/page"}],"author":[{"embeddable":true,"href":"https:\/\/agora.xtec.cat\/nodes\/wp-json\/wp\/v2\/users\/2"}],"replies":[{"embeddable":true,"href":"https:\/\/agora.xtec.cat\/nodes\/wp-json\/wp\/v2\/comments?post=2404"}],"version-history":[{"count":4,"href":"https:\/\/agora.xtec.cat\/nodes\/wp-json\/wp\/v2\/pages\/2404\/revisions"}],"predecessor-version":[{"id":2849,"href":"https:\/\/agora.xtec.cat\/nodes\/wp-json\/wp\/v2\/pages\/2404\/revisions\/2849"}],"up":[{"embeddable":true,"href":"https:\/\/agora.xtec.cat\/nodes\/wp-json\/wp\/v2\/pages\/2055"}],"wp:attachment":[{"href":"https:\/\/agora.xtec.cat\/nodes\/wp-json\/wp\/v2\/media?parent=2404"}],"curies":[{"name":"wp","href":"https:\/\/api.w.org\/{rel}","templated":true}]}}