{"id":2334,"date":"2015-11-16T22:54:12","date_gmt":"2015-11-16T21:54:12","guid":{"rendered":"http:\/\/agora.xtec.cat\/nodes\/?page_id=2334"},"modified":"2016-01-22T11:52:15","modified_gmt":"2016-01-22T10:52:15","slug":"textos-amb-efectes","status":"publish","type":"page","link":"https:\/\/agora.xtec.cat\/nodes\/llibre-destil\/textos-amb-efectes\/","title":{"rendered":"Textos amb efectes i colors"},"content":{"rendered":"<p>No utilitzeu textos distorsionats, t\u00edtols amb relleu o efectes tridimensionals. S\u00f3n dissenys dels anys 90 i no encaixen amb l&#8217;estil de Nodes (<em>flat style<\/em>). El disseny web actual tendeix a ser m\u00e9s neutre, afavorint els continguts.<\/p>\n<p><a href=\"http:\/\/agora.xtec.cat\/nodes\/wp-content\/uploads\/usu135\/2015\/11\/nowordart.png\"><img loading=\"lazy\" decoding=\"async\" class=\"alignnone  wp-image-2335\" src=\"http:\/\/agora.xtec.cat\/nodes\/wp-content\/uploads\/usu135\/2015\/11\/nowordart.png\" alt=\"nowordart\" width=\"391\" height=\"286\" srcset=\"https:\/\/agora.xtec.cat\/nodes\/wp-content\/uploads\/usu135\/2015\/11\/nowordart.png 592w, https:\/\/agora.xtec.cat\/nodes\/wp-content\/uploads\/usu135\/2015\/11\/nowordart-300x219.png 300w\" sizes=\"auto, (max-width: 391px) 100vw, 391px\" \/><\/a><\/p>\n<p><a href=\"http:\/\/agora.xtec.cat\/nodes\/wp-content\/uploads\/usu135\/2015\/11\/notext1.png\"><img loading=\"lazy\" decoding=\"async\" class=\"alignnone  wp-image-2343\" src=\"http:\/\/agora.xtec.cat\/nodes\/wp-content\/uploads\/usu135\/2015\/11\/notext1.png\" alt=\"notext1\" width=\"534\" height=\"215\" srcset=\"https:\/\/agora.xtec.cat\/nodes\/wp-content\/uploads\/usu135\/2015\/11\/notext1.png 745w, https:\/\/agora.xtec.cat\/nodes\/wp-content\/uploads\/usu135\/2015\/11\/notext1-300x121.png 300w\" sizes=\"auto, (max-width: 534px) 100vw, 534px\" \/><\/a><\/p>\n<p><a href=\"http:\/\/agora.xtec.cat\/nodes\/wp-content\/uploads\/usu135\/2015\/11\/adults1.png\"><img loading=\"lazy\" decoding=\"async\" class=\"alignnone  wp-image-2345\" src=\"http:\/\/agora.xtec.cat\/nodes\/wp-content\/uploads\/usu135\/2015\/11\/adults1.png\" alt=\"adults1\" width=\"532\" height=\"149\" srcset=\"https:\/\/agora.xtec.cat\/nodes\/wp-content\/uploads\/usu135\/2015\/11\/adults1.png 614w, https:\/\/agora.xtec.cat\/nodes\/wp-content\/uploads\/usu135\/2015\/11\/adults1-300x84.png 300w\" sizes=\"auto, (max-width: 532px) 100vw, 532px\" \/><\/a><\/p>\n<p><a href=\"http:\/\/agora.xtec.cat\/nodes\/wp-content\/uploads\/usu135\/2015\/11\/titolbad1.png\"><img loading=\"lazy\" decoding=\"async\" class=\"alignnone size-full wp-image-2349\" src=\"http:\/\/agora.xtec.cat\/nodes\/wp-content\/uploads\/usu135\/2015\/11\/titolbad1.png\" alt=\"titolbad1\" width=\"481\" height=\"172\" srcset=\"https:\/\/agora.xtec.cat\/nodes\/wp-content\/uploads\/usu135\/2015\/11\/titolbad1.png 481w, https:\/\/agora.xtec.cat\/nodes\/wp-content\/uploads\/usu135\/2015\/11\/titolbad1-300x107.png 300w\" sizes=\"auto, (max-width: 481px) 100vw, 481px\" \/><\/a><\/p>\n<p>Eviteu incloure textos en colors diferents al color negre. Al web, un text amb un color gaireb\u00e9 sempre indica que hi ha un enlla\u00e7 i podem\u00a0desconcertar a l&#8217;usuari (que segurament passar\u00e0 el ratol\u00ed per sobre per si de cas). A m\u00e9s a m\u00e9s, moltes vegades, els colors triats contrasten poc i no es veuen b\u00e9.<\/p>\n<p><a href=\"http:\/\/agora.xtec.cat\/nodes\/wp-content\/uploads\/usu135\/2015\/11\/textcolorno.jpg\"><img loading=\"lazy\" decoding=\"async\" class=\"alignnone size-full wp-image-2587\" src=\"http:\/\/agora.xtec.cat\/nodes\/wp-content\/uploads\/usu135\/2015\/11\/textcolorno.jpg\" alt=\"textcolorno\" width=\"644\" height=\"446\" srcset=\"https:\/\/agora.xtec.cat\/nodes\/wp-content\/uploads\/usu135\/2015\/11\/textcolorno.jpg 644w, https:\/\/agora.xtec.cat\/nodes\/wp-content\/uploads\/usu135\/2015\/11\/textcolorno-300x208.jpg 300w\" sizes=\"auto, (max-width: 644px) 100vw, 644px\" \/><\/a><\/p>\n<p>&nbsp;<\/p>\n<p>&nbsp;<\/p>\n","protected":false},"excerpt":{"rendered":"<p>No utilitzeu textos distorsionats, t\u00edtols amb relleu o efectes tridimensionals. S\u00f3n dissenys dels anys 90 i no encaixen amb l&#8217;estil de Nodes (flat style). El disseny web actual tendeix a ser m\u00e9s neutre, afavorint els continguts.<br \/>\n<a href=\"http:\/\/agora.xtec.cat\/nodes\/wp-content\/uploads\/usu135\/2015\/11\/nowordart.png\"><\/a><br \/>\n<a href=\"http:\/\/agora.xtec.cat\/nodes\/wp-content\/uploads\/usu135\/2015\/11\/notext1.png\"><\/a><br \/>\n<a href=\"http:\/\/agora.xtec.cat\/nodes\/wp-content\/uploads\/usu135\/2015\/11\/adults1.png\"><\/a><br \/>\n<a href=\"http:\/\/agora.xtec.cat\/nodes\/wp-content\/uploads\/usu135\/2015\/11\/titolbad1.png\"><\/a><br \/>\nEviteu incloure textos en colors diferents&hellip;  <a href=\"https:\/\/agora.xtec.cat\/nodes\/llibre-destil\/textos-amb-efectes\/\" title=\"Read Textos amb efectes i colors\">Llegeix m\u00e9s\u00bb<\/a><\/p>\n","protected":false},"author":1,"featured_media":0,"parent":2055,"menu_order":51,"comment_status":"closed","ping_status":"closed","template":"page-templates\/side-menu.php","meta":{"_bbp_topic_count":0,"_bbp_reply_count":0,"_bbp_total_topic_count":0,"_bbp_total_reply_count":0,"_bbp_voice_count":0,"_bbp_anonymous_reply_count":0,"_bbp_topic_count_hidden":0,"_bbp_reply_count_hidden":0,"_bbp_forum_subforum_count":0,"footnotes":""},"class_list":["post-2334","page","type-page","status-publish","hentry"],"post_mailing_queue_ids":[],"_links":{"self":[{"href":"https:\/\/agora.xtec.cat\/nodes\/wp-json\/wp\/v2\/pages\/2334","targetHints":{"allow":["GET"]}}],"collection":[{"href":"https:\/\/agora.xtec.cat\/nodes\/wp-json\/wp\/v2\/pages"}],"about":[{"href":"https:\/\/agora.xtec.cat\/nodes\/wp-json\/wp\/v2\/types\/page"}],"author":[{"embeddable":true,"href":"https:\/\/agora.xtec.cat\/nodes\/wp-json\/wp\/v2\/users\/1"}],"replies":[{"embeddable":true,"href":"https:\/\/agora.xtec.cat\/nodes\/wp-json\/wp\/v2\/comments?post=2334"}],"version-history":[{"count":4,"href":"https:\/\/agora.xtec.cat\/nodes\/wp-json\/wp\/v2\/pages\/2334\/revisions"}],"predecessor-version":[{"id":2591,"href":"https:\/\/agora.xtec.cat\/nodes\/wp-json\/wp\/v2\/pages\/2334\/revisions\/2591"}],"up":[{"embeddable":true,"href":"https:\/\/agora.xtec.cat\/nodes\/wp-json\/wp\/v2\/pages\/2055"}],"wp:attachment":[{"href":"https:\/\/agora.xtec.cat\/nodes\/wp-json\/wp\/v2\/media?parent=2334"}],"curies":[{"name":"wp","href":"https:\/\/api.w.org\/{rel}","templated":true}]}}