{"id":2327,"date":"2015-11-16T20:06:17","date_gmt":"2015-11-16T19:06:17","guid":{"rendered":"http:\/\/agora.xtec.cat\/nodes\/?page_id=2327"},"modified":"2020-06-19T19:05:46","modified_gmt":"2020-06-19T17:05:46","slug":"graella-dicones","status":"publish","type":"page","link":"https:\/\/agora.xtec.cat\/nodes\/llibre-destil\/graella-dicones\/","title":{"rendered":"Graella d&#8217;icones"},"content":{"rendered":"<p>No deixeu la graella d&#8217;icones buida. Les\u00a0icones ajuden a localitzar m\u00e9s r\u00e0pidament la informaci\u00f3 i tamb\u00e9\u00a0compleixen una funci\u00f3 est\u00e8tica.<\/p>\n<p><a href=\"http:\/\/agora.xtec.cat\/nodes\/wp-content\/uploads\/usu135\/2015\/11\/senseicones.jpg\"><img loading=\"lazy\" decoding=\"async\" class=\"alignnone size-full wp-image-2554\" src=\"http:\/\/agora.xtec.cat\/nodes\/wp-content\/uploads\/usu135\/2015\/11\/senseicones.jpg\" alt=\"senseicones\" width=\"492\" height=\"170\" srcset=\"https:\/\/agora.xtec.cat\/nodes\/wp-content\/uploads\/usu135\/2015\/11\/senseicones.jpg 492w, https:\/\/agora.xtec.cat\/nodes\/wp-content\/uploads\/usu135\/2015\/11\/senseicones-300x104.jpg 300w\" sizes=\"auto, (max-width: 492px) 100vw, 492px\" \/><\/a><\/p>\n<p><a href=\"http:\/\/agora.xtec.cat\/nodes\/wp-content\/uploads\/usu135\/2015\/11\/ambicones.jpg\"><img loading=\"lazy\" decoding=\"async\" class=\"alignnone size-full wp-image-2556\" src=\"http:\/\/agora.xtec.cat\/nodes\/wp-content\/uploads\/usu135\/2015\/11\/ambicones.jpg\" alt=\"ambicones\" width=\"492\" height=\"170\" srcset=\"https:\/\/agora.xtec.cat\/nodes\/wp-content\/uploads\/usu135\/2015\/11\/ambicones.jpg 492w, https:\/\/agora.xtec.cat\/nodes\/wp-content\/uploads\/usu135\/2015\/11\/ambicones-300x104.jpg 300w\" sizes=\"auto, (max-width: 492px) 100vw, 492px\" \/><\/a><\/p>\n<p>Si no sabeu quins enlla\u00e7os posar, penseu en les p\u00e0gines de la vostra web o en les p\u00e0gines\/aplicacions externes m\u00e9s utilitzades en el vostre centre. La funci\u00f3 principal\u00a0de les icones d&#8217;aquesta graella \u00e9s fer de drecera.<\/p>\n<p>No deixeu la graella sense icones, compleixen una funci\u00f3 est\u00e8tica important.<\/p>\n<p><a href=\"http:\/\/agora.xtec.cat\/nodes\/wp-content\/uploads\/usu135\/2015\/11\/noicons.jpg\"><img loading=\"lazy\" decoding=\"async\" class=\"alignnone size-full wp-image-2548\" src=\"http:\/\/agora.xtec.cat\/nodes\/wp-content\/uploads\/usu135\/2015\/11\/noicons.jpg\" alt=\"noicons\" width=\"511\" height=\"169\" srcset=\"https:\/\/agora.xtec.cat\/nodes\/wp-content\/uploads\/usu135\/2015\/11\/noicons.jpg 511w, https:\/\/agora.xtec.cat\/nodes\/wp-content\/uploads\/usu135\/2015\/11\/noicons-300x99.jpg 300w\" sizes=\"auto, (max-width: 511px) 100vw, 511px\" \/><\/a><\/p>\n<p><a href=\"http:\/\/agora.xtec.cat\/nodes\/wp-content\/uploads\/usu135\/2015\/11\/si_icons.png\"><img loading=\"lazy\" decoding=\"async\" class=\"alignnone size-full wp-image-2552\" src=\"http:\/\/agora.xtec.cat\/nodes\/wp-content\/uploads\/usu135\/2015\/11\/si_icons.png\" alt=\"si_icons\" width=\"511\" height=\"169\" srcset=\"https:\/\/agora.xtec.cat\/nodes\/wp-content\/uploads\/usu135\/2015\/11\/si_icons.png 511w, https:\/\/agora.xtec.cat\/nodes\/wp-content\/uploads\/usu135\/2015\/11\/si_icons-300x99.png 300w\" sizes=\"auto, (max-width: 511px) 100vw, 511px\" \/><\/a><\/p>\n<p>&nbsp;<\/p>\n<p>&nbsp;<\/p>\n","protected":false},"excerpt":{"rendered":"<p>No deixeu la graella d&#8217;icones buida. Les\u00a0icones ajuden a localitzar m\u00e9s r\u00e0pidament la informaci\u00f3 i tamb\u00e9\u00a0compleixen una funci\u00f3 est\u00e8tica.<br \/>\n<a href=\"http:\/\/agora.xtec.cat\/nodes\/wp-content\/uploads\/usu135\/2015\/11\/senseicones.jpg\"><\/a><br \/>\n<a href=\"http:\/\/agora.xtec.cat\/nodes\/wp-content\/uploads\/usu135\/2015\/11\/ambicones.jpg\"><\/a><br \/>\nSi no sabeu quins enlla\u00e7os posar, penseu en les p\u00e0gines de la vostra web o en les p\u00e0gines\/aplicacions externes m\u00e9s utilitzades en el vostre centre.&hellip;  <a href=\"https:\/\/agora.xtec.cat\/nodes\/llibre-destil\/graella-dicones\/\" title=\"Read Graella d&#8217;icones\">Llegeix m\u00e9s\u00bb<\/a><\/p>\n","protected":false},"author":1,"featured_media":0,"parent":2055,"menu_order":30,"comment_status":"closed","ping_status":"closed","template":"page-templates\/side-menu.php","meta":{"_bbp_topic_count":0,"_bbp_reply_count":0,"_bbp_total_topic_count":0,"_bbp_total_reply_count":0,"_bbp_voice_count":0,"_bbp_anonymous_reply_count":0,"_bbp_topic_count_hidden":0,"_bbp_reply_count_hidden":0,"_bbp_forum_subforum_count":0,"footnotes":""},"class_list":["post-2327","page","type-page","status-publish","hentry"],"post_mailing_queue_ids":[],"_links":{"self":[{"href":"https:\/\/agora.xtec.cat\/nodes\/wp-json\/wp\/v2\/pages\/2327","targetHints":{"allow":["GET"]}}],"collection":[{"href":"https:\/\/agora.xtec.cat\/nodes\/wp-json\/wp\/v2\/pages"}],"about":[{"href":"https:\/\/agora.xtec.cat\/nodes\/wp-json\/wp\/v2\/types\/page"}],"author":[{"embeddable":true,"href":"https:\/\/agora.xtec.cat\/nodes\/wp-json\/wp\/v2\/users\/1"}],"replies":[{"embeddable":true,"href":"https:\/\/agora.xtec.cat\/nodes\/wp-json\/wp\/v2\/comments?post=2327"}],"version-history":[{"count":4,"href":"https:\/\/agora.xtec.cat\/nodes\/wp-json\/wp\/v2\/pages\/2327\/revisions"}],"predecessor-version":[{"id":2559,"href":"https:\/\/agora.xtec.cat\/nodes\/wp-json\/wp\/v2\/pages\/2327\/revisions\/2559"}],"up":[{"embeddable":true,"href":"https:\/\/agora.xtec.cat\/nodes\/wp-json\/wp\/v2\/pages\/2055"}],"wp:attachment":[{"href":"https:\/\/agora.xtec.cat\/nodes\/wp-json\/wp\/v2\/media?parent=2327"}],"curies":[{"name":"wp","href":"https:\/\/api.w.org\/{rel}","templated":true}]}}