{"id":2211,"date":"2015-11-11T12:38:46","date_gmt":"2015-11-11T11:38:46","guid":{"rendered":"http:\/\/agora.xtec.cat\/nodes\/?page_id=2211"},"modified":"2016-01-22T12:01:56","modified_gmt":"2016-01-22T11:01:56","slug":"imatge-resum","status":"publish","type":"page","link":"https:\/\/agora.xtec.cat\/nodes\/llibre-destil\/imatge-resum\/","title":{"rendered":"Imatge de resum"},"content":{"rendered":"<p>Per defecte, la imatge de resum es retalla a 200px d&#8217;al\u00e7ada. En general, el resultat \u00e9s prou bo i afavoreix molt l&#8217;alineaci\u00f3 dels articles.<\/p>\n<p><a href=\"http:\/\/agora.xtec.cat\/nodes\/wp-content\/uploads\/usu135\/2015\/11\/Selecci\u00f3_999046.png\"><img loading=\"lazy\" decoding=\"async\" class=\"vora alignnone wp-image-2377 size-full\" src=\"http:\/\/agora.xtec.cat\/nodes\/wp-content\/uploads\/usu135\/2015\/11\/Selecci\u00f3_999046.png\" alt=\"Selecci\u00f3_999(046)\" width=\"829\" height=\"790\" srcset=\"https:\/\/agora.xtec.cat\/nodes\/wp-content\/uploads\/usu135\/2015\/11\/Selecci\u00f3_999046.png 829w, https:\/\/agora.xtec.cat\/nodes\/wp-content\/uploads\/usu135\/2015\/11\/Selecci\u00f3_999046-300x286.png 300w\" sizes=\"auto, (max-width: 829px) 100vw, 829px\" \/><\/a><\/p>\n<p>Per\u00f2 dep\u00e8n de la foto, el retall pot perjudicar molt el resultat.<\/p>\n<p><a href=\"http:\/\/agora.xtec.cat\/nodes\/wp-content\/uploads\/usu135\/2015\/11\/Selecci\u00f3_999053.png\"><img loading=\"lazy\" decoding=\"async\" class=\"vora alignnone wp-image-2383 size-full\" src=\"http:\/\/agora.xtec.cat\/nodes\/wp-content\/uploads\/usu135\/2015\/11\/Selecci\u00f3_999053.png\" alt=\"Selecci\u00f3_999(053)\" width=\"451\" height=\"519\" srcset=\"https:\/\/agora.xtec.cat\/nodes\/wp-content\/uploads\/usu135\/2015\/11\/Selecci\u00f3_999053.png 451w, https:\/\/agora.xtec.cat\/nodes\/wp-content\/uploads\/usu135\/2015\/11\/Selecci\u00f3_999053-261x300.png 261w\" sizes=\"auto, (max-width: 451px) 100vw, 451px\" \/><\/a><\/p>\n<p>En aquests casos, us recomanem\u00a0mantenir la mida original de la fotografia.<\/p>\n<p><a href=\"http:\/\/agora.xtec.cat\/nodes\/wp-content\/uploads\/usu135\/2015\/11\/Selecci\u00f3_999016.png\"><img loading=\"lazy\" decoding=\"async\" class=\"alignnone size-full wp-image-2208\" src=\"http:\/\/agora.xtec.cat\/nodes\/wp-content\/uploads\/usu135\/2015\/11\/Selecci\u00f3_999016.png\" alt=\"Selecci\u00f3_999(016)\" width=\"301\" height=\"177\" srcset=\"https:\/\/agora.xtec.cat\/nodes\/wp-content\/uploads\/usu135\/2015\/11\/Selecci\u00f3_999016.png 301w, https:\/\/agora.xtec.cat\/nodes\/wp-content\/uploads\/usu135\/2015\/11\/Selecci\u00f3_999016-300x177.png 300w\" sizes=\"auto, (max-width: 301px) 100vw, 301px\" \/><\/a><\/p>\n<p>Aix\u00ed el resultat es veu millorat.<\/p>\n<p><a href=\"http:\/\/agora.xtec.cat\/nodes\/wp-content\/uploads\/usu135\/2015\/11\/Selecci\u00f3_999052.png\"><img loading=\"lazy\" decoding=\"async\" class=\"vora alignnone wp-image-2384 size-full\" src=\"http:\/\/agora.xtec.cat\/nodes\/wp-content\/uploads\/usu135\/2015\/11\/Selecci\u00f3_999052.png\" alt=\"Selecci\u00f3_999(052)\" width=\"457\" height=\"558\" srcset=\"https:\/\/agora.xtec.cat\/nodes\/wp-content\/uploads\/usu135\/2015\/11\/Selecci\u00f3_999052.png 457w, https:\/\/agora.xtec.cat\/nodes\/wp-content\/uploads\/usu135\/2015\/11\/Selecci\u00f3_999052-246x300.png 246w\" sizes=\"auto, (max-width: 457px) 100vw, 457px\" \/><\/a><\/p>\n","protected":false},"excerpt":{"rendered":"<p>Per defecte, la imatge de resum es retalla a 200px d&#8217;al\u00e7ada. En general, el resultat \u00e9s prou bo i afavoreix molt l&#8217;alineaci\u00f3 dels articles.<br \/>\n<a href=\"http:\/\/agora.xtec.cat\/nodes\/wp-content\/uploads\/usu135\/2015\/11\/Selecci\u00f3_999046.png\"><\/a><br \/>\nPer\u00f2 dep\u00e8n de la foto, el retall pot perjudicar molt el resultat.<br \/>\n<a href=\"http:\/\/agora.xtec.cat\/nodes\/wp-content\/uploads\/usu135\/2015\/11\/Selecci\u00f3_999053.png\"><\/a><br \/>\nEn aquests casos, us recomanem\u00a0mantenir la mida original de&hellip;  <a href=\"https:\/\/agora.xtec.cat\/nodes\/llibre-destil\/imatge-resum\/\" title=\"Read Imatge de resum\">Llegeix m\u00e9s\u00bb<\/a><\/p>\n","protected":false},"author":1,"featured_media":0,"parent":2055,"menu_order":80,"comment_status":"closed","ping_status":"closed","template":"page-templates\/side-menu.php","meta":{"_bbp_topic_count":0,"_bbp_reply_count":0,"_bbp_total_topic_count":0,"_bbp_total_reply_count":0,"_bbp_voice_count":0,"_bbp_anonymous_reply_count":0,"_bbp_topic_count_hidden":0,"_bbp_reply_count_hidden":0,"_bbp_forum_subforum_count":0,"footnotes":""},"class_list":["post-2211","page","type-page","status-publish","hentry"],"post_mailing_queue_ids":[],"_links":{"self":[{"href":"https:\/\/agora.xtec.cat\/nodes\/wp-json\/wp\/v2\/pages\/2211","targetHints":{"allow":["GET"]}}],"collection":[{"href":"https:\/\/agora.xtec.cat\/nodes\/wp-json\/wp\/v2\/pages"}],"about":[{"href":"https:\/\/agora.xtec.cat\/nodes\/wp-json\/wp\/v2\/types\/page"}],"author":[{"embeddable":true,"href":"https:\/\/agora.xtec.cat\/nodes\/wp-json\/wp\/v2\/users\/1"}],"replies":[{"embeddable":true,"href":"https:\/\/agora.xtec.cat\/nodes\/wp-json\/wp\/v2\/comments?post=2211"}],"version-history":[{"count":3,"href":"https:\/\/agora.xtec.cat\/nodes\/wp-json\/wp\/v2\/pages\/2211\/revisions"}],"predecessor-version":[{"id":2856,"href":"https:\/\/agora.xtec.cat\/nodes\/wp-json\/wp\/v2\/pages\/2211\/revisions\/2856"}],"up":[{"embeddable":true,"href":"https:\/\/agora.xtec.cat\/nodes\/wp-json\/wp\/v2\/pages\/2055"}],"wp:attachment":[{"href":"https:\/\/agora.xtec.cat\/nodes\/wp-json\/wp\/v2\/media?parent=2211"}],"curies":[{"name":"wp","href":"https:\/\/api.w.org\/{rel}","templated":true}]}}