{"id":2169,"date":"2015-11-09T00:25:58","date_gmt":"2015-11-08T23:25:58","guid":{"rendered":"http:\/\/agora.xtec.cat\/nodes\/?page_id=2169"},"modified":"2016-01-22T11:55:43","modified_gmt":"2016-01-22T10:55:43","slug":"calendari-de-google","status":"publish","type":"page","link":"https:\/\/agora.xtec.cat\/nodes\/llibre-destil\/calendari-de-google\/","title":{"rendered":"Calendari de Google"},"content":{"rendered":"<p>Us recomanem que no utilitzeu el calendari de Google\u00a0original (de color blau cel) sin\u00f3 el giny del calendari de Google integrat est\u00e8ticament amb Nodes. Trobareu instruccions per a la seva configuraci\u00f3 <a href=\"https:\/\/sites.google.com\/a\/xtec.cat\/ajudaxtecblocs\/personalitzacio\/giny-calendari-de-google\">aqu\u00ed<\/a>.<\/p>\n<p><a href=\"http:\/\/agora.xtec.cat\/nodes\/wp-content\/uploads\/usu135\/2015\/11\/calendariblau.png\"><img loading=\"lazy\" decoding=\"async\" class=\"alignnone  wp-image-2330\" src=\"http:\/\/agora.xtec.cat\/nodes\/wp-content\/uploads\/usu135\/2015\/11\/calendariblau.png\" alt=\"calendariblau\" width=\"590\" height=\"290\" srcset=\"https:\/\/agora.xtec.cat\/nodes\/wp-content\/uploads\/usu135\/2015\/11\/calendariblau.png 818w, https:\/\/agora.xtec.cat\/nodes\/wp-content\/uploads\/usu135\/2015\/11\/calendariblau-300x147.png 300w\" sizes=\"auto, (max-width: 590px) 100vw, 590px\" \/><\/a><\/p>\n<p>&nbsp;<\/p>\n<p><a href=\"http:\/\/agora.xtec.cat\/nodes\/wp-content\/uploads\/usu135\/2015\/11\/calendariok1.png\"><img loading=\"lazy\" decoding=\"async\" class=\"alignnone  wp-image-2332\" src=\"http:\/\/agora.xtec.cat\/nodes\/wp-content\/uploads\/usu135\/2015\/11\/calendariok1.png\" alt=\"calendariok\" width=\"590\" height=\"290\" srcset=\"https:\/\/agora.xtec.cat\/nodes\/wp-content\/uploads\/usu135\/2015\/11\/calendariok1.png 818w, https:\/\/agora.xtec.cat\/nodes\/wp-content\/uploads\/usu135\/2015\/11\/calendariok1-300x147.png 300w\" sizes=\"auto, (max-width: 590px) 100vw, 590px\" \/><\/a><\/p>\n<p>&nbsp;<\/p>\n","protected":false},"excerpt":{"rendered":"<p>Us recomanem que no utilitzeu el calendari de Google\u00a0original (de color blau cel) sin\u00f3 el giny del calendari de Google integrat est\u00e8ticament amb Nodes. Trobareu instruccions per a la seva configuraci\u00f3 <a href=\"https:\/\/sites.google.com\/a\/xtec.cat\/ajudaxtecblocs\/personalitzacio\/giny-calendari-de-google\">aqu\u00ed<\/a>.<br \/>\n<a href=\"http:\/\/agora.xtec.cat\/nodes\/wp-content\/uploads\/usu135\/2015\/11\/calendariblau.png\"><\/a><br \/>\n&nbsp;<br \/>\n<a href=\"http:\/\/agora.xtec.cat\/nodes\/wp-content\/uploads\/usu135\/2015\/11\/calendariok1.png\"><\/a><br \/>\n&nbsp;<\/p>\n","protected":false},"author":1,"featured_media":0,"parent":2055,"menu_order":70,"comment_status":"closed","ping_status":"closed","template":"page-templates\/side-menu.php","meta":{"_bbp_topic_count":0,"_bbp_reply_count":0,"_bbp_total_topic_count":0,"_bbp_total_reply_count":0,"_bbp_voice_count":0,"_bbp_anonymous_reply_count":0,"_bbp_topic_count_hidden":0,"_bbp_reply_count_hidden":0,"_bbp_forum_subforum_count":0,"footnotes":""},"class_list":["post-2169","page","type-page","status-publish","hentry"],"post_mailing_queue_ids":[],"_links":{"self":[{"href":"https:\/\/agora.xtec.cat\/nodes\/wp-json\/wp\/v2\/pages\/2169","targetHints":{"allow":["GET"]}}],"collection":[{"href":"https:\/\/agora.xtec.cat\/nodes\/wp-json\/wp\/v2\/pages"}],"about":[{"href":"https:\/\/agora.xtec.cat\/nodes\/wp-json\/wp\/v2\/types\/page"}],"author":[{"embeddable":true,"href":"https:\/\/agora.xtec.cat\/nodes\/wp-json\/wp\/v2\/users\/1"}],"replies":[{"embeddable":true,"href":"https:\/\/agora.xtec.cat\/nodes\/wp-json\/wp\/v2\/comments?post=2169"}],"version-history":[{"count":3,"href":"https:\/\/agora.xtec.cat\/nodes\/wp-json\/wp\/v2\/pages\/2169\/revisions"}],"predecessor-version":[{"id":2853,"href":"https:\/\/agora.xtec.cat\/nodes\/wp-json\/wp\/v2\/pages\/2169\/revisions\/2853"}],"up":[{"embeddable":true,"href":"https:\/\/agora.xtec.cat\/nodes\/wp-json\/wp\/v2\/pages\/2055"}],"wp:attachment":[{"href":"https:\/\/agora.xtec.cat\/nodes\/wp-json\/wp\/v2\/media?parent=2169"}],"curies":[{"name":"wp","href":"https:\/\/api.w.org\/{rel}","templated":true}]}}