{"id":2152,"date":"2015-11-08T23:48:51","date_gmt":"2015-11-08T22:48:51","guid":{"rendered":"http:\/\/agora.xtec.cat\/nodes\/?page_id=2152"},"modified":"2016-01-22T11:41:08","modified_gmt":"2016-01-22T10:41:08","slug":"eviteu-redundancies","status":"publish","type":"page","link":"https:\/\/agora.xtec.cat\/nodes\/llibre-destil\/foto-carrusel\/eviteu-redundancies\/","title":{"rendered":"Eviteu redundancies"},"content":{"rendered":"<p>Eviteu incloure el nom del centre, el logotip del Departament d&#8217;Ensenyament o el logotip del centre. Tota aquesta informaci\u00f3 ja tenen el seu propi espai. No reaprofiteu la cap\u00e7alera de la p\u00e0gina antiga si inclou el nom del centre.<\/p>\n<p><a href=\"http:\/\/agora.xtec.cat\/nodes\/wp-content\/uploads\/usu135\/2015\/11\/redundant1.png\"><img loading=\"lazy\" decoding=\"async\" class=\"alignnone size-full wp-image-2155\" src=\"http:\/\/agora.xtec.cat\/nodes\/wp-content\/uploads\/usu135\/2015\/11\/redundant1.png\" alt=\"redundant1\" width=\"883\" height=\"209\" srcset=\"https:\/\/agora.xtec.cat\/nodes\/wp-content\/uploads\/usu135\/2015\/11\/redundant1.png 883w, https:\/\/agora.xtec.cat\/nodes\/wp-content\/uploads\/usu135\/2015\/11\/redundant1-300x71.png 300w\" sizes=\"auto, (max-width: 883px) 100vw, 883px\" \/><\/a><\/p>\n<p>Eviteu\u00a0repetir el logotip a la cap\u00e7alera. A l&#8217;exemple seg\u00fcent, apareix el nom del centre fins a 4 vegades.<\/p>\n<p><a href=\"http:\/\/agora.xtec.cat\/nodes\/wp-content\/uploads\/usu135\/2015\/11\/redun.png\"><img loading=\"lazy\" decoding=\"async\" class=\"alignnone size-full wp-image-2245\" src=\"http:\/\/agora.xtec.cat\/nodes\/wp-content\/uploads\/usu135\/2015\/11\/redun.png\" alt=\"redun\" width=\"873\" height=\"380\" srcset=\"https:\/\/agora.xtec.cat\/nodes\/wp-content\/uploads\/usu135\/2015\/11\/redun.png 873w, https:\/\/agora.xtec.cat\/nodes\/wp-content\/uploads\/usu135\/2015\/11\/redun-300x131.png 300w\" sizes=\"auto, (max-width: 873px) 100vw, 873px\" \/><\/a><\/p>\n","protected":false},"excerpt":{"rendered":"<p>Eviteu incloure el nom del centre, el logotip del Departament d&#8217;Ensenyament o el logotip del centre. Tota aquesta informaci\u00f3 ja tenen el seu propi espai. No reaprofiteu la cap\u00e7alera de la p\u00e0gina antiga si inclou el nom del centre.<br \/>\n<a href=\"http:\/\/agora.xtec.cat\/nodes\/wp-content\/uploads\/usu135\/2015\/11\/redundant1.png\"><\/a><br \/>\nEviteu\u00a0repetir el logotip a la cap\u00e7alera.&hellip;  <a href=\"https:\/\/agora.xtec.cat\/nodes\/llibre-destil\/foto-carrusel\/eviteu-redundancies\/\" title=\"Read Eviteu redundancies\">Llegeix m\u00e9s\u00bb<\/a><\/p>\n","protected":false},"author":1,"featured_media":0,"parent":2012,"menu_order":40,"comment_status":"closed","ping_status":"closed","template":"page-templates\/side-menu.php","meta":{"_bbp_topic_count":0,"_bbp_reply_count":0,"_bbp_total_topic_count":0,"_bbp_total_reply_count":0,"_bbp_voice_count":0,"_bbp_anonymous_reply_count":0,"_bbp_topic_count_hidden":0,"_bbp_reply_count_hidden":0,"_bbp_forum_subforum_count":0,"footnotes":""},"class_list":["post-2152","page","type-page","status-publish","hentry"],"post_mailing_queue_ids":[],"_links":{"self":[{"href":"https:\/\/agora.xtec.cat\/nodes\/wp-json\/wp\/v2\/pages\/2152","targetHints":{"allow":["GET"]}}],"collection":[{"href":"https:\/\/agora.xtec.cat\/nodes\/wp-json\/wp\/v2\/pages"}],"about":[{"href":"https:\/\/agora.xtec.cat\/nodes\/wp-json\/wp\/v2\/types\/page"}],"author":[{"embeddable":true,"href":"https:\/\/agora.xtec.cat\/nodes\/wp-json\/wp\/v2\/users\/1"}],"replies":[{"embeddable":true,"href":"https:\/\/agora.xtec.cat\/nodes\/wp-json\/wp\/v2\/comments?post=2152"}],"version-history":[{"count":4,"href":"https:\/\/agora.xtec.cat\/nodes\/wp-json\/wp\/v2\/pages\/2152\/revisions"}],"predecessor-version":[{"id":2846,"href":"https:\/\/agora.xtec.cat\/nodes\/wp-json\/wp\/v2\/pages\/2152\/revisions\/2846"}],"up":[{"embeddable":true,"href":"https:\/\/agora.xtec.cat\/nodes\/wp-json\/wp\/v2\/pages\/2012"}],"wp:attachment":[{"href":"https:\/\/agora.xtec.cat\/nodes\/wp-json\/wp\/v2\/media?parent=2152"}],"curies":[{"name":"wp","href":"https:\/\/api.w.org\/{rel}","templated":true}]}}