{"id":2059,"date":"2015-11-07T00:54:56","date_gmt":"2015-11-06T23:54:56","guid":{"rendered":"http:\/\/agora.xtec.cat\/nodes\/?page_id=2059"},"modified":"2020-06-19T19:03:04","modified_gmt":"2020-06-19T17:03:04","slug":"el-logo","status":"publish","type":"page","link":"https:\/\/agora.xtec.cat\/nodes\/llibre-destil\/identificant-el-centre\/el-logo\/","title":{"rendered":"El logo"},"content":{"rendered":"<p>Si el logotip ho permet, canvieu la distribuci\u00f3 per adaptar-lo millor a l&#8217;espai de la fitxa:<\/p>\n<p><a href=\"http:\/\/agora.xtec.cat\/nodes\/wp-content\/uploads\/usu135\/2015\/11\/creuno.jpg\"><img loading=\"lazy\" decoding=\"async\" class=\"alignnone wp-image-2248\" src=\"http:\/\/agora.xtec.cat\/nodes\/wp-content\/uploads\/usu135\/2015\/11\/creuno.jpg\" alt=\"creuno\" width=\"351\" height=\"381\" srcset=\"https:\/\/agora.xtec.cat\/nodes\/wp-content\/uploads\/usu135\/2015\/11\/creuno.jpg 418w, https:\/\/agora.xtec.cat\/nodes\/wp-content\/uploads\/usu135\/2015\/11\/creuno-276x300.jpg 276w\" sizes=\"auto, (max-width: 351px) 100vw, 351px\" \/><\/a>\u00a0<a href=\"http:\/\/agora.xtec.cat\/nodes\/wp-content\/uploads\/usu135\/2015\/11\/creuok1.png\"><img loading=\"lazy\" decoding=\"async\" class=\"alignnone wp-image-2252\" src=\"http:\/\/agora.xtec.cat\/nodes\/wp-content\/uploads\/usu135\/2015\/11\/creuok1.png\" alt=\"creuok\" width=\"341\" height=\"384\" srcset=\"https:\/\/agora.xtec.cat\/nodes\/wp-content\/uploads\/usu135\/2015\/11\/creuok1.png 405w, https:\/\/agora.xtec.cat\/nodes\/wp-content\/uploads\/usu135\/2015\/11\/creuok1-266x300.png 266w\" sizes=\"auto, (max-width: 341px) 100vw, 341px\" \/><\/a><\/p>\n<p>Si el nom del centre no forma part imprescindible del logotip, us recomanem que no poseu el nom. El nom ja apareix a la caixa superior esquerra i a la fitxa del centre.<\/p>\n<p><a href=\"http:\/\/agora.xtec.cat\/nodes\/wp-content\/uploads\/usu135\/2015\/11\/creuok2.png\"><img loading=\"lazy\" decoding=\"async\" class=\"alignnone wp-image-2253\" src=\"http:\/\/agora.xtec.cat\/nodes\/wp-content\/uploads\/usu135\/2015\/11\/creuok2.png\" alt=\"creuok2\" width=\"345\" height=\"390\" srcset=\"https:\/\/agora.xtec.cat\/nodes\/wp-content\/uploads\/usu135\/2015\/11\/creuok2.png 405w, https:\/\/agora.xtec.cat\/nodes\/wp-content\/uploads\/usu135\/2015\/11\/creuok2-266x300.png 266w\" sizes=\"auto, (max-width: 345px) 100vw, 345px\" \/><\/a><\/p>\n<p>Si no teniu un altre criteri per triar els colors del tema, els colors del logotip poden ser una bona opci\u00f3:<\/p>\n<p><a href=\"http:\/\/agora.xtec.cat\/nodes\/wp-content\/uploads\/usu135\/2015\/11\/creuok4.png\"><img loading=\"lazy\" decoding=\"async\" class=\"alignnone wp-image-2254\" src=\"http:\/\/agora.xtec.cat\/nodes\/wp-content\/uploads\/usu135\/2015\/11\/creuok4.png\" alt=\"creuok4\" width=\"346\" height=\"396\" \/><\/a><\/p>\n<p>Si voleu donar molta import\u00e0ncia al logotip, podeu desmarcar la casella &#8220;alineat amb l&#8217;adre\u00e7a&#8221;:<\/p>\n<p><a href=\"http:\/\/agora.xtec.cat\/nodes\/wp-content\/uploads\/usu135\/2015\/11\/alinea.png\"><img loading=\"lazy\" decoding=\"async\" class=\"vora alignnone wp-image-2274\" src=\"http:\/\/agora.xtec.cat\/nodes\/wp-content\/uploads\/usu135\/2015\/11\/alinea.png\" alt=\"alinea\" width=\"276\" height=\"412\" srcset=\"https:\/\/agora.xtec.cat\/nodes\/wp-content\/uploads\/usu135\/2015\/11\/alinea.png 270w, https:\/\/agora.xtec.cat\/nodes\/wp-content\/uploads\/usu135\/2015\/11\/alinea-201x300.png 201w\" sizes=\"auto, (max-width: 276px) 100vw, 276px\" \/><\/a>\u00a0 \u00a0\u00a0<a href=\"http:\/\/agora.xtec.cat\/nodes\/wp-content\/uploads\/usu135\/2015\/11\/fitxa.png\"><img loading=\"lazy\" decoding=\"async\" class=\"vora alignnone wp-image-2273\" src=\"http:\/\/agora.xtec.cat\/nodes\/wp-content\/uploads\/usu135\/2015\/11\/fitxa.png\" alt=\"fitxa\" width=\"272\" height=\"431\" srcset=\"https:\/\/agora.xtec.cat\/nodes\/wp-content\/uploads\/usu135\/2015\/11\/fitxa.png 354w, https:\/\/agora.xtec.cat\/nodes\/wp-content\/uploads\/usu135\/2015\/11\/fitxa-189x300.png 189w\" sizes=\"auto, (max-width: 272px) 100vw, 272px\" \/><\/a><\/p>\n<p>Si el vostre logotip \u00e9s molt horitzontal, \u00e9s la millor opci\u00f3:<\/p>\n<p><a href=\"http:\/\/agora.xtec.cat\/nodes\/wp-content\/uploads\/usu135\/2015\/11\/logoh.png\"><img loading=\"lazy\" decoding=\"async\" class=\"vora alignnone wp-image-2287\" src=\"http:\/\/agora.xtec.cat\/nodes\/wp-content\/uploads\/usu135\/2015\/11\/logoh.png\" alt=\"logoh\" width=\"308\" height=\"425\" srcset=\"https:\/\/agora.xtec.cat\/nodes\/wp-content\/uploads\/usu135\/2015\/11\/logoh.png 352w, https:\/\/agora.xtec.cat\/nodes\/wp-content\/uploads\/usu135\/2015\/11\/logoh-217x300.png 217w\" sizes=\"auto, (max-width: 308px) 100vw, 308px\" \/><\/a><\/p>\n<p>Per\u00f2, en general, us recomanem alinear el logotip amb les dades del centre per estalviar espai vertical. Si el logotip ho permet, podeu treure el nom del centre i fer m\u00e9s gran el motiu gr\u00e0fic.<\/p>\n<p><a href=\"http:\/\/agora.xtec.cat\/nodes\/wp-content\/uploads\/usu135\/2015\/11\/logo.png\">\u00a0\u00a0\u00a0\u00a0<\/a><a href=\"http:\/\/agora.xtec.cat\/nodes\/wp-content\/uploads\/usu135\/2015\/11\/logo.png\"><img loading=\"lazy\" decoding=\"async\" class=\"vora alignnone wp-image-2276\" src=\"http:\/\/agora.xtec.cat\/nodes\/wp-content\/uploads\/usu135\/2015\/11\/turo1.png\" alt=\"turo1\" width=\"351\" height=\"343\" srcset=\"https:\/\/agora.xtec.cat\/nodes\/wp-content\/uploads\/usu135\/2015\/11\/turo1.png 352w, https:\/\/agora.xtec.cat\/nodes\/wp-content\/uploads\/usu135\/2015\/11\/turo1-300x293.png 300w\" sizes=\"auto, (max-width: 351px) 100vw, 351px\" \/><\/a>\u00a0 \u00a0\u00a0<a href=\"http:\/\/agora.xtec.cat\/nodes\/wp-content\/uploads\/usu135\/2015\/11\/logo.png\"><img loading=\"lazy\" decoding=\"async\" class=\"vora alignnone wp-image-2275 size-full\" src=\"http:\/\/agora.xtec.cat\/nodes\/wp-content\/uploads\/usu135\/2015\/11\/logo.png\" alt=\"logo\" width=\"352\" height=\"344\" srcset=\"https:\/\/agora.xtec.cat\/nodes\/wp-content\/uploads\/usu135\/2015\/11\/logo.png 352w, https:\/\/agora.xtec.cat\/nodes\/wp-content\/uploads\/usu135\/2015\/11\/logo-300x293.png 300w\" sizes=\"auto, (max-width: 352px) 100vw, 352px\" \/><\/a><\/p>\n<p>Si no hi ha cap paleta que s&#8217;ajusti als colors del vostre logo, podeu plantejar-vos modificar-lo lleugerament. A l&#8217;exemple seg\u00fcent, s&#8217;ha canviat el color granat (gama de vermells) per un rosa fosc (bastant proper) que encaixa amb la paleta. S&#8217;ha mantingut el gris\u00a0original.<\/p>\n<p><a href=\"http:\/\/agora.xtec.cat\/nodes\/wp-content\/uploads\/usu135\/2015\/11\/imr.png\"><img loading=\"lazy\" decoding=\"async\" class=\"vora alignnone wp-image-2282 size-full\" src=\"http:\/\/agora.xtec.cat\/nodes\/wp-content\/uploads\/usu135\/2015\/11\/imr.png\" alt=\"imr\" width=\"351\" height=\"351\" srcset=\"https:\/\/agora.xtec.cat\/nodes\/wp-content\/uploads\/usu135\/2015\/11\/imr.png 351w, https:\/\/agora.xtec.cat\/nodes\/wp-content\/uploads\/usu135\/2015\/11\/imr-150x150.png 150w, https:\/\/agora.xtec.cat\/nodes\/wp-content\/uploads\/usu135\/2015\/11\/imr-300x300.png 300w\" sizes=\"auto, (max-width: 351px) 100vw, 351px\" \/><\/a>\u00a0\u00a0 \u00a0 \u00a0 <a href=\"http:\/\/agora.xtec.cat\/nodes\/wp-content\/uploads\/usu135\/2015\/11\/imr2.png\"><img loading=\"lazy\" decoding=\"async\" class=\"vora alignnone wp-image-2283 size-full\" src=\"http:\/\/agora.xtec.cat\/nodes\/wp-content\/uploads\/usu135\/2015\/11\/imr2.png\" alt=\"imr2\" width=\"351\" height=\"351\" srcset=\"https:\/\/agora.xtec.cat\/nodes\/wp-content\/uploads\/usu135\/2015\/11\/imr2.png 351w, https:\/\/agora.xtec.cat\/nodes\/wp-content\/uploads\/usu135\/2015\/11\/imr2-150x150.png 150w, https:\/\/agora.xtec.cat\/nodes\/wp-content\/uploads\/usu135\/2015\/11\/imr2-300x300.png 300w\" sizes=\"auto, (max-width: 351px) 100vw, 351px\" \/><\/a><\/p>\n<p><img loading=\"lazy\" decoding=\"async\" class=\"alignnone wp-image-2239\" src=\"http:\/\/agora.xtec.cat\/nodes\/wp-content\/uploads\/usu135\/2015\/11\/logook.png\" alt=\"logook\" width=\"490\" height=\"362\" srcset=\"https:\/\/agora.xtec.cat\/nodes\/wp-content\/uploads\/usu135\/2015\/11\/logook.png 496w, https:\/\/agora.xtec.cat\/nodes\/wp-content\/uploads\/usu135\/2015\/11\/logook-300x221.png 300w\" sizes=\"auto, (max-width: 490px) 100vw, 490px\" \/><\/p>\n<p>Idealment, el logotip ha de complementar la resta d&#8217;informaci\u00f3 de les dues caixes superiors (nom i lema). A l&#8217;exemple seg\u00fcent, el logo fa refer\u00e8ncia al 25\u00e8 aniversari.<\/p>\n<p><a href=\"http:\/\/agora.xtec.cat\/nodes\/wp-content\/uploads\/usu135\/2015\/11\/logofornells.png\"><img loading=\"lazy\" decoding=\"async\" class=\"alignnone wp-image-2091\" src=\"http:\/\/agora.xtec.cat\/nodes\/wp-content\/uploads\/usu135\/2015\/11\/logofornells.png\" alt=\"logofornells\" width=\"442\" height=\"363\" srcset=\"https:\/\/agora.xtec.cat\/nodes\/wp-content\/uploads\/usu135\/2015\/11\/logofornells.png 496w, https:\/\/agora.xtec.cat\/nodes\/wp-content\/uploads\/usu135\/2015\/11\/logofornells-300x247.png 300w\" sizes=\"auto, (max-width: 442px) 100vw, 442px\" \/><\/a><\/p>\n<p>Si el vostre centre no t\u00e9 logo, podeu posar una fotografia de l&#8217;edifici o qualsevol imatge que us sembli adient:<\/p>\n<p><a href=\"http:\/\/agora.xtec.cat\/nodes\/wp-content\/uploads\/usu135\/2015\/11\/logofoto.jpg\"><img loading=\"lazy\" decoding=\"async\" class=\"alignnone wp-image-2267\" src=\"http:\/\/agora.xtec.cat\/nodes\/wp-content\/uploads\/usu135\/2015\/11\/logofoto.jpg\" alt=\"logofoto\" width=\"440\" height=\"174\" srcset=\"https:\/\/agora.xtec.cat\/nodes\/wp-content\/uploads\/usu135\/2015\/11\/logofoto.jpg 493w, https:\/\/agora.xtec.cat\/nodes\/wp-content\/uploads\/usu135\/2015\/11\/logofoto-300x119.jpg 300w\" sizes=\"auto, (max-width: 440px) 100vw, 440px\" \/><\/a><\/p>\n<p><a href=\"http:\/\/agora.xtec.cat\/nodes\/wp-content\/uploads\/usu135\/2015\/11\/logofoto2.jpg\"><img loading=\"lazy\" decoding=\"async\" class=\"alignnone wp-image-2268\" src=\"http:\/\/agora.xtec.cat\/nodes\/wp-content\/uploads\/usu135\/2015\/11\/logofoto2.jpg\" alt=\"logofoto2\" width=\"432\" height=\"160\" srcset=\"https:\/\/agora.xtec.cat\/nodes\/wp-content\/uploads\/usu135\/2015\/11\/logofoto2.jpg 494w, https:\/\/agora.xtec.cat\/nodes\/wp-content\/uploads\/usu135\/2015\/11\/logofoto2-300x111.jpg 300w\" sizes=\"auto, (max-width: 432px) 100vw, 432px\" \/><\/a><\/p>\n<p>Per al disseny del logotip us recomanem:<\/p>\n<ul>\n<li>Contractar un dissenyador professional.<\/li>\n<li>Demanar una col\u00b7laboraci\u00f3 a un ex-alumne del centre que estigui estudiant disseny\/il\u00b7lustraci\u00f3 o arts gr\u00e0fiques.<\/li>\n<li>Demanar una col\u00b7laboraci\u00f3 als estudiants d&#8217;una escola de disseny propera.<\/li>\n<li>Obrir un concurs en el centre on els mateixos alumnes dissenyin el logotip.<\/li>\n<\/ul>\n","protected":false},"excerpt":{"rendered":"<p>Si el logotip ho permet, canvieu la distribuci\u00f3 per adaptar-lo millor a l&#8217;espai de la fitxa:<br \/>\n<a href=\"http:\/\/agora.xtec.cat\/nodes\/wp-content\/uploads\/usu135\/2015\/11\/creuno.jpg\"><\/a>\u00a0<a href=\"http:\/\/agora.xtec.cat\/nodes\/wp-content\/uploads\/usu135\/2015\/11\/creuok1.png\"><\/a><br \/>\nSi el nom del centre no forma part imprescindible del logotip, us recomanem que no poseu el nom. El nom ja apareix a la caixa superior esquerra i&hellip;  <a href=\"https:\/\/agora.xtec.cat\/nodes\/llibre-destil\/identificant-el-centre\/el-logo\/\" title=\"Read El logo\">Llegeix m\u00e9s\u00bb<\/a><\/p>\n","protected":false},"author":1,"featured_media":0,"parent":10936,"menu_order":30,"comment_status":"closed","ping_status":"closed","template":"page-templates\/side-menu.php","meta":{"_bbp_topic_count":0,"_bbp_reply_count":0,"_bbp_total_topic_count":0,"_bbp_total_reply_count":0,"_bbp_voice_count":0,"_bbp_anonymous_reply_count":0,"_bbp_topic_count_hidden":0,"_bbp_reply_count_hidden":0,"_bbp_forum_subforum_count":0,"footnotes":""},"class_list":["post-2059","page","type-page","status-publish","hentry"],"post_mailing_queue_ids":[],"_links":{"self":[{"href":"https:\/\/agora.xtec.cat\/nodes\/wp-json\/wp\/v2\/pages\/2059","targetHints":{"allow":["GET"]}}],"collection":[{"href":"https:\/\/agora.xtec.cat\/nodes\/wp-json\/wp\/v2\/pages"}],"about":[{"href":"https:\/\/agora.xtec.cat\/nodes\/wp-json\/wp\/v2\/types\/page"}],"author":[{"embeddable":true,"href":"https:\/\/agora.xtec.cat\/nodes\/wp-json\/wp\/v2\/users\/1"}],"replies":[{"embeddable":true,"href":"https:\/\/agora.xtec.cat\/nodes\/wp-json\/wp\/v2\/comments?post=2059"}],"version-history":[{"count":3,"href":"https:\/\/agora.xtec.cat\/nodes\/wp-json\/wp\/v2\/pages\/2059\/revisions"}],"predecessor-version":[{"id":2840,"href":"https:\/\/agora.xtec.cat\/nodes\/wp-json\/wp\/v2\/pages\/2059\/revisions\/2840"}],"up":[{"embeddable":true,"href":"https:\/\/agora.xtec.cat\/nodes\/wp-json\/wp\/v2\/pages\/10936"}],"wp:attachment":[{"href":"https:\/\/agora.xtec.cat\/nodes\/wp-json\/wp\/v2\/media?parent=2059"}],"curies":[{"name":"wp","href":"https:\/\/api.w.org\/{rel}","templated":true}]}}