{"id":2057,"date":"2015-11-07T00:54:27","date_gmt":"2015-11-06T23:54:27","guid":{"rendered":"http:\/\/agora.xtec.cat\/nodes\/?page_id=2057"},"modified":"2020-06-19T19:02:48","modified_gmt":"2020-06-19T17:02:48","slug":"el-lema","status":"publish","type":"page","link":"https:\/\/agora.xtec.cat\/nodes\/llibre-destil\/identificant-el-centre\/el-lema\/","title":{"rendered":"El lema"},"content":{"rendered":"<p><strong>No deixeu el vostre espai sense lema<br \/>\n<\/strong>Podeu demanar opini\u00f3 al claustre o als alumnes<\/p>\n<p><a href=\"http:\/\/agora.xtec.cat\/nodes\/wp-content\/uploads\/usu135\/2015\/11\/sensealumne1.jpg\"><img loading=\"lazy\" decoding=\"async\" class=\"alignnone wp-image-2105\" src=\"http:\/\/agora.xtec.cat\/nodes\/wp-content\/uploads\/usu135\/2015\/11\/sensealumne1.jpg\" alt=\"sensealumne\" width=\"466\" height=\"161\" srcset=\"https:\/\/agora.xtec.cat\/nodes\/wp-content\/uploads\/usu135\/2015\/11\/sensealumne1.jpg 495w, https:\/\/agora.xtec.cat\/nodes\/wp-content\/uploads\/usu135\/2015\/11\/sensealumne1-300x104.jpg 300w\" sizes=\"auto, (max-width: 466px) 100vw, 466px\" \/><\/a><\/p>\n<p><strong>Eviteu lemes redundants:<\/strong><\/p>\n<p><a href=\"http:\/\/agora.xtec.cat\/nodes\/wp-content\/uploads\/usu135\/2015\/11\/lemaredundant.jpg\"><img loading=\"lazy\" decoding=\"async\" class=\"alignnone wp-image-2102\" src=\"http:\/\/agora.xtec.cat\/nodes\/wp-content\/uploads\/usu135\/2015\/11\/lemaredundant.jpg\" alt=\"lemaredundant\" width=\"461\" height=\"159\" srcset=\"https:\/\/agora.xtec.cat\/nodes\/wp-content\/uploads\/usu135\/2015\/11\/lemaredundant.jpg 495w, https:\/\/agora.xtec.cat\/nodes\/wp-content\/uploads\/usu135\/2015\/11\/lemaredundant-300x104.jpg 300w\" sizes=\"auto, (max-width: 461px) 100vw, 461px\" \/><\/a><\/p>\n<p><a href=\"http:\/\/agora.xtec.cat\/nodes\/wp-content\/uploads\/usu135\/2015\/11\/lemaredundant2.png\"><img loading=\"lazy\" decoding=\"async\" class=\"alignnone wp-image-2217\" src=\"http:\/\/agora.xtec.cat\/nodes\/wp-content\/uploads\/usu135\/2015\/11\/lemaredundant2.png\" alt=\"lemaredundant2\" width=\"461\" height=\"160\" srcset=\"https:\/\/agora.xtec.cat\/nodes\/wp-content\/uploads\/usu135\/2015\/11\/lemaredundant2.png 496w, https:\/\/agora.xtec.cat\/nodes\/wp-content\/uploads\/usu135\/2015\/11\/lemaredundant2-300x104.png 300w\" sizes=\"auto, (max-width: 461px) 100vw, 461px\" \/><\/a><\/p>\n<p>Els lemes poden ser:<\/p>\n<ul>\n<li><strong>Context:<\/strong> relacionat amb els estudis i\/o ubicaci\u00f3 del centre<br \/>\nESO i Batxillerat al barri de la Bonaigua<br \/>\nEscola p\u00fablica a Matar\u00f3<br \/>\n<span style=\"font-family: inherit; font-size: 1em; line-height: 1.6;\">Matar\u00f3<br \/>\n&#8230;<\/span><\/li>\n<li><strong>Trets d&#8217;identitat:<\/strong><br \/>\nEscola Fundada l&#8217;any 1940<br \/>\nEducaci\u00f3 en valors i tracte personalitzat<br \/>\nTreballem per projectes<br \/>\n&#8230;<\/li>\n<li><strong>Cites<br \/>\n<\/strong>L&#8217;educaci\u00f3 \u00e9s l&#8217;arma m\u00e9s poderosa per canviar el m\u00f3n (Mandela)<br \/>\nDiga\u2019m i ho oblido, ensenya\u2019m i ho recordo, involucra\u2019m i ho aprenc. (B. Franklin)<br \/>\n&#8230;<\/li>\n<li><strong>Esl\u00f2gans<br \/>\n<\/strong>Fent persones<br \/>\nUn m\u00f3n per descobrir<br \/>\n&#8230;<\/li>\n<\/ul>\n<p><a href=\"http:\/\/agora.xtec.cat\/nodes\/wp-content\/uploads\/usu135\/2015\/11\/lemes.jpg\"><img loading=\"lazy\" decoding=\"async\" class=\"alignnone size-full wp-image-2107\" src=\"http:\/\/agora.xtec.cat\/nodes\/wp-content\/uploads\/usu135\/2015\/11\/lemes.jpg\" alt=\"lemes\" width=\"916\" height=\"496\" srcset=\"https:\/\/agora.xtec.cat\/nodes\/wp-content\/uploads\/usu135\/2015\/11\/lemes.jpg 916w, https:\/\/agora.xtec.cat\/nodes\/wp-content\/uploads\/usu135\/2015\/11\/lemes-300x162.jpg 300w\" sizes=\"auto, (max-width: 916px) 100vw, 916px\" \/><\/a><\/p>\n<p>Tamb\u00e9 podeu escriure missatges relacionats amb <strong>esdeveniments<\/strong> o <strong>l&#8217;\u00e8poca de l&#8217;any<\/strong>:<\/p>\n<p><a href=\"http:\/\/agora.xtec.cat\/nodes\/wp-content\/uploads\/usu135\/2015\/11\/bones-vacances.png\"><img loading=\"lazy\" decoding=\"async\" class=\"alignnone wp-image-2109\" src=\"http:\/\/agora.xtec.cat\/nodes\/wp-content\/uploads\/usu135\/2015\/11\/bones-vacances.png\" alt=\"bones vacances\" width=\"317\" height=\"155\" srcset=\"https:\/\/agora.xtec.cat\/nodes\/wp-content\/uploads\/usu135\/2015\/11\/bones-vacances.png 351w, https:\/\/agora.xtec.cat\/nodes\/wp-content\/uploads\/usu135\/2015\/11\/bones-vacances-300x146.png 300w\" sizes=\"auto, (max-width: 317px) 100vw, 317px\" \/><\/a>\u00a0\u00a0<a href=\"http:\/\/agora.xtec.cat\/nodes\/wp-content\/uploads\/usu135\/2015\/11\/dona.png\">\u00a0<\/a><a href=\"http:\/\/agora.xtec.cat\/nodes\/wp-content\/uploads\/usu135\/2015\/11\/dona.png\">\u00a0<\/a><\/p>\n<p><a href=\"http:\/\/agora.xtec.cat\/nodes\/wp-content\/uploads\/usu135\/2015\/11\/dona.png\"><img loading=\"lazy\" decoding=\"async\" class=\"alignnone wp-image-2115\" src=\"http:\/\/agora.xtec.cat\/nodes\/wp-content\/uploads\/usu135\/2015\/11\/santjordi.png\" alt=\"santjordi\" width=\"315\" height=\"153\" srcset=\"https:\/\/agora.xtec.cat\/nodes\/wp-content\/uploads\/usu135\/2015\/11\/santjordi.png 350w, https:\/\/agora.xtec.cat\/nodes\/wp-content\/uploads\/usu135\/2015\/11\/santjordi-300x146.png 300w\" sizes=\"auto, (max-width: 315px) 100vw, 315px\" \/><\/a><\/p>\n<p><a href=\"http:\/\/agora.xtec.cat\/nodes\/wp-content\/uploads\/usu135\/2015\/11\/Selecci\u00f3_999038.png\"><img loading=\"lazy\" decoding=\"async\" class=\"alignnone size-full wp-image-2323\" src=\"http:\/\/agora.xtec.cat\/nodes\/wp-content\/uploads\/usu135\/2015\/11\/Selecci\u00f3_999038.png\" alt=\"Selecci\u00f3_999(038)\" width=\"315\" height=\"154\" srcset=\"https:\/\/agora.xtec.cat\/nodes\/wp-content\/uploads\/usu135\/2015\/11\/Selecci\u00f3_999038.png 315w, https:\/\/agora.xtec.cat\/nodes\/wp-content\/uploads\/usu135\/2015\/11\/Selecci\u00f3_999038-300x147.png 300w\" sizes=\"auto, (max-width: 315px) 100vw, 315px\" \/><\/a><\/p>\n<p><a href=\"http:\/\/agora.xtec.cat\/nodes\/wp-content\/uploads\/usu135\/2015\/11\/tardor.png\"><img loading=\"lazy\" decoding=\"async\" class=\"alignnone wp-image-2111\" src=\"http:\/\/agora.xtec.cat\/nodes\/wp-content\/uploads\/usu135\/2015\/11\/tardor.png\" alt=\"tardor\" width=\"313\" height=\"151\" srcset=\"https:\/\/agora.xtec.cat\/nodes\/wp-content\/uploads\/usu135\/2015\/11\/tardor.png 349w, https:\/\/agora.xtec.cat\/nodes\/wp-content\/uploads\/usu135\/2015\/11\/tardor-300x145.png 300w\" sizes=\"auto, (max-width: 313px) 100vw, 313px\" \/><\/a><\/p>\n<p><a href=\"http:\/\/agora.xtec.cat\/nodes\/wp-content\/uploads\/usu135\/2015\/11\/diada.png\"><img loading=\"lazy\" decoding=\"async\" class=\"alignnone wp-image-2114\" src=\"http:\/\/agora.xtec.cat\/nodes\/wp-content\/uploads\/usu135\/2015\/11\/diada.png\" alt=\"diada\" width=\"313\" height=\"152\" srcset=\"https:\/\/agora.xtec.cat\/nodes\/wp-content\/uploads\/usu135\/2015\/11\/diada.png 350w, https:\/\/agora.xtec.cat\/nodes\/wp-content\/uploads\/usu135\/2015\/11\/diada-300x146.png 300w\" sizes=\"auto, (max-width: 313px) 100vw, 313px\" \/><\/a><\/p>\n<p><a href=\"http:\/\/agora.xtec.cat\/nodes\/wp-content\/uploads\/usu135\/2015\/11\/bonnadal1.png\"><img loading=\"lazy\" decoding=\"async\" class=\"alignnone wp-image-2118\" src=\"http:\/\/agora.xtec.cat\/nodes\/wp-content\/uploads\/usu135\/2015\/11\/bonnadal1.png\" alt=\"bonnadal1\" width=\"313\" height=\"152\" srcset=\"https:\/\/agora.xtec.cat\/nodes\/wp-content\/uploads\/usu135\/2015\/11\/bonnadal1.png 351w, https:\/\/agora.xtec.cat\/nodes\/wp-content\/uploads\/usu135\/2015\/11\/bonnadal1-300x145.png 300w\" sizes=\"auto, (max-width: 313px) 100vw, 313px\" \/><\/a><\/p>\n<p>Eviteu intercalar l\u00ednies en blanc entre les paraules.<\/p>\n<p><a href=\"http:\/\/agora.xtec.cat\/nodes\/wp-content\/uploads\/usu135\/2015\/11\/espais.png\"><img loading=\"lazy\" decoding=\"async\" class=\"alignnone wp-image-2226\" src=\"http:\/\/agora.xtec.cat\/nodes\/wp-content\/uploads\/usu135\/2015\/11\/espais.png\" alt=\"espais\" width=\"442\" height=\"155\" srcset=\"https:\/\/agora.xtec.cat\/nodes\/wp-content\/uploads\/usu135\/2015\/11\/espais.png 493w, https:\/\/agora.xtec.cat\/nodes\/wp-content\/uploads\/usu135\/2015\/11\/espais-300x105.png 300w\" sizes=\"auto, (max-width: 442px) 100vw, 442px\" \/><\/a><\/p>\n<p><a href=\"http:\/\/agora.xtec.cat\/nodes\/wp-content\/uploads\/usu135\/2015\/11\/senseespais.png\"><img loading=\"lazy\" decoding=\"async\" class=\"alignnone wp-image-2227\" src=\"http:\/\/agora.xtec.cat\/nodes\/wp-content\/uploads\/usu135\/2015\/11\/senseespais.png\" alt=\"senseespais\" width=\"442\" height=\"154\" srcset=\"https:\/\/agora.xtec.cat\/nodes\/wp-content\/uploads\/usu135\/2015\/11\/senseespais.png 494w, https:\/\/agora.xtec.cat\/nodes\/wp-content\/uploads\/usu135\/2015\/11\/senseespais-300x104.png 300w\" sizes=\"auto, (max-width: 442px) 100vw, 442px\" \/><\/a><\/p>\n","protected":false},"excerpt":{"rendered":"<p>No deixeu el vostre espai sense lema<br \/>\nPodeu demanar opini\u00f3 al claustre o als alumnes<br \/>\n<a href=\"http:\/\/agora.xtec.cat\/nodes\/wp-content\/uploads\/usu135\/2015\/11\/sensealumne1.jpg\"><\/a><br \/>\nEviteu lemes redundants:<br \/>\n<a href=\"http:\/\/agora.xtec.cat\/nodes\/wp-content\/uploads\/usu135\/2015\/11\/lemaredundant.jpg\"><\/a><br \/>\n<a href=\"http:\/\/agora.xtec.cat\/nodes\/wp-content\/uploads\/usu135\/2015\/11\/lemaredundant2.png\"><\/a><br \/>\nEls lemes poden ser:<\/p>\n<ul>\n<li>Context: relacionat amb els estudis i\/o ubicaci\u00f3 del centre<br \/>\nESO i Batxillerat al barri de la Bonaigua<br \/>\nEscola p\u00fablica a Matar\u00f3<br \/>\nMatar\u00f3<br \/>\n&#8230;<\/li>\n<li>Trets d&#8217;identitat:<br \/>\nEscola Fundada l&#8217;any 1940<br \/>\nEducaci\u00f3 en&hellip;  <a href=\"https:\/\/agora.xtec.cat\/nodes\/llibre-destil\/identificant-el-centre\/el-lema\/\" title=\"Read El lema\">Llegeix m\u00e9s\u00bb<\/a><\/p>\n","protected":false},"author":1,"featured_media":0,"parent":10936,"menu_order":20,"comment_status":"closed","ping_status":"closed","template":"page-templates\/side-menu.php","meta":{"_bbp_topic_count":0,"_bbp_reply_count":0,"_bbp_total_topic_count":0,"_bbp_total_reply_count":0,"_bbp_voice_count":0,"_bbp_anonymous_reply_count":0,"_bbp_topic_count_hidden":0,"_bbp_reply_count_hidden":0,"_bbp_forum_subforum_count":0,"footnotes":""},"class_list":["post-2057","page","type-page","status-publish","hentry"],"post_mailing_queue_ids":[],"_links":{"self":[{"href":"https:\/\/agora.xtec.cat\/nodes\/wp-json\/wp\/v2\/pages\/2057","targetHints":{"allow":["GET"]}}],"collection":[{"href":"https:\/\/agora.xtec.cat\/nodes\/wp-json\/wp\/v2\/pages"}],"about":[{"href":"https:\/\/agora.xtec.cat\/nodes\/wp-json\/wp\/v2\/types\/page"}],"author":[{"embeddable":true,"href":"https:\/\/agora.xtec.cat\/nodes\/wp-json\/wp\/v2\/users\/1"}],"replies":[{"embeddable":true,"href":"https:\/\/agora.xtec.cat\/nodes\/wp-json\/wp\/v2\/comments?post=2057"}],"version-history":[{"count":4,"href":"https:\/\/agora.xtec.cat\/nodes\/wp-json\/wp\/v2\/pages\/2057\/revisions"}],"predecessor-version":[{"id":2839,"href":"https:\/\/agora.xtec.cat\/nodes\/wp-json\/wp\/v2\/pages\/2057\/revisions\/2839"}],"up":[{"embeddable":true,"href":"https:\/\/agora.xtec.cat\/nodes\/wp-json\/wp\/v2\/pages\/10936"}],"wp:attachment":[{"href":"https:\/\/agora.xtec.cat\/nodes\/wp-json\/wp\/v2\/media?parent=2057"}],"curies":[{"name":"wp","href":"https:\/\/api.w.org\/{rel}","templated":true}]}}