{"id":1600,"date":"2015-06-26T17:37:22","date_gmt":"2015-06-26T16:37:22","guid":{"rendered":"http:\/\/agora.xtec.cat\/nodes\/?page_id=1600"},"modified":"2017-07-06T13:28:58","modified_gmt":"2017-07-06T11:28:58","slug":"hola-xarxa","status":"publish","type":"page","link":"https:\/\/agora.xtec.cat\/nodes\/taller\/hola-xarxa\/","title":{"rendered":"6. Hola xarxa"},"content":{"rendered":"<p><iframe loading=\"lazy\" src=\"https:\/\/player.vimeo.com\/video\/158842890\" width=\"640\" height=\"400\" frameborder=\"0\" webkitallowfullscreen mozallowfullscreen allowfullscreen><\/iframe><\/p>\n<p>Abans de posar en marxa la\u00a0vostra\u00a0xarxa, visitarem una xarxa ja creada i interactuarem amb els diferents elements.<\/p>\n<p><strong>Conceptes previs<\/strong><\/p>\n<ul>\n<li>La xarxa \u00e9s privada, no es pot fer p\u00fablica.\u00a0Per entrar a la xarxa \u00e9s necessari validar-se.<\/li>\n<li>La validaci\u00f3 d&#8217;usuaris es pot fer contra:\n<ul>\n<li><strong>Moodle<\/strong> (els usuaris han d&#8217;estar creats pr\u00e8viament a Moodle)<\/li>\n<li><strong>Google<\/strong> (usuaris de Gmail o XTEC)<\/li>\n<li><strong>Google Apps per Educaci\u00f3<\/strong> (usuaris Gmail per\u00f2 amb domini propi. Ex. jmeler@ies-sabadell.cat)<\/li>\n<li><strong>Nodes<\/strong> (usuaris creats a WordPress)\n<ul>\n<li>Manualment (un a un)<\/li>\n<li>Massivament mitjan\u00e7ant un fitxer CSV<\/li>\n<\/ul>\n<\/li>\n<\/ul>\n<\/li>\n<\/ul>\n<p><strong>Tasques<\/strong><\/p>\n<ol>\n<ol>\n<li>V\u00e9s a\u00a0<a href=\"http:\/\/agora.xtec.cat\/nodes\/activitat\/\">http:\/\/agora.xtec.cat\/nodes\/activitat\/<\/a> i fes clic a la icona de Google<\/li>\n<li>Comprova que pots entrar amb el teu usuari XTEC<\/li>\n<\/ol>\n<\/ol>\n<div class=\"observa\">\n<p>Observa que:<\/p>\n<ul>\n<li>Nodes ha creat autom\u00e0ticament el teu usuari<\/li>\n<li>Pots canviar la foto i el teu nom a l&#8217;opci\u00f3 <strong>Edita el perfil<\/strong> (desplegant el men\u00fa del teu usuari, a dalt a la dreta)<\/li>\n<li>Pots definir els dominis autoritzats per entrar a la xarxa. En aquest cas, nom\u00e9s poden entrar usuaris amb domini xtec.cat<\/li>\n<\/ul>\n<\/div>\n<ol>\n<ol>\n<li>Escriu un missatge al mur general. Si no trobeu la caixa per escriure, aviseu en aquest <a href=\"http:\/\/agora.xtec.cat\/moodle\/moodle\/mod\/forum\/discuss.php?d=69206\" target=\"_blank\">fil del f\u00f2rum<\/a><\/li>\n<li>Contesta el missatge d&#8217;un altre usuari<\/li>\n<li>Penja un missatge nou al mur amb una imatge<\/li>\n<li>Penja un missatge recomanant una web (ex. http:\/\/agora.xtec.cat\/nodes)<\/li>\n<\/ol>\n<\/ol>\n<div class=\"observa\">\n<p>Observa que:<\/p>\n<ul>\n<li>Pots triar una imatge miniatura representativa de la web (dep\u00e8n de la web)<\/li>\n<\/ul>\n<\/div>\n<ol>\n<ol>\n<li>Penja un missatge amb un v\u00eddeo de youtube qualsevol<\/li>\n<li>Entra en el node <strong>M\u00fasica<\/strong> i envia un missatge (del tipus que vulguis)<\/li>\n<\/ol>\n<\/ol>\n<div class=\"observa\">\n<p>Observa que:<\/p>\n<ul>\n<li>Has pogut entrar al node <strong>M\u00fasica<\/strong> directament. La ra\u00f3 es que el node <strong>M\u00fasica<\/strong> \u00e9s un node p\u00fablic<\/li>\n<li>El teu missatge al node <strong>M\u00fasica<\/strong> es replica directament al <strong>Mur general<\/strong>, pestanya <strong>Tots els membres<\/strong>, que vol dir que ho pot veure tothom<\/li>\n<\/ul>\n<\/div>\n<ol>\n<li>Demana l&#8217;entrada al node <strong>TACS<\/strong>.\n<div class=\"observa\">\n<p>Observa que:<\/p>\n<ul>\n<li>No pots entrar directament perqu\u00e8 \u00e9s un node <strong>privat<\/strong><\/li>\n<li>Quan l&#8217;administrador o moderador del node et confirmi, rebr\u00e0s un correu electr\u00f2nic<\/li>\n<\/ul>\n<\/div>\n<\/li>\n<li>Quan ja hagis rebut el correu, entra en el node TACS i escriu un missatge en el mur del Node.\n<div class=\"observa\">\n<p>Observa que:<\/p>\n<ul>\n<li>No es replica al mur general, pestanya <strong>Tots els membres<\/strong><\/li>\n<li>Pots veure el missatge replicat al mur general, pestanya <strong>Els meus nodes<\/strong><\/li>\n<\/ul>\n<\/div>\n<\/li>\n<li>Obre un tema nou al f\u00f2rum del node TACS<\/li>\n<li>Respon un tema ja existent del f\u00f2rum del node TACS\n<div class=\"observa\">\n<p>Observa que:<\/p>\n<ul>\n<li>Tota l&#8217;activitat es replica al mur del node<\/li>\n<li>No es pot contestar al mur un missatge generat al f\u00f2rum<\/li>\n<li>El mur \u00e9s convenient per missatges i converses r\u00e0pides. El f\u00f2rum \u00e9s millor per debats m\u00e9s profunds (tot queda m\u00e9s ordenat)<\/li>\n<\/ul>\n<\/div>\n<\/li>\n<li>Demana amistat a 2 o m\u00e9s usuaris.<\/li>\n<li>Envia un missatge privat a cada usuari.<\/li>\n<li>Respon als missatges d&#8217;altres usuaris<\/li>\n<\/ol>\n","protected":false},"excerpt":{"rendered":"<p>Abans de posar en marxa la\u00a0vostra\u00a0xarxa, visitarem una xarxa ja creada i interactuarem amb els diferents elements.<br \/>\nConceptes previs<\/p>\n<ul>\n<li>La xarxa \u00e9s privada, no es pot fer p\u00fablica.\u00a0Per entrar a la xarxa \u00e9s necessari validar-se.<\/li>\n<li>La validaci\u00f3 d&#8217;usuaris es pot fer contra:\n<ul>\n<li>Moodle (els usuaris han d&#8217;estar creats pr\u00e8viament&hellip;  <a href=\"https:\/\/agora.xtec.cat\/nodes\/taller\/hola-xarxa\/\" title=\"Read 6. Hola xarxa\">Llegeix m\u00e9s\u00bb<\/a><br \/>\n","protected":false},"author":1,"featured_media":0,"parent":1531,"menu_order":50,"comment_status":"closed","ping_status":"closed","template":"page-templates\/side-menu.php","meta":{"_bbp_topic_count":0,"_bbp_reply_count":0,"_bbp_total_topic_count":0,"_bbp_total_reply_count":0,"_bbp_voice_count":0,"_bbp_anonymous_reply_count":0,"_bbp_topic_count_hidden":0,"_bbp_reply_count_hidden":0,"_bbp_forum_subforum_count":0,"footnotes":""},"class_list":["post-1600","page","type-page","status-publish","hentry"],"post_mailing_queue_ids":[],"_links":{"self":[{"href":"https:\/\/agora.xtec.cat\/nodes\/wp-json\/wp\/v2\/pages\/1600","targetHints":{"allow":["GET"]}}],"collection":[{"href":"https:\/\/agora.xtec.cat\/nodes\/wp-json\/wp\/v2\/pages"}],"about":[{"href":"https:\/\/agora.xtec.cat\/nodes\/wp-json\/wp\/v2\/types\/page"}],"author":[{"embeddable":true,"href":"https:\/\/agora.xtec.cat\/nodes\/wp-json\/wp\/v2\/users\/1"}],"replies":[{"embeddable":true,"href":"https:\/\/agora.xtec.cat\/nodes\/wp-json\/wp\/v2\/comments?post=1600"}],"version-history":[{"count":4,"href":"https:\/\/agora.xtec.cat\/nodes\/wp-json\/wp\/v2\/pages\/1600\/revisions"}],"predecessor-version":[{"id":9343,"href":"https:\/\/agora.xtec.cat\/nodes\/wp-json\/wp\/v2\/pages\/1600\/revisions\/9343"}],"up":[{"embeddable":true,"href":"https:\/\/agora.xtec.cat\/nodes\/wp-json\/wp\/v2\/pages\/1531"}],"wp:attachment":[{"href":"https:\/\/agora.xtec.cat\/nodes\/wp-json\/wp\/v2\/media?parent=1600"}],"curies":[{"name":"wp","href":"https:\/\/api.w.org\/{rel}","templated":true}]}}