{"id":1597,"date":"2015-06-26T17:34:52","date_gmt":"2015-06-26T16:34:52","guid":{"rendered":"http:\/\/agora.xtec.cat\/nodes\/?page_id=1597"},"modified":"2017-07-06T20:47:13","modified_gmt":"2017-07-06T18:47:13","slug":"creacio-de-pagines","status":"publish","type":"page","link":"https:\/\/agora.xtec.cat\/nodes\/taller\/creacio-de-pagines\/","title":{"rendered":"5. Creaci\u00f3 de p\u00e0gines"},"content":{"rendered":"<p><iframe loading=\"lazy\" src=\"https:\/\/player.vimeo.com\/video\/153711460\" width=\"640\" height=\"400\" frameborder=\"0\" allowfullscreen=\"allowfullscreen\"><\/iframe><\/p>\n<p><strong>Conceptes previs<\/strong><\/p>\n<ul>\n<li>Les p\u00e0gines no es poden classificar en categories ni etiquetar<\/li>\n<li>\u00c9s possible establir una<strong> jerarquia entre p\u00e0gines<\/strong>. Al visitar una p\u00e0gina mare, es pot mostrar un men\u00fa a l&#8217;esquerra amb les subp\u00e0gines (un exemple \u00e9s aquesta mateixa p\u00e0gina, que \u00e9s una subp\u00e0gina de la p\u00e0gina <strong>Taller de Nodes<\/strong>)<\/li>\n<li>Es\u00a0pot canviar l&#8217;ordre de les subp\u00e0gines al men\u00fa lateral d&#8217;una p\u00e0gina<\/li>\n<li>A una p\u00e0gina, hi ha varis modes de visualitzaci\u00f3 de la barra lateral:\n<ul>\n<li><strong>Subp\u00e0gines:<\/strong> es mostren les subp\u00e0gines en una llista (com a exemple, aquesta p\u00e0gina mateix)<\/li>\n<li><strong>Ginys:<\/strong> Enlloc del men\u00fa de subp\u00e0gines, podem mostrar ginys.<\/li>\n<li><strong>Sense barra lateral: <\/strong>la p\u00e0gina es mostra a amplada sencera.<\/li>\n<\/ul>\n<\/li>\n<\/ul>\n<p><strong>Tasques<\/strong><\/p>\n<ol>\n<ol>\n<li>Crea una p\u00e0gina nova amb t\u00edtol: <strong>Biblioteca<\/strong> amb el seg\u00fcent contingut:<br \/>\n<blockquote>\n<ul>\n<li>Cada persona es pot emportar en pr\u00e9stec fins a 3 llibres o CD per un termini\u00a0de dues setmanes.<\/li>\n<li>Les pel\u00b7l\u00edcules (DVD) es prestaran els divendres i es tornaran el dilluns\u00a0seg\u00fcent.<\/li>\n<li>Tanmateix, un professor pot autoritzar un alumne d\u2019endur-se el material que\u00a0cregui necessari per raons d\u2019estudi.<\/li>\n<li>Passat el seu termini, qualsevol document en pr\u00e9stec pot ser renovat,\u00a0sempre i quan cap altre usuari no l\u2019hagi reservat. La renovaci\u00f3 es fa a la\u00a0biblioteca.<\/li>\n<\/ul>\n<\/blockquote>\n<\/li>\n<li>A la caixa <strong>Atributs de la p\u00e0gina<\/strong>, tria com a p\u00e0gina\u00a0mare <strong>Serveis. <\/strong>Visita la p\u00e0gina.<\/li>\n<\/ol>\n<\/ol>\n<div class=\"observa\">\n<p>Observa que:<\/p>\n<ul>\n<li>No es mostra cap men\u00fa a la barra lateral esquerra<\/li>\n<li>Si visites la p\u00e0gina <strong>Serveis<\/strong>, s\u00ed que apareix la subp\u00e0gina <strong>Biblioteca<\/strong> a dalt de tot<\/li>\n<li>L&#8217;apartat <strong>Serveis<\/strong> del men\u00fa superior no inclou la subp\u00e0gina<\/li>\n<\/ul>\n<\/div>\n<ol>\n<ol>\n<li>Edita de nou la p\u00e0gina i a la caixa <strong>Atributs de la p\u00e0gina<\/strong> -&gt; Plantilla tria <strong>Barra esquerra (Subp\u00e0gines)<\/strong>, a <strong>Ordre<\/strong>, escriu el n\u00famero <strong>60<\/strong>. Visita la p\u00e0gina.<\/li>\n<\/ol>\n<\/ol>\n<div class=\"observa\">\n<p>Observa que:<\/p>\n<ul>\n<li>Ara ja es mostra el men\u00fa de subp\u00e0gines a la barra lateral<\/li>\n<li>Al men\u00fa de subp\u00e0gines, la subp\u00e0gina <strong>Biblioteca<\/strong> ara apareix al final de tot<\/li>\n<li>Hem configurat 60 perqu\u00e8 la darrera subp\u00e0gina al men\u00fa (Transport Escola) t\u00e9 el valor 50. Pots posar els valors que vulguis 1, 2, 3 &#8230; 10, 20, 30&#8230; 100, 200, 300 i WordPress els mostrar\u00e0 en ordre.<\/li>\n<\/ul>\n<\/div>\n<ol>\n<li>Edita de nou la p\u00e0gina i a la caixa <strong>Atributs de la p\u00e0gina<\/strong> -&gt; Plantilla tria <strong>Plantilla predeterminada<\/strong>. A la caixa <strong>Esquema<\/strong> tria <strong>Sense barres laterals<\/strong>. Visita la p\u00e0gina.\n<div class=\"observa\">\n<p>Observa que:<\/p>\n<ul>\n<li>No es mostra cap barra lateral donant tot l&#8217;espai a la p\u00e0gina<\/li>\n<li><a title=\"Sistema de reserves\" href=\"http:\/\/agora.xtec.cat\/demoinstitut\/serveis\/reserves-daula-i-recursos\/\">Exemple d&#8217;\u00fas<\/a><\/li>\n<li>L&#8217;apartat <strong>Serveis<\/strong> del men\u00fa superior no inclou la subp\u00e0gina<\/li>\n<\/ul>\n<\/div>\n<\/li>\n<li>Ves a <strong>Tauler<\/strong> -&gt; <strong>Aparen\u00e7a<\/strong> -&gt; <strong>Men\u00fas<\/strong>. Selecciona el men\u00fa <strong>Men\u00fa principal (Main Menu)<\/strong>.<\/li>\n<li>A la caixa de l&#8217;esquerra, pestanya <strong>P\u00e0gines<\/strong>, selecciona la p\u00e0gina <strong>Biblioteca<\/strong> i fes clic al bot\u00f3 <strong>Afegeix al men\u00fa<\/strong>.<\/li>\n<li>Mou l&#8217;element del men\u00fa <strong>Biblioteca<\/strong> sota l&#8217;element <strong>Transport escola <\/strong> (apartat <strong>Serveis<\/strong>)\n<div class=\"observa\">\n<p>Observa que:<\/p>\n<ul>\n<li>El men\u00fa superior \u00e9s independent del men\u00fa de subp\u00e0gines<\/li>\n<\/ul>\n<\/div>\n<\/li>\n<\/ol>\n","protected":false},"excerpt":{"rendered":"<p>Conceptes previs<\/p>\n<ul>\n<li>Les p\u00e0gines no es poden classificar en categories ni etiquetar<\/li>\n<li>\u00c9s possible establir una jerarquia entre p\u00e0gines. Al visitar una p\u00e0gina mare, es pot mostrar un men\u00fa a l&#8217;esquerra amb les subp\u00e0gines (un exemple \u00e9s aquesta mateixa p\u00e0gina, que \u00e9s una subp\u00e0gina de la p\u00e0gina&hellip;  <a href=\"https:\/\/agora.xtec.cat\/nodes\/taller\/creacio-de-pagines\/\" title=\"Read 5. Creaci\u00f3 de p\u00e0gines\">Llegeix m\u00e9s\u00bb<\/a><br \/>\n","protected":false},"author":1,"featured_media":0,"parent":1531,"menu_order":40,"comment_status":"closed","ping_status":"closed","template":"page-templates\/side-menu.php","meta":{"_bbp_topic_count":0,"_bbp_reply_count":0,"_bbp_total_topic_count":0,"_bbp_total_reply_count":0,"_bbp_voice_count":0,"_bbp_anonymous_reply_count":0,"_bbp_topic_count_hidden":0,"_bbp_reply_count_hidden":0,"_bbp_forum_subforum_count":0,"footnotes":""},"class_list":["post-1597","page","type-page","status-publish","hentry"],"post_mailing_queue_ids":[],"_links":{"self":[{"href":"https:\/\/agora.xtec.cat\/nodes\/wp-json\/wp\/v2\/pages\/1597","targetHints":{"allow":["GET"]}}],"collection":[{"href":"https:\/\/agora.xtec.cat\/nodes\/wp-json\/wp\/v2\/pages"}],"about":[{"href":"https:\/\/agora.xtec.cat\/nodes\/wp-json\/wp\/v2\/types\/page"}],"author":[{"embeddable":true,"href":"https:\/\/agora.xtec.cat\/nodes\/wp-json\/wp\/v2\/users\/1"}],"replies":[{"embeddable":true,"href":"https:\/\/agora.xtec.cat\/nodes\/wp-json\/wp\/v2\/comments?post=1597"}],"version-history":[{"count":4,"href":"https:\/\/agora.xtec.cat\/nodes\/wp-json\/wp\/v2\/pages\/1597\/revisions"}],"predecessor-version":[{"id":9341,"href":"https:\/\/agora.xtec.cat\/nodes\/wp-json\/wp\/v2\/pages\/1597\/revisions\/9341"}],"up":[{"embeddable":true,"href":"https:\/\/agora.xtec.cat\/nodes\/wp-json\/wp\/v2\/pages\/1531"}],"wp:attachment":[{"href":"https:\/\/agora.xtec.cat\/nodes\/wp-json\/wp\/v2\/media?parent=1597"}],"curies":[{"name":"wp","href":"https:\/\/api.w.org\/{rel}","templated":true}]}}