{"id":1571,"date":"2015-06-26T15:36:25","date_gmt":"2015-06-26T14:36:25","guid":{"rendered":"http:\/\/agora.xtec.cat\/nodes\/?page_id=1571"},"modified":"2017-07-07T05:56:37","modified_gmt":"2017-07-07T03:56:37","slug":"les-categories-com-a-blogs","status":"publish","type":"page","link":"https:\/\/agora.xtec.cat\/nodes\/taller\/les-categories-com-a-blogs\/","title":{"rendered":"4. Les categories com a blogs"},"content":{"rendered":"<p><iframe loading=\"lazy\" src=\"https:\/\/player.vimeo.com\/video\/156189767?color=ff0179&amp;title=0&amp;byline=0&amp;portrait=0\" width=\"800\" height=\"500\" frameborder=\"0\" allowfullscreen=\"allowfullscreen\"><\/iframe><\/p>\n<p><strong>Conceptes previs<\/strong><\/p>\n<ul>\n<li>Al fer clic en una <strong>categoria<\/strong>, WordPress genera <strong>autom\u00e0ticament<\/strong> una p\u00e0gina amb els articles d&#8217;aquella categoria.<\/li>\n<li>Es pot escriure contingut abans dels articles<\/li>\n<li>Es poden personalitzar els ginys de la barra lateral <strong>per a cada categoria<\/strong><\/li>\n<li>De manera molt senzilla, una categoria de Nodes pot fer la funci\u00f3 de\u00a0blog de classe, de departament, de projecte&#8230;<\/li>\n<\/ul>\n<p><strong>Tasques<\/strong><\/p>\n<ol>\n<li>A la portada, fes clic sobre la categoria ESO 1 de l&#8217;article <strong>F\u00ed de curs<\/strong><\/li>\n<div class=\"observa\">\n<p>Observa que:<\/p>\n<ul>\n<li>\u00c9s una p\u00e0gina de categoria amb tots els articles que s&#8217;han categoritzat com a ESO 1<\/li>\n<li>La barra esquerra t\u00e9 uns ginys diferents als ginys de portada<\/li>\n<\/ul>\n<\/div>\n<li>Fes clic en el men\u00fa superior, element <strong>Edita categoria<\/strong>.\n<ul>\n<li>A l&#8217;apartat <strong>Imatge<\/strong>, afegeix una fotografia com a nova cap\u00e7alera de la categoria<\/li>\n<li>Insereix una fotografia de la mediateca o un v\u00eddeo de Youtube. Desa i visualitza la p\u00e0gina de la categoria de ESO 1 de nou<\/li>\n<\/ul>\n<\/li>\n<div class=\"observa\">\n<p>Observa que:<\/p>\n<ul>\n<li>Es pot escriure directament a la p\u00e0gina de categoria i el contingut surt a dalt de tot. No \u00e9s un article, \u00e9s simplement contingut HTML que es mostrar\u00e0 sempre abans dels articles. Pots inserir text, v\u00eddeos, fotos, calendaris, etc.<\/li>\n<\/ul>\n<\/div>\n<li>Anem a definir un giny que es visualitzi nom\u00e9s a ESO 1. Ves a <strong>Administraci\u00f3<\/strong> -&gt; <strong>Ginys<\/strong>. Selecciona un giny de tipus <strong>Text<\/strong>:\n<ul>\n<li>Situa aquest giny a dalt de tot de l&#8217;\u00e0rea de ginys <strong>Categories<\/strong>.<\/li>\n<li>Posa com a t\u00edtol <strong>Coordinador ESO 1<\/strong><\/li>\n<li>Com a contingut escriu:<br \/>\n<blockquote><p>Pere Garriga, pgarriga@xtec.cat<\/p><\/blockquote>\n<\/li>\n<\/ul>\n<div class=\"observa\">\n<p>Observa que:<\/p>\n<ul>\n<li>El giny \u00e9s mostra a la categoria ESO 1 per\u00f2 tamb\u00e9 a la resta de categories<\/li>\n<\/ul>\n<\/div>\n<\/li>\n<li>Torna a <strong>Administraci\u00f3<\/strong> -&gt; <strong>Ginys<\/strong> i selecciona el giny <strong>Coordinador ESO 1<\/strong>.<br \/>\nFes clic a <strong>Visibilitat<\/strong>.<br \/>\nTria <strong> Mostra si:<\/strong>, <strong>Categoria<\/strong>, <strong>ESO 1 <\/strong><\/li>\n<div class=\"observa\">\n<p>Observa que:<\/p>\n<ul>\n<li>Ara el giny \u00e9s mostra nom\u00e9s a la categoria ESO 1<\/li>\n<\/ul>\n<\/div>\n<li>Torna a la <strong>Portada<\/strong> i fes clic a la categoria ESO 2A de l&#8217;article <strong>Not\u00edcia 6<\/strong>\n<div class=\"observa\">\n<p>Observa que:<\/p>\n<ul>\n<li>Hi ha una foto del grup (siluetes), un calendari, informaci\u00f3 sobre tutoria i uns enlla\u00e7os. Tot aix\u00f2 forma part d&#8217;un giny que es diu <strong>Grup classe<\/strong><\/li>\n<\/ul>\n<\/div>\n<\/li>\n<li>V\u00e9s a <strong>Administraci\u00f3<\/strong> -&gt; <strong>Personalitza<\/strong>. A la pestanya <strong>Ginys<\/strong>, trobar\u00e0s varis ginys en negreta. S\u00f3n el ginys que apliquen a aquella categoria. Busca el giny <strong>Grup classe<\/strong> de ESO 2A i modifica el seu contingut.<\/li>\n<\/ol>\n","protected":false},"excerpt":{"rendered":"<p>Conceptes previs<\/p>\n<ul>\n<li>Al fer clic en una categoria, WordPress genera autom\u00e0ticament una p\u00e0gina amb els articles d&#8217;aquella categoria.<\/li>\n<li>Es pot escriure contingut abans dels articles<\/li>\n<li>Es poden personalitzar els ginys de la barra lateral per a cada categoria<\/li>\n<li>De manera molt senzilla, una categoria de Nodes pot fer la&hellip;  <a href=\"https:\/\/agora.xtec.cat\/nodes\/taller\/les-categories-com-a-blogs\/\" title=\"Read 4. Les categories com a blogs\">Llegeix m\u00e9s\u00bb<\/a><br \/>\n","protected":false},"author":1,"featured_media":0,"parent":1531,"menu_order":30,"comment_status":"closed","ping_status":"closed","template":"page-templates\/side-menu.php","meta":{"_bbp_topic_count":0,"_bbp_reply_count":0,"_bbp_total_topic_count":0,"_bbp_total_reply_count":0,"_bbp_voice_count":0,"_bbp_anonymous_reply_count":0,"_bbp_topic_count_hidden":0,"_bbp_reply_count_hidden":0,"_bbp_forum_subforum_count":0,"footnotes":""},"class_list":["post-1571","page","type-page","status-publish","hentry"],"post_mailing_queue_ids":[],"_links":{"self":[{"href":"https:\/\/agora.xtec.cat\/nodes\/wp-json\/wp\/v2\/pages\/1571","targetHints":{"allow":["GET"]}}],"collection":[{"href":"https:\/\/agora.xtec.cat\/nodes\/wp-json\/wp\/v2\/pages"}],"about":[{"href":"https:\/\/agora.xtec.cat\/nodes\/wp-json\/wp\/v2\/types\/page"}],"author":[{"embeddable":true,"href":"https:\/\/agora.xtec.cat\/nodes\/wp-json\/wp\/v2\/users\/1"}],"replies":[{"embeddable":true,"href":"https:\/\/agora.xtec.cat\/nodes\/wp-json\/wp\/v2\/comments?post=1571"}],"version-history":[{"count":5,"href":"https:\/\/agora.xtec.cat\/nodes\/wp-json\/wp\/v2\/pages\/1571\/revisions"}],"predecessor-version":[{"id":9361,"href":"https:\/\/agora.xtec.cat\/nodes\/wp-json\/wp\/v2\/pages\/1571\/revisions\/9361"}],"up":[{"embeddable":true,"href":"https:\/\/agora.xtec.cat\/nodes\/wp-json\/wp\/v2\/pages\/1531"}],"wp:attachment":[{"href":"https:\/\/agora.xtec.cat\/nodes\/wp-json\/wp\/v2\/media?parent=1571"}],"curies":[{"name":"wp","href":"https:\/\/api.w.org\/{rel}","templated":true}]}}