{"id":1548,"date":"2015-06-26T13:51:23","date_gmt":"2015-06-26T12:51:23","guid":{"rendered":"http:\/\/agora.xtec.cat\/nodes\/?page_id=1548"},"modified":"2017-07-06T20:46:06","modified_gmt":"2017-07-06T18:46:06","slug":"maquetacio-de-la-portada","status":"publish","type":"page","link":"https:\/\/agora.xtec.cat\/nodes\/taller\/maquetacio-de-la-portada\/","title":{"rendered":"3. Maquetaci\u00f3 de la portada"},"content":{"rendered":"<p><iframe loading=\"lazy\" src=\"https:\/\/player.vimeo.com\/video\/153708892\" width=\"640\" height=\"400\" frameborder=\"0\" allowfullscreen=\"allowfullscreen\"><\/iframe><\/p>\n<p><strong>Conceptes previs<\/strong><\/p>\n<ul>\n<li>\u00c9s possible definir l&#8217;amplada que ocupen els articles segons unes distribucions predefinides per fila<\/li>\n<li>Es pot\u00a0definir la distribuci\u00f3 d&#8217;articles de manera independent per a la <strong>primera fila<\/strong>, la <strong>segona fila<\/strong> i la <strong>resta de files<\/strong>.<\/li>\n<li>Es pot fixar un o m\u00e9s articles a dalt de tot de la Portada.<\/li>\n<li>Es pot definir un contingut fix a dalt de tot de la Portada, independentment dels articles<\/li>\n<\/ul>\n<p><strong>Tasques<\/strong><\/p>\n<ol>\n<li>Modifica la distribuci\u00f3 de la primera fila perqu\u00e8 l&#8217;article de <strong>F\u00ed de curs<\/strong>\u00a0ocupi 2\/3 de l&#8217;espai.<br \/>\n<strong>Administraci\u00f3<\/strong> -&gt; <strong>Personalitza <\/strong>-&gt; <strong>P\u00e0gina d&#8217;inici<\/strong>, <strong>Fila 1<\/strong><\/li>\n<div class=\"observa\">\n<p>Observa que:<\/p>\n<ul>\n<li>La nova amplada de l&#8217;article del v\u00eddeo s&#8217;adapta millor a l&#8217;amplada del v\u00eddeo.<\/li>\n<li>L&#8217;article <strong>F\u00ed de curs<\/strong>\u00a0ha guanyat en pes visual i per tant\u00a0\u00e9s una manera molt natural i elegant de destacar un article, sense utilitzar colors cridaners ni icones en moviment.<\/li>\n<\/ul>\n<\/div>\n<li>Ara volem destacar un article antic. Edita l&#8217;article <strong>Not\u00edcia 3<\/strong>. V\u00e9s a la caixa <strong>Visibilitat<\/strong> (part superior dreta) i fes clic a <strong>Edita<\/strong> de l&#8217;element <strong>P\u00fablica<\/strong>. Marca la casella <strong>Fixa l&#8217;article a la part superior<\/strong><\/li>\n<li>Modifica la distribuci\u00f3 de la primera fila per a equilibrar els dos articles (cadascun ha d&#8217;ocupar la meitat de la fila).<\/li>\n<li>Modifica la distribuci\u00f3 de la segona fila a 3 articles.<\/li>\n<div class=\"observa\">\n<p>Observa que:<\/p>\n<ul>\n<li>\u00c9s molt senzill canviar la distribuci\u00f3 dels articles per a optimitzar la seva visualitzaci\u00f3<\/li>\n<li>\u00c9s molt f\u00e0cil destacar un article<\/li>\n<li>(Bonus extra) Es poden ordenar els articles destacats canviant les seves dates de publicaci\u00f3. Els m\u00e9s recents, es mostren primer<\/li>\n<\/ul>\n<\/div>\n<li>A la portada, fes clic a l&#8217;opci\u00f3 del men\u00fa superior <strong>Edita la p\u00e0gina<\/strong> i escriu el que vulguis. Pots adjuntar una fotografia, un v\u00eddeo o un carrusel si vols.\n<div class=\"observa\">\n<p>Observa que:<\/p>\n<ul>\n<li>Es pot escriure directament a la portada i el contingut surt a dalt de tot. No \u00e9s un article, \u00e9s simplement contingut HTML que es mostrar\u00e0 sempre abans dels articles<\/li>\n<\/ul>\n<\/div>\n<\/li>\n<\/ol>\n","protected":false},"excerpt":{"rendered":"<p>Conceptes previs<\/p>\n<ul>\n<li>\u00c9s possible definir l&#8217;amplada que ocupen els articles segons unes distribucions predefinides per fila<\/li>\n<li>Es pot\u00a0definir la distribuci\u00f3 d&#8217;articles de manera independent per a la primera fila, la segona fila i la resta de files.<\/li>\n<li>Es pot fixar un o m\u00e9s articles a dalt de tot&hellip;  <a href=\"https:\/\/agora.xtec.cat\/nodes\/taller\/maquetacio-de-la-portada\/\" title=\"Read 3. Maquetaci\u00f3 de la portada\">Llegeix m\u00e9s\u00bb<\/a><br \/>\n","protected":false},"author":1,"featured_media":0,"parent":1531,"menu_order":20,"comment_status":"closed","ping_status":"closed","template":"page-templates\/side-menu.php","meta":{"_bbp_topic_count":0,"_bbp_reply_count":0,"_bbp_total_topic_count":0,"_bbp_total_reply_count":0,"_bbp_voice_count":0,"_bbp_anonymous_reply_count":0,"_bbp_topic_count_hidden":0,"_bbp_reply_count_hidden":0,"_bbp_forum_subforum_count":0,"footnotes":""},"class_list":["post-1548","page","type-page","status-publish","hentry"],"post_mailing_queue_ids":[],"_links":{"self":[{"href":"https:\/\/agora.xtec.cat\/nodes\/wp-json\/wp\/v2\/pages\/1548","targetHints":{"allow":["GET"]}}],"collection":[{"href":"https:\/\/agora.xtec.cat\/nodes\/wp-json\/wp\/v2\/pages"}],"about":[{"href":"https:\/\/agora.xtec.cat\/nodes\/wp-json\/wp\/v2\/types\/page"}],"author":[{"embeddable":true,"href":"https:\/\/agora.xtec.cat\/nodes\/wp-json\/wp\/v2\/users\/1"}],"replies":[{"embeddable":true,"href":"https:\/\/agora.xtec.cat\/nodes\/wp-json\/wp\/v2\/comments?post=1548"}],"version-history":[{"count":4,"href":"https:\/\/agora.xtec.cat\/nodes\/wp-json\/wp\/v2\/pages\/1548\/revisions"}],"predecessor-version":[{"id":9357,"href":"https:\/\/agora.xtec.cat\/nodes\/wp-json\/wp\/v2\/pages\/1548\/revisions\/9357"}],"up":[{"embeddable":true,"href":"https:\/\/agora.xtec.cat\/nodes\/wp-json\/wp\/v2\/pages\/1531"}],"wp:attachment":[{"href":"https:\/\/agora.xtec.cat\/nodes\/wp-json\/wp\/v2\/media?parent=1548"}],"curies":[{"name":"wp","href":"https:\/\/api.w.org\/{rel}","templated":true}]}}