{"id":1533,"date":"2015-06-26T12:35:17","date_gmt":"2015-06-26T11:35:17","guid":{"rendered":"http:\/\/agora.xtec.cat\/nodes\/?page_id=1533"},"modified":"2017-07-07T08:10:51","modified_gmt":"2017-07-07T06:10:51","slug":"publicant-un-article","status":"publish","type":"page","link":"https:\/\/agora.xtec.cat\/nodes\/taller\/publicant-un-article\/","title":{"rendered":"2. Publicant un article"},"content":{"rendered":"<p><iframe loading=\"lazy\" src=\"https:\/\/player.vimeo.com\/video\/153712064\" width=\"640\" height=\"400\" frameborder=\"0\" allowfullscreen=\"allowfullscreen\"><\/iframe><\/p>\n<p><strong>Conceptes previs<\/strong><\/p>\n<ul>\n<li>Per defecte, els articles es publiquen en <strong>mode resum<\/strong>, combinaci\u00f3 d&#8217;una imatge i un text resum.<\/li>\n<li>Es pot publicar el contingut \u00edntegre d&#8217;un article marcant la casella <strong>Mostra contingut sencer <\/strong>de la caixa<strong> Par\u00e0metres<\/strong><\/li>\n<\/ul>\n<p><strong>Tasques<\/strong><\/p>\n<ol>\n<ol>\n<li>Afegeix un article nou a <strong>Administraci\u00f3<\/strong> -&gt; <strong>Articles<\/strong> -&gt; (bot\u00f3) <strong>Afegeix<\/strong>\n<ul>\n<li>El t\u00edtol ha de ser <strong>Festa de f\u00ed de curs<\/strong><\/li>\n<li>Descarrega i afegeix\u00a0<a href=\"http:\/\/agora.xtec.cat\/nodes\/wp-content\/uploads\/usu135\/2015\/06\/Selecci\u00f3_999310.png\" target=\"_blank\">aquesta imatge<\/a> com a <strong>imatge resum.<\/strong><\/li>\n<li>Com a <strong>resum<\/strong>, afegeix aquest text:<br \/>\n<blockquote><p>Fins al proper curs i molt bon estiu a tots i totes! Que gaudiu molt!<\/p><\/blockquote>\n<\/li>\n<li>Com a contingut principal, afegeix<a href=\"https:\/\/www.youtube.com\/watch?t=98&amp;v=gGAIfArFV34\" target=\"_blank\"> aquest v\u00eddeo<\/a> de Youtube i el seg\u00fcent text:<br \/>\n<blockquote><p>L\u2019\u00faltim dia del curs hem cantat l\u2019himne de l\u2019Estalella, cada classe ha ballat el Cercle Circassi\u00e0 i el ball del Rogle. Hem acabat la festa cantant l\u2019hora dels ad\u00e9us i la can\u00e7\u00f3 Mirall de Pau. \u00a0Fins el proper curs i molt bon estiu a tots i totes! Que gaudiu molt!<\/p><\/blockquote>\n<p><strong>NOTA:<\/strong>\u00a0No cal inserir el codi del v\u00eddeo, nom\u00e9s cal enganxar l&#8217;adre\u00e7a URL del navegador (WordPress fa la inserci\u00f3 directament)<\/li>\n<li>A la caixa <strong>Par\u00e0metres<\/strong>, tria la icona de v\u00eddeo<\/li>\n<li>Categoritza l&#8217;article a <strong>ESO 1, ESO 2A\u00a0<\/strong>i a <strong>Portada<\/strong>. Crea una nova categoria que es digui <strong>Coral<\/strong><\/li>\n<li>Etiqueta l&#8217;article a <strong>Audiovisuals<\/strong>,\u00a0<strong>Festes<\/strong>, <strong>F\u00ed de curs. <\/strong>NOTA: Si no existeix l&#8217;etiqueta, crea-la<\/li>\n<li>Publica l&#8217;article<\/li>\n<\/ul>\n<div class=\"observa\">\n<p>Observa que:<\/p>\n<ul>\n<li>L&#8217;article s&#8217;ha publicat a la <strong>Portada<\/strong>, a dalt de tot<\/li>\n<li>Es veu el text de resum i la imatge de resum<\/li>\n<li>La imatge s&#8217;adapta a l&#8217;espai. En general, \u00e9s recomanable utilitzar imatges resum panor\u00e0miques.<\/li>\n<li>No es veu el contingut (text ampliat ni el v\u00eddeo)<\/li>\n<li>La icona de v\u00eddeo adverteix al visitant que si visitem l&#8217;article veurem un v\u00eddeo<\/li>\n<\/ul>\n<\/div>\n<\/li>\n<li>Edita de nou l&#8217;article i marca la casella\u00a0<strong>Mostra contingut sencer <\/strong>de la caixa<strong> Par\u00e0metres<\/strong><\/li>\n<div class=\"observa\">\n<p>Observa que:<\/p>\n<ul>\n<li>Ja no es mostra la imatge ni el text resum<\/li>\n<li>Es veu el contingut de l&#8217;article, incloent el v\u00eddeo<\/li>\n<li>\u00c9s convenient treure la icona del v\u00eddeo ja que pot donar la sensaci\u00f3 que hi ha m\u00e9s v\u00eddeos dins de l&#8217;article<\/li>\n<li>El contingut de l&#8217;article \u00e9s massa gran per l&#8217;espai que li hem donat. Arreglarem aix\u00f2 en el proper punt<\/li>\n<\/ul>\n<\/div>\n<\/ol>\n","protected":false},"excerpt":{"rendered":"<p>Conceptes previs<\/p>\n<ul>\n<li>Per defecte, els articles es publiquen en mode resum, combinaci\u00f3 d&#8217;una imatge i un text resum.<\/li>\n<li>Es pot publicar el contingut \u00edntegre d&#8217;un article marcant la casella Mostra contingut sencer de la caixa Par\u00e0metres<\/li>\n<\/ul>\n<p>Tasques<\/p>\n<ol>\n<ol>\n<li>Afegeix un article nou a Administraci\u00f3 -&gt; Articles -&gt; (bot\u00f3) Afegeix\n<ul>\n<li>El t\u00edtol&hellip;  <a href=\"https:\/\/agora.xtec.cat\/nodes\/taller\/publicant-un-article\/\" title=\"Read 2. Publicant un article\">Llegeix m\u00e9s\u00bb<\/a><br \/>\n","protected":false},"author":1,"featured_media":0,"parent":1531,"menu_order":10,"comment_status":"closed","ping_status":"closed","template":"page-templates\/side-menu.php","meta":{"_bbp_topic_count":0,"_bbp_reply_count":0,"_bbp_total_topic_count":0,"_bbp_total_reply_count":0,"_bbp_voice_count":0,"_bbp_anonymous_reply_count":0,"_bbp_topic_count_hidden":0,"_bbp_reply_count_hidden":0,"_bbp_forum_subforum_count":0,"footnotes":""},"class_list":["post-1533","page","type-page","status-publish","hentry"],"post_mailing_queue_ids":[],"_links":{"self":[{"href":"https:\/\/agora.xtec.cat\/nodes\/wp-json\/wp\/v2\/pages\/1533","targetHints":{"allow":["GET"]}}],"collection":[{"href":"https:\/\/agora.xtec.cat\/nodes\/wp-json\/wp\/v2\/pages"}],"about":[{"href":"https:\/\/agora.xtec.cat\/nodes\/wp-json\/wp\/v2\/types\/page"}],"author":[{"embeddable":true,"href":"https:\/\/agora.xtec.cat\/nodes\/wp-json\/wp\/v2\/users\/1"}],"replies":[{"embeddable":true,"href":"https:\/\/agora.xtec.cat\/nodes\/wp-json\/wp\/v2\/comments?post=1533"}],"version-history":[{"count":3,"href":"https:\/\/agora.xtec.cat\/nodes\/wp-json\/wp\/v2\/pages\/1533\/revisions"}],"predecessor-version":[{"id":9377,"href":"https:\/\/agora.xtec.cat\/nodes\/wp-json\/wp\/v2\/pages\/1533\/revisions\/9377"}],"up":[{"embeddable":true,"href":"https:\/\/agora.xtec.cat\/nodes\/wp-json\/wp\/v2\/pages\/1531"}],"wp:attachment":[{"href":"https:\/\/agora.xtec.cat\/nodes\/wp-json\/wp\/v2\/media?parent=1533"}],"curies":[{"name":"wp","href":"https:\/\/api.w.org\/{rel}","templated":true}]}}