{"id":1531,"date":"2015-06-26T12:34:14","date_gmt":"2015-06-26T11:34:14","guid":{"rendered":"http:\/\/agora.xtec.cat\/nodes\/?page_id=1531"},"modified":"2017-07-06T13:40:57","modified_gmt":"2017-07-06T11:40:57","slug":"taller","status":"publish","type":"page","link":"https:\/\/agora.xtec.cat\/nodes\/taller\/","title":{"rendered":"Taller de NODES"},"content":{"rendered":"<p>Conceptes avan\u00e7ats de la gesti\u00f3 dels elements b\u00e0sics de Nodes<\/p>\n<p><a href=\"http:\/\/agora.xtec.cat\/nodes\/wp-content\/uploads\/usu135\/2015\/06\/joalprat.jpg\"><img loading=\"lazy\" decoding=\"async\" class=\"alignnone size-thumbnail wp-image-1363\" src=\"http:\/\/agora.xtec.cat\/nodes\/wp-content\/uploads\/usu135\/2015\/04\/Selecci\u00f3_999071-150x150.png\" alt=\"Selecci\u00f3_999(071)\" width=\"150\" height=\"150\" \/>\u00a0 \u00a0<img loading=\"lazy\" decoding=\"async\" class=\"alignnone wp-image-1622\" src=\"http:\/\/agora.xtec.cat\/nodes\/wp-content\/uploads\/usu135\/2015\/06\/joalprat-300x168.jpg\" alt=\"joalprat\" width=\"268\" height=\"150\" srcset=\"https:\/\/agora.xtec.cat\/nodes\/wp-content\/uploads\/usu135\/2015\/06\/joalprat-300x168.jpg 300w, https:\/\/agora.xtec.cat\/nodes\/wp-content\/uploads\/usu135\/2015\/06\/joalprat.jpg 400w\" sizes=\"auto, (max-width: 268px) 100vw, 268px\" \/><\/a><\/p>\n<ul>\n<li>Temporitzaci\u00f3: 2-3 hores<\/li>\n<\/ul>\n<p><!--\n<strong>Espais<\/strong>\n\n\n<ol>\n \t\n\n<li>Form021 l'URL <a href=\"http:\/\/agora.xtec.cat\/formacio\/form021\/\" target=\"_blank\">http:\/\/agora.xtec.cat\/<wbr \/><span class=\"il\">formacio<\/span>\/form021\/<\/a> amb l'usuari admin i la contrasenya 6TYghjkIU<\/li>\n\n\n \t\n\n<li>Form022 l'URL <a href=\"http:\/\/agora.xtec.cat\/formacio\/form022\/\" target=\"_blank\">http:\/\/agora.xtec.cat\/<wbr \/><span class=\"il\">formacio<\/span>\/form022\/<\/a> amb l'usuari admin i la contrasenya 9OIkjMNjh<\/li>\n\n\n \t\n\n<li>Form023 l'URL <a href=\"http:\/\/agora.xtec.cat\/formacio\/form023\/\" target=\"_blank\">http:\/\/agora.xtec.cat\/<wbr \/><span class=\"il\">formacio<\/span>\/form023\/<\/a> amb l'usuari admin i la contrasenya 6YTghNBv<\/li>\n\n\n \t\n\n<li>Form024 l'URL <a href=\"http:\/\/agora.xtec.cat\/formacio\/form024\/\" target=\"_blank\">http:\/\/agora.xtec.cat\/<wbr \/><span class=\"il\">formacio<\/span>\/form024\/<\/a> amb l'usuari admin i la contrasenya 2HvChfWY<\/li>\n\n\n \t\n\n<li>Form025 l'URL <a href=\"http:\/\/agora.xtec.cat\/formacio\/form025\/\" target=\"_blank\">http:\/\/agora.xtec.cat\/<wbr \/><span class=\"il\">formacio<\/span>\/form025\/<\/a> amb l'usuari admin i la contrasenya EJrQVtsu<\/li>\n\n\n \t\n\n<li>Form026 l'URL <a href=\"http:\/\/agora.xtec.cat\/formacio\/form026\/\" target=\"_blank\">http:\/\/agora.xtec.cat\/<wbr \/><span class=\"il\">formacio<\/span>\/form026\/<\/a> amb l'usuari admin i la contrasenya 63t8bK7X<\/li>\n\n\n \t\n\n<li>Form027 l'URL <a href=\"http:\/\/agora.xtec.cat\/formacio\/form027\/\" target=\"_blank\">http:\/\/agora.xtec.cat\/<wbr \/><span class=\"il\">formacio<\/span>\/form027\/<\/a> amb l'usuari admin i la contrasenya yI77ohdg<\/li>\n\n\n \t\n\n<li>Form028 l'URL <a href=\"http:\/\/agora.xtec.cat\/formacio\/form028\/\" target=\"_blank\">http:\/\/agora.xtec.cat\/<wbr \/><span class=\"il\">formacio<\/span>\/form028\/<\/a> amb l'usuari admin i la contrasenya UtEbLGDU<\/li>\n\n\n \t\n\n<li>Form029 l'URL <a href=\"http:\/\/agora.xtec.cat\/formacio\/form029\/\" target=\"_blank\">http:\/\/agora.xtec.cat\/<wbr \/><span class=\"il\">formacio<\/span>\/form029\/<\/a> amb l'usuari admin i la contrasenya 6yyBcbfg<\/li>\n\n\n \t\n\n<li>Form030 l'URL <a href=\"http:\/\/agora.xtec.cat\/formacio\/form030\/\" target=\"_blank\">http:\/\/agora.xtec.cat\/<wbr \/><span class=\"il\">formacio<\/span>\/form030\/<\/a> amb l'usuari admin i la contrasenya FuyrISQx<\/li>\n\n\n \t\n\n<li>Form031 l'URL <a href=\"http:\/\/agora.xtec.cat\/formacio\/form031\/\" target=\"_blank\">http:\/\/agora.xtec.cat\/<wbr \/><span class=\"il\">formacio<\/span>\/form031\/<\/a> amb l'usuari admin i la contrasenya eXrnQGAV<\/li>\n\n\n \t\n\n<li>Form032 l'URL <a href=\"http:\/\/agora.xtec.cat\/formacio\/form032\/\" target=\"_blank\">http:\/\/agora.xtec.cat\/<wbr \/><span class=\"il\">formacio<\/span>\/form032\/<\/a> amb l'usuari admin i la contrasenya MI2E0W0f<\/li>\n\n\n \t\n\n<li>Form033 l'URL <a href=\"http:\/\/agora.xtec.cat\/formacio\/form033\/\" target=\"_blank\">http:\/\/agora.xtec.cat\/<wbr \/><span class=\"il\">formacio<\/span>\/form033\/<\/a> amb l'usuari admin i la contrasenya i4DV8m6B<\/li>\n\n\n \t\n\n<li>Form034 l'URL <a href=\"http:\/\/agora.xtec.cat\/formacio\/form034\/\" target=\"_blank\">http:\/\/agora.xtec.cat\/<wbr \/><span class=\"il\">formacio<\/span>\/form034\/<\/a> amb l'usuari admin i la contrasenya zJUn3s9k<\/li>\n\n\n \t\n\n<li>Form035 l'URL <a href=\"http:\/\/agora.xtec.cat\/formacio\/form035\/\" target=\"_blank\">http:\/\/agora.xtec.cat\/<wbr \/><span class=\"il\">formacio<\/span>\/form035\/<\/a> amb l'usuari admin i la contrasenya q39ZT3i9<\/li>\n\n\n<\/ol>\n\n\n--><\/p>\n","protected":false},"excerpt":{"rendered":"<p>Conceptes avan\u00e7ats de la gesti\u00f3 dels elements b\u00e0sics de Nodes<br \/>\n<a href=\"http:\/\/agora.xtec.cat\/nodes\/wp-content\/uploads\/usu135\/2015\/06\/joalprat.jpg\">\u00a0 \u00a0<\/a><\/p>\n<ul>\n<li>Temporitzaci\u00f3: 2-3 hores<\/li>\n<\/ul>\n","protected":false},"author":1,"featured_media":0,"parent":0,"menu_order":0,"comment_status":"closed","ping_status":"closed","template":"page-templates\/side-menu.php","meta":{"_bbp_topic_count":0,"_bbp_reply_count":0,"_bbp_total_topic_count":0,"_bbp_total_reply_count":0,"_bbp_voice_count":0,"_bbp_anonymous_reply_count":0,"_bbp_topic_count_hidden":0,"_bbp_reply_count_hidden":0,"_bbp_forum_subforum_count":0,"footnotes":""},"class_list":["post-1531","page","type-page","status-publish","hentry"],"post_mailing_queue_ids":[],"_links":{"self":[{"href":"https:\/\/agora.xtec.cat\/nodes\/wp-json\/wp\/v2\/pages\/1531","targetHints":{"allow":["GET"]}}],"collection":[{"href":"https:\/\/agora.xtec.cat\/nodes\/wp-json\/wp\/v2\/pages"}],"about":[{"href":"https:\/\/agora.xtec.cat\/nodes\/wp-json\/wp\/v2\/types\/page"}],"author":[{"embeddable":true,"href":"https:\/\/agora.xtec.cat\/nodes\/wp-json\/wp\/v2\/users\/1"}],"replies":[{"embeddable":true,"href":"https:\/\/agora.xtec.cat\/nodes\/wp-json\/wp\/v2\/comments?post=1531"}],"version-history":[{"count":3,"href":"https:\/\/agora.xtec.cat\/nodes\/wp-json\/wp\/v2\/pages\/1531\/revisions"}],"predecessor-version":[{"id":9350,"href":"https:\/\/agora.xtec.cat\/nodes\/wp-json\/wp\/v2\/pages\/1531\/revisions\/9350"}],"wp:attachment":[{"href":"https:\/\/agora.xtec.cat\/nodes\/wp-json\/wp\/v2\/media?parent=1531"}],"curies":[{"name":"wp","href":"https:\/\/api.w.org\/{rel}","templated":true}]}}