{"id":10500,"date":"2020-06-04T00:10:55","date_gmt":"2020-06-03T22:10:55","guid":{"rendered":"https:\/\/agora.xtec.cat\/nodes\/?page_id=10500"},"modified":"2020-07-18T13:33:22","modified_gmt":"2020-07-18T11:33:22","slug":"autoria","status":"publish","type":"page","link":"https:\/\/agora.xtec.cat\/nodes\/consells-per-una-bona-comunicacio-families\/autoria\/","title":{"rendered":"6. Propietat intel\u00b7lectual i autoria"},"content":{"rendered":"<p><span style=\"font-size: 14pt;\">A un centre educatiu s\u2019esdevenen situacions en les quals cal tenir en compte q\u00fcestions relacionades amb la propietat intel\u00b7lectual i els drets d&#8217;autoria. El web del centre \u00e9s l&#8217;espai p\u00fablic de comunicaci\u00f3 amb m\u00e9s visibilitat i conv\u00e9 saber qu\u00e8 es pot publicar i en quines condicions.<\/span><\/p>\n<hr \/>\n<div class=\"row\">\n<div class=\"small-12 large-6 columns\">\n<p>&nbsp;<\/p>\n<p style=\"font-size: 1.2em;\"><strong>Podeu publicar les creacions originals de l&#8217;alumnat<\/strong> (contes, poemes, fotografies, v\u00eddeos, m\u00fasica, etc.) pr\u00e8via autoritzaci\u00f3 expressa.<br \/>\nSi \u00e9s menor de 18 anys, heu de demanar l&#8217;autoritzaci\u00f3 a la fam\u00edlia.<\/p>\n<\/div>\n<p><img loading=\"lazy\" decoding=\"async\" class=\"aligncenter wp-image-10574\" title=\"Un adolescent escrivint davant del port\u00e0til\" src=\"https:\/\/agora.xtec.cat\/nodes\/wp-content\/uploads\/usu135\/2020\/06\/rick4-1024x659.png\" alt=\"Un adolescent escrivint davant del port\u00e0til\" width=\"356\" height=\"229\" srcset=\"https:\/\/agora.xtec.cat\/nodes\/wp-content\/uploads\/usu135\/2020\/06\/rick4-1024x659.png 1024w, https:\/\/agora.xtec.cat\/nodes\/wp-content\/uploads\/usu135\/2020\/06\/rick4-300x193.png 300w, https:\/\/agora.xtec.cat\/nodes\/wp-content\/uploads\/usu135\/2020\/06\/rick4-768x494.png 768w, https:\/\/agora.xtec.cat\/nodes\/wp-content\/uploads\/usu135\/2020\/06\/rick4.png 1346w\" sizes=\"auto, (max-width: 356px) 100vw, 356px\" \/><\/p>\n<\/div>\n<hr \/>\n<div class=\"row\">\n<div class=\"small-12 large-6 columns\">\n<p>&nbsp;<\/p>\n<p style=\"font-size: 1.2em;\"><strong>Podeu inserir v\u00eddeos <\/strong>d&#8217;altres que estiguin <strong>allotjats a serveis en el n\u00favol<\/strong> (youtube, vimeo, etc.) sempre que el v\u00eddeo no sigui el principal reclam per vendre un producte o servei (fi lucratiu).<\/p>\n<\/div>\n<p><img loading=\"lazy\" decoding=\"async\" class=\"aligncenter wp-image-10569\" title=\"Rick Astley en Youtube\" src=\"https:\/\/agora.xtec.cat\/nodes\/wp-content\/uploads\/usu135\/2020\/06\/rick2-1024x599.png\" alt=\"Rick Astley en Youtube\" width=\"422\" height=\"247\" srcset=\"https:\/\/agora.xtec.cat\/nodes\/wp-content\/uploads\/usu135\/2020\/06\/rick2-1024x599.png 1024w, https:\/\/agora.xtec.cat\/nodes\/wp-content\/uploads\/usu135\/2020\/06\/rick2-300x175.png 300w, https:\/\/agora.xtec.cat\/nodes\/wp-content\/uploads\/usu135\/2020\/06\/rick2-768x449.png 768w, https:\/\/agora.xtec.cat\/nodes\/wp-content\/uploads\/usu135\/2020\/06\/rick2.png 1556w\" sizes=\"auto, (max-width: 422px) 100vw, 422px\" \/><\/p>\n<\/div>\n<hr \/>\n<div class=\"row\">\n<div class=\"small-12 large-6 columns\">\n<p style=\"font-size: 1.2em;\"><span style=\"font-size: 14pt;\">A les aules virtuals i als blogs d&#8217;aula podeu fer servir fragments d&#8217;un llibre<span style=\"color: #ff0000;\">*<\/span>, d&#8217;una pel\u00b7l\u00edcula o una can\u00e7\u00f3 sempre que el seu \u00fas tingui una <strong>finalitat educativa sense \u00e0nim de lucre.<\/strong><\/span><\/p>\n<ul>\n<li><span style=\"font-size: 14pt;\">Un poema per parlar d&#8217;un autor o moviment literari<\/span><\/li>\n<li><span style=\"font-size: 14pt;\">Aprendre angl\u00e8s amb una can\u00e7\u00f3<\/span><\/li>\n<li><span style=\"font-size: 14pt;\">Fragments d&#8217;una pel\u00b7l\u00edcula de romans per parlar de l&#8217;antiga Roma.<\/span><\/li>\n<\/ul>\n<p><span style=\"color: #ff0000;\">* Excepte llibres de text<\/span><\/p>\n<\/div>\n<p><img loading=\"lazy\" decoding=\"async\" class=\"aligncenter wp-image-10731\" title=\"Un soldat de l'imperi rom\u00e0 lluitant\" src=\"https:\/\/agora.xtec.cat\/nodes\/wp-content\/uploads\/usu135\/2020\/06\/roma.jpg\" alt=\"Un soldat de l'imperi rom\u00e0 lluitant\" width=\"451\" height=\"307\" srcset=\"https:\/\/agora.xtec.cat\/nodes\/wp-content\/uploads\/usu135\/2020\/06\/roma.jpg 980w, https:\/\/agora.xtec.cat\/nodes\/wp-content\/uploads\/usu135\/2020\/06\/roma-300x204.jpg 300w, https:\/\/agora.xtec.cat\/nodes\/wp-content\/uploads\/usu135\/2020\/06\/roma-768x522.jpg 768w\" sizes=\"auto, (max-width: 451px) 100vw, 451px\" \/><\/p>\n<\/div>\n<hr \/>\n<div class=\"row\">\n<div class=\"small-12 large-6 columns\">\n<p style=\"font-size: 1.2em;\">Tot i que tingueu l&#8217;autoritzaci\u00f3 de la persona, <strong>\u00e9s preferible<\/strong> no publicar les dades personals del personal del centre a la part p\u00fablica del web.<\/p>\n<\/div>\n<div class=\"small-12 large-6 columns\"><span style=\"font-size: 14pt;\"><strong><span style=\"color: #ff0000;\">Artur Saura Canudes<br \/>\nTutor 2A<br \/>\nasaura9@xtec.cat \u274c<\/span><\/strong><\/span><\/div>\n<div><\/div>\n<div><\/div>\n<div><\/div>\n<div class=\"small-12 large-6 columns\"><span style=\"font-size: 14pt;\"><strong><span style=\"color: #ff0000;\"><br \/>\n<\/span><\/strong><\/span><span style=\"font-size: 14pt;\"><strong><span style=\"color: #339966;\">Artur<br \/>\nTutor 2A<br \/>\ntutor2a@inslarany.cat \u2705<\/span><\/strong><\/span><\/div>\n<\/div>\n<hr \/>\n<div class=\"row\">\n<div class=\"small-12 large-6 columns\" style=\"display: table-cell; vertical-align: middle;\">\n<p>&nbsp;<\/p>\n<p style=\"font-size: 1.2em;\"><span style=\"font-size: 14pt;\"><strong>No utilitzeu fotografies amb copyright<\/strong> sense tenir l&#8217;autoritzaci\u00f3 expressa de l&#8217;autor\/a. <\/span><\/p>\n<p style=\"font-size: 1.2em;\"><span style=\"font-size: 14pt;\">Si necessiteu imatges lliures per il\u00b7lustrar les not\u00edcies i apartats de la vostra web visiteu el <a href=\"https:\/\/sinapsi.xtec.cat\/ca\/synapses\/banc-imatges\">Banc d&#8217;imatges de Sinapsi<\/a>.<\/span><\/p>\n<p><span style=\"font-size: 14pt;\">M\u00e9s informaci\u00f3 sobre <a href=\"https:\/\/agora.xtec.cat\/nodes\/consells-per-una-bona-comunicacio-families\/imatges\/\">l&#8217;\u00fas de les imatges<\/a><\/span><\/p>\n<\/div>\n<div class=\"small-12 large-6 columns\"><img loading=\"lazy\" decoding=\"async\" class=\"ambVora aligncenter wp-image-10478\" title=\"Captura de pantalla del Banc d'imatges de Sinapsi\" src=\"https:\/\/agora.xtec.cat\/nodes\/wp-content\/uploads\/usu135\/2020\/06\/Captura-de-Pantalla-2020-06-03-a-les-23.11.34-1024x822.png\" alt=\"Captura de pantalla del Banc d'imatges de Sinapsi\" width=\"356\" height=\"286\" srcset=\"https:\/\/agora.xtec.cat\/nodes\/wp-content\/uploads\/usu135\/2020\/06\/Captura-de-Pantalla-2020-06-03-a-les-23.11.34-1024x822.png 1024w, https:\/\/agora.xtec.cat\/nodes\/wp-content\/uploads\/usu135\/2020\/06\/Captura-de-Pantalla-2020-06-03-a-les-23.11.34-300x241.png 300w, https:\/\/agora.xtec.cat\/nodes\/wp-content\/uploads\/usu135\/2020\/06\/Captura-de-Pantalla-2020-06-03-a-les-23.11.34-768x616.png 768w, https:\/\/agora.xtec.cat\/nodes\/wp-content\/uploads\/usu135\/2020\/06\/Captura-de-Pantalla-2020-06-03-a-les-23.11.34.png 1854w\" sizes=\"auto, (max-width: 356px) 100vw, 356px\" \/><\/div>\n<\/div>\n<hr \/>\n<div class=\"row\">\n<div class=\"small-12 large-6 columns\">\n<p>&nbsp;<\/p>\n<p><span style=\"font-size: 14pt;\"><strong>No utilitzeu m\u00fasica amb copyright<\/strong> sense tenir l&#8217;autoritzaci\u00f3 expressa de l&#8217;autor\/a.<\/span><\/p>\n<p style=\"font-size: 1.2em;\">Si necessiteu m\u00fasica per als v\u00eddeos del vostre centre podeu obtenir-la del repositori <a href=\"https:\/\/freemusicarchive.org\/static\">Free Music Archive<\/a> o de la<a href=\"https:\/\/www.youtube.com\/audiolibrary\/\"> llibreria d&#8217;\u00e0udio <\/a>de Youtube.<\/p>\n<\/div>\n<p><img loading=\"lazy\" decoding=\"async\" class=\"ambVora aligncenter wp-image-10743\" title=\"Captura de pantalla del servei Audiolibrary de Youtube\" src=\"https:\/\/agora.xtec.cat\/nodes\/wp-content\/uploads\/usu135\/2020\/06\/Captura-de-Pantalla-2020-06-09-a-les-19.24.36.png\" alt=\"Captura de pantalla del servei Audiolibrary de Youtube\" width=\"363\" height=\"230\" \/><\/p>\n<\/div>\n<hr \/>\n<div class=\"row\">\n<div class=\"small-12 large-6 columns\"><\/div>\n<div class=\"small-12 large-6 columns\"><\/div>\n<\/div>\n<p>Aquest apartat \u00e9s una reelaboraci\u00f3 a partir de les seg\u00fcents fonts:<\/p>\n<ul>\n<li>Xarxa Telem\u00e0tica de Catalunya (XTEC). (2020). <a href=\"http:\/\/xtec.gencat.cat\/ca\/centres\/propintel_dretauto\/\">Propietat intel\u00b7lectual i drets d&#8217;autoria<\/a>.<\/li>\n<li>XTEC. (2020). <a href=\"http:\/\/xtec.gencat.cat\/ca\/recursos\/tecinformacio\/internet_segura\/pmf\/\">Internet segura. Preguntes freq\u00fcents<\/a>.<\/li>\n<li>Altozano, J. (2018). <a href=\"https:\/\/www.youtube.com\/watch?v=4xJw0JIC2BA\">El Copyright en Youtube<\/a> [V\u00eddeo]<\/li>\n<li>XTEC. (2020). <a href=\"http:\/\/xtec.gencat.cat\/ca\/recursos\/tecinformacio\/internet_segura\/documents\/us-imatges\/\">\u00das d\u2019imatges, publicaci\u00f3 de dades de car\u00e0cter personal i de materials. Models d\u2019autoritzaci\u00f3.<\/a><\/li>\n<\/ul>\n<hr \/>\n<p>Imatges: Il\u00b7lustracions realitzades per l&#8217;\u00e0rea de Cultura digital, disponibles al <a href=\"https:\/\/sinapsi.xtec.cat\/ca\/synapses\/banc-imatges\" target=\"_blank\" rel=\"noopener noreferrer\">banc d&#8217;imatges<\/a> de Sinapsi.<\/p>\n","protected":false},"excerpt":{"rendered":"<p>A un centre educatiu s\u2019esdevenen situacions en les quals cal tenir en compte q\u00fcestions relacionades amb la propietat intel\u00b7lectual i els drets d&#8217;autoria. El web del centre \u00e9s l&#8217;espai p\u00fablic de comunicaci\u00f3 amb m\u00e9s visibilitat i conv\u00e9 saber qu\u00e8 es pot publicar i en quines&hellip;  <a href=\"https:\/\/agora.xtec.cat\/nodes\/consells-per-una-bona-comunicacio-families\/autoria\/\" title=\"Read 6. Propietat intel\u00b7lectual i autoria\">Llegeix m\u00e9s\u00bb<\/a><\/p>\n","protected":false},"author":1,"featured_media":0,"parent":9997,"menu_order":60,"comment_status":"closed","ping_status":"closed","template":"page-templates\/side-menu.php","meta":{"_bbp_topic_count":0,"_bbp_reply_count":0,"_bbp_total_topic_count":0,"_bbp_total_reply_count":0,"_bbp_voice_count":0,"_bbp_anonymous_reply_count":0,"_bbp_topic_count_hidden":0,"_bbp_reply_count_hidden":0,"_bbp_forum_subforum_count":0,"footnotes":""},"class_list":["post-10500","page","type-page","status-publish","hentry"],"post_mailing_queue_ids":[],"_links":{"self":[{"href":"https:\/\/agora.xtec.cat\/nodes\/wp-json\/wp\/v2\/pages\/10500","targetHints":{"allow":["GET"]}}],"collection":[{"href":"https:\/\/agora.xtec.cat\/nodes\/wp-json\/wp\/v2\/pages"}],"about":[{"href":"https:\/\/agora.xtec.cat\/nodes\/wp-json\/wp\/v2\/types\/page"}],"author":[{"embeddable":true,"href":"https:\/\/agora.xtec.cat\/nodes\/wp-json\/wp\/v2\/users\/1"}],"replies":[{"embeddable":true,"href":"https:\/\/agora.xtec.cat\/nodes\/wp-json\/wp\/v2\/comments?post=10500"}],"version-history":[{"count":4,"href":"https:\/\/agora.xtec.cat\/nodes\/wp-json\/wp\/v2\/pages\/10500\/revisions"}],"predecessor-version":[{"id":11053,"href":"https:\/\/agora.xtec.cat\/nodes\/wp-json\/wp\/v2\/pages\/10500\/revisions\/11053"}],"up":[{"embeddable":true,"href":"https:\/\/agora.xtec.cat\/nodes\/wp-json\/wp\/v2\/pages\/9997"}],"wp:attachment":[{"href":"https:\/\/agora.xtec.cat\/nodes\/wp-json\/wp\/v2\/media?parent=10500"}],"curies":[{"name":"wp","href":"https:\/\/api.w.org\/{rel}","templated":true}]}}