{"id":10230,"date":"2020-05-27T11:20:27","date_gmt":"2020-05-27T09:20:27","guid":{"rendered":"https:\/\/agora.xtec.cat\/nodes\/?page_id=10230"},"modified":"2020-07-18T13:20:34","modified_gmt":"2020-07-18T11:20:34","slug":"empatia","status":"publish","type":"page","link":"https:\/\/agora.xtec.cat\/nodes\/consells-per-una-bona-comunicacio-families\/empatia\/","title":{"rendered":"1. Empatia"},"content":{"rendered":"<p><span style=\"font-size: 14pt;\">El vostre web no pot ser un simple tauler d&#8217;anuncis. Poseu-vos a la pell dels vostres usuaris i usu\u00e0ries. El vostre web \u00e9s un <strong>espai de comunicaci\u00f3 virtual<\/strong> amb la comunitat educativa. \u00a0<\/span><\/p>\n<hr \/>\n<div class=\"row\">\n<div class=\"small-12 large-6 columns\">\n<p style=\"font-size: 1.2em;\">El vostre web <strong>ha de respondre a les preguntes m\u00e9s comunes<\/strong> que els usuaris es fan quan decideixen visitar la vostra web: Quin tipus d&#8217;escola \u00e9s? Quines activitats s&#8217;hi fan? Treballen per projectes? Quina documentaci\u00f3 he de portar a la preinscripci\u00f3?<\/p>\n<p><span style=\"font-size: 14pt;\">Si us arriben dues consultes a la vostra b\u00fastia sobre el mateix tema, afegiu la informaci\u00f3 demanada a la portada del web o al blog de la classe que apliqui.<\/span><\/p>\n<\/div>\n<div class=\"small-12 large-6 columns\"><img loading=\"lazy\" decoding=\"async\" class=\"aligncenter wp-image-10597\" title=\"Un home i una dona mirant la web del centre\" src=\"https:\/\/agora.xtec.cat\/nodes\/wp-content\/uploads\/usu135\/2020\/06\/families-empatia-1024x611.png\" alt=\"Un home i una dona mirant la web del centre\" width=\"450\" height=\"268\" srcset=\"https:\/\/agora.xtec.cat\/nodes\/wp-content\/uploads\/usu135\/2020\/06\/families-empatia-1024x611.png 1024w, https:\/\/agora.xtec.cat\/nodes\/wp-content\/uploads\/usu135\/2020\/06\/families-empatia-300x179.png 300w, https:\/\/agora.xtec.cat\/nodes\/wp-content\/uploads\/usu135\/2020\/06\/families-empatia-768x458.png 768w, https:\/\/agora.xtec.cat\/nodes\/wp-content\/uploads\/usu135\/2020\/06\/families-empatia.png 1191w\" sizes=\"auto, (max-width: 450px) 100vw, 450px\" \/><\/div>\n<\/div>\n<hr \/>\n<div class=\"row\">\n<div class=\"small-12 large-6 columns\">\n<p style=\"font-size: 1.2em;\">Utilitzeu paraules i <strong>expressions el m\u00e9s inclusives<\/strong> possible. Fam\u00edlies, per exemple, inclou moltes m\u00e9s situacions familiars (monoparental, a c\u00e0rrec d&#8217;un tutor\/a, etc.) que pares i mares.<\/p>\n<\/div>\n<div class=\"small-12 large-6 columns\">\n<p><span style=\"font-size: 14pt;\"><span style=\"color: #ff0000;\"><strong>Benvolguts pares \u274c<\/strong><\/span><\/span><\/p>\n<p><span style=\"font-size: 14pt;\"><strong><span style=\"color: #ff0000;\">Benvolguts pares i mares \u274c<\/span><\/strong><\/span><\/p>\n<p><strong><span style=\"color: #339966; font-size: 14pt;\">Benvolgudes fam\u00edlies \u2705<\/span><\/strong><\/p>\n<\/div>\n<\/div>\n<hr \/>\n<div class=\"row\">\n<div class=\"small-12 large-6 columns\">\n<p style=\"font-size: 1.2em;\">Utilitzeu un <strong>llenguatge senzill i directe<\/strong>. L&#8217;origen, el domini de la llengua, i el nivell sociocultural de les fam\u00edlies pot ser molt divers.<\/p>\n<\/div>\n<div class=\"small-12 large-6 columns\">\n<p><span style=\"font-size: 14pt;\"><strong><span style=\"color: #ff0000;\">Ja teniu a la vostra disposici\u00f3 la documentaci\u00f3 adient per formalitzar la preinscripci\u00f3 \u274c<\/span><br \/>\n<\/strong><\/span><\/p>\n<p><span style=\"font-size: 14pt;\"><strong><span style=\"color: #339966;\">Documents per fer la preinscripci\u00f3 del vostre fill\/a\u00a0 \u2705<\/span><\/strong><\/span><\/p>\n<\/div>\n<\/div>\n<hr \/>\n<div class=\"row\">\n<div class=\"small-12 large-6 columns\">\n<p>&nbsp;<\/p>\n<p style=\"font-size: 1.2em;\">Us recomanem que utilitzeu un <strong>to informal i proper<\/strong>. Un to massa formal i administratiu pot transmetre fredor.<\/p>\n<\/div>\n<div class=\"small-12 large-6 columns\">\n<p><span style=\"font-size: 14pt;\"><strong><span style=\"color: #ff0000;\">Benvolgudes fam\u00edlies, el centre posa a la vostra disposici\u00f3 el material audiovisual corresponent a la celebraci\u00f3 de la festivitat de Sant Jordi. \u274c<\/span><\/strong><\/span><\/p>\n<p><span style=\"font-size: 14pt;\"><strong><span style=\"color: #339966;\">Benvolgudes fam\u00edlies! Per fi tenim les fotos de Sant Jordi! S\u00f3n molt maques! Podeu aprofitar per mirar-les en fam\u00edlia! \u2705<\/span><\/strong><\/span><\/p>\n<\/div>\n<\/div>\n<hr \/>\n<p>Aquest apartat \u00e9s una reelaboraci\u00f3 a partir de les seg\u00fcents fonts:<\/p>\n<ul>\n<li>Guasch, Clara (2015). <a href=\"https:\/\/youtu.be\/FQ5KOBApH9A\">Com fer que el web de l&#8217;escola comuniqui efica\u00e7ment?<\/a> [V\u00eddeo]<\/li>\n<li><span style=\"font-size: 12pt;\">Generalitat de Catalunya. (2015). <a href=\"https:\/\/documents.espai.educacio.gencat.cat\/IPCrecursos\/Plantilles\/Guia_Estil_Departament.pdf\">Gu\u00eda d&#8217;estil de la Generalitat de Catalunya.\u00a0<\/a><\/span><\/li>\n<li><span style=\"font-size: 12pt;\">Krug, S. (2014). <a href=\"http:\/\/sensible.com\/dmmt.html\">Don&#8217;t make me think, revisited<\/a>. Ed.Pearson.<\/span><\/li>\n<\/ul>\n<hr \/>\n<p>Imatges: Il\u00b7lustraci\u00f3 obtinguda del <a href=\"https:\/\/sinapsi.xtec.cat\/ca\/synapses\/banc-imatges?page=1&amp;search=&amp;view=gallery\">banc d&#8217;imatges<\/a> de Sinapsi.<\/p>\n","protected":false},"excerpt":{"rendered":"<p>El vostre web no pot ser un simple tauler d&#8217;anuncis. Poseu-vos a la pell dels vostres usuaris i usu\u00e0ries. El vostre web \u00e9s un espai de comunicaci\u00f3 virtual amb la comunitat educativa. \u00a0<\/p>\n<p>El vostre web ha de respondre a les preguntes m\u00e9s comunes que els&hellip;  <a href=\"https:\/\/agora.xtec.cat\/nodes\/consells-per-una-bona-comunicacio-families\/empatia\/\" title=\"Read 1. Empatia\">Llegeix m\u00e9s\u00bb<\/a><\/p>\n","protected":false},"author":1,"featured_media":0,"parent":9997,"menu_order":10,"comment_status":"closed","ping_status":"closed","template":"page-templates\/side-menu.php","meta":{"_bbp_topic_count":0,"_bbp_reply_count":0,"_bbp_total_topic_count":0,"_bbp_total_reply_count":0,"_bbp_voice_count":0,"_bbp_anonymous_reply_count":0,"_bbp_topic_count_hidden":0,"_bbp_reply_count_hidden":0,"_bbp_forum_subforum_count":0,"footnotes":""},"class_list":["post-10230","page","type-page","status-publish","hentry"],"post_mailing_queue_ids":[],"_links":{"self":[{"href":"https:\/\/agora.xtec.cat\/nodes\/wp-json\/wp\/v2\/pages\/10230","targetHints":{"allow":["GET"]}}],"collection":[{"href":"https:\/\/agora.xtec.cat\/nodes\/wp-json\/wp\/v2\/pages"}],"about":[{"href":"https:\/\/agora.xtec.cat\/nodes\/wp-json\/wp\/v2\/types\/page"}],"author":[{"embeddable":true,"href":"https:\/\/agora.xtec.cat\/nodes\/wp-json\/wp\/v2\/users\/1"}],"replies":[{"embeddable":true,"href":"https:\/\/agora.xtec.cat\/nodes\/wp-json\/wp\/v2\/comments?post=10230"}],"version-history":[{"count":4,"href":"https:\/\/agora.xtec.cat\/nodes\/wp-json\/wp\/v2\/pages\/10230\/revisions"}],"predecessor-version":[{"id":11042,"href":"https:\/\/agora.xtec.cat\/nodes\/wp-json\/wp\/v2\/pages\/10230\/revisions\/11042"}],"up":[{"embeddable":true,"href":"https:\/\/agora.xtec.cat\/nodes\/wp-json\/wp\/v2\/pages\/9997"}],"wp:attachment":[{"href":"https:\/\/agora.xtec.cat\/nodes\/wp-json\/wp\/v2\/media?parent=10230"}],"curies":[{"name":"wp","href":"https:\/\/api.w.org\/{rel}","templated":true}]}}