{"id":10157,"date":"2020-05-26T11:28:21","date_gmt":"2020-05-26T09:28:21","guid":{"rendered":"https:\/\/agora.xtec.cat\/nodes\/?page_id=10157"},"modified":"2020-07-18T13:21:36","modified_gmt":"2020-07-18T11:21:36","slug":"brevetat-precisio","status":"publish","type":"page","link":"https:\/\/agora.xtec.cat\/nodes\/consells-per-una-bona-comunicacio-families\/brevetat-precisio\/","title":{"rendered":"2. Brevetat i precisi\u00f3"},"content":{"rendered":"<p><span style=\"font-size: 14pt;\">Llegir a la pantalla de l&#8217;ordinador o del m\u00f2bil \u00e9s diferent a llegir un diari o una novel\u00b7la. En general, a Internet s\u00f3n preferibles <strong>textos m\u00e9s breus i directes<\/strong>.<\/span><\/p>\n<hr \/>\n<div class=\"row\">\n<div class=\"small-12 large-6 columns\">\n<p>&nbsp;<\/p>\n<p style=\"font-size: 1.2em;\"><strong>Retalleu tant com sigui possible.<\/strong><\/p>\n<p style=\"font-size: 1.2em;\">La brevetat <strong>tamb\u00e9 <\/strong>s&#8217;aplica <strong>als t\u00edtols<\/strong> dels articles i p\u00e0gines.<\/p>\n<\/div>\n<div class=\"small-12 large-6 columns\">\n<p><span style=\"font-size: 14pt;\"><strong><span style=\"color: #ff0000;\">La data l\u00edmit que s&#8217;ha de respectar per a la presentaci\u00f3 de sol\u00b7licituds \u00e9s el 31 de mar\u00e7 de 2020. \u274c<\/span><\/strong><\/span><\/p>\n<p><span style=\"font-size: 14pt;\"><strong><span style=\"color: #ff0000;\">La data l\u00edmit per presentar les sol\u00b7licituds \u00e9s el 31 de mar\u00e7 de 2020. \u274c<\/span><\/strong><\/span><\/p>\n<p><span style=\"font-size: 14pt;\"><strong><span style=\"color: #339966;\">Data l\u00edmit per a les sol\u00b7licituds: 31 de mar\u00e7 de 2020. \u2705<\/span><\/strong><\/span><\/p>\n<\/div>\n<\/div>\n<hr \/>\n<div class=\"row\">\n<div class=\"small-12 large-6 columns\">\n<p style=\"font-size: 1.2em;\">Si necessiteu publicar un <strong>text llarg, partiu-lo en par\u00e0grafs. <\/strong><\/p>\n<p style=\"font-size: 1.2em;\">A cada par\u00e0graf, desenvolupeu nom\u00e9s una idea.<\/p>\n<p style=\"font-size: 1.2em;\">Si teniu imatges il\u00b7lustratives, intercaleu-les-hi.<\/p>\n<\/div>\n<div class=\"small-12 large-6 columns\">\n<p><img loading=\"lazy\" decoding=\"async\" class=\"alignnone wp-image-10294 size-large\" title=\"3 blocs de text, el primer marcat com error no t\u00e9 par\u00e0grafs. Els segon i el tercer, correctes, tenen par\u00e0grafs i imatges il\u00b7lustratives\" src=\"https:\/\/agora.xtec.cat\/nodes\/wp-content\/uploads\/usu135\/2020\/05\/paragrafs-1-1024x591.png\" alt=\"3 blocs de text, el primer marcat com error no t\u00e9 par\u00e0grafs. Els segon i el tercer, correctes, tenen par\u00e0grafs i imatges il\u00b7lustratives\" width=\"1024\" height=\"591\" srcset=\"https:\/\/agora.xtec.cat\/nodes\/wp-content\/uploads\/usu135\/2020\/05\/paragrafs-1-1024x591.png 1024w, https:\/\/agora.xtec.cat\/nodes\/wp-content\/uploads\/usu135\/2020\/05\/paragrafs-1-300x173.png 300w, https:\/\/agora.xtec.cat\/nodes\/wp-content\/uploads\/usu135\/2020\/05\/paragrafs-1-768x444.png 768w, https:\/\/agora.xtec.cat\/nodes\/wp-content\/uploads\/usu135\/2020\/05\/paragrafs-1.png 1832w\" sizes=\"auto, (max-width: 1024px) 100vw, 1024px\" \/><\/p>\n<\/div>\n<\/div>\n<hr \/>\n<div class=\"row\">\n<div class=\"small-12 large-6 columns\">\n<p>&nbsp;<\/p>\n<p style=\"font-size: 1.2em;\"><strong>Feu servir verbs precisos<\/strong>. Eviteu verbs com ara &#8220;s&#8217;ha fet&#8221;, &#8220;s&#8217;ha realitzat&#8221;, s&#8217;ha vist&#8221;, etc.<\/p>\n<\/div>\n<div class=\"small-12 large-6 columns\">\n<p><span style=\"font-size: 14pt;\"><strong><span style=\"color: #ff0000;\">Aquest informe <span style=\"color: #800000;\">s\u2019ha realitzat<\/span> per avaluar la capacitat del centre&#8230; \u274c<\/span><br \/>\n<\/strong><\/span><\/p>\n<p><span style=\"font-size: 14pt;\"><strong><span style=\"color: #339966;\">Aquest informe <span style=\"color: #003300;\">s\u2019ha em\u00e8s <\/span>per avaluar la capacitat del centre&#8230;\u00a0\u2705<\/span><\/strong><\/span><\/p>\n<\/div>\n<\/div>\n<hr \/>\n<div class=\"row\">\n<div class=\"small-12 large-6 columns\">\n<p style=\"font-size: 1.2em;\"><strong>Suprimiu els verbs buits<\/strong> que acompanyen a verbs substantivats.<\/p>\n<\/div>\n<div class=\"small-12 large-6 columns\">\n<p><span style=\"font-size: 14pt;\"><strong><span style=\"color: #ff0000;\">Cal que <\/span><span style=\"color: #800000;\"><del>realitzem<\/del><\/span><span style=\"color: #ff0000;\"> la reuni\u00f3 amb les fam\u00edlies&#8230; \u274c<\/span><br \/>\n<\/strong><\/span><\/p>\n<p><span style=\"font-size: 14pt;\"><strong><span style=\"color: #339966;\">Cal que <span style=\"color: #003300;\">ens reunim<\/span> amb les fam\u00edlies&#8230;\u00a0\u2705<\/span><\/strong><\/span><\/p>\n<\/div>\n<\/div>\n<hr \/>\n<div class=\"row\">\n<div class=\"small-12 large-6 columns\">\n<p>&nbsp;<\/p>\n<p style=\"font-size: 1.2em;\"><strong>Eviteu paraules multi\u00fas<\/strong> com ara &#8220;aspecte&#8221;, &#8220;tema&#8221;, &#8220;assumpte&#8221;, &#8220;car\u00e0cter&#8221;, &#8220;cosa&#8221;, &#8220;element&#8221;, etc.<\/p>\n<\/div>\n<p class=\"small-12 large-6 columns\"><span style=\"font-size: 14pt;\"><strong><span style=\"color: #ff0000;\"><span style=\"color: #800000;\"><del>L\u2019assumpte<\/del><\/span> de l\u2019adjudicaci\u00f3 de places es resoldr\u00e0 a partir de juliol. \u274c<br \/>\n<\/span><br \/>\n<\/strong><\/span><span style=\"font-size: 14pt;\"><strong><span style=\"color: #339966;\">L\u2019adjudicaci\u00f3 de places es resoldr\u00e0 a partir de juliol.\u00a0\u2705<\/span><\/strong><\/span><\/p>\n<\/div>\n<hr \/>\n<div class=\"row\">\n<div class=\"small-12 large-6 columns\">\n<p>&nbsp;<\/p>\n<p style=\"font-size: 1.2em;\"><strong>Rebutgeu les falques ling\u00fc\u00edstiques <\/strong>com ara &#8220;a nivell de&#8221;, &#8220;en base a&#8221; , &#8220;en funci\u00f3 de&#8221;, etc.<\/p>\n<\/div>\n<div class=\"small-12 large-6 columns\">\n<p><span style=\"font-size: 14pt;\"><strong><span style=\"color: #ff0000;\">El centre, <del><span style=\"color: #800000;\">a nivell<\/span><\/del> d\u2019instal\u00b7lacions, compleix els requisits que exigeix la normativa vigent. \u274c<\/span><br \/>\n<\/strong><\/span><\/p>\n<p><span style=\"font-size: 14pt;\"><strong><span style=\"color: #339966;\"><span style=\"color: #003300;\">Quant a<\/span> les instal\u00b7lacions, el centre compleix els requisits que exigeix la normativa vigent.\u00a0\u2705<\/span><\/strong><\/span><\/p>\n<\/div>\n<\/div>\n<hr \/>\n<p><span style=\"font-size: 12pt;\">Aquest apartat \u00e9s una reelaboraci\u00f3 a partir de les seg\u00fcents fonts:\u00a0<\/span><\/p>\n<ul>\n<li><span style=\"font-size: 12pt;\">Generalitat de Catalunya. (2015). <a href=\"https:\/\/documents.espai.educacio.gencat.cat\/IPCrecursos\/Plantilles\/Guia_Estil_Departament.pdf\">Guia d&#8217;estil de la Generalitat de Catalunya.\u00a0<\/a><\/span><\/li>\n<li><span style=\"font-size: 12pt;\">Krug, S. (2014). <a href=\"http:\/\/sensible.com\/dmmt.html\">Don&#8217;t make me think, revisited<\/a>. Ed.Pearson.<\/span><\/li>\n<li><span style=\"font-size: 12pt;\">W3C. (2016). <a href=\"https:\/\/www.w3.org\/WAI\/tips\/writing\/#keep-content-clear-and-concise\">Writing for Web accessibility<\/a>.<\/span><\/li>\n<li><span style=\"font-size: 12pt;\">Comissi\u00f3 europea. (2015). <a href=\"https:\/\/agora.xtec.cat\/nodes\/wp-content\/uploads\/usu135\/2020\/05\/C\u00f3mo-escribir-con-claridad.pdf\">C\u00f3mo escribir con claridad<\/a>. Luxemburg: Oficina de Publicacions de la Uni\u00f3 Europea.<\/span><\/li>\n<\/ul>\n<hr \/>\n<p>Imatges: Il\u00b7lustraci\u00f3 realitzada per l&#8217;\u00c0rea de Cultura digital. Llic\u00e8ncia CC0.<\/p>\n","protected":false},"excerpt":{"rendered":"<p>Llegir a la pantalla de l&#8217;ordinador o del m\u00f2bil \u00e9s diferent a llegir un diari o una novel\u00b7la. En general, a Internet s\u00f3n preferibles textos m\u00e9s breus i directes.<\/p>\n<p>&nbsp;<br \/>\nRetalleu tant com sigui possible.<br \/>\nLa brevetat tamb\u00e9 s&#8217;aplica als t\u00edtols dels articles i p\u00e0gines.<\/p>\n<p>La data l\u00edmit que&hellip;  <a href=\"https:\/\/agora.xtec.cat\/nodes\/consells-per-una-bona-comunicacio-families\/brevetat-precisio\/\" title=\"Read 2. Brevetat i precisi\u00f3\">Llegeix m\u00e9s\u00bb<\/a><\/p>\n","protected":false},"author":1,"featured_media":0,"parent":9997,"menu_order":20,"comment_status":"closed","ping_status":"closed","template":"page-templates\/side-menu.php","meta":{"_bbp_topic_count":0,"_bbp_reply_count":0,"_bbp_total_topic_count":0,"_bbp_total_reply_count":0,"_bbp_voice_count":0,"_bbp_anonymous_reply_count":0,"_bbp_topic_count_hidden":0,"_bbp_reply_count_hidden":0,"_bbp_forum_subforum_count":0,"footnotes":""},"class_list":["post-10157","page","type-page","status-publish","hentry"],"post_mailing_queue_ids":[],"_links":{"self":[{"href":"https:\/\/agora.xtec.cat\/nodes\/wp-json\/wp\/v2\/pages\/10157","targetHints":{"allow":["GET"]}}],"collection":[{"href":"https:\/\/agora.xtec.cat\/nodes\/wp-json\/wp\/v2\/pages"}],"about":[{"href":"https:\/\/agora.xtec.cat\/nodes\/wp-json\/wp\/v2\/types\/page"}],"author":[{"embeddable":true,"href":"https:\/\/agora.xtec.cat\/nodes\/wp-json\/wp\/v2\/users\/1"}],"replies":[{"embeddable":true,"href":"https:\/\/agora.xtec.cat\/nodes\/wp-json\/wp\/v2\/comments?post=10157"}],"version-history":[{"count":3,"href":"https:\/\/agora.xtec.cat\/nodes\/wp-json\/wp\/v2\/pages\/10157\/revisions"}],"predecessor-version":[{"id":11043,"href":"https:\/\/agora.xtec.cat\/nodes\/wp-json\/wp\/v2\/pages\/10157\/revisions\/11043"}],"up":[{"embeddable":true,"href":"https:\/\/agora.xtec.cat\/nodes\/wp-json\/wp\/v2\/pages\/9997"}],"wp:attachment":[{"href":"https:\/\/agora.xtec.cat\/nodes\/wp-json\/wp\/v2\/media?parent=10157"}],"curies":[{"name":"wp","href":"https:\/\/api.w.org\/{rel}","templated":true}]}}