{"id":10084,"date":"2020-05-18T11:16:11","date_gmt":"2020-05-18T09:16:11","guid":{"rendered":"https:\/\/agora.xtec.cat\/nodes\/?page_id=10084"},"modified":"2020-07-18T13:47:30","modified_gmt":"2020-07-18T11:47:30","slug":"xarxes-socials","status":"publish","type":"page","link":"https:\/\/agora.xtec.cat\/nodes\/consells-per-una-bona-comunicacio-families\/xarxes-socials\/","title":{"rendered":"9. Xarxes socials"},"content":{"rendered":"<p><span style=\"font-size: 14pt;\">Les xarxes socials s\u00f3n grans canals de comunicaci\u00f3, complementaris del web del centre.\u00a0 Mentres que l&#8217;usuari ha de fer un pensament actiu per visitar la web del centre, a les xarxes socials la informaci\u00f3 apareix autom\u00e0ticament a l&#8217;espai personal de lectura de l&#8217;usuari (sempre que s&#8217;hagi subscrit als canals o p\u00e0gines)<\/span><\/p>\n<hr \/>\n<div class=\"row\">\n<div class=\"small-12 large-8 columns\">\n<p><span style=\"font-size: 14pt;\">A part d&#8217;informacions replicades del vostre web, <a href=\"https:\/\/twitter.com\/\"><strong>Twitter<\/strong><\/a><span style=\"font-family: inherit;\"> permet repiular informacions d&#8217;entitats properes (ajuntament, biblioteques, xtec, gencat, altres centres educatius, clubs esportius, etc.) que poden ser d&#8217;inter\u00e8s per el vostre alumnat i fam\u00edlies.<\/span><\/span><\/p>\n<p><span style=\"font-size: 14pt;\">Exemples: <a href=\"https:\/\/twitter.com\/MontserratinaV\" target=\"_blank\" rel=\"noopener noreferrer\">Escola Montserratina<\/a>, <a href=\"https:\/\/twitter.com\/iesteveterradas\" target=\"_blank\" rel=\"noopener noreferrer\">Institut Esteve Terrades<\/a><\/span><\/p>\n<p style=\"font-size: 1.2em;\"><span style=\"font-size: 14pt; font-family: inherit;\">Us recomanem inserir el twitter del vostre centre <span style=\"font-size: 14pt;\">fent servir un giny de tipus &#8220;HTML Personalitzat&#8221; i enganxant el codi generat per la <a href=\"#\" target=\"_blank\" rel=\"noopener noreferrer\">caixa d&#8217;eines de Nodes<\/a>.<\/span><\/span><\/p>\n<\/div>\n<p><img loading=\"lazy\" decoding=\"async\" class=\"aligncenter wp-image-10791 size-full\" title=\"Icona de twitter\" src=\"https:\/\/agora.xtec.cat\/nodes\/wp-content\/uploads\/usu135\/2020\/06\/icons8-twitter-144.png\" alt=\"Icona de twitter\" width=\"144\" height=\"144\" \/><\/p>\n<\/div>\n<hr \/>\n<div class=\"row\">\n<div class=\"small-12 large-8 columns\">\n<p style=\"font-size: 1.2em;\"><span style=\"font-size: 14pt;\"><a href=\"https:\/\/www.instagram.com\/\"><strong>Instagram<\/strong><\/a> \u00e9s la xarxa social amb un major creixement i \u00e9s for\u00e7a popular entre els adolescents. Moltes escoles ho fan servir com aparador, fent protagonistes als alumnes i docents.<\/span><\/p>\n<p><span style=\"font-size: 14pt;\">Exemples: <a href=\"https:\/\/www.instagram.com\/joanpelegricat\/\" target=\"_blank\" rel=\"noopener noreferrer\">Escola Joan Pelegr\u00ed<\/a>, <a href=\"https:\/\/www.instagram.com\/insmilabcn.cat\/\" target=\"_blank\" rel=\"noopener noreferrer\">Institut Mil\u00e0 i Fontanals<\/a><\/span><\/p>\n<p><span style=\"font-size: 14pt;\">Podeu inserir l&#8217;Instagram del vostre centre fent servir un giny de tipus &#8220;HTML Personalitzat&#8221; i enganxant el codi generat a <a href=\"https:\/\/snapwidget.com\/\">SnapWidget<\/a><\/span><\/p>\n<\/div>\n<p><span style=\"font-family: inherit; font-size: 14pt;\"><img loading=\"lazy\" decoding=\"async\" class=\"aligncenter wp-image-10798\" title=\"Icona d'Instagram\" src=\"https:\/\/agora.xtec.cat\/nodes\/wp-content\/uploads\/usu135\/2020\/06\/icons8-instagram-240.png\" alt=\"Icona d'Instagram\" width=\"185\" height=\"185\" srcset=\"https:\/\/agora.xtec.cat\/nodes\/wp-content\/uploads\/usu135\/2020\/06\/icons8-instagram-240.png 240w, https:\/\/agora.xtec.cat\/nodes\/wp-content\/uploads\/usu135\/2020\/06\/icons8-instagram-240-150x150.png 150w\" sizes=\"auto, (max-width: 185px) 100vw, 185px\" \/><\/span><\/p>\n<\/div>\n<hr \/>\n<div class=\"row\">\n<div class=\"small-12 large-8 columns\">\n<p style=\"font-size: 1.2em;\"><a href=\"https:\/\/www.facebook.com\/\"><strong>Facebook<\/strong><\/a> \u00e9s la xarxa social amb m\u00e9s usuaris. Est\u00e0 perdent popularitat per\u00f2 molts centres encara ho fan servir com a canal complementari al web del centre.<\/p>\n<p><span style=\"font-size: 14pt;\">Exemples: <a href=\"https:\/\/www.facebook.com\/EscolaBalaguer\">Escola Balaguer<\/a>, <a href=\"https:\/\/www.facebook.com\/institutcastellet\/\" target=\"_blank\" rel=\"noopener noreferrer\">Institut Castellet<\/a><\/span><\/p>\n<\/div>\n<p><img loading=\"lazy\" decoding=\"async\" class=\"aligncenter wp-image-10800 size-full\" title=\"Icona de Facebook\" src=\"https:\/\/agora.xtec.cat\/nodes\/wp-content\/uploads\/usu135\/2020\/06\/facebook-new.png\" alt=\"Icona de Facebook\" width=\"160\" height=\"160\" srcset=\"https:\/\/agora.xtec.cat\/nodes\/wp-content\/uploads\/usu135\/2020\/06\/facebook-new.png 160w, https:\/\/agora.xtec.cat\/nodes\/wp-content\/uploads\/usu135\/2020\/06\/facebook-new-150x150.png 150w\" sizes=\"auto, (max-width: 160px) 100vw, 160px\" \/><\/p>\n<\/div>\n<hr \/>\n<div class=\"row\">\n<div class=\"small-12 large-8 columns\">\n<p style=\"font-size: 1.2em;\"><span style=\"font-size: 14pt;\"><strong>Nodes<\/strong> disposa d&#8217;una extensi\u00f3 que permet crear una xarxa social privada tipus <strong>Facebook<\/strong>, amb un mur i f\u00f2rums per cada grup d&#8217;usuaris o tema.\u00a0<\/span><\/p>\n<p><span style=\"font-size: 14pt;\">Es pot fer servir per crear grups d&#8217;alumnes amb interessos comuns de diferents cursos, per treballar un tema a tutoria durant tot un trimestre i, especialment a infantil i prim\u00e0ria, per introduir als alumnes al m\u00f3n de les xarxes socials en un entorn segur i monitorat.\u00a0<\/span><\/p>\n<p><span style=\"font-size: 14pt;\"><a href=\"https:\/\/agora.xtec.cat\/nodes\/portada\/amb-xarxa-social-inclosa\/\">M\u00e9s informaci\u00f3<\/a><\/span><\/p>\n<\/div>\n<p><img loading=\"lazy\" decoding=\"async\" class=\"aligncenter wp-image-10803\" title=\"Icona de BuddyPress\" src=\"https:\/\/agora.xtec.cat\/nodes\/wp-content\/uploads\/usu135\/2020\/06\/buddypress.png\" alt=\"Icona de BuddyPress\" width=\"171\" height=\"171\" srcset=\"https:\/\/agora.xtec.cat\/nodes\/wp-content\/uploads\/usu135\/2020\/06\/buddypress.png 400w, https:\/\/agora.xtec.cat\/nodes\/wp-content\/uploads\/usu135\/2020\/06\/buddypress-150x150.png 150w, https:\/\/agora.xtec.cat\/nodes\/wp-content\/uploads\/usu135\/2020\/06\/buddypress-300x300.png 300w\" sizes=\"auto, (max-width: 171px) 100vw, 171px\" \/><\/p>\n<\/div>\n<hr \/>\n<p>Totes les imatges s&#8217;han obtingut de <a href=\"http:\/\/icons8.com\">icons8.com<\/a><\/p>\n","protected":false},"excerpt":{"rendered":"<p>Les xarxes socials s\u00f3n grans canals de comunicaci\u00f3, complementaris del web del centre.\u00a0 Mentres que l&#8217;usuari ha de fer un pensament actiu per visitar la web del centre, a les xarxes socials la informaci\u00f3 apareix autom\u00e0ticament a l&#8217;espai personal de lectura de l&#8217;usuari (sempre que&hellip;  <a href=\"https:\/\/agora.xtec.cat\/nodes\/consells-per-una-bona-comunicacio-families\/xarxes-socials\/\" title=\"Read 9. Xarxes socials\">Llegeix m\u00e9s\u00bb<\/a><\/p>\n","protected":false},"author":1,"featured_media":0,"parent":9997,"menu_order":500,"comment_status":"closed","ping_status":"closed","template":"page-templates\/side-menu.php","meta":{"_bbp_topic_count":0,"_bbp_reply_count":0,"_bbp_total_topic_count":0,"_bbp_total_reply_count":0,"_bbp_voice_count":0,"_bbp_anonymous_reply_count":0,"_bbp_topic_count_hidden":0,"_bbp_reply_count_hidden":0,"_bbp_forum_subforum_count":0,"footnotes":""},"class_list":["post-10084","page","type-page","status-publish","hentry"],"post_mailing_queue_ids":[],"_links":{"self":[{"href":"https:\/\/agora.xtec.cat\/nodes\/wp-json\/wp\/v2\/pages\/10084","targetHints":{"allow":["GET"]}}],"collection":[{"href":"https:\/\/agora.xtec.cat\/nodes\/wp-json\/wp\/v2\/pages"}],"about":[{"href":"https:\/\/agora.xtec.cat\/nodes\/wp-json\/wp\/v2\/types\/page"}],"author":[{"embeddable":true,"href":"https:\/\/agora.xtec.cat\/nodes\/wp-json\/wp\/v2\/users\/1"}],"replies":[{"embeddable":true,"href":"https:\/\/agora.xtec.cat\/nodes\/wp-json\/wp\/v2\/comments?post=10084"}],"version-history":[{"count":4,"href":"https:\/\/agora.xtec.cat\/nodes\/wp-json\/wp\/v2\/pages\/10084\/revisions"}],"predecessor-version":[{"id":11065,"href":"https:\/\/agora.xtec.cat\/nodes\/wp-json\/wp\/v2\/pages\/10084\/revisions\/11065"}],"up":[{"embeddable":true,"href":"https:\/\/agora.xtec.cat\/nodes\/wp-json\/wp\/v2\/pages\/9997"}],"wp:attachment":[{"href":"https:\/\/agora.xtec.cat\/nodes\/wp-json\/wp\/v2\/media?parent=10084"}],"curies":[{"name":"wp","href":"https:\/\/api.w.org\/{rel}","templated":true}]}}