{"id":10082,"date":"2020-05-18T11:15:51","date_gmt":"2020-05-18T09:15:51","guid":{"rendered":"https:\/\/agora.xtec.cat\/nodes\/?page_id=10082"},"modified":"2020-07-18T13:39:22","modified_gmt":"2020-07-18T11:39:22","slug":"canal-de-telegram","status":"publish","type":"page","link":"https:\/\/agora.xtec.cat\/nodes\/consells-per-una-bona-comunicacio-families\/canal-de-telegram\/","title":{"rendered":"7. Canal de Telegram"},"content":{"rendered":"<div style=\"border: 1px solid #ddd;\"><iframe loading=\"lazy\" src=\"https:\/\/player.vimeo.com\/video\/402377317?color=ff9933\" width=\"800\" height=\"500\" frameborder=\"0\"><\/iframe><\/div>\n<div><\/div>\n<p><a href=\"https:\/\/vimeo.com\/402377317\">NODES. Connexi\u00f3 amb Telegram<\/a> de <a href=\"https:\/\/vimeo.com\/user48147600\">\u00c0gora Nodes<\/a> a <a href=\"https:\/\/vimeo.com\">Vimeo<\/a>.<\/p>\n<h3>Transcripci\u00f3<\/h3>\n<ul>\n<li><span class=\"name\"><span class=\"innerContentContainer\"><b>Telegram<\/b> \u00e9s una aplicaci\u00f3 de missatgeria instant\u00e0nia, semblant al <b>WhatsApp, <\/b>que permet crear canals de comunicaci\u00f3 unidireccionals. Aix\u00f2 permet enviar missatges a les fam\u00edlies, alumnes i docents que arribaran en forma de notificacions als seus tel\u00e8fons m\u00f2bils.<\/span><\/span><\/li>\n<li><span class=\"name\"><span class=\"innerContentContainer\">A part d&#8217;enviar missatges manualment, <b>Telegram<\/b> pot rebre l&#8217;ordre d&#8217;enviar una notificaci\u00f3 de manera autom\u00e0tica per a cada nou article publicat al web del centre. <\/span><\/span><\/li>\n<li><span class=\"name\"><span class=\"innerContentContainer\">Per aconseguir aix\u00f2, hem de crear un canal de Telegram i un robot que reenviar\u00e0 les not\u00edcies de Nodes al nostre canal de Telegram associat.<\/span><\/span><\/li>\n<li><span class=\"name\"><span class=\"innerContentContainer\"><b>Creaci\u00f3 del robot<\/b><\/span><\/span>\n<ul>\n<li><span class=\"name\"><span class=\"innerContentContainer\">Entreu a Telegram un usuari gen\u00e8ric del centre i busqueu l&#8217;usuari <span class=\"contentTag\" title=\"Filter @BotFather\">@<span class=\"contentTagText\">BotFather<\/span><\/span>. Feu clic sobre l&#8217;enlla\u00e7 <b>\/newbot<\/b>. <\/span><\/span><\/li>\n<li><span class=\"name\"><span class=\"innerContentContainer\">Al primer missatge, BotFather us demanar\u00e0 un nom descriptiu pel vostre robot. <\/span><\/span><\/li>\n<li><span class=\"name\"><span class=\"innerContentContainer\">Al segon missatge us demanar\u00e0 un nom d&#8217;usuari que, obligat\u00f2riament, ha d&#8217;acabar en <b>bot<\/b>. <\/span><\/span><\/li>\n<li><span class=\"name\"><span class=\"innerContentContainer\">BotFather us contestar\u00e0 amb un identificador, tamb\u00e9 anomenat Bot Token. Copieu-lo perqu\u00e8 el necessitarem m\u00e9s endavant.<\/span><\/span><\/li>\n<\/ul>\n<\/li>\n<li><span class=\"name\"><span class=\"innerContentContainer\"><b>Creaci\u00f3 del canal<\/b><\/span><\/span>\n<ul>\n<li><span class=\"name\"><span class=\"innerContentContainer\">Feu clic a <b>Crea un canal <\/b>i ompliu els camps. <\/span><\/span><\/li>\n<li><span class=\"name\"><span class=\"innerContentContainer\">Deixeu el canal com a p\u00fablic i definiu l&#8217;adre\u00e7a de l&#8217;enlla\u00e7.<\/span><\/span><\/li>\n<li><span class=\"name\"><span class=\"innerContentContainer\">No cal afegir cap subscriptor per\u00f2 s\u00ed que \u00e9s necessari definir el robot que hem creat abans com a administrador del canal.<\/span><\/span><\/li>\n<li><span class=\"name\"><span class=\"innerContentContainer\">Deshabiliteu tots els permisos excepte el perm\u00eds per publicar missatges.<\/span><\/span><\/li>\n<\/ul>\n<\/li>\n<li><span class=\"name\"><span class=\"innerContentContainer\"><b>Obtenir l&#8217;ID del canal<\/b><\/span><\/span>\n<ul>\n<li><span class=\"name\"><span class=\"innerContentContainer\">Necessitareu l&#8217;identificador del nou canal creat. <\/span><\/span><\/li>\n<li><span class=\"name\"><span class=\"innerContentContainer\">Per aconseguir-ho, hem de contactar amb un altre robot de Telegram que es diu <span class=\"contentTag\" title=\"Filter @MyChatInfoBot\">@<span class=\"contentTagText\">MyChatInfoBot<\/span><\/span>. Busqueu-lo i feu clic al bot\u00f3 <b>Inicia<\/b>.<\/span><\/span><\/li>\n<li><span class=\"name\"><span class=\"innerContentContainer\">Ignoreu el missatge de benvinguda del robot i aneu al canal recentment creat, escriviu un missatge qualsevol i reenvieu-lo a <span class=\"contentTag\" title=\"Filter @MyChatInfoBot\">@<span class=\"contentTagText\">MyChatInfoBot<\/span><\/span>. <\/span><\/span><\/li>\n<li><span class=\"name\"><span class=\"innerContentContainer\"><span class=\"contentTag\" title=\"Filter @MyChatInfoBot\">@<span class=\"contentTagText\">MyChatInfoBot<\/span><\/span> us tornar\u00e0 l&#8217;identificador del vostre canal. Copieu-lo perqu\u00e8 el necessitareu aviat.<\/span><\/span><\/li>\n<\/ul>\n<\/li>\n<li><span class=\"name\"><span class=\"innerContentContainer\">Una vegada configurat el bot i el canal de Telegram, aneu al vostre Nodes per fer el lligam. <\/span><\/span><\/li>\n<li><span class=\"name\"><span class=\"innerContentContainer\"><b>Configuraci\u00f3 a Nodes<\/b><\/span><\/span>\n<ul>\n<li><span class=\"name\"><span class=\"innerContentContainer\">Entreu com a administradors, aneu al <b>Tauler<\/b> i feu clic a l&#8217;opci\u00f3 <b>WP Telegram <\/b>de la barra lateral. Us demanar\u00e0 el <b>Bot Token<\/b>. Poseu el codi que heu copiat abans i feu clic al bot\u00f3 de prova. <\/span><\/span><\/li>\n<li><span class=\"name\"><span class=\"innerContentContainer\">Seleccioneu <b>Publica a Telegram<\/b> i deseu els canvis. <\/span><\/span><\/li>\n<li><span class=\"name\"><span class=\"innerContentContainer\">Al desar, apareix un nou enlla\u00e7 <b>Ajustaments<\/b> al costat del selector <b>Publica a Telegram.<\/b> Feu clic a l&#8217;enlla\u00e7, enganxeu l&#8217;identificador del canal i envieu una prova. Si tot va b\u00e9, us ha d&#8217;apareixer <b>Satisfactori<\/b> a l&#8217;estat de la prova. <\/span><\/span><\/li>\n<li><span class=\"name\"><span class=\"innerContentContainer\">Respecte a quan enviar missatges de Telegram, us recomanem que no satureu els vostres usuaris i reserveu l&#8217;enviament de missatges pels articles nous publicats a <b>Portada<\/b>.<\/span><\/span><\/li>\n<\/ul>\n<\/li>\n<li><span class=\"name\"><span class=\"innerContentContainer\">Ara nom\u00e9s queda que els usuaris es puguin subscriure al vostre canal de <b>Telegram<\/b>. Aneu al canal i feu clic al t\u00edtol. Trobareu l&#8217;enlla\u00e7 del canal al camp enlla\u00e7 d&#8217;invitaci\u00f3. <\/span><\/span><\/li>\n<li><span class=\"name\"><span class=\"innerContentContainer\">Publiciteu aquest enlla\u00e7 a les vostres xarxes socials i al web del centre. <\/span><\/span><\/li>\n<li><span class=\"name\"><span class=\"innerContentContainer\">Podeu, per exemple, afegir un giny de tipus <b>Imatge<\/b> a la barra lateral de la portada i vincular la imatge al vostre canal. <\/span><\/span><\/li>\n<li><span class=\"name\"><span class=\"innerContentContainer\">Amb tot configurat, els usuaris subscrits rebran una notificaci\u00f3 al m\u00f2bil i podran veure a <b>Telegram<\/b> un resum del nou article publicat.<\/span><\/span><\/li>\n<\/ul>\n","protected":false},"excerpt":{"rendered":"<p><a href=\"https:\/\/vimeo.com\/402377317\">NODES. Connexi\u00f3 amb Telegram<\/a> de <a href=\"https:\/\/vimeo.com\/user48147600\">\u00c0gora Nodes<\/a> a <a href=\"https:\/\/vimeo.com\">Vimeo<\/a>.<br \/>\nTranscripci\u00f3<\/p>\n<ul>\n<li>Telegram \u00e9s una aplicaci\u00f3 de missatgeria instant\u00e0nia, semblant al WhatsApp, que permet crear canals de comunicaci\u00f3 unidireccionals. Aix\u00f2 permet enviar missatges a les fam\u00edlies, alumnes i docents que arribaran en forma de notificacions als&hellip;  <a href=\"https:\/\/agora.xtec.cat\/nodes\/consells-per-una-bona-comunicacio-families\/canal-de-telegram\/\" title=\"Read 7. Canal de Telegram\">Llegeix m\u00e9s\u00bb<\/a><br \/>\n","protected":false},"author":1,"featured_media":0,"parent":9997,"menu_order":70,"comment_status":"closed","ping_status":"closed","template":"page-templates\/side-menu.php","meta":{"_bbp_topic_count":0,"_bbp_reply_count":0,"_bbp_total_topic_count":0,"_bbp_total_reply_count":0,"_bbp_voice_count":0,"_bbp_anonymous_reply_count":0,"_bbp_topic_count_hidden":0,"_bbp_reply_count_hidden":0,"_bbp_forum_subforum_count":0,"footnotes":""},"class_list":["post-10082","page","type-page","status-publish","hentry"],"post_mailing_queue_ids":[],"_links":{"self":[{"href":"https:\/\/agora.xtec.cat\/nodes\/wp-json\/wp\/v2\/pages\/10082","targetHints":{"allow":["GET"]}}],"collection":[{"href":"https:\/\/agora.xtec.cat\/nodes\/wp-json\/wp\/v2\/pages"}],"about":[{"href":"https:\/\/agora.xtec.cat\/nodes\/wp-json\/wp\/v2\/types\/page"}],"author":[{"embeddable":true,"href":"https:\/\/agora.xtec.cat\/nodes\/wp-json\/wp\/v2\/users\/1"}],"replies":[{"embeddable":true,"href":"https:\/\/agora.xtec.cat\/nodes\/wp-json\/wp\/v2\/comments?post=10082"}],"version-history":[{"count":3,"href":"https:\/\/agora.xtec.cat\/nodes\/wp-json\/wp\/v2\/pages\/10082\/revisions"}],"predecessor-version":[{"id":11059,"href":"https:\/\/agora.xtec.cat\/nodes\/wp-json\/wp\/v2\/pages\/10082\/revisions\/11059"}],"up":[{"embeddable":true,"href":"https:\/\/agora.xtec.cat\/nodes\/wp-json\/wp\/v2\/pages\/9997"}],"wp:attachment":[{"href":"https:\/\/agora.xtec.cat\/nodes\/wp-json\/wp\/v2\/media?parent=10082"}],"curies":[{"name":"wp","href":"https:\/\/api.w.org\/{rel}","templated":true}]}}