{"id":8305,"date":"2019-06-04T12:03:53","date_gmt":"2019-06-04T10:03:53","guid":{"rendered":"https:\/\/agora.xtec.cat\/mobilsedu\/?page_id=8305"},"modified":"2019-08-05T15:26:35","modified_gmt":"2019-08-05T13:26:35","slug":"programa","status":"publish","type":"page","link":"https:\/\/agora.xtec.cat\/mobilsedu\/pla-mobils-edu\/programa\/","title":{"rendered":"Programa"},"content":{"rendered":"<p><b>PROGRAMA D&#8217;INNOVACI\u00d3 PEDAG\u00d2GICA m\u00f2bils.edu<\/b><\/p>\n<p>Una de les actuacions definides en el marc del Pla m\u00f2bils.edu \u00e9s el Programa d&#8217;Innovaci\u00f3 al qual es podran acollir 100 centres que seran seleccionats atenent els requisits i criteris esmentats a la convocat\u00f2ria<\/p>\n<p><strong>Normativa<\/strong><\/p>\n<p><a href=\"https:\/\/dogc.gencat.cat\/ca\/pdogc_canals_interns\/pdogc_resultats_fitxa\/?action=fitxa&amp;documentId=850622&amp;language=ca_ES\" target=\"_blank\" rel=\"noopener noreferrer\">Resoluci\u00f3 de creaci\u00f3 del programa m\u00f2bils.edu<br \/>\n(EDU\/1464\/2019, de 27 de maig)<\/a><\/p>\n<p><a href=\"https:\/\/dogc.gencat.cat\/ca\/pdogc_canals_interns\/pdogc_resultats_fitxa\/?action=fitxa&amp;documentId=851258&amp;language=ca_ES\" target=\"_blank\" rel=\"noopener noreferrer\">Resoluci\u00f3 de convocat\u00f2ria de participaci\u00f3 en projectes d&#8217;innovaci\u00f3<br \/>\n(EDU\/1528\/2019, de 3 de juny)<\/a><\/p>\n<p><a href=\"https:\/\/agora.xtec.cat\/mobilsedu\/wp-content\/uploads\/usu64\/2019\/06\/annex8.pdf\" target=\"_blank\" rel=\"noopener noreferrer\">Extracte de la resoluci\u00f3 de convocat\u00f2ria de participaci\u00f3 en projectes d&#8217;innovaci\u00f3<br \/>\nAnnex 8: m\u00f2bils.edu (EDU\/1528\/2019, de 3 de juny)<\/a><\/p>\n<p><strong>Informaci\u00f3 sobre la convocat\u00f2ria<\/strong><\/p>\n<p><a href=\"http:\/\/educacio.gencat.cat\/portal\/page\/portal\/EducacioIntranet\/Inici\/PortalCentres\/pcInnovacioPedagogica\/Detall?p_proc=104361\" target=\"_blank\" rel=\"noopener noreferrer\">Portal de centres del Departament d&#8217;Educaci\u00f3 \u00bb Innovaci\u00f3 pedag\u00f2gica<\/a><\/p>\n<p><a href=\"http:\/\/educacio.gencat.cat\/portal\/page\/portal\/Educacio\/PCentrePrivat\/PCPInici\/PCPInnovacioPedagogica\/PCPMobilsEdu\" target=\"_blank\" rel=\"noopener noreferrer\">Portal de centres d&#8217;altres titularitats \u00bb Innovaci\u00f3 pedag\u00f2gica<\/a><\/p>\n<ul>\n<li><a href=\"http:\/\/educacio.gencat.cat\/documents\/FormularisModels\/InnovacioPedagogica\/A708.docx\">Model de sol\u00b7licitud: avantprojecte<\/a><\/li>\n<li><a href=\"http:\/\/educacio.gencat.cat\/documents\/FormularisModels\/InnovacioPedagogica\/A715.doc\">Certificat de comprom\u00eds de centre<\/a><\/li>\n<\/ul>\n<p><strong>Centres<\/strong><\/p>\n<ul>\n<li><a href=\"http:\/\/educacio.gencat.cat\/documents\/PC\/InnovacioPedagogica\/Llista_provisional_mobilsedu.pdf\" target=\"_blank\" rel=\"noopener noreferrer\">Resoluci\u00f3 amb la llista provisional de centres seleccionats<\/a><\/li>\n<li><a href=\"http:\/\/educacio.gencat.cat\/documents\/PC\/InnovacioPedagogica\/Llista_definitiva_mobils-edu.pdf\" target=\"_blank\" rel=\"noopener noreferrer\">Resoluci\u00f3 amb la llista definitiva de centres seleccionats<\/a><\/li>\n<\/ul>\n","protected":false},"excerpt":{"rendered":"<p>PROGRAMA D&#8217;INNOVACI\u00d3 PEDAG\u00d2GICA m\u00f2bils.edu<br \/>\nUna de les actuacions definides en el marc del Pla m\u00f2bils.edu \u00e9s el Programa d&#8217;Innovaci\u00f3 al qual es podran acollir 100 centres que seran seleccionats atenent els requisits i criteris esmentats a la convocat\u00f2ria<br \/>\nNormativa<br \/>\n<a href=\"https:\/\/dogc.gencat.cat\/ca\/pdogc_canals_interns\/pdogc_resultats_fitxa\/?action=fitxa&amp;documentId=850622&amp;language=ca_ES\" target=\"_blank\" rel=\"noopener noreferrer\">Resoluci\u00f3 de creaci\u00f3 del programa&hellip;  <a href=\"https:\/\/agora.xtec.cat\/mobilsedu\/pla-mobils-edu\/programa\/\" title=\"Read Programa\">Llegeix m\u00e9s\u00bb<\/a><\/p>\n","protected":false},"author":5,"featured_media":0,"parent":8204,"menu_order":0,"comment_status":"closed","ping_status":"closed","template":"page-templates\/side-menu.php","meta":{"_bbp_topic_count":0,"_bbp_reply_count":0,"_bbp_total_topic_count":0,"_bbp_total_reply_count":0,"_bbp_voice_count":0,"_bbp_anonymous_reply_count":0,"_bbp_topic_count_hidden":0,"_bbp_reply_count_hidden":0,"_bbp_forum_subforum_count":0,"footnotes":""},"class_list":["post-8305","page","type-page","status-publish","hentry"],"post_mailing_queue_ids":[],"_links":{"self":[{"href":"https:\/\/agora.xtec.cat\/mobilsedu\/wp-json\/wp\/v2\/pages\/8305","targetHints":{"allow":["GET"]}}],"collection":[{"href":"https:\/\/agora.xtec.cat\/mobilsedu\/wp-json\/wp\/v2\/pages"}],"about":[{"href":"https:\/\/agora.xtec.cat\/mobilsedu\/wp-json\/wp\/v2\/types\/page"}],"author":[{"embeddable":true,"href":"https:\/\/agora.xtec.cat\/mobilsedu\/wp-json\/wp\/v2\/users\/5"}],"replies":[{"embeddable":true,"href":"https:\/\/agora.xtec.cat\/mobilsedu\/wp-json\/wp\/v2\/comments?post=8305"}],"version-history":[{"count":5,"href":"https:\/\/agora.xtec.cat\/mobilsedu\/wp-json\/wp\/v2\/pages\/8305\/revisions"}],"predecessor-version":[{"id":8458,"href":"https:\/\/agora.xtec.cat\/mobilsedu\/wp-json\/wp\/v2\/pages\/8305\/revisions\/8458"}],"up":[{"embeddable":true,"href":"https:\/\/agora.xtec.cat\/mobilsedu\/wp-json\/wp\/v2\/pages\/8204"}],"wp:attachment":[{"href":"https:\/\/agora.xtec.cat\/mobilsedu\/wp-json\/wp\/v2\/media?parent=8305"}],"curies":[{"name":"wp","href":"https:\/\/api.w.org\/{rel}","templated":true}]}}