{"id":8224,"date":"2019-03-27T09:03:12","date_gmt":"2019-03-27T08:03:12","guid":{"rendered":"https:\/\/agora.xtec.cat\/mobilsedu\/?page_id=8224"},"modified":"2019-06-05T13:49:45","modified_gmt":"2019-06-05T11:49:45","slug":"orientacions-per-a-les-families","status":"publish","type":"page","link":"https:\/\/agora.xtec.cat\/mobilsedu\/orientacions-per-a-les-families\/","title":{"rendered":"Orientacions per a les fam\u00edlies"},"content":{"rendered":"<p>L&#8217;\u00fas dels dispositius m\u00f2bils en els processos d&#8217;aprenentatge \u00e9s un element molt important tant a l&#8217;entorn escolar com a l&#8217;entorn familiar. El Departament d&#8217;Educaci\u00f3 posa a disposici\u00f3 de les fam\u00edlies un espai on podran trobar orientacions i recursos pel que fa a l&#8217;educaci\u00f3 en l&#8217;\u00fas de les tecnologies:<\/p>\n<p><a href=\"http:\/\/familiaiescola.gencat.cat\/ca\/educar-creixer-en-familia\/educacio-us-tecnologies\/\" target=\"_blank\" rel=\"noopener noreferrer\"><img loading=\"lazy\" decoding=\"async\" class=\"alignnone size-full wp-image-8285\" src=\"https:\/\/agora.xtec.cat\/mobilsedu\/wp-content\/uploads\/usu64\/2019\/06\/juntsperleducacio.png\" alt=\"\" width=\"867\" height=\"114\" srcset=\"https:\/\/agora.xtec.cat\/mobilsedu\/wp-content\/uploads\/usu64\/2019\/06\/juntsperleducacio.png 867w, https:\/\/agora.xtec.cat\/mobilsedu\/wp-content\/uploads\/usu64\/2019\/06\/juntsperleducacio-300x39.png 300w, https:\/\/agora.xtec.cat\/mobilsedu\/wp-content\/uploads\/usu64\/2019\/06\/juntsperleducacio-768x101.png 768w\" sizes=\"auto, (max-width: 867px) 100vw, 867px\" \/><\/a><\/p>\n","protected":false},"excerpt":{"rendered":"<p>L&#8217;\u00fas dels dispositius m\u00f2bils en els processos d&#8217;aprenentatge \u00e9s un element molt important tant a l&#8217;entorn escolar com a l&#8217;entorn familiar. El Departament d&#8217;Educaci\u00f3 posa a disposici\u00f3 de les fam\u00edlies un espai on podran trobar orientacions i recursos pel que fa a l&#8217;educaci\u00f3 en l&#8217;\u00fas&hellip;  <a href=\"https:\/\/agora.xtec.cat\/mobilsedu\/orientacions-per-a-les-families\/\" title=\"Read Orientacions per a les fam\u00edlies\">Llegeix m\u00e9s\u00bb<\/a><\/p>\n","protected":false},"author":2,"featured_media":0,"parent":0,"menu_order":10,"comment_status":"closed","ping_status":"closed","template":"","meta":{"_bbp_topic_count":0,"_bbp_reply_count":0,"_bbp_total_topic_count":0,"_bbp_total_reply_count":0,"_bbp_voice_count":0,"_bbp_anonymous_reply_count":0,"_bbp_topic_count_hidden":0,"_bbp_reply_count_hidden":0,"_bbp_forum_subforum_count":0,"footnotes":""},"class_list":["post-8224","page","type-page","status-publish","hentry"],"post_mailing_queue_ids":[],"_links":{"self":[{"href":"https:\/\/agora.xtec.cat\/mobilsedu\/wp-json\/wp\/v2\/pages\/8224","targetHints":{"allow":["GET"]}}],"collection":[{"href":"https:\/\/agora.xtec.cat\/mobilsedu\/wp-json\/wp\/v2\/pages"}],"about":[{"href":"https:\/\/agora.xtec.cat\/mobilsedu\/wp-json\/wp\/v2\/types\/page"}],"author":[{"embeddable":true,"href":"https:\/\/agora.xtec.cat\/mobilsedu\/wp-json\/wp\/v2\/users\/2"}],"replies":[{"embeddable":true,"href":"https:\/\/agora.xtec.cat\/mobilsedu\/wp-json\/wp\/v2\/comments?post=8224"}],"version-history":[{"count":3,"href":"https:\/\/agora.xtec.cat\/mobilsedu\/wp-json\/wp\/v2\/pages\/8224\/revisions"}],"predecessor-version":[{"id":8294,"href":"https:\/\/agora.xtec.cat\/mobilsedu\/wp-json\/wp\/v2\/pages\/8224\/revisions\/8294"}],"wp:attachment":[{"href":"https:\/\/agora.xtec.cat\/mobilsedu\/wp-json\/wp\/v2\/media?parent=8224"}],"curies":[{"name":"wp","href":"https:\/\/api.w.org\/{rel}","templated":true}]}}