{"id":8220,"date":"2019-03-27T09:02:30","date_gmt":"2019-03-27T08:02:30","guid":{"rendered":"https:\/\/agora.xtec.cat\/mobilsedu\/?page_id=8220"},"modified":"2020-02-11T09:41:31","modified_gmt":"2020-02-11T08:41:31","slug":"formacio","status":"publish","type":"page","link":"https:\/\/agora.xtec.cat\/mobilsedu\/recursos\/formacio\/","title":{"rendered":"Formaci\u00f3"},"content":{"rendered":"<p>Els centres participants al pla M\u00f2bils.edu disposen d&#8217;un acompanyament per part del Departament d&#8217;Educaci\u00f3 mitjan\u00e7ant una formaci\u00f3 que permeti al centre afrontar el repte assumit amb el pla. Aquesta formaci\u00f3 abastar\u00e0 tant els col\u00b7lectius docents com els equips directius, mitjan\u00e7ant formacions en l\u00ednia i presencials al llarg dels tres anys de durada del pla.<\/p>\n<p><a href=\"https:\/\/odissea.xtec.cat\/course\/view.php?id=60663\" target=\"_blank\" rel=\"noopener noreferrer\">Acc\u00e9s materials de formaci\u00f3 a l&#8217;odissea<\/a><\/p>\n<p>Us apareixer\u00e0 la seg\u00fcent pantalla. No cal que estigueu registrats a Odissea, nom\u00e9s cal que cliqueu la opci\u00f3\u00a0<strong>Inicia sessi\u00f3 com a visitant<\/strong><\/p>\n<p><img decoding=\"async\" class=\"aligncenter\" src=\"https:\/\/projectes.xtec.cat\/transformaciodigital\/wp-content\/uploads\/usu1290\/2019\/09\/odissea2.png\" \/><\/p>\n","protected":false},"excerpt":{"rendered":"<p>Els centres participants al pla M\u00f2bils.edu disposen d&#8217;un acompanyament per part del Departament d&#8217;Educaci\u00f3 mitjan\u00e7ant una formaci\u00f3 que permeti al centre afrontar el repte assumit amb el pla. Aquesta formaci\u00f3 abastar\u00e0 tant els col\u00b7lectius docents com els equips directius, mitjan\u00e7ant formacions en l\u00ednia i presencials&hellip;  <a href=\"https:\/\/agora.xtec.cat\/mobilsedu\/recursos\/formacio\/\" title=\"Read Formaci\u00f3\">Llegeix m\u00e9s\u00bb<\/a><\/p>\n","protected":false},"author":2,"featured_media":0,"parent":8216,"menu_order":20,"comment_status":"closed","ping_status":"closed","template":"page-templates\/side-menu.php","meta":{"_bbp_topic_count":0,"_bbp_reply_count":0,"_bbp_total_topic_count":0,"_bbp_total_reply_count":0,"_bbp_voice_count":0,"_bbp_anonymous_reply_count":0,"_bbp_topic_count_hidden":0,"_bbp_reply_count_hidden":0,"_bbp_forum_subforum_count":0,"footnotes":""},"class_list":["post-8220","page","type-page","status-publish","hentry"],"post_mailing_queue_ids":[],"_links":{"self":[{"href":"https:\/\/agora.xtec.cat\/mobilsedu\/wp-json\/wp\/v2\/pages\/8220","targetHints":{"allow":["GET"]}}],"collection":[{"href":"https:\/\/agora.xtec.cat\/mobilsedu\/wp-json\/wp\/v2\/pages"}],"about":[{"href":"https:\/\/agora.xtec.cat\/mobilsedu\/wp-json\/wp\/v2\/types\/page"}],"author":[{"embeddable":true,"href":"https:\/\/agora.xtec.cat\/mobilsedu\/wp-json\/wp\/v2\/users\/2"}],"replies":[{"embeddable":true,"href":"https:\/\/agora.xtec.cat\/mobilsedu\/wp-json\/wp\/v2\/comments?post=8220"}],"version-history":[{"count":4,"href":"https:\/\/agora.xtec.cat\/mobilsedu\/wp-json\/wp\/v2\/pages\/8220\/revisions"}],"predecessor-version":[{"id":8687,"href":"https:\/\/agora.xtec.cat\/mobilsedu\/wp-json\/wp\/v2\/pages\/8220\/revisions\/8687"}],"up":[{"embeddable":true,"href":"https:\/\/agora.xtec.cat\/mobilsedu\/wp-json\/wp\/v2\/pages\/8216"}],"wp:attachment":[{"href":"https:\/\/agora.xtec.cat\/mobilsedu\/wp-json\/wp\/v2\/media?parent=8220"}],"curies":[{"name":"wp","href":"https:\/\/api.w.org\/{rel}","templated":true}]}}