{"id":8218,"date":"2019-03-27T09:02:13","date_gmt":"2019-03-27T08:02:13","guid":{"rendered":"https:\/\/agora.xtec.cat\/mobilsedu\/?page_id=8218"},"modified":"2020-02-11T09:02:28","modified_gmt":"2020-02-11T08:02:28","slug":"experiencies","status":"publish","type":"page","link":"https:\/\/agora.xtec.cat\/mobilsedu\/recursos\/experiencies\/","title":{"rendered":"Experi\u00e8ncies"},"content":{"rendered":"<p data-select-like-a-boss=\"1\">El Pla M\u00f2bils.edu posa a la disposici\u00f3 dels docents recursos per optimitzar la incorporaci\u00f3 dels dispositius a la pr\u00e0ctica docent. Els docents participants podran accedir a exemples de bones pr\u00e0ctiques i propostes did\u00e0ctiques per poder implementar-les i agafar idees i inspiraci\u00f3.<\/p>\n<p><iframe loading=\"lazy\" style=\"border: none;\" src=\"https:\/\/edumet.cat\/areatac\/presentacions\/index.php?ID=1h52SlhI52NSvvsAmD7mjvbB_5mTOL4mjw201uUyXZBM&amp;config=Config_Propostes\" width=\"100%\" height=\"950px\"><\/iframe><\/p>\n","protected":false},"excerpt":{"rendered":"<p>El Pla M\u00f2bils.edu posa a la disposici\u00f3 dels docents recursos per optimitzar la incorporaci\u00f3 dels dispositius a la pr\u00e0ctica docent. Els docents participants podran accedir a exemples de bones pr\u00e0ctiques i propostes did\u00e0ctiques per poder implementar-les i agafar idees i inspiraci\u00f3.<\/p>\n","protected":false},"author":2,"featured_media":0,"parent":8216,"menu_order":10,"comment_status":"closed","ping_status":"closed","template":"page-templates\/side-menu.php","meta":{"_bbp_topic_count":0,"_bbp_reply_count":0,"_bbp_total_topic_count":0,"_bbp_total_reply_count":0,"_bbp_voice_count":0,"_bbp_anonymous_reply_count":0,"_bbp_topic_count_hidden":0,"_bbp_reply_count_hidden":0,"_bbp_forum_subforum_count":0,"footnotes":""},"class_list":["post-8218","page","type-page","status-publish","hentry"],"post_mailing_queue_ids":[],"_links":{"self":[{"href":"https:\/\/agora.xtec.cat\/mobilsedu\/wp-json\/wp\/v2\/pages\/8218","targetHints":{"allow":["GET"]}}],"collection":[{"href":"https:\/\/agora.xtec.cat\/mobilsedu\/wp-json\/wp\/v2\/pages"}],"about":[{"href":"https:\/\/agora.xtec.cat\/mobilsedu\/wp-json\/wp\/v2\/types\/page"}],"author":[{"embeddable":true,"href":"https:\/\/agora.xtec.cat\/mobilsedu\/wp-json\/wp\/v2\/users\/2"}],"replies":[{"embeddable":true,"href":"https:\/\/agora.xtec.cat\/mobilsedu\/wp-json\/wp\/v2\/comments?post=8218"}],"version-history":[{"count":4,"href":"https:\/\/agora.xtec.cat\/mobilsedu\/wp-json\/wp\/v2\/pages\/8218\/revisions"}],"predecessor-version":[{"id":8685,"href":"https:\/\/agora.xtec.cat\/mobilsedu\/wp-json\/wp\/v2\/pages\/8218\/revisions\/8685"}],"up":[{"embeddable":true,"href":"https:\/\/agora.xtec.cat\/mobilsedu\/wp-json\/wp\/v2\/pages\/8216"}],"wp:attachment":[{"href":"https:\/\/agora.xtec.cat\/mobilsedu\/wp-json\/wp\/v2\/media?parent=8218"}],"curies":[{"name":"wp","href":"https:\/\/api.w.org\/{rel}","templated":true}]}}