{"id":8214,"date":"2019-03-27T09:00:45","date_gmt":"2019-03-27T08:00:45","guid":{"rendered":"https:\/\/agora.xtec.cat\/mobilsedu\/?page_id=8214"},"modified":"2019-06-05T11:04:38","modified_gmt":"2019-06-05T09:04:38","slug":"avaluacio-i-certificacio","status":"publish","type":"page","link":"https:\/\/agora.xtec.cat\/mobilsedu\/pla-mobils-edu\/programa\/avaluacio-i-certificacio\/","title":{"rendered":"Avaluaci\u00f3 i certificaci\u00f3"},"content":{"rendered":"<p><strong>Avaluaci\u00f3<\/strong><\/p>\n<p>L&#8217;\u00f2rgan impulsor del programa ha de realitzar avaluacions peri\u00f2diques del grau d&#8217;assoliment dels objectius inicials i de les millores generades, dels resultats i de l&#8217;impacte del programa, amb propostes de consolidaci\u00f3, continu\u00eftat o transfer\u00e8ncia de la innovaci\u00f3 a altres centres i contextos.<\/p>\n<p><strong>Mem\u00f2ria<\/strong><\/p>\n<p>En finalitzar el projecte, el centre ha de trametre al l&#8217;\u00f2rgan impulsor de la convocat\u00f2ria la mem\u00f2ria d&#8217;avaluaci\u00f3 final.<\/p>\n<p><strong>Efectes de la participaci\u00f3 en el programa<\/strong><\/p>\n<p>Certificaci\u00f3 de la formaci\u00f3: El professorat que participi a la formaci\u00f3 del programa d&#8217;innovaci\u00f3 pedag\u00f2gica m\u00f2bils.edu obtindr\u00e0 la certificaci\u00f3 corresponent reconeguda pel Departament d\u2019Educaci\u00f3<\/p>\n<p>Certificaci\u00f3 de la innovaci\u00f3: El professorat que participi en el desenvolupament del projecte de centre vinculat al programa d\u2019innovaci\u00f3 pedag\u00f2gica<\/p>\n<ol>\n<li>La participaci\u00f3 en el programa tindr\u00e0 el reconeixement d&#8217;innovaci\u00f3 pedag\u00f2gica un cop avaluada la mem\u00f2ria de forma positiva per part de l&#8217;\u00f2rgan impulsor del programa<\/li>\n<li>Se certificar\u00e0 la innovaci\u00f3 del professorat quan hagi participat directament en el desenvolupament del projecte en el centre i la formaci\u00f3 durant tres cursos<\/li>\n<\/ol>\n","protected":false},"excerpt":{"rendered":"<p>Avaluaci\u00f3<br \/>\nL&#8217;\u00f2rgan impulsor del programa ha de realitzar avaluacions peri\u00f2diques del grau d&#8217;assoliment dels objectius inicials i de les millores generades, dels resultats i de l&#8217;impacte del programa, amb propostes de consolidaci\u00f3, continu\u00eftat o transfer\u00e8ncia de la innovaci\u00f3 a altres centres i contextos.<br \/>\nMem\u00f2ria<br \/>\nEn finalitzar el projecte,&hellip;  <a href=\"https:\/\/agora.xtec.cat\/mobilsedu\/pla-mobils-edu\/programa\/avaluacio-i-certificacio\/\" title=\"Read Avaluaci\u00f3 i certificaci\u00f3\">Llegeix m\u00e9s\u00bb<\/a><\/p>\n","protected":false},"author":2,"featured_media":0,"parent":8305,"menu_order":40,"comment_status":"closed","ping_status":"closed","template":"page-templates\/side-menu.php","meta":{"_bbp_topic_count":0,"_bbp_reply_count":0,"_bbp_total_topic_count":0,"_bbp_total_reply_count":0,"_bbp_voice_count":0,"_bbp_anonymous_reply_count":0,"_bbp_topic_count_hidden":0,"_bbp_reply_count_hidden":0,"_bbp_forum_subforum_count":0,"footnotes":""},"class_list":["post-8214","page","type-page","status-publish","hentry"],"post_mailing_queue_ids":[],"_links":{"self":[{"href":"https:\/\/agora.xtec.cat\/mobilsedu\/wp-json\/wp\/v2\/pages\/8214","targetHints":{"allow":["GET"]}}],"collection":[{"href":"https:\/\/agora.xtec.cat\/mobilsedu\/wp-json\/wp\/v2\/pages"}],"about":[{"href":"https:\/\/agora.xtec.cat\/mobilsedu\/wp-json\/wp\/v2\/types\/page"}],"author":[{"embeddable":true,"href":"https:\/\/agora.xtec.cat\/mobilsedu\/wp-json\/wp\/v2\/users\/2"}],"replies":[{"embeddable":true,"href":"https:\/\/agora.xtec.cat\/mobilsedu\/wp-json\/wp\/v2\/comments?post=8214"}],"version-history":[{"count":3,"href":"https:\/\/agora.xtec.cat\/mobilsedu\/wp-json\/wp\/v2\/pages\/8214\/revisions"}],"predecessor-version":[{"id":8328,"href":"https:\/\/agora.xtec.cat\/mobilsedu\/wp-json\/wp\/v2\/pages\/8214\/revisions\/8328"}],"up":[{"embeddable":true,"href":"https:\/\/agora.xtec.cat\/mobilsedu\/wp-json\/wp\/v2\/pages\/8305"}],"wp:attachment":[{"href":"https:\/\/agora.xtec.cat\/mobilsedu\/wp-json\/wp\/v2\/media?parent=8214"}],"curies":[{"name":"wp","href":"https:\/\/api.w.org\/{rel}","templated":true}]}}