{"id":8212,"date":"2019-03-27T09:00:13","date_gmt":"2019-03-27T08:00:13","guid":{"rendered":"https:\/\/agora.xtec.cat\/mobilsedu\/?page_id=8212"},"modified":"2019-06-05T12:11:53","modified_gmt":"2019-06-05T10:11:53","slug":"actuacions","status":"publish","type":"page","link":"https:\/\/agora.xtec.cat\/mobilsedu\/pla-mobils-edu\/actuacions\/","title":{"rendered":"Actuacions"},"content":{"rendered":"<p>Algunes de les actuacions que preveu el Pla en relaci\u00f3 als objectius s\u00f3n les seg\u00fcents:<\/p>\n<p><strong>Objectiu 1: Acompanyar els centres i la comunitat educativa en el proc\u00e9s de transformaci\u00f3 educativa<\/strong><\/p>\n<ul>\n<li>Proporcionar recursos divulgatius sobre el bon \u00fas dels m\u00f2bils en l&#8217;\u00e0mbit familiar, generats pel Departament d&#8217;Educaci\u00f3, pels centres o b\u00e9 amb la participaci\u00f3 d&#8217;experts i entitats externs al centre: xerrades divulgatives, dossiers, llocs web<\/li>\n<li>Formaci\u00f3 dels equips docents per a l&#8217;assoliment de la compet\u00e8ncia digital docent i en metodologies d&#8217;\u00fas de dispositius m\u00f2bils a l&#8217;aula<\/li>\n<li>Creaci\u00f3 d&#8217;un repositori de recursos did\u00e0ctics per a l&#8217;\u00fas dels dispositius m\u00f2bils a l&#8217;aula<\/li>\n<li>Proporcionar als equips directius models de NOFC i de cartes de comprom\u00eds que incorporin l&#8217;\u00fas dels dispositius m\u00f2bils en els centres<\/li>\n<li>Seguiment dels 100 centres admesos a la convocat\u00f2ria per a la implementaci\u00f3 del programa d&#8217;innovaci\u00f3 m\u00f2bils.edu<\/li>\n<\/ul>\n<p><strong>Objectiu 2: Millorar la compet\u00e8ncia digital dels alumnes afavorint l&#8217;assoliment de les altres compet\u00e8ncies<\/strong><\/p>\n<ul>\n<li>Proporcionar als centres mecanismes d&#8217;avaluaci\u00f3 de la compet\u00e8ncia digital dels alumnes<\/li>\n<li>Valoraci\u00f3 dels efectes del pla m\u00f2bils.edu sobre l&#8217;assoliment de la compet\u00e8ncia digital dels alumnes<\/li>\n<li>Proporcionar recursos did\u00e0ctics interdisciplinars basats en les pautes del Disseny Universal per a l&#8217;Aprenentatge que impliquin l&#8217;\u00fas dels dispositius m\u00f2bils a l&#8217;aula<\/li>\n<li>Proporcionar als centres mecanismes d&#8217;avaluaci\u00f3 de les compet\u00e8ncies d&#8217;\u00e0mbit implicades en l&#8217;\u00fas de recursos interdisciplinars<\/li>\n<li>Valoraci\u00f3 dels efectes del pla m\u00f2bils.edu sobre l&#8217;assoliment de les compet\u00e8ncies d&#8217;\u00e0mbit<\/li>\n<\/ul>\n<p><strong>Objectiu 3: Posar en valor el paper inclusiu de la tecnologia per assolir l&#8217;\u00e8xit educatiu de tot l&#8217;alumnat<\/strong><\/p>\n<ul>\n<li>Proporcionar recursos i metodologies did\u00e0ctiques en l&#8217;\u00fas dels dispositius m\u00f2bils dirigits a l&#8217;alumnat amb NEE<\/li>\n<li>Facilitar l&#8217;acc\u00e9s a dispositius m\u00f2bils espec\u00edfics (aplicacions i \/o maquinari) a tot l&#8217;alumnat que ho requereixi<\/li>\n<li>Facilitar l&#8217;acc\u00e9s gratu\u00eft de tot l&#8217;alumnat a l&#8217;\u00fas educatiu dels dispositius m\u00f2bils en el centre<\/li>\n<li>Facilitar l&#8217;acc\u00e9s gratu\u00eft a la xarxa del centre de tot l&#8217;alumnat per a usos educatius<\/li>\n<\/ul>\n","protected":false},"excerpt":{"rendered":"<p>Algunes de les actuacions que preveu el Pla en relaci\u00f3 als objectius s\u00f3n les seg\u00fcents:<br \/>\nObjectiu 1: Acompanyar els centres i la comunitat educativa en el proc\u00e9s de transformaci\u00f3 educativa<\/p>\n<ul>\n<li>Proporcionar recursos divulgatius sobre el bon \u00fas dels m\u00f2bils en l&#8217;\u00e0mbit familiar, generats pel Departament d&#8217;Educaci\u00f3, pels&hellip;  <a href=\"https:\/\/agora.xtec.cat\/mobilsedu\/pla-mobils-edu\/actuacions\/\" title=\"Read Actuacions\">Llegeix m\u00e9s\u00bb<\/a><br \/>\n","protected":false},"author":2,"featured_media":0,"parent":8204,"menu_order":40,"comment_status":"closed","ping_status":"closed","template":"page-templates\/side-menu.php","meta":{"_bbp_topic_count":0,"_bbp_reply_count":0,"_bbp_total_topic_count":0,"_bbp_total_reply_count":0,"_bbp_voice_count":0,"_bbp_anonymous_reply_count":0,"_bbp_topic_count_hidden":0,"_bbp_reply_count_hidden":0,"_bbp_forum_subforum_count":0,"footnotes":""},"class_list":["post-8212","page","type-page","status-publish","hentry"],"post_mailing_queue_ids":[],"_links":{"self":[{"href":"https:\/\/agora.xtec.cat\/mobilsedu\/wp-json\/wp\/v2\/pages\/8212","targetHints":{"allow":["GET"]}}],"collection":[{"href":"https:\/\/agora.xtec.cat\/mobilsedu\/wp-json\/wp\/v2\/pages"}],"about":[{"href":"https:\/\/agora.xtec.cat\/mobilsedu\/wp-json\/wp\/v2\/types\/page"}],"author":[{"embeddable":true,"href":"https:\/\/agora.xtec.cat\/mobilsedu\/wp-json\/wp\/v2\/users\/2"}],"replies":[{"embeddable":true,"href":"https:\/\/agora.xtec.cat\/mobilsedu\/wp-json\/wp\/v2\/comments?post=8212"}],"version-history":[{"count":5,"href":"https:\/\/agora.xtec.cat\/mobilsedu\/wp-json\/wp\/v2\/pages\/8212\/revisions"}],"predecessor-version":[{"id":8335,"href":"https:\/\/agora.xtec.cat\/mobilsedu\/wp-json\/wp\/v2\/pages\/8212\/revisions\/8335"}],"up":[{"embeddable":true,"href":"https:\/\/agora.xtec.cat\/mobilsedu\/wp-json\/wp\/v2\/pages\/8204"}],"wp:attachment":[{"href":"https:\/\/agora.xtec.cat\/mobilsedu\/wp-json\/wp\/v2\/media?parent=8212"}],"curies":[{"name":"wp","href":"https:\/\/api.w.org\/{rel}","templated":true}]}}